{"id":2961,"date":"2025-05-21T08:37:04","date_gmt":"2025-05-21T07:37:04","guid":{"rendered":"https:\/\/www.spottergps.com\/fr\/?page_id=2961"},"modified":"2026-03-24T14:09:56","modified_gmt":"2026-03-24T13:09:56","slug":"mini-traceur-gps","status":"publish","type":"page","link":"https:\/\/www.spottergps.com\/fr\/mini-traceur-gps\/","title":{"rendered":"Le mini traceur GPS de Spotter sans abonnement"},"content":{"rendered":"\n<p data-start=\"163\" data-end=\"526\">Suivez tout ce que vous souhaitez avec le mini traceur GPS de Spotter. Ce traceur GPS mobile, ultra-compact et l\u00e9ger, peut \u00eatre facilement emport\u00e9 partout avec vous. \u00c9quip\u00e9 d\u2019une batterie interne, il offre une autonomie allant jusqu\u2019\u00e0 5 jours sans recharge. Glissez-le dans une valise, un scooter, une voiture ou tout autre objet que vous souhaitez localiser. Gr\u00e2ce au logiciel Spotter, vous pouvez consulter la position du mini traceur GPS sans abonnement en ligne ou via une application mobile. En plus de la g\u00e9olocalisation, ce dispositif propose des fonctionnalit\u00e9s avanc\u00e9es comme les appels, la configuration de zones de s\u00e9curit\u00e9, et un bouton SOS permettant \u00e0 l\u2019utilisateur de d\u00e9clencher une alerte en cas d\u2019urgence.<\/p>\n\n\n","protected":false},"excerpt":{"rendered":"<p>Suivez tout ce que vous souhaitez avec le mini traceur GPS de Spotter. Ce traceur GPS mobile, ultra-compact et l\u00e9ger, peut \u00eatre facilement emport\u00e9 partout avec vous. \u00c9quip\u00e9 d\u2019une batterie interne, il offre une autonomie allant jusqu\u2019\u00e0 5 jours sans recharge. Glissez-le dans une valise, un scooter, une voiture ou tout autre objet que vous [&hellip;]<\/p>\n","protected":false},"author":14,"featured_media":3595,"parent":0,"menu_order":0,"comment_status":"closed","ping_status":"closed","template":"","meta":{"_acf_changed":false,"footnotes":""},"categories":[],"tags":[],"class_list":["post-2961","page","type-page","status-publish","has-post-thumbnail","hentry"],"acf":[],"yoast_head":"<!-- This site is optimized with the Yoast SEO plugin v25.9 - https:\/\/yoast.com\/wordpress\/plugins\/seo\/ -->\n<title>Mini traceur GPS \u2013 Compact, pr\u00e9cis et fiable | Spotter\u00ae \u2764<\/title>\n<meta name=\"description\" content=\"Besoin d\u2019un mini traceur GPS ? Le Spotter GPS ne mesure que 6 cm et se place partout. Utilisation via appli, en ligne et sans abonnement !\" \/>\n<meta name=\"robots\" content=\"index, follow, max-snippet:-1, max-image-preview:large, max-video-preview:-1\" \/>\n<link rel=\"canonical\" href=\"https:\/\/www.spottergps.com\/fr\/mini-traceur-gps\/\" \/>\n<meta property=\"og:locale\" content=\"fr_FR\" \/>\n<meta property=\"og:type\" content=\"article\" \/>\n<meta property=\"og:title\" content=\"Mini traceur GPS \u2013 Compact, pr\u00e9cis et fiable | Spotter\u00ae \u2764\" \/>\n<meta property=\"og:description\" content=\"Besoin d\u2019un mini traceur GPS ? Le Spotter GPS ne mesure que 6 cm et se place partout. Utilisation via appli, en ligne et sans abonnement !\" \/>\n<meta property=\"og:url\" content=\"https:\/\/www.spottergps.com\/fr\/mini-traceur-gps\/\" \/>\n<meta property=\"og:site_name\" content=\"Spotter France\" \/>\n<meta property=\"article:modified_time\" content=\"2026-03-24T13:09:56+00:00\" \/>\n<meta property=\"og:image\" content=\"https:\/\/www.spottergps.com\/fr\/wp-content\/uploads\/sites\/2\/2026\/02\/gps-voiture-spotter.jpg\" \/>\n\t<meta property=\"og:image:width\" content=\"1600\" \/>\n\t<meta property=\"og:image:height\" content=\"1600\" \/>\n\t<meta property=\"og:image:type\" content=\"image\/jpeg\" \/>\n<meta name=\"twitter:card\" content=\"summary_large_image\" \/>\n<meta name=\"twitter:label1\" content=\"Dur\u00e9e de lecture estim\u00e9e\" \/>\n\t<meta name=\"twitter:data1\" content=\"1 minute\" \/>\n<script type=\"application\/ld+json\" class=\"yoast-schema-graph\">{\"@context\":\"https:\/\/schema.org\",\"@graph\":[{\"@type\":\"WebPage\",\"@id\":\"https:\/\/www.spottergps.com\/fr\/mini-traceur-gps\/\",\"url\":\"https:\/\/www.spottergps.com\/fr\/mini-traceur-gps\/\",\"name\":\"Mini traceur GPS \u2013 Compact, pr\u00e9cis et fiable | Spotter\u00ae \u2764\",\"isPartOf\":{\"@id\":\"https:\/\/www.spottergps.com\/fr\/#website\"},\"primaryImageOfPage\":{\"@id\":\"https:\/\/www.spottergps.com\/fr\/mini-traceur-gps\/#primaryimage\"},\"image\":{\"@id\":\"https:\/\/www.spottergps.com\/fr\/mini-traceur-gps\/#primaryimage\"},\"thumbnailUrl\":\"https:\/\/www.spottergps.com\/fr\/wp-content\/uploads\/sites\/2\/2026\/02\/gps-voiture-spotter.jpg\",\"datePublished\":\"2025-05-21T07:37:04+00:00\",\"dateModified\":\"2026-03-24T13:09:56+00:00\",\"description\":\"Besoin d\u2019un mini traceur GPS ? Le Spotter GPS ne mesure que 6 cm et se place partout. Utilisation via appli, en ligne et sans abonnement !\",\"breadcrumb\":{\"@id\":\"https:\/\/www.spottergps.com\/fr\/mini-traceur-gps\/#breadcrumb\"},\"inLanguage\":\"fr-FR\",\"potentialAction\":[{\"@type\":\"ReadAction\",\"target\":[\"https:\/\/www.spottergps.com\/fr\/mini-traceur-gps\/\"]}]},{\"@type\":\"ImageObject\",\"inLanguage\":\"fr-FR\",\"@id\":\"https:\/\/www.spottergps.com\/fr\/mini-traceur-gps\/#primaryimage\",\"url\":\"https:\/\/www.spottergps.com\/fr\/wp-content\/uploads\/sites\/2\/2026\/02\/gps-voiture-spotter.jpg\",\"contentUrl\":\"https:\/\/www.spottergps.com\/fr\/wp-content\/uploads\/sites\/2\/2026\/02\/gps-voiture-spotter.jpg\",\"width\":1600,\"height\":1600,\"caption\":\"mini traceur gps - spotter\"},{\"@type\":\"BreadcrumbList\",\"@id\":\"https:\/\/www.spottergps.com\/fr\/mini-traceur-gps\/#breadcrumb\",\"itemListElement\":[{\"@type\":\"ListItem\",\"position\":1,\"name\":\"Home\",\"item\":\"https:\/\/www.spottergps.com\/fr\/\"},{\"@type\":\"ListItem\",\"position\":2,\"name\":\"Le mini traceur GPS de Spotter sans abonnement\"}]},{\"@type\":\"WebSite\",\"@id\":\"https:\/\/www.spottergps.com\/fr\/#website\",\"url\":\"https:\/\/www.spottergps.com\/fr\/\",\"name\":\"Spotter France\",\"description\":\"Een andere Spotter websites site\",\"potentialAction\":[{\"@type\":\"SearchAction\",\"target\":{\"@type\":\"EntryPoint\",\"urlTemplate\":\"https:\/\/www.spottergps.com\/fr\/?s={search_term_string}\"},\"query-input\":{\"@type\":\"PropertyValueSpecification\",\"valueRequired\":true,\"valueName\":\"search_term_string\"}}],\"inLanguage\":\"fr-FR\"}]}<\/script>\n<!-- \/ Yoast SEO plugin. -->","yoast_head_json":{"title":"Mini traceur GPS \u2013 Compact, pr\u00e9cis et fiable | Spotter\u00ae \u2764","description":"Besoin d\u2019un mini traceur GPS ? Le Spotter GPS ne mesure que 6 cm et se place partout. Utilisation via appli, en ligne et sans abonnement !","robots":{"index":"index","follow":"follow","max-snippet":"max-snippet:-1","max-image-preview":"max-image-preview:large","max-video-preview":"max-video-preview:-1"},"canonical":"https:\/\/www.spottergps.com\/fr\/mini-traceur-gps\/","og_locale":"fr_FR","og_type":"article","og_title":"Mini traceur GPS \u2013 Compact, pr\u00e9cis et fiable | Spotter\u00ae \u2764","og_description":"Besoin d\u2019un mini traceur GPS ? Le Spotter GPS ne mesure que 6 cm et se place partout. Utilisation via appli, en ligne et sans abonnement !","og_url":"https:\/\/www.spottergps.com\/fr\/mini-traceur-gps\/","og_site_name":"Spotter France","article_modified_time":"2026-03-24T13:09:56+00:00","og_image":[{"width":1600,"height":1600,"url":"https:\/\/www.spottergps.com\/fr\/wp-content\/uploads\/sites\/2\/2026\/02\/gps-voiture-spotter.jpg","type":"image\/jpeg"}],"twitter_card":"summary_large_image","twitter_misc":{"Dur\u00e9e de lecture estim\u00e9e":"1 minute"},"schema":{"@context":"https:\/\/schema.org","@graph":[{"@type":"WebPage","@id":"https:\/\/www.spottergps.com\/fr\/mini-traceur-gps\/","url":"https:\/\/www.spottergps.com\/fr\/mini-traceur-gps\/","name":"Mini traceur GPS \u2013 Compact, pr\u00e9cis et fiable | Spotter\u00ae \u2764","isPartOf":{"@id":"https:\/\/www.spottergps.com\/fr\/#website"},"primaryImageOfPage":{"@id":"https:\/\/www.spottergps.com\/fr\/mini-traceur-gps\/#primaryimage"},"image":{"@id":"https:\/\/www.spottergps.com\/fr\/mini-traceur-gps\/#primaryimage"},"thumbnailUrl":"https:\/\/www.spottergps.com\/fr\/wp-content\/uploads\/sites\/2\/2026\/02\/gps-voiture-spotter.jpg","datePublished":"2025-05-21T07:37:04+00:00","dateModified":"2026-03-24T13:09:56+00:00","description":"Besoin d\u2019un mini traceur GPS ? Le Spotter GPS ne mesure que 6 cm et se place partout. Utilisation via appli, en ligne et sans abonnement !","breadcrumb":{"@id":"https:\/\/www.spottergps.com\/fr\/mini-traceur-gps\/#breadcrumb"},"inLanguage":"fr-FR","potentialAction":[{"@type":"ReadAction","target":["https:\/\/www.spottergps.com\/fr\/mini-traceur-gps\/"]}]},{"@type":"ImageObject","inLanguage":"fr-FR","@id":"https:\/\/www.spottergps.com\/fr\/mini-traceur-gps\/#primaryimage","url":"https:\/\/www.spottergps.com\/fr\/wp-content\/uploads\/sites\/2\/2026\/02\/gps-voiture-spotter.jpg","contentUrl":"https:\/\/www.spottergps.com\/fr\/wp-content\/uploads\/sites\/2\/2026\/02\/gps-voiture-spotter.jpg","width":1600,"height":1600,"caption":"mini traceur gps - spotter"},{"@type":"BreadcrumbList","@id":"https:\/\/www.spottergps.com\/fr\/mini-traceur-gps\/#breadcrumb","itemListElement":[{"@type":"ListItem","position":1,"name":"Home","item":"https:\/\/www.spottergps.com\/fr\/"},{"@type":"ListItem","position":2,"name":"Le mini traceur GPS de Spotter sans abonnement"}]},{"@type":"WebSite","@id":"https:\/\/www.spottergps.com\/fr\/#website","url":"https:\/\/www.spottergps.com\/fr\/","name":"Spotter France","description":"Een andere Spotter websites site","potentialAction":[{"@type":"SearchAction","target":{"@type":"EntryPoint","urlTemplate":"https:\/\/www.spottergps.com\/fr\/?s={search_term_string}"},"query-input":{"@type":"PropertyValueSpecification","valueRequired":true,"valueName":"search_term_string"}}],"inLanguage":"fr-FR"}]}},"_links":{"self":[{"href":"https:\/\/www.spottergps.com\/fr\/wp-json\/wp\/v2\/pages\/2961","targetHints":{"allow":["GET"]}}],"collection":[{"href":"https:\/\/www.spottergps.com\/fr\/wp-json\/wp\/v2\/pages"}],"about":[{"href":"https:\/\/www.spottergps.com\/fr\/wp-json\/wp\/v2\/types\/page"}],"author":[{"embeddable":true,"href":"https:\/\/www.spottergps.com\/fr\/wp-json\/wp\/v2\/users\/14"}],"replies":[{"embeddable":true,"href":"https:\/\/www.spottergps.com\/fr\/wp-json\/wp\/v2\/comments?post=2961"}],"version-history":[{"count":19,"href":"https:\/\/www.spottergps.com\/fr\/wp-json\/wp\/v2\/pages\/2961\/revisions"}],"predecessor-version":[{"id":3814,"href":"https:\/\/www.spottergps.com\/fr\/wp-json\/wp\/v2\/pages\/2961\/revisions\/3814"}],"wp:featuredmedia":[{"embeddable":true,"href":"https:\/\/www.spottergps.com\/fr\/wp-json\/wp\/v2\/media\/3595"}],"wp:attachment":[{"href":"https:\/\/www.spottergps.com\/fr\/wp-json\/wp\/v2\/media?parent=2961"}],"wp:term":[{"taxonomy":"category","embeddable":true,"href":"https:\/\/www.spottergps.com\/fr\/wp-json\/wp\/v2\/categories?post=2961"},{"taxonomy":"post_tag","embeddable":true,"href":"https:\/\/www.spottergps.com\/fr\/wp-json\/wp\/v2\/tags?post=2961"}],"curies":[{"name":"wp","href":"https:\/\/api.w.org\/{rel}","templated":true}]}}