{"id":2588,"date":"2025-01-21T08:45:07","date_gmt":"2025-01-21T07:45:07","guid":{"rendered":"https:\/\/www.spottergps.com\/fr\/?page_id=2588"},"modified":"2026-02-17T09:23:26","modified_gmt":"2026-02-17T08:23:26","slug":"collier-gps-pour-chien","status":"publish","type":"page","link":"https:\/\/www.spottergps.com\/fr\/collier-gps-pour-chien\/","title":{"rendered":"Collier GPS pour chien sans abonnement : La solution id\u00e9ale !"},"content":{"rendered":"\n<h2><em>Suivez les aventures de votre chien gr\u00e2ce au Animal Spotter\u00ae<\/em><\/h2>\n<p>Le collier GPS pour chien Spotter\u00ae vous permet de suivre les aventures de votre animal directement via votre smartphone. Ce traceur GPS est un traceur s\u00e9par\u00e9 que vous pouvez facilement ins\u00e9rer dans le collier de votre chien. Vous pouvez ainsi suivre votre chien sans avoir \u00e0 utiliser un collier lourd ou inconfortable. Disponible dans notre boutique en ligne, le traceur est un excellent moyen de s&rsquo;assurer que votre chien est toujours en s\u00e9curit\u00e9 et \u00e0 port\u00e9e de main, que vous soyez \u00e0 la maison ou en d\u00e9placement. Id\u00e9al pour les chiens aventureux qui aiment explorer leur environnement !<\/p>\n","protected":false},"excerpt":{"rendered":"<p>Suivez les aventures de votre chien gr\u00e2ce au Animal Spotter\u00ae Le collier GPS pour chien Spotter\u00ae vous permet de suivre les aventures de votre animal directement via votre smartphone. Ce traceur GPS est un traceur s\u00e9par\u00e9 que vous pouvez facilement ins\u00e9rer dans le collier de votre chien. Vous pouvez ainsi suivre votre chien sans avoir [&hellip;]<\/p>\n","protected":false},"author":14,"featured_media":0,"parent":0,"menu_order":0,"comment_status":"closed","ping_status":"closed","template":"","meta":{"_acf_changed":false,"footnotes":""},"categories":[],"tags":[],"class_list":["post-2588","page","type-page","status-publish","hentry"],"acf":[],"yoast_head":"<!-- This site is optimized with the Yoast SEO plugin v25.9 - https:\/\/yoast.com\/wordpress\/plugins\/seo\/ -->\n<title>Collier Chien GPS Sans Abonnement \u2013 Suivi S\u00e9curis\u00e9 | Spotter \u2764<\/title>\n<meta name=\"description\" content=\"D\u00e9couvrez les aventures de votre chien sur votre smartphone. Tracker GPS pr\u00e9cis avec une longue dur\u00e9e de batterie. Id\u00e9al pour les chiens !\" \/>\n<meta name=\"robots\" content=\"index, follow, max-snippet:-1, max-image-preview:large, max-video-preview:-1\" \/>\n<link rel=\"canonical\" href=\"https:\/\/www.spottergps.com\/fr\/collier-gps-pour-chien\/\" \/>\n<meta property=\"og:locale\" content=\"fr_FR\" \/>\n<meta property=\"og:type\" content=\"article\" \/>\n<meta property=\"og:title\" content=\"Collier Chien GPS Sans Abonnement \u2013 Suivi S\u00e9curis\u00e9 | Spotter \u2764\" \/>\n<meta property=\"og:description\" content=\"D\u00e9couvrez les aventures de votre chien sur votre smartphone. Tracker GPS pr\u00e9cis avec une longue dur\u00e9e de batterie. Id\u00e9al pour les chiens !\" \/>\n<meta property=\"og:url\" content=\"https:\/\/www.spottergps.com\/fr\/collier-gps-pour-chien\/\" \/>\n<meta property=\"og:site_name\" content=\"Spotter France\" \/>\n<meta property=\"article:modified_time\" content=\"2026-02-17T08:23:26+00:00\" \/>\n<meta name=\"twitter:card\" content=\"summary_large_image\" \/>\n<meta name=\"twitter:label1\" content=\"Dur\u00e9e de lecture estim\u00e9e\" \/>\n\t<meta name=\"twitter:data1\" content=\"1 minute\" \/>\n<script type=\"application\/ld+json\" class=\"yoast-schema-graph\">{\"@context\":\"https:\/\/schema.org\",\"@graph\":[{\"@type\":\"WebPage\",\"@id\":\"https:\/\/www.spottergps.com\/fr\/collier-gps-pour-chien\/\",\"url\":\"https:\/\/www.spottergps.com\/fr\/collier-gps-pour-chien\/\",\"name\":\"Collier Chien GPS Sans Abonnement \u2013 Suivi S\u00e9curis\u00e9 | Spotter \u2764\",\"isPartOf\":{\"@id\":\"https:\/\/www.spottergps.com\/fr\/#website\"},\"datePublished\":\"2025-01-21T07:45:07+00:00\",\"dateModified\":\"2026-02-17T08:23:26+00:00\",\"description\":\"D\u00e9couvrez les aventures de votre chien sur votre smartphone. Tracker GPS pr\u00e9cis avec une longue dur\u00e9e de batterie. Id\u00e9al pour les chiens !\",\"breadcrumb\":{\"@id\":\"https:\/\/www.spottergps.com\/fr\/collier-gps-pour-chien\/#breadcrumb\"},\"inLanguage\":\"fr-FR\",\"potentialAction\":[{\"@type\":\"ReadAction\",\"target\":[\"https:\/\/www.spottergps.com\/fr\/collier-gps-pour-chien\/\"]}]},{\"@type\":\"BreadcrumbList\",\"@id\":\"https:\/\/www.spottergps.com\/fr\/collier-gps-pour-chien\/#breadcrumb\",\"itemListElement\":[{\"@type\":\"ListItem\",\"position\":1,\"name\":\"Home\",\"item\":\"https:\/\/www.spottergps.com\/fr\/\"},{\"@type\":\"ListItem\",\"position\":2,\"name\":\"Collier GPS pour chien sans abonnement : La solution id\u00e9ale !\"}]},{\"@type\":\"WebSite\",\"@id\":\"https:\/\/www.spottergps.com\/fr\/#website\",\"url\":\"https:\/\/www.spottergps.com\/fr\/\",\"name\":\"Spotter France\",\"description\":\"Een andere Spotter websites site\",\"potentialAction\":[{\"@type\":\"SearchAction\",\"target\":{\"@type\":\"EntryPoint\",\"urlTemplate\":\"https:\/\/www.spottergps.com\/fr\/?s={search_term_string}\"},\"query-input\":{\"@type\":\"PropertyValueSpecification\",\"valueRequired\":true,\"valueName\":\"search_term_string\"}}],\"inLanguage\":\"fr-FR\"}]}<\/script>\n<!-- \/ Yoast SEO plugin. -->","yoast_head_json":{"title":"Collier Chien GPS Sans Abonnement \u2013 Suivi S\u00e9curis\u00e9 | Spotter \u2764","description":"D\u00e9couvrez les aventures de votre chien sur votre smartphone. Tracker GPS pr\u00e9cis avec une longue dur\u00e9e de batterie. Id\u00e9al pour les chiens !","robots":{"index":"index","follow":"follow","max-snippet":"max-snippet:-1","max-image-preview":"max-image-preview:large","max-video-preview":"max-video-preview:-1"},"canonical":"https:\/\/www.spottergps.com\/fr\/collier-gps-pour-chien\/","og_locale":"fr_FR","og_type":"article","og_title":"Collier Chien GPS Sans Abonnement \u2013 Suivi S\u00e9curis\u00e9 | Spotter \u2764","og_description":"D\u00e9couvrez les aventures de votre chien sur votre smartphone. Tracker GPS pr\u00e9cis avec une longue dur\u00e9e de batterie. Id\u00e9al pour les chiens !","og_url":"https:\/\/www.spottergps.com\/fr\/collier-gps-pour-chien\/","og_site_name":"Spotter France","article_modified_time":"2026-02-17T08:23:26+00:00","twitter_card":"summary_large_image","twitter_misc":{"Dur\u00e9e de lecture estim\u00e9e":"1 minute"},"schema":{"@context":"https:\/\/schema.org","@graph":[{"@type":"WebPage","@id":"https:\/\/www.spottergps.com\/fr\/collier-gps-pour-chien\/","url":"https:\/\/www.spottergps.com\/fr\/collier-gps-pour-chien\/","name":"Collier Chien GPS Sans Abonnement \u2013 Suivi S\u00e9curis\u00e9 | Spotter \u2764","isPartOf":{"@id":"https:\/\/www.spottergps.com\/fr\/#website"},"datePublished":"2025-01-21T07:45:07+00:00","dateModified":"2026-02-17T08:23:26+00:00","description":"D\u00e9couvrez les aventures de votre chien sur votre smartphone. Tracker GPS pr\u00e9cis avec une longue dur\u00e9e de batterie. Id\u00e9al pour les chiens !","breadcrumb":{"@id":"https:\/\/www.spottergps.com\/fr\/collier-gps-pour-chien\/#breadcrumb"},"inLanguage":"fr-FR","potentialAction":[{"@type":"ReadAction","target":["https:\/\/www.spottergps.com\/fr\/collier-gps-pour-chien\/"]}]},{"@type":"BreadcrumbList","@id":"https:\/\/www.spottergps.com\/fr\/collier-gps-pour-chien\/#breadcrumb","itemListElement":[{"@type":"ListItem","position":1,"name":"Home","item":"https:\/\/www.spottergps.com\/fr\/"},{"@type":"ListItem","position":2,"name":"Collier GPS pour chien sans abonnement : La solution id\u00e9ale !"}]},{"@type":"WebSite","@id":"https:\/\/www.spottergps.com\/fr\/#website","url":"https:\/\/www.spottergps.com\/fr\/","name":"Spotter France","description":"Een andere Spotter websites site","potentialAction":[{"@type":"SearchAction","target":{"@type":"EntryPoint","urlTemplate":"https:\/\/www.spottergps.com\/fr\/?s={search_term_string}"},"query-input":{"@type":"PropertyValueSpecification","valueRequired":true,"valueName":"search_term_string"}}],"inLanguage":"fr-FR"}]}},"_links":{"self":[{"href":"https:\/\/www.spottergps.com\/fr\/wp-json\/wp\/v2\/pages\/2588","targetHints":{"allow":["GET"]}}],"collection":[{"href":"https:\/\/www.spottergps.com\/fr\/wp-json\/wp\/v2\/pages"}],"about":[{"href":"https:\/\/www.spottergps.com\/fr\/wp-json\/wp\/v2\/types\/page"}],"author":[{"embeddable":true,"href":"https:\/\/www.spottergps.com\/fr\/wp-json\/wp\/v2\/users\/14"}],"replies":[{"embeddable":true,"href":"https:\/\/www.spottergps.com\/fr\/wp-json\/wp\/v2\/comments?post=2588"}],"version-history":[{"count":48,"href":"https:\/\/www.spottergps.com\/fr\/wp-json\/wp\/v2\/pages\/2588\/revisions"}],"predecessor-version":[{"id":3650,"href":"https:\/\/www.spottergps.com\/fr\/wp-json\/wp\/v2\/pages\/2588\/revisions\/3650"}],"wp:attachment":[{"href":"https:\/\/www.spottergps.com\/fr\/wp-json\/wp\/v2\/media?parent=2588"}],"wp:term":[{"taxonomy":"category","embeddable":true,"href":"https:\/\/www.spottergps.com\/fr\/wp-json\/wp\/v2\/categories?post=2588"},{"taxonomy":"post_tag","embeddable":true,"href":"https:\/\/www.spottergps.com\/fr\/wp-json\/wp\/v2\/tags?post=2588"}],"curies":[{"name":"wp","href":"https:\/\/api.w.org\/{rel}","templated":true}]}}