{"id":2425,"date":"2025-01-07T15:48:49","date_gmt":"2025-01-07T14:48:49","guid":{"rendered":"https:\/\/www.spottergps.com\/fr\/?page_id=2425"},"modified":"2026-04-07T08:36:38","modified_gmt":"2026-04-07T07:36:38","slug":"montre-gps-alzheimer","status":"publish","type":"page","link":"https:\/\/www.spottergps.com\/fr\/montre-gps-alzheimer\/","title":{"rendered":"La montre GPS pour la maladie d&rsquo;Alzheimer"},"content":{"rendered":"\n<h2>D\u00e9sormais, vous pouvez sortir seul en toute s\u00e9r\u00e9nit\u00e9<\/h2>\n<p><span class=\"jCAhz ChMk0b\"><span class=\"ryNqvb\">L&rsquo;agitation parmi les proches lorsqu&rsquo;une personne atteinte de la maladie d&rsquo;Alzheimer ou de d\u00e9mence sort seule est courante.<\/span><\/span> <span class=\"jCAhz ChMk0b\"><span class=\"ryNqvb\">La montre gps alzheimer Spotter \u00e9limine ce peu d\u2019anxi\u00e9t\u00e9.<\/span><\/span> <span class=\"jCAhz ChMk0b\"><span class=\"ryNqvb\">Placez la montre \u00e0 votre poignet et vous saurez toujours o\u00f9 se trouve votre proche.<\/span><\/span> <span class=\"jCAhz ChMk0b\"><span class=\"ryNqvb\">Vous pouvez facilement vous connecter en ligne ou via l&rsquo;application Spotter et afficher l&#8217;emplacement.<\/span><\/span> <span class=\"jCAhz\"><span class=\"ryNqvb\">Vous pouvez \u00e9galement appeler la montre gps alzheimer, d\u00e9finir une zone dans laquelle vous recevez un message lorsque quelqu&rsquo;un y entre ou en sort, d\u00e9finir une alarme et bien plus encore.<\/span><\/span> <span class=\"jCAhz ChMk0b\"><span class=\"ryNqvb\">La bracelet gps alzheimer est \u00e9galement \u00e9quip\u00e9e d&rsquo;un bouton SOS qui peut \u00eatre utilis\u00e9 en cas d&rsquo;urgence et un message sera envoy\u00e9 imm\u00e9diatement. <\/span><\/span><\/p>\n<p><em><span class=\"jCAhz ChMk0b\"><span class=\"ryNqvb\">\u00a0\u00bbDe nombreux professionnels de sant\u00e9, maisons de retraite et membres de la famille de proches atteints de la maladie d&rsquo;Alzheimer ou de d\u00e9mence utilisent la montre GPS alzheimer Spotter.<\/span><\/span> <span class=\"jCAhz ChMk0b\"><span class=\"ryNqvb\">Nous sommes heureux de pouvoir y contribuer et esp\u00e9rons vous accueillir bient\u00f4t.\u00a0\u00bb<\/span><\/span><\/em><\/p>\n\n\n\n\n","protected":false},"excerpt":{"rendered":"<p>D\u00e9sormais, vous pouvez sortir seul en toute s\u00e9r\u00e9nit\u00e9 L&rsquo;agitation parmi les proches lorsqu&rsquo;une personne atteinte de la maladie d&rsquo;Alzheimer ou de d\u00e9mence sort seule est courante. La montre gps alzheimer Spotter \u00e9limine ce peu d\u2019anxi\u00e9t\u00e9. Placez la montre \u00e0 votre poignet et vous saurez toujours o\u00f9 se trouve votre proche. Vous pouvez facilement vous connecter [&hellip;]<\/p>\n","protected":false},"author":14,"featured_media":2991,"parent":0,"menu_order":0,"comment_status":"closed","ping_status":"closed","template":"","meta":{"_acf_changed":false,"footnotes":""},"categories":[],"tags":[],"class_list":["post-2425","page","type-page","status-publish","has-post-thumbnail","hentry"],"acf":[],"yoast_head":"<!-- This site is optimized with the Yoast SEO plugin v25.9 - https:\/\/yoast.com\/wordpress\/plugins\/seo\/ -->\n<title>Montre GPS Alzheimer \u2013 S\u00e9r\u00e9nit\u00e9 &amp; s\u00e9curit\u00e9 en un | Spotter\u00ae \u2764<\/title>\n<meta name=\"description\" content=\"Montre GPS Alzheimer et D\u00e9mence. Bouton SOS, appel et zones r\u00e9glables. En ligne, application, pr\u00e9pay\u00e9e, sans abonnement.\" \/>\n<meta name=\"robots\" content=\"index, follow, max-snippet:-1, max-image-preview:large, max-video-preview:-1\" \/>\n<link rel=\"canonical\" href=\"https:\/\/www.spottergps.com\/fr\/montre-gps-alzheimer\/\" \/>\n<meta property=\"og:locale\" content=\"fr_FR\" \/>\n<meta property=\"og:type\" content=\"article\" \/>\n<meta property=\"og:title\" content=\"Montre GPS Alzheimer \u2013 S\u00e9r\u00e9nit\u00e9 &amp; s\u00e9curit\u00e9 en un | Spotter\u00ae \u2764\" \/>\n<meta property=\"og:description\" content=\"Montre GPS Alzheimer et D\u00e9mence. Bouton SOS, appel et zones r\u00e9glables. En ligne, application, pr\u00e9pay\u00e9e, sans abonnement.\" \/>\n<meta property=\"og:url\" content=\"https:\/\/www.spottergps.com\/fr\/montre-gps-alzheimer\/\" \/>\n<meta property=\"og:site_name\" content=\"Spotter France\" \/>\n<meta property=\"article:modified_time\" content=\"2026-04-07T07:36:38+00:00\" \/>\n<meta property=\"og:image\" content=\"https:\/\/www.spottergps.com\/fr\/wp-content\/uploads\/sites\/2\/2025\/05\/Spotter-Watch-Senior-2-2.jpg\" \/>\n\t<meta property=\"og:image:width\" content=\"1000\" \/>\n\t<meta property=\"og:image:height\" content=\"1000\" \/>\n\t<meta property=\"og:image:type\" content=\"image\/jpeg\" \/>\n<meta name=\"twitter:card\" content=\"summary_large_image\" \/>\n<meta name=\"twitter:label1\" content=\"Dur\u00e9e de lecture estim\u00e9e\" \/>\n\t<meta name=\"twitter:data1\" content=\"2 minutes\" \/>\n<script type=\"application\/ld+json\" class=\"yoast-schema-graph\">{\"@context\":\"https:\/\/schema.org\",\"@graph\":[{\"@type\":\"WebPage\",\"@id\":\"https:\/\/www.spottergps.com\/fr\/montre-gps-alzheimer\/\",\"url\":\"https:\/\/www.spottergps.com\/fr\/montre-gps-alzheimer\/\",\"name\":\"Montre GPS Alzheimer \u2013 S\u00e9r\u00e9nit\u00e9 & s\u00e9curit\u00e9 en un | Spotter\u00ae \u2764\",\"isPartOf\":{\"@id\":\"https:\/\/www.spottergps.com\/fr\/#website\"},\"primaryImageOfPage\":{\"@id\":\"https:\/\/www.spottergps.com\/fr\/montre-gps-alzheimer\/#primaryimage\"},\"image\":{\"@id\":\"https:\/\/www.spottergps.com\/fr\/montre-gps-alzheimer\/#primaryimage\"},\"thumbnailUrl\":\"https:\/\/www.spottergps.com\/fr\/wp-content\/uploads\/sites\/2\/2025\/05\/Spotter-Watch-Senior-2-2.jpg\",\"datePublished\":\"2025-01-07T14:48:49+00:00\",\"dateModified\":\"2026-04-07T07:36:38+00:00\",\"description\":\"Montre GPS Alzheimer et D\u00e9mence. Bouton SOS, appel et zones r\u00e9glables. En ligne, application, pr\u00e9pay\u00e9e, sans abonnement.\",\"breadcrumb\":{\"@id\":\"https:\/\/www.spottergps.com\/fr\/montre-gps-alzheimer\/#breadcrumb\"},\"inLanguage\":\"fr-FR\",\"potentialAction\":[{\"@type\":\"ReadAction\",\"target\":[\"https:\/\/www.spottergps.com\/fr\/montre-gps-alzheimer\/\"]}]},{\"@type\":\"ImageObject\",\"inLanguage\":\"fr-FR\",\"@id\":\"https:\/\/www.spottergps.com\/fr\/montre-gps-alzheimer\/#primaryimage\",\"url\":\"https:\/\/www.spottergps.com\/fr\/wp-content\/uploads\/sites\/2\/2025\/05\/Spotter-Watch-Senior-2-2.jpg\",\"contentUrl\":\"https:\/\/www.spottergps.com\/fr\/wp-content\/uploads\/sites\/2\/2025\/05\/Spotter-Watch-Senior-2-2.jpg\",\"width\":1000,\"height\":1000,\"caption\":\"Montre GPS Alzheimer - Spotter\"},{\"@type\":\"BreadcrumbList\",\"@id\":\"https:\/\/www.spottergps.com\/fr\/montre-gps-alzheimer\/#breadcrumb\",\"itemListElement\":[{\"@type\":\"ListItem\",\"position\":1,\"name\":\"Home\",\"item\":\"https:\/\/www.spottergps.com\/fr\/\"},{\"@type\":\"ListItem\",\"position\":2,\"name\":\"La montre GPS pour la maladie d'Alzheimer\"}]},{\"@type\":\"WebSite\",\"@id\":\"https:\/\/www.spottergps.com\/fr\/#website\",\"url\":\"https:\/\/www.spottergps.com\/fr\/\",\"name\":\"Spotter France\",\"description\":\"Een andere Spotter websites site\",\"potentialAction\":[{\"@type\":\"SearchAction\",\"target\":{\"@type\":\"EntryPoint\",\"urlTemplate\":\"https:\/\/www.spottergps.com\/fr\/?s={search_term_string}\"},\"query-input\":{\"@type\":\"PropertyValueSpecification\",\"valueRequired\":true,\"valueName\":\"search_term_string\"}}],\"inLanguage\":\"fr-FR\"}]}<\/script>\n<!-- \/ Yoast SEO plugin. -->","yoast_head_json":{"title":"Montre GPS Alzheimer \u2013 S\u00e9r\u00e9nit\u00e9 & s\u00e9curit\u00e9 en un | Spotter\u00ae \u2764","description":"Montre GPS Alzheimer et D\u00e9mence. Bouton SOS, appel et zones r\u00e9glables. En ligne, application, pr\u00e9pay\u00e9e, sans abonnement.","robots":{"index":"index","follow":"follow","max-snippet":"max-snippet:-1","max-image-preview":"max-image-preview:large","max-video-preview":"max-video-preview:-1"},"canonical":"https:\/\/www.spottergps.com\/fr\/montre-gps-alzheimer\/","og_locale":"fr_FR","og_type":"article","og_title":"Montre GPS Alzheimer \u2013 S\u00e9r\u00e9nit\u00e9 & s\u00e9curit\u00e9 en un | Spotter\u00ae \u2764","og_description":"Montre GPS Alzheimer et D\u00e9mence. Bouton SOS, appel et zones r\u00e9glables. En ligne, application, pr\u00e9pay\u00e9e, sans abonnement.","og_url":"https:\/\/www.spottergps.com\/fr\/montre-gps-alzheimer\/","og_site_name":"Spotter France","article_modified_time":"2026-04-07T07:36:38+00:00","og_image":[{"width":1000,"height":1000,"url":"https:\/\/www.spottergps.com\/fr\/wp-content\/uploads\/sites\/2\/2025\/05\/Spotter-Watch-Senior-2-2.jpg","type":"image\/jpeg"}],"twitter_card":"summary_large_image","twitter_misc":{"Dur\u00e9e de lecture estim\u00e9e":"2 minutes"},"schema":{"@context":"https:\/\/schema.org","@graph":[{"@type":"WebPage","@id":"https:\/\/www.spottergps.com\/fr\/montre-gps-alzheimer\/","url":"https:\/\/www.spottergps.com\/fr\/montre-gps-alzheimer\/","name":"Montre GPS Alzheimer \u2013 S\u00e9r\u00e9nit\u00e9 & s\u00e9curit\u00e9 en un | Spotter\u00ae \u2764","isPartOf":{"@id":"https:\/\/www.spottergps.com\/fr\/#website"},"primaryImageOfPage":{"@id":"https:\/\/www.spottergps.com\/fr\/montre-gps-alzheimer\/#primaryimage"},"image":{"@id":"https:\/\/www.spottergps.com\/fr\/montre-gps-alzheimer\/#primaryimage"},"thumbnailUrl":"https:\/\/www.spottergps.com\/fr\/wp-content\/uploads\/sites\/2\/2025\/05\/Spotter-Watch-Senior-2-2.jpg","datePublished":"2025-01-07T14:48:49+00:00","dateModified":"2026-04-07T07:36:38+00:00","description":"Montre GPS Alzheimer et D\u00e9mence. Bouton SOS, appel et zones r\u00e9glables. En ligne, application, pr\u00e9pay\u00e9e, sans abonnement.","breadcrumb":{"@id":"https:\/\/www.spottergps.com\/fr\/montre-gps-alzheimer\/#breadcrumb"},"inLanguage":"fr-FR","potentialAction":[{"@type":"ReadAction","target":["https:\/\/www.spottergps.com\/fr\/montre-gps-alzheimer\/"]}]},{"@type":"ImageObject","inLanguage":"fr-FR","@id":"https:\/\/www.spottergps.com\/fr\/montre-gps-alzheimer\/#primaryimage","url":"https:\/\/www.spottergps.com\/fr\/wp-content\/uploads\/sites\/2\/2025\/05\/Spotter-Watch-Senior-2-2.jpg","contentUrl":"https:\/\/www.spottergps.com\/fr\/wp-content\/uploads\/sites\/2\/2025\/05\/Spotter-Watch-Senior-2-2.jpg","width":1000,"height":1000,"caption":"Montre GPS Alzheimer - Spotter"},{"@type":"BreadcrumbList","@id":"https:\/\/www.spottergps.com\/fr\/montre-gps-alzheimer\/#breadcrumb","itemListElement":[{"@type":"ListItem","position":1,"name":"Home","item":"https:\/\/www.spottergps.com\/fr\/"},{"@type":"ListItem","position":2,"name":"La montre GPS pour la maladie d'Alzheimer"}]},{"@type":"WebSite","@id":"https:\/\/www.spottergps.com\/fr\/#website","url":"https:\/\/www.spottergps.com\/fr\/","name":"Spotter France","description":"Een andere Spotter websites site","potentialAction":[{"@type":"SearchAction","target":{"@type":"EntryPoint","urlTemplate":"https:\/\/www.spottergps.com\/fr\/?s={search_term_string}"},"query-input":{"@type":"PropertyValueSpecification","valueRequired":true,"valueName":"search_term_string"}}],"inLanguage":"fr-FR"}]}},"_links":{"self":[{"href":"https:\/\/www.spottergps.com\/fr\/wp-json\/wp\/v2\/pages\/2425","targetHints":{"allow":["GET"]}}],"collection":[{"href":"https:\/\/www.spottergps.com\/fr\/wp-json\/wp\/v2\/pages"}],"about":[{"href":"https:\/\/www.spottergps.com\/fr\/wp-json\/wp\/v2\/types\/page"}],"author":[{"embeddable":true,"href":"https:\/\/www.spottergps.com\/fr\/wp-json\/wp\/v2\/users\/14"}],"replies":[{"embeddable":true,"href":"https:\/\/www.spottergps.com\/fr\/wp-json\/wp\/v2\/comments?post=2425"}],"version-history":[{"count":40,"href":"https:\/\/www.spottergps.com\/fr\/wp-json\/wp\/v2\/pages\/2425\/revisions"}],"predecessor-version":[{"id":3852,"href":"https:\/\/www.spottergps.com\/fr\/wp-json\/wp\/v2\/pages\/2425\/revisions\/3852"}],"wp:featuredmedia":[{"embeddable":true,"href":"https:\/\/www.spottergps.com\/fr\/wp-json\/wp\/v2\/media\/2991"}],"wp:attachment":[{"href":"https:\/\/www.spottergps.com\/fr\/wp-json\/wp\/v2\/media?parent=2425"}],"wp:term":[{"taxonomy":"category","embeddable":true,"href":"https:\/\/www.spottergps.com\/fr\/wp-json\/wp\/v2\/categories?post=2425"},{"taxonomy":"post_tag","embeddable":true,"href":"https:\/\/www.spottergps.com\/fr\/wp-json\/wp\/v2\/tags?post=2425"}],"curies":[{"name":"wp","href":"https:\/\/api.w.org\/{rel}","templated":true}]}}