{"id":2403,"date":"2025-01-07T15:52:51","date_gmt":"2025-01-07T14:52:51","guid":{"rendered":"https:\/\/www.spottergps.com\/fr\/?page_id=2403"},"modified":"2025-10-07T09:51:25","modified_gmt":"2025-10-07T08:51:25","slug":"securite-et-liberte-avec-les-traceurs-gps-pour-patients-alzheimer","status":"publish","type":"page","link":"https:\/\/www.spottergps.com\/fr\/securite-et-liberte-avec-les-traceurs-gps-pour-patients-alzheimer\/","title":{"rendered":"S\u00e9curit\u00e9 et Libert\u00e9 avec les Traceurs GPS pour Patients Alzheimer"},"content":{"rendered":"\n<div class=\"wp-block-columns is-layout-flex wp-container-core-columns-is-layout-9d6595d7 wp-block-columns-is-layout-flex\">\n<div class=\"wp-block-column is-layout-flow wp-block-column-is-layout-flow\" style=\"flex-basis:50%\">\n<h2>Le meilleur traceur pour patients Alzheimer<\/h2>\n<p>Chez Spotter, nous comprenons l\u2019importance de la s\u00e9curit\u00e9 et de la s\u00e9r\u00e9nit\u00e9 pour les familles de patients atteints d\u2019Alzheimer. Nos solutions innovantes, comme <a href=\"https:\/\/www.spottergps.com\/fr\/traceur-gps-alzheimer\/\">le traceur GPS Alzheimer<\/a>\u00a0et <a href=\"https:\/\/www.spottergps.com\/fr\/la-montre-gps-pour-la-maladie-dalzheimer-et-la-demence\/\">la montre GPS Alzheimer sans abonnement<\/a>, vous aident \u00e0 prot\u00e9ger vos proches tout en respectant leur autonomie.<\/p>\n<p>Gr\u00e2ce \u00e0 ces dispositifs, vous pouvez localiser vos proches en temps r\u00e9el et recevoir des alertes en cas de sortie de zone pr\u00e9d\u00e9finie. Nos produits sont con\u00e7us pour \u00eatre simples d\u2019utilisation, discrets et confortables, afin de s\u2019int\u00e9grer harmonieusement dans la vie quotidienne des personnes atteintes d\u2019Alzheimer.<\/p>\n<p>Faites le choix de la tranquillit\u00e9 d\u2019esprit avec Spotter et offrez \u00e0 vos proches la s\u00e9curit\u00e9 qu\u2019ils m\u00e9ritent, tout en leur permettant de conserver leur ind\u00e9pendance.<\/p>\n<p>\u00a0<\/p>\n<\/div>\n\n\n\n<div class=\"wp-block-column is-layout-flow wp-block-column-is-layout-flow\" style=\"flex-basis:50%\">\n<figure class=\"wp-block-image size-large is-resized\"><a href=\"https:\/\/www.spottergps.com\/fr\/wp-content\/uploads\/sites\/2\/2024\/11\/alzheimer-bracelet-gps-spotter.png\"><img loading=\"lazy\" decoding=\"async\" width=\"1024\" height=\"730\" src=\"https:\/\/www.spottergps.com\/fr\/wp-content\/uploads\/sites\/2\/2024\/11\/alzheimer-bracelet-gps-spotter-1024x730.png\" alt=\"alzheimer bracelet gps - spotter\" class=\"wp-image-2252\" style=\"width:561px;height:auto\" srcset=\"https:\/\/www.spottergps.com\/fr\/wp-content\/uploads\/sites\/2\/2024\/11\/alzheimer-bracelet-gps-spotter-1024x730.png 1024w, https:\/\/www.spottergps.com\/fr\/wp-content\/uploads\/sites\/2\/2024\/11\/alzheimer-bracelet-gps-spotter-300x214.png 300w, https:\/\/www.spottergps.com\/fr\/wp-content\/uploads\/sites\/2\/2024\/11\/alzheimer-bracelet-gps-spotter-768x548.png 768w, https:\/\/www.spottergps.com\/fr\/wp-content\/uploads\/sites\/2\/2024\/11\/alzheimer-bracelet-gps-spotter.png 1280w\" sizes=\"auto, (max-width: 1024px) 100vw, 1024px\" \/><\/a><\/figure>\n<\/div>\n<\/div>\n\n\n\n\n","protected":false},"excerpt":{"rendered":"<p>Le meilleur traceur pour patients Alzheimer Chez Spotter, nous comprenons l\u2019importance de la s\u00e9curit\u00e9 et de la s\u00e9r\u00e9nit\u00e9 pour les familles de patients atteints d\u2019Alzheimer. Nos solutions innovantes, comme le traceur GPS Alzheimer\u00a0et la montre GPS Alzheimer sans abonnement, vous aident \u00e0 prot\u00e9ger vos proches tout en respectant leur autonomie. Gr\u00e2ce \u00e0 ces dispositifs, vous [&hellip;]<\/p>\n","protected":false},"author":14,"featured_media":3330,"parent":0,"menu_order":0,"comment_status":"closed","ping_status":"closed","template":"","meta":{"_acf_changed":false,"footnotes":""},"categories":[],"tags":[],"class_list":["post-2403","page","type-page","status-publish","has-post-thumbnail","hentry"],"acf":[],"yoast_head":"<!-- This site is optimized with the Yoast SEO plugin v25.9 - https:\/\/yoast.com\/wordpress\/plugins\/seo\/ -->\n<title>S\u00e9curit\u00e9 et libert\u00e9 avec les traceurs GPS pour patients alzheimer - Spotter<\/title>\n<meta name=\"robots\" content=\"index, follow, max-snippet:-1, max-image-preview:large, max-video-preview:-1\" \/>\n<link rel=\"canonical\" href=\"https:\/\/www.spottergps.com\/fr\/securite-et-liberte-avec-les-traceurs-gps-pour-patients-alzheimer\/\" \/>\n<meta property=\"og:locale\" content=\"fr_FR\" \/>\n<meta property=\"og:type\" content=\"article\" \/>\n<meta property=\"og:title\" content=\"S\u00e9curit\u00e9 et libert\u00e9 avec les traceurs GPS pour patients alzheimer - Spotter\" \/>\n<meta property=\"og:description\" content=\"Le meilleur traceur pour patients Alzheimer Chez Spotter, nous comprenons l\u2019importance de la s\u00e9curit\u00e9 et de la s\u00e9r\u00e9nit\u00e9 pour les familles de patients atteints d\u2019Alzheimer. Nos solutions innovantes, comme le traceur GPS Alzheimer\u00a0et la montre GPS Alzheimer sans abonnement, vous aident \u00e0 prot\u00e9ger vos proches tout en respectant leur autonomie. Gr\u00e2ce \u00e0 ces dispositifs, vous [&hellip;]\" \/>\n<meta property=\"og:url\" content=\"https:\/\/www.spottergps.com\/fr\/securite-et-liberte-avec-les-traceurs-gps-pour-patients-alzheimer\/\" \/>\n<meta property=\"og:site_name\" content=\"Spotter France\" \/>\n<meta property=\"article:modified_time\" content=\"2025-10-07T08:51:25+00:00\" \/>\n<meta property=\"og:image\" content=\"https:\/\/www.spottergps.com\/fr\/wp-content\/uploads\/sites\/2\/2025\/07\/Traceur-GPS-pour-Alzheimer-et-demence-spotter.jpg\" \/>\n\t<meta property=\"og:image:width\" content=\"538\" \/>\n\t<meta property=\"og:image:height\" content=\"451\" \/>\n\t<meta property=\"og:image:type\" content=\"image\/jpeg\" \/>\n<meta name=\"twitter:card\" content=\"summary_large_image\" \/>\n<meta name=\"twitter:label1\" content=\"Dur\u00e9e de lecture estim\u00e9e\" \/>\n\t<meta name=\"twitter:data1\" content=\"2 minutes\" \/>\n<script type=\"application\/ld+json\" class=\"yoast-schema-graph\">{\"@context\":\"https:\/\/schema.org\",\"@graph\":[{\"@type\":\"WebPage\",\"@id\":\"https:\/\/www.spottergps.com\/fr\/securite-et-liberte-avec-les-traceurs-gps-pour-patients-alzheimer\/\",\"url\":\"https:\/\/www.spottergps.com\/fr\/securite-et-liberte-avec-les-traceurs-gps-pour-patients-alzheimer\/\",\"name\":\"S\u00e9curit\u00e9 et libert\u00e9 avec les traceurs GPS pour patients alzheimer - Spotter\",\"isPartOf\":{\"@id\":\"https:\/\/www.spottergps.com\/fr\/#website\"},\"primaryImageOfPage\":{\"@id\":\"https:\/\/www.spottergps.com\/fr\/securite-et-liberte-avec-les-traceurs-gps-pour-patients-alzheimer\/#primaryimage\"},\"image\":{\"@id\":\"https:\/\/www.spottergps.com\/fr\/securite-et-liberte-avec-les-traceurs-gps-pour-patients-alzheimer\/#primaryimage\"},\"thumbnailUrl\":\"https:\/\/www.spottergps.com\/fr\/wp-content\/uploads\/sites\/2\/2025\/07\/Traceur-GPS-pour-Alzheimer-et-demence-spotter.jpg\",\"datePublished\":\"2025-01-07T14:52:51+00:00\",\"dateModified\":\"2025-10-07T08:51:25+00:00\",\"breadcrumb\":{\"@id\":\"https:\/\/www.spottergps.com\/fr\/securite-et-liberte-avec-les-traceurs-gps-pour-patients-alzheimer\/#breadcrumb\"},\"inLanguage\":\"fr-FR\",\"potentialAction\":[{\"@type\":\"ReadAction\",\"target\":[\"https:\/\/www.spottergps.com\/fr\/securite-et-liberte-avec-les-traceurs-gps-pour-patients-alzheimer\/\"]}]},{\"@type\":\"ImageObject\",\"inLanguage\":\"fr-FR\",\"@id\":\"https:\/\/www.spottergps.com\/fr\/securite-et-liberte-avec-les-traceurs-gps-pour-patients-alzheimer\/#primaryimage\",\"url\":\"https:\/\/www.spottergps.com\/fr\/wp-content\/uploads\/sites\/2\/2025\/07\/Traceur-GPS-pour-Alzheimer-et-demence-spotter.jpg\",\"contentUrl\":\"https:\/\/www.spottergps.com\/fr\/wp-content\/uploads\/sites\/2\/2025\/07\/Traceur-GPS-pour-Alzheimer-et-demence-spotter.jpg\",\"width\":538,\"height\":451,\"caption\":\"Traceur GPS pour Alzheimer et d\u00e9mence - spotter\"},{\"@type\":\"BreadcrumbList\",\"@id\":\"https:\/\/www.spottergps.com\/fr\/securite-et-liberte-avec-les-traceurs-gps-pour-patients-alzheimer\/#breadcrumb\",\"itemListElement\":[{\"@type\":\"ListItem\",\"position\":1,\"name\":\"Home\",\"item\":\"https:\/\/www.spottergps.com\/fr\/\"},{\"@type\":\"ListItem\",\"position\":2,\"name\":\"S\u00e9curit\u00e9 et Libert\u00e9 avec les Traceurs GPS pour Patients Alzheimer\"}]},{\"@type\":\"WebSite\",\"@id\":\"https:\/\/www.spottergps.com\/fr\/#website\",\"url\":\"https:\/\/www.spottergps.com\/fr\/\",\"name\":\"Spotter France\",\"description\":\"Een andere Spotter websites site\",\"potentialAction\":[{\"@type\":\"SearchAction\",\"target\":{\"@type\":\"EntryPoint\",\"urlTemplate\":\"https:\/\/www.spottergps.com\/fr\/?s={search_term_string}\"},\"query-input\":{\"@type\":\"PropertyValueSpecification\",\"valueRequired\":true,\"valueName\":\"search_term_string\"}}],\"inLanguage\":\"fr-FR\"}]}<\/script>\n<!-- \/ Yoast SEO plugin. -->","yoast_head_json":{"title":"S\u00e9curit\u00e9 et libert\u00e9 avec les traceurs GPS pour patients alzheimer - Spotter","robots":{"index":"index","follow":"follow","max-snippet":"max-snippet:-1","max-image-preview":"max-image-preview:large","max-video-preview":"max-video-preview:-1"},"canonical":"https:\/\/www.spottergps.com\/fr\/securite-et-liberte-avec-les-traceurs-gps-pour-patients-alzheimer\/","og_locale":"fr_FR","og_type":"article","og_title":"S\u00e9curit\u00e9 et libert\u00e9 avec les traceurs GPS pour patients alzheimer - Spotter","og_description":"Le meilleur traceur pour patients Alzheimer Chez Spotter, nous comprenons l\u2019importance de la s\u00e9curit\u00e9 et de la s\u00e9r\u00e9nit\u00e9 pour les familles de patients atteints d\u2019Alzheimer. Nos solutions innovantes, comme le traceur GPS Alzheimer\u00a0et la montre GPS Alzheimer sans abonnement, vous aident \u00e0 prot\u00e9ger vos proches tout en respectant leur autonomie. Gr\u00e2ce \u00e0 ces dispositifs, vous [&hellip;]","og_url":"https:\/\/www.spottergps.com\/fr\/securite-et-liberte-avec-les-traceurs-gps-pour-patients-alzheimer\/","og_site_name":"Spotter France","article_modified_time":"2025-10-07T08:51:25+00:00","og_image":[{"width":538,"height":451,"url":"https:\/\/www.spottergps.com\/fr\/wp-content\/uploads\/sites\/2\/2025\/07\/Traceur-GPS-pour-Alzheimer-et-demence-spotter.jpg","type":"image\/jpeg"}],"twitter_card":"summary_large_image","twitter_misc":{"Dur\u00e9e de lecture estim\u00e9e":"2 minutes"},"schema":{"@context":"https:\/\/schema.org","@graph":[{"@type":"WebPage","@id":"https:\/\/www.spottergps.com\/fr\/securite-et-liberte-avec-les-traceurs-gps-pour-patients-alzheimer\/","url":"https:\/\/www.spottergps.com\/fr\/securite-et-liberte-avec-les-traceurs-gps-pour-patients-alzheimer\/","name":"S\u00e9curit\u00e9 et libert\u00e9 avec les traceurs GPS pour patients alzheimer - Spotter","isPartOf":{"@id":"https:\/\/www.spottergps.com\/fr\/#website"},"primaryImageOfPage":{"@id":"https:\/\/www.spottergps.com\/fr\/securite-et-liberte-avec-les-traceurs-gps-pour-patients-alzheimer\/#primaryimage"},"image":{"@id":"https:\/\/www.spottergps.com\/fr\/securite-et-liberte-avec-les-traceurs-gps-pour-patients-alzheimer\/#primaryimage"},"thumbnailUrl":"https:\/\/www.spottergps.com\/fr\/wp-content\/uploads\/sites\/2\/2025\/07\/Traceur-GPS-pour-Alzheimer-et-demence-spotter.jpg","datePublished":"2025-01-07T14:52:51+00:00","dateModified":"2025-10-07T08:51:25+00:00","breadcrumb":{"@id":"https:\/\/www.spottergps.com\/fr\/securite-et-liberte-avec-les-traceurs-gps-pour-patients-alzheimer\/#breadcrumb"},"inLanguage":"fr-FR","potentialAction":[{"@type":"ReadAction","target":["https:\/\/www.spottergps.com\/fr\/securite-et-liberte-avec-les-traceurs-gps-pour-patients-alzheimer\/"]}]},{"@type":"ImageObject","inLanguage":"fr-FR","@id":"https:\/\/www.spottergps.com\/fr\/securite-et-liberte-avec-les-traceurs-gps-pour-patients-alzheimer\/#primaryimage","url":"https:\/\/www.spottergps.com\/fr\/wp-content\/uploads\/sites\/2\/2025\/07\/Traceur-GPS-pour-Alzheimer-et-demence-spotter.jpg","contentUrl":"https:\/\/www.spottergps.com\/fr\/wp-content\/uploads\/sites\/2\/2025\/07\/Traceur-GPS-pour-Alzheimer-et-demence-spotter.jpg","width":538,"height":451,"caption":"Traceur GPS pour Alzheimer et d\u00e9mence - spotter"},{"@type":"BreadcrumbList","@id":"https:\/\/www.spottergps.com\/fr\/securite-et-liberte-avec-les-traceurs-gps-pour-patients-alzheimer\/#breadcrumb","itemListElement":[{"@type":"ListItem","position":1,"name":"Home","item":"https:\/\/www.spottergps.com\/fr\/"},{"@type":"ListItem","position":2,"name":"S\u00e9curit\u00e9 et Libert\u00e9 avec les Traceurs GPS pour Patients Alzheimer"}]},{"@type":"WebSite","@id":"https:\/\/www.spottergps.com\/fr\/#website","url":"https:\/\/www.spottergps.com\/fr\/","name":"Spotter France","description":"Een andere Spotter websites site","potentialAction":[{"@type":"SearchAction","target":{"@type":"EntryPoint","urlTemplate":"https:\/\/www.spottergps.com\/fr\/?s={search_term_string}"},"query-input":{"@type":"PropertyValueSpecification","valueRequired":true,"valueName":"search_term_string"}}],"inLanguage":"fr-FR"}]}},"_links":{"self":[{"href":"https:\/\/www.spottergps.com\/fr\/wp-json\/wp\/v2\/pages\/2403","targetHints":{"allow":["GET"]}}],"collection":[{"href":"https:\/\/www.spottergps.com\/fr\/wp-json\/wp\/v2\/pages"}],"about":[{"href":"https:\/\/www.spottergps.com\/fr\/wp-json\/wp\/v2\/types\/page"}],"author":[{"embeddable":true,"href":"https:\/\/www.spottergps.com\/fr\/wp-json\/wp\/v2\/users\/14"}],"replies":[{"embeddable":true,"href":"https:\/\/www.spottergps.com\/fr\/wp-json\/wp\/v2\/comments?post=2403"}],"version-history":[{"count":33,"href":"https:\/\/www.spottergps.com\/fr\/wp-json\/wp\/v2\/pages\/2403\/revisions"}],"predecessor-version":[{"id":3430,"href":"https:\/\/www.spottergps.com\/fr\/wp-json\/wp\/v2\/pages\/2403\/revisions\/3430"}],"wp:featuredmedia":[{"embeddable":true,"href":"https:\/\/www.spottergps.com\/fr\/wp-json\/wp\/v2\/media\/3330"}],"wp:attachment":[{"href":"https:\/\/www.spottergps.com\/fr\/wp-json\/wp\/v2\/media?parent=2403"}],"wp:term":[{"taxonomy":"category","embeddable":true,"href":"https:\/\/www.spottergps.com\/fr\/wp-json\/wp\/v2\/categories?post=2403"},{"taxonomy":"post_tag","embeddable":true,"href":"https:\/\/www.spottergps.com\/fr\/wp-json\/wp\/v2\/tags?post=2403"}],"curies":[{"name":"wp","href":"https:\/\/api.w.org\/{rel}","templated":true}]}}