{"id":223,"date":"2015-06-17T11:15:14","date_gmt":"2015-06-17T10:15:14","guid":{"rendered":"http:\/\/www.spottergps.com\/fr\/?page_id=223"},"modified":"2018-12-04T11:15:26","modified_gmt":"2018-12-04T10:15:26","slug":"garantie-et-service","status":"publish","type":"page","link":"https:\/\/www.spottergps.com\/fr\/garantie-et-service\/","title":{"rendered":"Garantie et Service"},"content":{"rendered":"<h3><strong>Garantie et entretien<\/strong><\/h3>\n<p>Votre Spotter b\u00e9n\u00e9ficie d&rsquo;une garantie deux ans. En cas de probl\u00e8me, envoyez-le nous, afin que nous puissions r\u00e9soudre le probl\u00e8me. \u00c0 cet effet, lisez d&rsquo;abord les conditions de garantie.<\/p>\n<h3><strong>Nos conditions de garantie<\/strong><\/h3>\n<p>1. La garantie sur le mat\u00e9riel est valable pendant un an. Le d\u00e9lai de garantie s&rsquo;applique \u00e0 compter de la livraison. Le bon d&rsquo;achat du mat\u00e9riel est valable comme preuve de garantie, conservez-le donc soigneusement.<\/p>\n<p>2. Si, lors de l&rsquo;ex\u00e9cution des travaux, les mat\u00e9riaux utilis\u00e9s ou les produits livr\u00e9s laissent appara\u00eetre des erreurs et\/ou des d\u00e9fauts visibles qui doivent avoir \u00e9t\u00e9 pr\u00e9sents \u00e0 la livraison, Spotter B.V. les r\u00e9parera ou les remplacera, au choix, en respectant le d\u00e9lai de garantie.<\/p>\n<p>3. Spotter B.V. garantit que les produits livr\u00e9s disposent des propri\u00e9t\u00e9s n\u00e9cessaires \u00e0 une utilisation normale.<\/p>\n<p>4. Il ne peut \u00eatre question d&rsquo;une garantie sur le mat\u00e9riel :<\/p>\n<ul>\n<li>s&rsquo;il est question d&rsquo;une usure normale, de l&rsquo;avis exclusif de Spotter B.V.\u00a0;<\/li>\n<li>\u00a0si des modifications ont \u00e9t\u00e9 apport\u00e9es au produit, y compris toute r\u00e9paration effectu\u00e9e sans l&rsquo;autorisation de Spotter B.V. \u00a0;<\/li>\n<li>\u00a0si la facture d&rsquo;origine ne peut pas \u00eatre soumise, si elle a \u00e9t\u00e9 modifi\u00e9e ou si elle est illisible\u00a0;<\/li>\n<li>\u00a0si les d\u00e9fauts r\u00e9sultent d&rsquo;une utilisation irrationnelle ou contraire \u00e0 l&rsquo;usage pr\u00e9vu ;<\/li>\n<li>\u00a0si les dommages r\u00e9sultent d&rsquo;un acte d\u00e9lib\u00e9r\u00e9, d&rsquo;une n\u00e9gligence grave ou d&rsquo;un entretien n\u00e9glig\u00e9\u00a0;<\/li>\n<li>\u00a0si les fiches de connexion, connecteurs ou c\u00e2bles ont \u00e9t\u00e9 endommag\u00e9s ou modifi\u00e9s.<\/li>\n<\/ul>\n<p><em>Attention\u00a0: L&rsquo;invocation de la garantie est possible uniquement chez Spotter B.V. et pas dans une succursale de Kruidvat.<\/em><\/p>\n<h3><strong>Invocation de la garantie<\/strong><\/h3>\n<p>En cas d&rsquo;invocation de la garantie, allez\u00a0\u00e0 la <a href=\"http:\/\/www.spottergps.com\/fr\/foire-aux-questions-faq\/\"><u>foire aux questions<\/u> <\/a>et cliquez sur \u00ab Votre Spotter ne fonctionne pas\u00a0?\u00a0\u00bb Plusieurs questions vous sont pos\u00e9es. En fonction des r\u00e9ponses \u00e0 ces questions, Spotter B.V. vous enverra une enveloppe avec laquelle vous pourrez envoyer le Spotter aux frais de Spotter B.V. Spotter B.V. examinera le traceur GPS, vous enverra un nouvel exemplaire ou r\u00e9parera le traceur GPS aux frais de Spotter B.V.<\/p>\n<h3><strong>R\u00e9clamations<\/strong><\/h3>\n<p>Vous voulez soumettre une r\u00e9clamation malgr\u00e9 notre service de qualit\u00e9\u00a0? Dans ce cas, veuillez accepter nos excuses.\u00a0La satisfaction client\u00e8le est une priorit\u00e9 pour nous. Malheureusement, il arrive que nous fassions \u00e9galement des erreurs.<\/p>\n<p>Pour soumettre vos r\u00e9clamations, contactez-nous les jours ouvrables \u00e0 l&rsquo;adresse info@spottergps.com.<\/p>\n<h3><strong>Vous n&rsquo;\u00eates toujours pas satisfait(e)\u00a0? Adressez-vous \u00e0 nos sup\u00e9rieurs hi\u00e9rarchiques. \u00c9crivez-nous !<\/strong><\/h3>\n<p>Spotter B.V.<br \/>\nLeeuwenhoekweg 20c<br \/>\n2661 CZ Bergschenhoek<br \/>\nPays-Bas<\/p>\n","protected":false},"excerpt":{"rendered":"<p>Garantie et entretien Votre Spotter b\u00e9n\u00e9ficie d&rsquo;une garantie deux ans. En cas de probl\u00e8me, envoyez-le nous, afin que nous puissions r\u00e9soudre le probl\u00e8me. \u00c0 cet effet, lisez d&rsquo;abord les conditions de garantie. Nos conditions de garantie 1. La garantie sur le mat\u00e9riel est valable pendant un an. Le d\u00e9lai de garantie s&rsquo;applique \u00e0 compter de [&hellip;]<\/p>\n","protected":false},"author":1,"featured_media":0,"parent":0,"menu_order":0,"comment_status":"open","ping_status":"open","template":"","meta":{"_acf_changed":false,"footnotes":""},"categories":[],"tags":[],"class_list":["post-223","page","type-page","status-publish","hentry"],"acf":[],"yoast_head":"<!-- This site is optimized with the Yoast SEO plugin v25.9 - https:\/\/yoast.com\/wordpress\/plugins\/seo\/ -->\n<title>Garantie et Service | Spotter<\/title>\n<meta name=\"robots\" content=\"index, follow, max-snippet:-1, max-image-preview:large, max-video-preview:-1\" \/>\n<link rel=\"canonical\" href=\"https:\/\/www.spottergps.com\/fr\/garantie-et-service\/\" \/>\n<meta property=\"og:locale\" content=\"fr_FR\" \/>\n<meta property=\"og:type\" content=\"article\" \/>\n<meta property=\"og:title\" content=\"Garantie et Service | Spotter\" \/>\n<meta property=\"og:description\" content=\"Garantie et entretien Votre Spotter b\u00e9n\u00e9ficie d&rsquo;une garantie deux ans. En cas de probl\u00e8me, envoyez-le nous, afin que nous puissions r\u00e9soudre le probl\u00e8me. \u00c0 cet effet, lisez d&rsquo;abord les conditions de garantie. Nos conditions de garantie 1. La garantie sur le mat\u00e9riel est valable pendant un an. Le d\u00e9lai de garantie s&rsquo;applique \u00e0 compter de [&hellip;]\" \/>\n<meta property=\"og:url\" content=\"https:\/\/www.spottergps.com\/fr\/garantie-et-service\/\" \/>\n<meta property=\"og:site_name\" content=\"Spotter France\" \/>\n<meta property=\"article:modified_time\" content=\"2018-12-04T10:15:26+00:00\" \/>\n<meta name=\"twitter:card\" content=\"summary_large_image\" \/>\n<meta name=\"twitter:label1\" content=\"Dur\u00e9e de lecture estim\u00e9e\" \/>\n\t<meta name=\"twitter:data1\" content=\"2 minutes\" \/>\n<script type=\"application\/ld+json\" class=\"yoast-schema-graph\">{\"@context\":\"https:\/\/schema.org\",\"@graph\":[{\"@type\":\"WebPage\",\"@id\":\"https:\/\/www.spottergps.com\/fr\/garantie-et-service\/\",\"url\":\"https:\/\/www.spottergps.com\/fr\/garantie-et-service\/\",\"name\":\"Garantie et Service | Spotter\",\"isPartOf\":{\"@id\":\"https:\/\/www.spottergps.com\/fr\/#website\"},\"datePublished\":\"2015-06-17T10:15:14+00:00\",\"dateModified\":\"2018-12-04T10:15:26+00:00\",\"breadcrumb\":{\"@id\":\"https:\/\/www.spottergps.com\/fr\/garantie-et-service\/#breadcrumb\"},\"inLanguage\":\"fr-FR\",\"potentialAction\":[{\"@type\":\"ReadAction\",\"target\":[\"https:\/\/www.spottergps.com\/fr\/garantie-et-service\/\"]}]},{\"@type\":\"BreadcrumbList\",\"@id\":\"https:\/\/www.spottergps.com\/fr\/garantie-et-service\/#breadcrumb\",\"itemListElement\":[{\"@type\":\"ListItem\",\"position\":1,\"name\":\"Home\",\"item\":\"https:\/\/www.spottergps.com\/fr\/\"},{\"@type\":\"ListItem\",\"position\":2,\"name\":\"Garantie et Service\"}]},{\"@type\":\"WebSite\",\"@id\":\"https:\/\/www.spottergps.com\/fr\/#website\",\"url\":\"https:\/\/www.spottergps.com\/fr\/\",\"name\":\"Spotter France\",\"description\":\"Een andere Spotter websites site\",\"potentialAction\":[{\"@type\":\"SearchAction\",\"target\":{\"@type\":\"EntryPoint\",\"urlTemplate\":\"https:\/\/www.spottergps.com\/fr\/?s={search_term_string}\"},\"query-input\":{\"@type\":\"PropertyValueSpecification\",\"valueRequired\":true,\"valueName\":\"search_term_string\"}}],\"inLanguage\":\"fr-FR\"}]}<\/script>\n<!-- \/ Yoast SEO plugin. -->","yoast_head_json":{"title":"Garantie et Service | Spotter","robots":{"index":"index","follow":"follow","max-snippet":"max-snippet:-1","max-image-preview":"max-image-preview:large","max-video-preview":"max-video-preview:-1"},"canonical":"https:\/\/www.spottergps.com\/fr\/garantie-et-service\/","og_locale":"fr_FR","og_type":"article","og_title":"Garantie et Service | Spotter","og_description":"Garantie et entretien Votre Spotter b\u00e9n\u00e9ficie d&rsquo;une garantie deux ans. En cas de probl\u00e8me, envoyez-le nous, afin que nous puissions r\u00e9soudre le probl\u00e8me. \u00c0 cet effet, lisez d&rsquo;abord les conditions de garantie. Nos conditions de garantie 1. La garantie sur le mat\u00e9riel est valable pendant un an. Le d\u00e9lai de garantie s&rsquo;applique \u00e0 compter de [&hellip;]","og_url":"https:\/\/www.spottergps.com\/fr\/garantie-et-service\/","og_site_name":"Spotter France","article_modified_time":"2018-12-04T10:15:26+00:00","twitter_card":"summary_large_image","twitter_misc":{"Dur\u00e9e de lecture estim\u00e9e":"2 minutes"},"schema":{"@context":"https:\/\/schema.org","@graph":[{"@type":"WebPage","@id":"https:\/\/www.spottergps.com\/fr\/garantie-et-service\/","url":"https:\/\/www.spottergps.com\/fr\/garantie-et-service\/","name":"Garantie et Service | Spotter","isPartOf":{"@id":"https:\/\/www.spottergps.com\/fr\/#website"},"datePublished":"2015-06-17T10:15:14+00:00","dateModified":"2018-12-04T10:15:26+00:00","breadcrumb":{"@id":"https:\/\/www.spottergps.com\/fr\/garantie-et-service\/#breadcrumb"},"inLanguage":"fr-FR","potentialAction":[{"@type":"ReadAction","target":["https:\/\/www.spottergps.com\/fr\/garantie-et-service\/"]}]},{"@type":"BreadcrumbList","@id":"https:\/\/www.spottergps.com\/fr\/garantie-et-service\/#breadcrumb","itemListElement":[{"@type":"ListItem","position":1,"name":"Home","item":"https:\/\/www.spottergps.com\/fr\/"},{"@type":"ListItem","position":2,"name":"Garantie et Service"}]},{"@type":"WebSite","@id":"https:\/\/www.spottergps.com\/fr\/#website","url":"https:\/\/www.spottergps.com\/fr\/","name":"Spotter France","description":"Een andere Spotter websites site","potentialAction":[{"@type":"SearchAction","target":{"@type":"EntryPoint","urlTemplate":"https:\/\/www.spottergps.com\/fr\/?s={search_term_string}"},"query-input":{"@type":"PropertyValueSpecification","valueRequired":true,"valueName":"search_term_string"}}],"inLanguage":"fr-FR"}]}},"_links":{"self":[{"href":"https:\/\/www.spottergps.com\/fr\/wp-json\/wp\/v2\/pages\/223","targetHints":{"allow":["GET"]}}],"collection":[{"href":"https:\/\/www.spottergps.com\/fr\/wp-json\/wp\/v2\/pages"}],"about":[{"href":"https:\/\/www.spottergps.com\/fr\/wp-json\/wp\/v2\/types\/page"}],"author":[{"embeddable":true,"href":"https:\/\/www.spottergps.com\/fr\/wp-json\/wp\/v2\/users\/1"}],"replies":[{"embeddable":true,"href":"https:\/\/www.spottergps.com\/fr\/wp-json\/wp\/v2\/comments?post=223"}],"version-history":[{"count":6,"href":"https:\/\/www.spottergps.com\/fr\/wp-json\/wp\/v2\/pages\/223\/revisions"}],"predecessor-version":[{"id":1213,"href":"https:\/\/www.spottergps.com\/fr\/wp-json\/wp\/v2\/pages\/223\/revisions\/1213"}],"wp:attachment":[{"href":"https:\/\/www.spottergps.com\/fr\/wp-json\/wp\/v2\/media?parent=223"}],"wp:term":[{"taxonomy":"category","embeddable":true,"href":"https:\/\/www.spottergps.com\/fr\/wp-json\/wp\/v2\/categories?post=223"},{"taxonomy":"post_tag","embeddable":true,"href":"https:\/\/www.spottergps.com\/fr\/wp-json\/wp\/v2\/tags?post=223"}],"curies":[{"name":"wp","href":"https:\/\/api.w.org\/{rel}","templated":true}]}}