{"id":2192,"date":"2024-11-01T16:12:39","date_gmt":"2024-11-01T15:12:39","guid":{"rendered":"https:\/\/www.spottergps.com\/fr\/?page_id=2192"},"modified":"2026-04-07T08:53:42","modified_gmt":"2026-04-07T07:53:42","slug":"traceur-gps","status":"publish","type":"page","link":"https:\/\/www.spottergps.com\/fr\/traceur-gps\/","title":{"rendered":"Acheter un traceur GPS ? Meilleurs traceurs GPS pour enfant, chien, voiture, senior et plus encore"},"content":{"rendered":"\n\n\n<p data-start=\"327\" data-end=\"668\">Vous cherchez \u00e0 acheter un traceur GPS, mais vous ne savez pas encore exactement quel type convient le mieux \u00e0 votre situation ? Vous \u00eates au bon endroit. Que vous soyez \u00e0 la recherche d\u2019un traceur GPS pour enfant, d\u2019une balise GPS pour animal, ou d\u2019un traceur automatique pour voiture, nous vous aidons \u00e0 faire le bon choix.<\/p>\n<p data-start=\"670\" data-end=\"1026\">Gr\u00e2ce aux technologies modernes, les balises de g\u00e9olocalisation, \u00e9tiquettes GPS et autres traceurs GPS miniatures sont aujourd\u2019hui accessibles, pr\u00e9cis et faciles \u00e0 utiliser. Que ce soit pour assurer la s\u00e9curit\u00e9 de vos proches, garder le contr\u00f4le ou partir en vacances l\u2019esprit tranquille : il existe toujours une solution adapt\u00e9e \u00e0 vos besoins.<\/p>\n\n\n","protected":false},"excerpt":{"rendered":"<p>Vous cherchez \u00e0 acheter un traceur GPS, mais vous ne savez pas encore exactement quel type convient le mieux \u00e0 votre situation ? Vous \u00eates au bon endroit. Que vous soyez \u00e0 la recherche d\u2019un traceur GPS pour enfant, d\u2019une balise GPS pour animal, ou d\u2019un traceur automatique pour voiture, nous vous aidons \u00e0 faire [&hellip;]<\/p>\n","protected":false},"author":14,"featured_media":2200,"parent":0,"menu_order":0,"comment_status":"closed","ping_status":"closed","template":"","meta":{"_acf_changed":false,"footnotes":""},"categories":[],"tags":[],"class_list":["post-2192","page","type-page","status-publish","has-post-thumbnail","hentry"],"acf":[],"yoast_head":"<!-- This site is optimized with the Yoast SEO plugin v25.9 - https:\/\/yoast.com\/wordpress\/plugins\/seo\/ -->\n<title>Spotter\u00ae GPS Tracker pour tout ce que vous aimez<\/title>\n<meta name=\"description\" content=\"Traceur GPS pour enfants, seniors, animaux et objets de valeur : en ligne, application, fonction appel, SOS, zones. Fonctionne mondialement !\" \/>\n<meta name=\"robots\" content=\"index, follow, max-snippet:-1, max-image-preview:large, max-video-preview:-1\" \/>\n<link rel=\"canonical\" href=\"https:\/\/www.spottergps.com\/fr\/traceur-gps\/\" \/>\n<meta property=\"og:locale\" content=\"fr_FR\" \/>\n<meta property=\"og:type\" content=\"article\" \/>\n<meta property=\"og:title\" content=\"Spotter\u00ae GPS Tracker pour tout ce que vous aimez\" \/>\n<meta property=\"og:description\" content=\"Traceur GPS pour enfants, seniors, animaux et objets de valeur : en ligne, application, fonction appel, SOS, zones. Fonctionne mondialement !\" \/>\n<meta property=\"og:url\" content=\"https:\/\/www.spottergps.com\/fr\/traceur-gps\/\" \/>\n<meta property=\"og:site_name\" content=\"Spotter France\" \/>\n<meta property=\"article:modified_time\" content=\"2026-04-07T07:53:42+00:00\" \/>\n<meta property=\"og:image\" content=\"https:\/\/www.spottergps.com\/fr\/wp-content\/uploads\/sites\/2\/2024\/10\/traceur-gps-spotter-1.jpg\" \/>\n\t<meta property=\"og:image:width\" content=\"1600\" \/>\n\t<meta property=\"og:image:height\" content=\"1600\" \/>\n\t<meta property=\"og:image:type\" content=\"image\/jpeg\" \/>\n<meta name=\"twitter:card\" content=\"summary_large_image\" \/>\n<meta name=\"twitter:label1\" content=\"Dur\u00e9e de lecture estim\u00e9e\" \/>\n\t<meta name=\"twitter:data1\" content=\"1 minute\" \/>\n<script type=\"application\/ld+json\" class=\"yoast-schema-graph\">{\"@context\":\"https:\/\/schema.org\",\"@graph\":[{\"@type\":\"WebPage\",\"@id\":\"https:\/\/www.spottergps.com\/fr\/traceur-gps\/\",\"url\":\"https:\/\/www.spottergps.com\/fr\/traceur-gps\/\",\"name\":\"Spotter\u00ae GPS Tracker pour tout ce que vous aimez\",\"isPartOf\":{\"@id\":\"https:\/\/www.spottergps.com\/fr\/#website\"},\"primaryImageOfPage\":{\"@id\":\"https:\/\/www.spottergps.com\/fr\/traceur-gps\/#primaryimage\"},\"image\":{\"@id\":\"https:\/\/www.spottergps.com\/fr\/traceur-gps\/#primaryimage\"},\"thumbnailUrl\":\"https:\/\/www.spottergps.com\/fr\/wp-content\/uploads\/sites\/2\/2024\/10\/traceur-gps-spotter-1.jpg\",\"datePublished\":\"2024-11-01T15:12:39+00:00\",\"dateModified\":\"2026-04-07T07:53:42+00:00\",\"description\":\"Traceur GPS pour enfants, seniors, animaux et objets de valeur : en ligne, application, fonction appel, SOS, zones. Fonctionne mondialement !\",\"breadcrumb\":{\"@id\":\"https:\/\/www.spottergps.com\/fr\/traceur-gps\/#breadcrumb\"},\"inLanguage\":\"fr-FR\",\"potentialAction\":[{\"@type\":\"ReadAction\",\"target\":[\"https:\/\/www.spottergps.com\/fr\/traceur-gps\/\"]}]},{\"@type\":\"ImageObject\",\"inLanguage\":\"fr-FR\",\"@id\":\"https:\/\/www.spottergps.com\/fr\/traceur-gps\/#primaryimage\",\"url\":\"https:\/\/www.spottergps.com\/fr\/wp-content\/uploads\/sites\/2\/2024\/10\/traceur-gps-spotter-1.jpg\",\"contentUrl\":\"https:\/\/www.spottergps.com\/fr\/wp-content\/uploads\/sites\/2\/2024\/10\/traceur-gps-spotter-1.jpg\",\"width\":1600,\"height\":1600,\"caption\":\"traceur gps - spotter\"},{\"@type\":\"BreadcrumbList\",\"@id\":\"https:\/\/www.spottergps.com\/fr\/traceur-gps\/#breadcrumb\",\"itemListElement\":[{\"@type\":\"ListItem\",\"position\":1,\"name\":\"Home\",\"item\":\"https:\/\/www.spottergps.com\/fr\/\"},{\"@type\":\"ListItem\",\"position\":2,\"name\":\"Acheter un traceur GPS ? Meilleurs traceurs GPS pour enfant, chien, voiture, senior et plus encore\"}]},{\"@type\":\"WebSite\",\"@id\":\"https:\/\/www.spottergps.com\/fr\/#website\",\"url\":\"https:\/\/www.spottergps.com\/fr\/\",\"name\":\"Spotter France\",\"description\":\"Een andere Spotter websites site\",\"potentialAction\":[{\"@type\":\"SearchAction\",\"target\":{\"@type\":\"EntryPoint\",\"urlTemplate\":\"https:\/\/www.spottergps.com\/fr\/?s={search_term_string}\"},\"query-input\":{\"@type\":\"PropertyValueSpecification\",\"valueRequired\":true,\"valueName\":\"search_term_string\"}}],\"inLanguage\":\"fr-FR\"}]}<\/script>\n<!-- \/ Yoast SEO plugin. -->","yoast_head_json":{"title":"Spotter\u00ae GPS Tracker pour tout ce que vous aimez","description":"Traceur GPS pour enfants, seniors, animaux et objets de valeur : en ligne, application, fonction appel, SOS, zones. Fonctionne mondialement !","robots":{"index":"index","follow":"follow","max-snippet":"max-snippet:-1","max-image-preview":"max-image-preview:large","max-video-preview":"max-video-preview:-1"},"canonical":"https:\/\/www.spottergps.com\/fr\/traceur-gps\/","og_locale":"fr_FR","og_type":"article","og_title":"Spotter\u00ae GPS Tracker pour tout ce que vous aimez","og_description":"Traceur GPS pour enfants, seniors, animaux et objets de valeur : en ligne, application, fonction appel, SOS, zones. Fonctionne mondialement !","og_url":"https:\/\/www.spottergps.com\/fr\/traceur-gps\/","og_site_name":"Spotter France","article_modified_time":"2026-04-07T07:53:42+00:00","og_image":[{"width":1600,"height":1600,"url":"https:\/\/www.spottergps.com\/fr\/wp-content\/uploads\/sites\/2\/2024\/10\/traceur-gps-spotter-1.jpg","type":"image\/jpeg"}],"twitter_card":"summary_large_image","twitter_misc":{"Dur\u00e9e de lecture estim\u00e9e":"1 minute"},"schema":{"@context":"https:\/\/schema.org","@graph":[{"@type":"WebPage","@id":"https:\/\/www.spottergps.com\/fr\/traceur-gps\/","url":"https:\/\/www.spottergps.com\/fr\/traceur-gps\/","name":"Spotter\u00ae GPS Tracker pour tout ce que vous aimez","isPartOf":{"@id":"https:\/\/www.spottergps.com\/fr\/#website"},"primaryImageOfPage":{"@id":"https:\/\/www.spottergps.com\/fr\/traceur-gps\/#primaryimage"},"image":{"@id":"https:\/\/www.spottergps.com\/fr\/traceur-gps\/#primaryimage"},"thumbnailUrl":"https:\/\/www.spottergps.com\/fr\/wp-content\/uploads\/sites\/2\/2024\/10\/traceur-gps-spotter-1.jpg","datePublished":"2024-11-01T15:12:39+00:00","dateModified":"2026-04-07T07:53:42+00:00","description":"Traceur GPS pour enfants, seniors, animaux et objets de valeur : en ligne, application, fonction appel, SOS, zones. Fonctionne mondialement !","breadcrumb":{"@id":"https:\/\/www.spottergps.com\/fr\/traceur-gps\/#breadcrumb"},"inLanguage":"fr-FR","potentialAction":[{"@type":"ReadAction","target":["https:\/\/www.spottergps.com\/fr\/traceur-gps\/"]}]},{"@type":"ImageObject","inLanguage":"fr-FR","@id":"https:\/\/www.spottergps.com\/fr\/traceur-gps\/#primaryimage","url":"https:\/\/www.spottergps.com\/fr\/wp-content\/uploads\/sites\/2\/2024\/10\/traceur-gps-spotter-1.jpg","contentUrl":"https:\/\/www.spottergps.com\/fr\/wp-content\/uploads\/sites\/2\/2024\/10\/traceur-gps-spotter-1.jpg","width":1600,"height":1600,"caption":"traceur gps - spotter"},{"@type":"BreadcrumbList","@id":"https:\/\/www.spottergps.com\/fr\/traceur-gps\/#breadcrumb","itemListElement":[{"@type":"ListItem","position":1,"name":"Home","item":"https:\/\/www.spottergps.com\/fr\/"},{"@type":"ListItem","position":2,"name":"Acheter un traceur GPS ? Meilleurs traceurs GPS pour enfant, chien, voiture, senior et plus encore"}]},{"@type":"WebSite","@id":"https:\/\/www.spottergps.com\/fr\/#website","url":"https:\/\/www.spottergps.com\/fr\/","name":"Spotter France","description":"Een andere Spotter websites site","potentialAction":[{"@type":"SearchAction","target":{"@type":"EntryPoint","urlTemplate":"https:\/\/www.spottergps.com\/fr\/?s={search_term_string}"},"query-input":{"@type":"PropertyValueSpecification","valueRequired":true,"valueName":"search_term_string"}}],"inLanguage":"fr-FR"}]}},"_links":{"self":[{"href":"https:\/\/www.spottergps.com\/fr\/wp-json\/wp\/v2\/pages\/2192","targetHints":{"allow":["GET"]}}],"collection":[{"href":"https:\/\/www.spottergps.com\/fr\/wp-json\/wp\/v2\/pages"}],"about":[{"href":"https:\/\/www.spottergps.com\/fr\/wp-json\/wp\/v2\/types\/page"}],"author":[{"embeddable":true,"href":"https:\/\/www.spottergps.com\/fr\/wp-json\/wp\/v2\/users\/14"}],"replies":[{"embeddable":true,"href":"https:\/\/www.spottergps.com\/fr\/wp-json\/wp\/v2\/comments?post=2192"}],"version-history":[{"count":64,"href":"https:\/\/www.spottergps.com\/fr\/wp-json\/wp\/v2\/pages\/2192\/revisions"}],"predecessor-version":[{"id":3856,"href":"https:\/\/www.spottergps.com\/fr\/wp-json\/wp\/v2\/pages\/2192\/revisions\/3856"}],"wp:featuredmedia":[{"embeddable":true,"href":"https:\/\/www.spottergps.com\/fr\/wp-json\/wp\/v2\/media\/2200"}],"wp:attachment":[{"href":"https:\/\/www.spottergps.com\/fr\/wp-json\/wp\/v2\/media?parent=2192"}],"wp:term":[{"taxonomy":"category","embeddable":true,"href":"https:\/\/www.spottergps.com\/fr\/wp-json\/wp\/v2\/categories?post=2192"},{"taxonomy":"post_tag","embeddable":true,"href":"https:\/\/www.spottergps.com\/fr\/wp-json\/wp\/v2\/tags?post=2192"}],"curies":[{"name":"wp","href":"https:\/\/api.w.org\/{rel}","templated":true}]}}