{"id":213,"date":"2015-06-17T11:07:00","date_gmt":"2015-06-17T10:07:00","guid":{"rendered":"http:\/\/www.spottergps.com\/fr\/?page_id=213"},"modified":"2026-03-13T16:43:55","modified_gmt":"2026-03-13T15:43:55","slug":"a-propos-de-spotter-2","status":"publish","type":"page","link":"https:\/\/www.spottergps.com\/fr\/a-propos-de-spotter-2\/","title":{"rendered":"\u00c0 propos de Spotter"},"content":{"rendered":"\n<h2>Nous sommes l\u00e0 pour tout ce qui vous est cher&#8230;<br \/><br \/><\/h2>\n<p>Tout le monde veut avoir la certitude de ce qui compte pour lui. O\u00f9 est ton enfant ? Comment va ton parent ou ton client ? Ton animal de compagnie est-il en s\u00e9curit\u00e9 ? O\u00f9 est ton bagage en voyage ? Avec Spotter, tu gardes tout cela facilement en vue depuis ton smartphone ou ton ordinateur. Pas de complications inutiles, mais des informations rapides qui apportent la tranquillit\u00e9 au quotidien.<br \/><br \/><\/p>\n\n\n\n\n\n<div class=\"wp-block-columns is-layout-flex wp-container-core-columns-is-layout-9d6595d7 wp-block-columns-is-layout-flex\">\n<div class=\"wp-block-column is-layout-flow wp-block-column-is-layout-flow\" style=\"flex-basis:50%\"><div class=\"wp-block-image\">\n<figure class=\"aligncenter size-full is-resized\"><a href=\"https:\/\/www.spottergps.com\/fr\/wp-content\/uploads\/sites\/2\/2026\/03\/GPS-tracker.jpg\"><img loading=\"lazy\" decoding=\"async\" width=\"536\" height=\"536\" src=\"https:\/\/www.spottergps.com\/fr\/wp-content\/uploads\/sites\/2\/2026\/03\/GPS-tracker.jpg\" alt=\"\" class=\"wp-image-3736\" style=\"width:278px;height:auto\" srcset=\"https:\/\/www.spottergps.com\/fr\/wp-content\/uploads\/sites\/2\/2026\/03\/GPS-tracker.jpg 536w, https:\/\/www.spottergps.com\/fr\/wp-content\/uploads\/sites\/2\/2026\/03\/GPS-tracker-300x300.jpg 300w, https:\/\/www.spottergps.com\/fr\/wp-content\/uploads\/sites\/2\/2026\/03\/GPS-tracker-150x150.jpg 150w\" sizes=\"auto, (max-width: 536px) 100vw, 536px\" \/><\/a><\/figure><\/div><\/div>\n\n\n\n<div class=\"wp-block-column is-layout-flow wp-block-column-is-layout-flow\" style=\"flex-basis:50%\">\n<h2 class=\"font-claude-response-body break-words whitespace-normal leading-[1.7]\"><strong>Notre vision<\/strong><\/h2>\n<p class=\"font-claude-response-body break-words whitespace-normal leading-[1.7]\">Notre vision est de rendre la technologie GPS accessible \u00e0 tous, avec des solutions fiables et abordables pour des publics vari\u00e9s. Des parents et seniors jusqu&rsquo;aux propri\u00e9taires d&rsquo;animaux. Tout est d\u00e9velopp\u00e9 par notre propre \u00e9quipe de d\u00e9veloppement, afin que nous ayons un contr\u00f4le total sur la qualit\u00e9, la convivialit\u00e9 et la fiabilit\u00e9. Sans complications, contrats ou abonnements.<\/p>\n<p class=\"font-claude-response-body break-words whitespace-normal leading-[1.7]\">Spotter est d\u00e9sormais actif dans sept pays et a l&rsquo;ambition d&rsquo;\u00eatre reconnu comme une marque de confiance dans toute l&rsquo;Europe. Nous d\u00e9veloppons ainsi une technologie qui fonctionne simplement et tient ses promesses, pour tout ce qui vous est cher.<br \/><br \/><\/p>\n<p>\u00a0<\/p>\n<\/div>\n<\/div>\n\n\n\n<div class=\"wp-block-columns is-layout-flex wp-container-core-columns-is-layout-9d6595d7 wp-block-columns-is-layout-flex\">\n<div class=\"wp-block-column is-layout-flow wp-block-column-is-layout-flow\" style=\"flex-basis:50%\">\n<h2 class=\"font-claude-response-body break-words whitespace-normal leading-[1.7]\"><strong>Pour qui nous sommes l\u00e0<\/strong><\/h2>\n<p class=\"font-claude-response-body break-words whitespace-normal leading-[1.7]\">Les produits Spotter sont utilis\u00e9s par plus de 60 000 utilisateurs dans toute l&rsquo;Europe. Nos traceurs GPS et montres se retrouvent surtout chez :<\/p>\n<ul class=\"[li_&amp;]:mb-0 [li_&amp;]:mt-1 [li_&amp;]:gap-1 [&amp;:not(:last-child)_ul]:pb-1 [&amp;:not(:last-child)_ol]:pb-1 list-disc flex flex-col gap-1 pl-8 mb-3\">\n<li class=\"whitespace-normal break-words pl-2\"><a href=\"https:\/\/www.spottergps.com\/fr\/montre-gps-enfant\/\"><strong>Les parents<\/strong><\/a> qui donnent de la libert\u00e9 \u00e0 leurs enfants tout en gardant un \u0153il sur eux ;<\/li>\n<li class=\"whitespace-normal break-words pl-2\"><a href=\"https:\/\/www.spottergps.com\/fr\/traceur-gps-personnes-agees\/\"><strong>Les aidants <\/strong><\/a>et <a href=\"https:\/\/www.spottergps.com\/fr\/traceur-gps-personnes-agees\/\"><strong>les \u00e9tablissements<\/strong> <strong>de soins<\/strong><\/a> qui souhaitent savoir comment va un parent, un membre de la famille ou un client ;<\/li>\n<li class=\"whitespace-normal break-words pl-2\"><a href=\"https:\/\/www.spottergps.com\/fr\/animaux-de-compagnie-traceur-gps\/\"><strong>Les propri\u00e9taires d&rsquo;animaux<\/strong><\/a> qui souhaitent retrouver leurs animaux de compagnie ;<\/li>\n<li class=\"whitespace-normal break-words pl-2\"><a href=\"https:\/\/www.spottergps.com\/fr\/gps-tracker-pour-votre-valise\/\"><strong>Les voyageurs<\/strong><\/a> qui souhaitent prot\u00e9ger leurs objets de valeur ;<\/li>\n<li class=\"whitespace-normal break-words pl-2\"><strong>Tous<\/strong> ceux qui souhaitent suivre des localisations de mani\u00e8re simple et fiable.<\/li>\n<\/ul>\n<p class=\"font-claude-response-body break-words whitespace-normal leading-[1.7]\">Qu&rsquo;il s&rsquo;agisse de s\u00e9curit\u00e9, de commodit\u00e9 ou de tranquillit\u00e9 d&rsquo;esprit, Spotter r\u00e9pond \u00e0 de vrais besoins.<\/p>\n<p>&nbsp;<\/p>\n<\/div>\n\n\n\n<div class=\"wp-block-column is-layout-flow wp-block-column-is-layout-flow\" style=\"flex-basis:50%\"><div class=\"wp-block-image\">\n<figure class=\"aligncenter size-full is-resized\"><a href=\"https:\/\/www.spottergps.com\/fr\/wp-content\/uploads\/sites\/2\/2026\/03\/Schermafbeelding-2026-03-06-092636.png\"><img loading=\"lazy\" decoding=\"async\" width=\"358\" height=\"369\" src=\"https:\/\/www.spottergps.com\/fr\/wp-content\/uploads\/sites\/2\/2026\/03\/Schermafbeelding-2026-03-06-092636.png\" alt=\"\" class=\"wp-image-3738\" style=\"width:370px;height:auto\" srcset=\"https:\/\/www.spottergps.com\/fr\/wp-content\/uploads\/sites\/2\/2026\/03\/Schermafbeelding-2026-03-06-092636.png 358w, https:\/\/www.spottergps.com\/fr\/wp-content\/uploads\/sites\/2\/2026\/03\/Schermafbeelding-2026-03-06-092636-291x300.png 291w\" sizes=\"auto, (max-width: 358px) 100vw, 358px\" \/><\/a><\/figure><\/div><\/div>\n<\/div>\n\n\n\n\n\n<div class=\"wp-block-columns is-layout-flex wp-container-core-columns-is-layout-9d6595d7 wp-block-columns-is-layout-flex\">\n<div class=\"wp-block-column is-layout-flow wp-block-column-is-layout-flow\" style=\"flex-basis:50%\"><div class=\"wp-block-image\">\n<figure class=\"aligncenter size-full is-resized\"><a href=\"https:\/\/www.spottergps.com\/fr\/wp-content\/uploads\/sites\/2\/2026\/03\/Spotter-No-Subscription-1024x961-1.png\"><img loading=\"lazy\" decoding=\"async\" width=\"1024\" height=\"961\" src=\"https:\/\/www.spottergps.com\/fr\/wp-content\/uploads\/sites\/2\/2026\/03\/Spotter-No-Subscription-1024x961-1.png\" alt=\"\" class=\"wp-image-3739\" style=\"width:345px;height:auto\" srcset=\"https:\/\/www.spottergps.com\/fr\/wp-content\/uploads\/sites\/2\/2026\/03\/Spotter-No-Subscription-1024x961-1.png 1024w, https:\/\/www.spottergps.com\/fr\/wp-content\/uploads\/sites\/2\/2026\/03\/Spotter-No-Subscription-1024x961-1-300x282.png 300w, https:\/\/www.spottergps.com\/fr\/wp-content\/uploads\/sites\/2\/2026\/03\/Spotter-No-Subscription-1024x961-1-768x721.png 768w\" sizes=\"auto, (max-width: 1024px) 100vw, 1024px\" \/><\/a><\/figure><\/div><\/div>\n\n\n\n<div class=\"wp-block-column is-layout-flow wp-block-column-is-layout-flow\" style=\"flex-basis:50%\">\n<h2 class=\"font-claude-response-body break-words whitespace-normal leading-[1.7]\"><strong>Ce qui rend Spotter diff\u00e9rent<\/strong><\/h2>\n<p class=\"font-claude-response-body break-words whitespace-normal leading-[1.7]\">Spotter mise sur la simplicit\u00e9, la qualit\u00e9 et l&rsquo;accessibilit\u00e9. Cela se refl\u00e8te dans tout ce que nous faisons :<\/p>\n<ul>\n<li class=\"font-claude-response-body break-words whitespace-normal leading-[1.7]\"><strong>Pas d&rsquo;abonnement, aucun engagement<\/strong> Tu utilises Spotter sur la base de frais d&rsquo;utilisation fixes sans autres obligations. Lorsque la p\u00e9riode d&rsquo;utilisation prend fin, tu ne paies plus rien. Tu peux ainsi utiliser nos produits pour seulement 3 mois, par exemple.<\/li>\n<li class=\"font-claude-response-body break-words whitespace-normal leading-[1.7]\"><strong>Pr\u00eat \u00e0 l&#8217;emploi imm\u00e9diatement<\/strong> Chaque Spotter est livr\u00e9 avec une carte SIM de roaming s\u00e9curis\u00e9e int\u00e9gr\u00e9e et est facile \u00e0 activer. Sans complications.<\/li>\n<li class=\"font-claude-response-body break-words whitespace-normal leading-[1.7]\"><strong>Facile \u00e0 utiliser<\/strong> Aucune connaissance technique requise. T\u00e9l\u00e9charge l&rsquo;application Spotter, active ton traceur ou ta montre et tu es connect\u00e9.<\/li>\n<\/ul>\n<\/div>\n<\/div>\n\n\n\n<div class=\"wp-block-columns is-layout-flex wp-container-core-columns-is-layout-9d6595d7 wp-block-columns-is-layout-flex\">\n<div class=\"wp-block-column is-layout-flow wp-block-column-is-layout-flow\" style=\"flex-basis:50%\">\n<ul>\n<li class=\"font-claude-response-body break-words whitespace-normal leading-[1.7]\"><strong>Couverture dans le monde entier<\/strong> Par d\u00e9faut, Spotter fonctionne dans toute l&rsquo;Europe sans frais suppl\u00e9mentaires. Si tu souhaites un <a href=\"https:\/\/www.spottergps.com\/fr\/faq\/atteindre\/dans-quels-pays-fonctionne-le-spotter\/\">suivi mondial<\/a>, tu peux \u00e9galement opter pour cette option.<\/li>\n<li class=\"font-claude-response-body break-words whitespace-normal leading-[1.7]\"><strong>GPS et t\u00e9l\u00e9phonie r\u00e9unis<\/strong> Tu peux non seulement voir la localisation, mais aussi appeler directement via l&rsquo;application avec un traceur ou une montre si n\u00e9cessaire. Ou profite des nombreuses autres fonctionnalit\u00e9s.<\/li>\n<li class=\"font-claude-response-body break-words whitespace-normal leading-[1.7]\"><strong>S\u00fbr et fiable<\/strong> Nos produits sont conformes \u00e0 toutes les r\u00e9glementations europ\u00e9ennes en mati\u00e8re de s\u00e9curit\u00e9 et utilisent des r\u00e9seaux GPS fiables. Un fonctionnement s\u00fbr et stable est ainsi garanti. Les donn\u00e9es et les informations personnelles sont enti\u00e8rement prot\u00e9g\u00e9es.<\/li>\n<li class=\"font-claude-response-body break-words whitespace-normal leading-[1.7]\"><strong>Application et interface web gratuites<\/strong> Tu suis tout via l&rsquo;application Spotter (iOS, Android) ou via ton navigateur.<\/li>\n<\/ul>\n<p>&nbsp;<\/p>\n<\/div>\n\n\n\n<div class=\"wp-block-column is-layout-flow wp-block-column-is-layout-flow\" style=\"flex-basis:50%\"><div class=\"wp-block-image\">\n<figure class=\"aligncenter size-full is-resized\"><a href=\"https:\/\/www.spottergps.com\/fr\/wp-content\/uploads\/sites\/2\/2026\/03\/Beste-GPS-kinderhorloge-veilig-Spotter.jpg\"><img loading=\"lazy\" decoding=\"async\" width=\"540\" height=\"348\" src=\"https:\/\/www.spottergps.com\/fr\/wp-content\/uploads\/sites\/2\/2026\/03\/Beste-GPS-kinderhorloge-veilig-Spotter.jpg\" alt=\"\" class=\"wp-image-3740\" style=\"width:466px;height:auto\" srcset=\"https:\/\/www.spottergps.com\/fr\/wp-content\/uploads\/sites\/2\/2026\/03\/Beste-GPS-kinderhorloge-veilig-Spotter.jpg 540w, https:\/\/www.spottergps.com\/fr\/wp-content\/uploads\/sites\/2\/2026\/03\/Beste-GPS-kinderhorloge-veilig-Spotter-300x193.jpg 300w\" sizes=\"auto, (max-width: 540px) 100vw, 540px\" \/><\/a><\/figure><\/div><\/div>\n<\/div>\n\n\n\n<h2 class=\"font-claude-response-body break-words whitespace-normal leading-[1.7]\"><strong>Notre histoire<\/strong><\/h2>\n<p class=\"font-claude-response-body break-words whitespace-normal leading-[1.7]\">La marque Spotter est n\u00e9e en 2015 aux Pays-Bas, fond\u00e9e par des sp\u00e9cialistes ayant de nombreuses ann\u00e9es d&rsquo;exp\u00e9rience dans la technologie GPS et des t\u00e9l\u00e9communications. C&rsquo;est dans ce contexte qu&rsquo;est n\u00e9 le souhait de d\u00e9velopper des solutions GPS permettant de rester toujours en contact avec tout ce qui vous est cher.<\/p>\n<p class=\"font-claude-response-body break-words whitespace-normal leading-[1.7]\">Depuis le d\u00e9but, nous d\u00e9veloppons nos produits en interne. Cela nous permet de conserver un contr\u00f4le total sur la qualit\u00e9, la s\u00e9curit\u00e9 et la convivialit\u00e9. Nous pouvons ainsi am\u00e9liorer rapidement, \u00e9couter les retours des utilisateurs et adapter continuellement nos solutions \u00e0 la pratique. Nous collaborons \u00e9galement avec des partenaires fiables pour livrer nos produits et services au plus haut niveau.<\/p>\n<p class=\"font-claude-response-body break-words whitespace-normal leading-[1.7]\">Ce qui a commenc\u00e9 comme une marque n\u00e9erlandaise a grandi pas \u00e0 pas pour devenir une solution internationale. Nos produits sont d\u00e9sormais disponibles notamment aux Pays-Bas, en Belgique, en France, en Allemagne, en Italie, en Espagne, en Pologne et en Su\u00e8de, et nous \u00e9tendons continuellement notre disponibilit\u00e9. Avec plusieurs centres de distribution en Europe, nous assurons une livraison et un service rapides, tandis que Spotter continue de cro\u00eetre fortement \u00e0 l&rsquo;international.<\/p>\n<p>\u00a0<\/p>\n<h2 class=\"font-claude-response-body break-words whitespace-normal leading-[1.7]\"><strong>Notre \u00e9quipe<\/strong><\/h2>\n<p class=\"font-claude-response-body break-words whitespace-normal leading-[1.7]\">Spotter a \u00e9t\u00e9 construit par des personnes qui s&rsquo;investissent dans leur travail et dans leurs clients. Avec une \u00e9quipe soud\u00e9e de 17 coll\u00e8gues, nous travaillons chaque jour \u00e0 l&rsquo;am\u00e9lioration de nos produits GPS et de nos services. Chez Spotter, nous combinons efficacit\u00e9 professionnelle avec des lignes de communication courtes et un contact personnel.<\/p>\n<p>\u00a0<\/p>\n<h2 class=\"font-claude-response-body break-words whitespace-normal leading-[1.7]\"><strong>Des questions ou besoin de conseils ?<\/strong><\/h2>\n<p class=\"font-claude-response-body break-words whitespace-normal leading-[1.7]\">Tu veux savoir quel Spotter correspond le mieux \u00e0 ta situation ? Ou tu rencontres un probl\u00e8me ? Notre \u00e9quipe est pr\u00eate \u00e0 r\u00e9fl\u00e9chir avec toi et \u00e0 t&rsquo;aider. Contacte-nous via <a href=\"https:\/\/www.spottergps.com\/fr\/contact\/\">le formulaire de contact.<\/a><\/p>\n","protected":false},"excerpt":{"rendered":"<p>Nous sommes l\u00e0 pour tout ce qui vous est cher&#8230; Tout le monde veut avoir la certitude de ce qui compte pour lui. O\u00f9 est ton enfant ? Comment va ton parent ou ton client ? Ton animal de compagnie est-il en s\u00e9curit\u00e9 ? O\u00f9 est ton bagage en voyage ? Avec Spotter, tu gardes [&hellip;]<\/p>\n","protected":false},"author":1,"featured_media":0,"parent":0,"menu_order":0,"comment_status":"open","ping_status":"open","template":"","meta":{"_acf_changed":false,"footnotes":""},"categories":[],"tags":[],"class_list":["post-213","page","type-page","status-publish","hentry"],"acf":[],"yoast_head":"<!-- This site is optimized with the Yoast SEO plugin v25.9 - https:\/\/yoast.com\/wordpress\/plugins\/seo\/ -->\n<title>\u00c0 propos de nous \u2013 Spotter<\/title>\n<meta name=\"description\" content=\"Nous sommes une entreprise n\u00e9erlandaise sp\u00e9cialiste des solutions de rep\u00e9rage et de localisation GPS. Nos produits sont con\u00e7us avec le plus grand soin au sein de l&#039;entreprise par une \u00e9quipe de d\u00e9veloppeurs professionnels.\" \/>\n<meta name=\"robots\" content=\"index, follow, max-snippet:-1, max-image-preview:large, max-video-preview:-1\" \/>\n<link rel=\"canonical\" href=\"https:\/\/www.spottergps.com\/fr\/a-propos-de-spotter-2\/\" \/>\n<meta property=\"og:locale\" content=\"fr_FR\" \/>\n<meta property=\"og:type\" content=\"article\" \/>\n<meta property=\"og:title\" content=\"\u00c0 propos de nous \u2013 Spotter\" \/>\n<meta property=\"og:description\" content=\"Nous sommes une entreprise n\u00e9erlandaise sp\u00e9cialiste des solutions de rep\u00e9rage et de localisation GPS. Nos produits sont con\u00e7us avec le plus grand soin au sein de l&#039;entreprise par une \u00e9quipe de d\u00e9veloppeurs professionnels.\" \/>\n<meta property=\"og:url\" content=\"https:\/\/www.spottergps.com\/fr\/a-propos-de-spotter-2\/\" \/>\n<meta property=\"og:site_name\" content=\"Spotter France\" \/>\n<meta property=\"article:modified_time\" content=\"2026-03-13T15:43:55+00:00\" \/>\n<meta property=\"og:image\" content=\"https:\/\/www.spottergps.com\/fr\/wp-content\/uploads\/sites\/2\/2026\/03\/GPS-tracker.jpg\" \/>\n\t<meta property=\"og:image:width\" content=\"536\" \/>\n\t<meta property=\"og:image:height\" content=\"536\" \/>\n\t<meta property=\"og:image:type\" content=\"image\/jpeg\" \/>\n<meta name=\"twitter:card\" content=\"summary_large_image\" \/>\n<meta name=\"twitter:label1\" content=\"Dur\u00e9e de lecture estim\u00e9e\" \/>\n\t<meta name=\"twitter:data1\" content=\"5 minutes\" \/>\n<script type=\"application\/ld+json\" class=\"yoast-schema-graph\">{\"@context\":\"https:\/\/schema.org\",\"@graph\":[{\"@type\":\"WebPage\",\"@id\":\"https:\/\/www.spottergps.com\/fr\/a-propos-de-spotter-2\/\",\"url\":\"https:\/\/www.spottergps.com\/fr\/a-propos-de-spotter-2\/\",\"name\":\"\u00c0 propos de nous \u2013 Spotter\",\"isPartOf\":{\"@id\":\"https:\/\/www.spottergps.com\/fr\/#website\"},\"primaryImageOfPage\":{\"@id\":\"https:\/\/www.spottergps.com\/fr\/a-propos-de-spotter-2\/#primaryimage\"},\"image\":{\"@id\":\"https:\/\/www.spottergps.com\/fr\/a-propos-de-spotter-2\/#primaryimage\"},\"thumbnailUrl\":\"https:\/\/www.spottergps.com\/fr\/wp-content\/uploads\/sites\/2\/2026\/03\/GPS-tracker.jpg\",\"datePublished\":\"2015-06-17T10:07:00+00:00\",\"dateModified\":\"2026-03-13T15:43:55+00:00\",\"description\":\"Nous sommes une entreprise n\u00e9erlandaise sp\u00e9cialiste des solutions de rep\u00e9rage et de localisation GPS. Nos produits sont con\u00e7us avec le plus grand soin au sein de l'entreprise par une \u00e9quipe de d\u00e9veloppeurs professionnels.\",\"breadcrumb\":{\"@id\":\"https:\/\/www.spottergps.com\/fr\/a-propos-de-spotter-2\/#breadcrumb\"},\"inLanguage\":\"fr-FR\",\"potentialAction\":[{\"@type\":\"ReadAction\",\"target\":[\"https:\/\/www.spottergps.com\/fr\/a-propos-de-spotter-2\/\"]}]},{\"@type\":\"ImageObject\",\"inLanguage\":\"fr-FR\",\"@id\":\"https:\/\/www.spottergps.com\/fr\/a-propos-de-spotter-2\/#primaryimage\",\"url\":\"https:\/\/www.spottergps.com\/fr\/wp-content\/uploads\/sites\/2\/2026\/03\/GPS-tracker.jpg\",\"contentUrl\":\"https:\/\/www.spottergps.com\/fr\/wp-content\/uploads\/sites\/2\/2026\/03\/GPS-tracker.jpg\"},{\"@type\":\"BreadcrumbList\",\"@id\":\"https:\/\/www.spottergps.com\/fr\/a-propos-de-spotter-2\/#breadcrumb\",\"itemListElement\":[{\"@type\":\"ListItem\",\"position\":1,\"name\":\"Home\",\"item\":\"https:\/\/www.spottergps.com\/fr\/\"},{\"@type\":\"ListItem\",\"position\":2,\"name\":\"\u00c0 propos de Spotter\"}]},{\"@type\":\"WebSite\",\"@id\":\"https:\/\/www.spottergps.com\/fr\/#website\",\"url\":\"https:\/\/www.spottergps.com\/fr\/\",\"name\":\"Spotter France\",\"description\":\"Een andere Spotter websites site\",\"potentialAction\":[{\"@type\":\"SearchAction\",\"target\":{\"@type\":\"EntryPoint\",\"urlTemplate\":\"https:\/\/www.spottergps.com\/fr\/?s={search_term_string}\"},\"query-input\":{\"@type\":\"PropertyValueSpecification\",\"valueRequired\":true,\"valueName\":\"search_term_string\"}}],\"inLanguage\":\"fr-FR\"}]}<\/script>\n<!-- \/ Yoast SEO plugin. -->","yoast_head_json":{"title":"\u00c0 propos de nous \u2013 Spotter","description":"Nous sommes une entreprise n\u00e9erlandaise sp\u00e9cialiste des solutions de rep\u00e9rage et de localisation GPS. Nos produits sont con\u00e7us avec le plus grand soin au sein de l'entreprise par une \u00e9quipe de d\u00e9veloppeurs professionnels.","robots":{"index":"index","follow":"follow","max-snippet":"max-snippet:-1","max-image-preview":"max-image-preview:large","max-video-preview":"max-video-preview:-1"},"canonical":"https:\/\/www.spottergps.com\/fr\/a-propos-de-spotter-2\/","og_locale":"fr_FR","og_type":"article","og_title":"\u00c0 propos de nous \u2013 Spotter","og_description":"Nous sommes une entreprise n\u00e9erlandaise sp\u00e9cialiste des solutions de rep\u00e9rage et de localisation GPS. Nos produits sont con\u00e7us avec le plus grand soin au sein de l'entreprise par une \u00e9quipe de d\u00e9veloppeurs professionnels.","og_url":"https:\/\/www.spottergps.com\/fr\/a-propos-de-spotter-2\/","og_site_name":"Spotter France","article_modified_time":"2026-03-13T15:43:55+00:00","og_image":[{"width":536,"height":536,"url":"https:\/\/www.spottergps.com\/fr\/wp-content\/uploads\/sites\/2\/2026\/03\/GPS-tracker.jpg","type":"image\/jpeg"}],"twitter_card":"summary_large_image","twitter_misc":{"Dur\u00e9e de lecture estim\u00e9e":"5 minutes"},"schema":{"@context":"https:\/\/schema.org","@graph":[{"@type":"WebPage","@id":"https:\/\/www.spottergps.com\/fr\/a-propos-de-spotter-2\/","url":"https:\/\/www.spottergps.com\/fr\/a-propos-de-spotter-2\/","name":"\u00c0 propos de nous \u2013 Spotter","isPartOf":{"@id":"https:\/\/www.spottergps.com\/fr\/#website"},"primaryImageOfPage":{"@id":"https:\/\/www.spottergps.com\/fr\/a-propos-de-spotter-2\/#primaryimage"},"image":{"@id":"https:\/\/www.spottergps.com\/fr\/a-propos-de-spotter-2\/#primaryimage"},"thumbnailUrl":"https:\/\/www.spottergps.com\/fr\/wp-content\/uploads\/sites\/2\/2026\/03\/GPS-tracker.jpg","datePublished":"2015-06-17T10:07:00+00:00","dateModified":"2026-03-13T15:43:55+00:00","description":"Nous sommes une entreprise n\u00e9erlandaise sp\u00e9cialiste des solutions de rep\u00e9rage et de localisation GPS. Nos produits sont con\u00e7us avec le plus grand soin au sein de l'entreprise par une \u00e9quipe de d\u00e9veloppeurs professionnels.","breadcrumb":{"@id":"https:\/\/www.spottergps.com\/fr\/a-propos-de-spotter-2\/#breadcrumb"},"inLanguage":"fr-FR","potentialAction":[{"@type":"ReadAction","target":["https:\/\/www.spottergps.com\/fr\/a-propos-de-spotter-2\/"]}]},{"@type":"ImageObject","inLanguage":"fr-FR","@id":"https:\/\/www.spottergps.com\/fr\/a-propos-de-spotter-2\/#primaryimage","url":"https:\/\/www.spottergps.com\/fr\/wp-content\/uploads\/sites\/2\/2026\/03\/GPS-tracker.jpg","contentUrl":"https:\/\/www.spottergps.com\/fr\/wp-content\/uploads\/sites\/2\/2026\/03\/GPS-tracker.jpg"},{"@type":"BreadcrumbList","@id":"https:\/\/www.spottergps.com\/fr\/a-propos-de-spotter-2\/#breadcrumb","itemListElement":[{"@type":"ListItem","position":1,"name":"Home","item":"https:\/\/www.spottergps.com\/fr\/"},{"@type":"ListItem","position":2,"name":"\u00c0 propos de Spotter"}]},{"@type":"WebSite","@id":"https:\/\/www.spottergps.com\/fr\/#website","url":"https:\/\/www.spottergps.com\/fr\/","name":"Spotter France","description":"Een andere Spotter websites site","potentialAction":[{"@type":"SearchAction","target":{"@type":"EntryPoint","urlTemplate":"https:\/\/www.spottergps.com\/fr\/?s={search_term_string}"},"query-input":{"@type":"PropertyValueSpecification","valueRequired":true,"valueName":"search_term_string"}}],"inLanguage":"fr-FR"}]}},"_links":{"self":[{"href":"https:\/\/www.spottergps.com\/fr\/wp-json\/wp\/v2\/pages\/213","targetHints":{"allow":["GET"]}}],"collection":[{"href":"https:\/\/www.spottergps.com\/fr\/wp-json\/wp\/v2\/pages"}],"about":[{"href":"https:\/\/www.spottergps.com\/fr\/wp-json\/wp\/v2\/types\/page"}],"author":[{"embeddable":true,"href":"https:\/\/www.spottergps.com\/fr\/wp-json\/wp\/v2\/users\/1"}],"replies":[{"embeddable":true,"href":"https:\/\/www.spottergps.com\/fr\/wp-json\/wp\/v2\/comments?post=213"}],"version-history":[{"count":7,"href":"https:\/\/www.spottergps.com\/fr\/wp-json\/wp\/v2\/pages\/213\/revisions"}],"predecessor-version":[{"id":3751,"href":"https:\/\/www.spottergps.com\/fr\/wp-json\/wp\/v2\/pages\/213\/revisions\/3751"}],"wp:attachment":[{"href":"https:\/\/www.spottergps.com\/fr\/wp-json\/wp\/v2\/media?parent=213"}],"wp:term":[{"taxonomy":"category","embeddable":true,"href":"https:\/\/www.spottergps.com\/fr\/wp-json\/wp\/v2\/categories?post=213"},{"taxonomy":"post_tag","embeddable":true,"href":"https:\/\/www.spottergps.com\/fr\/wp-json\/wp\/v2\/tags?post=213"}],"curies":[{"name":"wp","href":"https:\/\/api.w.org\/{rel}","templated":true}]}}