{"id":204,"date":"2015-06-17T11:00:33","date_gmt":"2015-06-17T10:00:33","guid":{"rendered":"http:\/\/www.spottergps.com\/fr\/?page_id=204"},"modified":"2024-03-29T14:09:57","modified_gmt":"2024-03-29T13:09:57","slug":"compte-en-ligne-et-application-smartphone","status":"publish","type":"page","link":"https:\/\/www.spottergps.com\/fr\/compte-en-ligne-et-application-smartphone\/","title":{"rendered":"Compte en ligne et application smartphone"},"content":{"rendered":"\n<p><\/p>\n<h2 class=\"wp-block-heading\">Une vue d&rsquo;ensemble du logiciel convivial de Spotter<\/h2>\n<p> <\/p>\n<div class=\"wp-block-columns is-layout-flex wp-container-core-columns-is-layout-9d6595d7 wp-block-columns-is-layout-flex\">\n<div class=\"wp-block-column is-layout-flow wp-block-column-is-layout-flow\">\n<p><strong>Que vous soyez en d\u00e9placement ou assis derri\u00e8re un ordinateur, vous avez toujours acc\u00e8s au logiciel de Spotter.<\/strong><\/p>\n \n<p>Vous disposez d&rsquo;un compte en ligne et d&rsquo;une application pour smartphone et tablette, o\u00f9 le traceur GPS de Spotter envoie automatiquement des emplacements et des notifications.<\/p>\n \n<ul class=\"wp-block-list\">\n<li>Tr\u00e8s convivial<\/li>\n<li>Vous pouvez vous connecter en ligne depuis n&rsquo;importe quel endroit<\/li>\n<li>Connexion simultan\u00e9e de plusieurs personnes<\/li>\n<li>Aucune installation de logiciel ni licences<\/li>\n<\/ul>\n \n<figure class=\"wp-block-image is-resized\"><a href=\"https:\/\/play.google.com\/store\/apps\/details?id=com.spottergps.spotter&amp;hl=fr\" target=\"_blank\" rel=\"noopener noreferrer\"><img loading=\"lazy\" decoding=\"async\" class=\"alignnone wp-image-200\" src=\"https:\/\/www.spottergps.com\/wp-content\/uploads\/2015\/05\/PlayStore-300x98.png\" alt=\"Spotter - PlayStore\" width=\"165\" height=\"54\" \/><\/a><br \/><br \/><\/figure>\n \n<figure class=\"wp-block-image is-resized\"><a href=\"https:\/\/itunes.apple.com\/fr\/genre\/ios\/id36?mt=8\" target=\"_blank\" rel=\"noopener noreferrer\"><img loading=\"lazy\" decoding=\"async\" class=\"wp-image-199 alignnone\" src=\"https:\/\/www.spottergps.com\/wp-content\/uploads\/2015\/05\/AppStore-300x98.png\" alt=\"Spotter - AppStore\" width=\"165\" height=\"54\" \/><\/a><\/figure>\n<\/div>\n \n<div class=\"wp-block-column is-layout-flow wp-block-column-is-layout-flow\">\n<figure class=\"wp-block-image size-large\"><img decoding=\"async\" class=\"wp-image-18567\" src=\"https:\/\/www.spottergps.com\/wp-content\/uploads\/2022\/02\/spotter-online-account-gps.jpg\" alt=\"\" \/><\/figure>\n<\/div>\n<\/div>\n<p> <\/p>\n<div class=\"wp-block-spacer\" aria-hidden=\"true\">\u00a0<\/div>\n<p> <\/p>\n<div class=\"wp-block-columns is-layout-flex wp-container-core-columns-is-layout-9d6595d7 wp-block-columns-is-layout-flex\">\n<div class=\"wp-block-column is-layout-flow wp-block-column-is-layout-flow\">\u00a0<\/div>\n \n<div class=\"wp-block-column is-layout-flow wp-block-column-is-layout-flow\">\n<h3 class=\"wp-block-heading has-text-align-left\">Fonctionnalit\u00e9s de l&rsquo;application Spotter<\/h3>\n<\/div>\n \n<div class=\"wp-block-column is-layout-flow wp-block-column-is-layout-flow\">\u00a0<\/div>\n<\/div>\n<p> <\/p>\n<div class=\"wp-block-spacer\" aria-hidden=\"true\">\u00a0<\/div>\n<p> <\/p>\n<div class=\"wp-block-columns is-layout-flex wp-container-core-columns-is-layout-9d6595d7 wp-block-columns-is-layout-flex\">\n<div class=\"wp-block-column is-layout-flow wp-block-column-is-layout-flow\">\n<h4 class=\"wp-block-heading has-text-align-center\">Emplacements sur la carte<\/h4>\n \n<div class=\"wp-block-spacer\" aria-hidden=\"true\">\u00a0<\/div>\n \n<figure class=\"wp-block-image size-large is-resized\"><img decoding=\"async\" class=\"wp-image-18437\" src=\"https:\/\/www.spottergps.com\/wp-content\/uploads\/2022\/02\/spotter-gps-locatie-512x1024.jpg\" alt=\"spotter gps locatie opvragen\" \/><\/figure>\n \n<p class=\"has-text-align-center\"><em>Toujours avoir une vue sur les emplacements les plus r\u00e9cents. Sur une carte routi\u00e8re ou satellite.<\/em><\/p>\n<\/div>\n \n<div class=\"wp-block-column is-layout-flow wp-block-column-is-layout-flow\">\n<h4 class=\"wp-block-heading has-text-align-center\">Lieux les plus visit\u00e9s<\/h4>\n \n<figure class=\"wp-block-image size-large\"><img decoding=\"async\" class=\"wp-image-18436\" src=\"https:\/\/www.spottergps.com\/wp-content\/uploads\/2022\/02\/spotter-heatmap-512x1024.jpg\" alt=\"spotter gps katten heatmap\" \/><\/figure>\n \n<p class=\"has-text-align-center\"><em>Consultez les emplacements les plus visit\u00e9s sous forme de carte thermique.<\/em><\/p>\n<\/div>\n \n<div class=\"wp-block-column is-layout-flow wp-block-column-is-layout-flow\">\n<h4 class=\"wp-block-heading has-text-align-center\">Zones<\/h4>\n \n<div class=\"wp-block-spacer\" aria-hidden=\"true\">\u00a0<\/div>\n <div class=\"wp-block-image\">\n<figure class=\"aligncenter size-large is-resized\"><img decoding=\"async\" class=\"wp-image-18438\" src=\"https:\/\/www.spottergps.com\/wp-content\/uploads\/2022\/02\/spotter-zones-512x1024.jpg\" alt=\"spotter gps tracker kat zones\" \/><\/figure><\/div> \n<p class=\"has-text-align-center\"><em>Cr\u00e9ez plusieurs zones pour votre traceur GPS.<\/em><\/p>\n<\/div>\n<\/div>\n<p> <\/p>\n<div class=\"wp-block-columns is-layout-flex wp-container-core-columns-is-layout-9d6595d7 wp-block-columns-is-layout-flex\">\n<div class=\"wp-block-column is-layout-flow wp-block-column-is-layout-flow\">\n<h4 class=\"wp-block-heading has-text-align-center\">Vue Street View<\/h4>\n \n<div class=\"wp-block-spacer\" aria-hidden=\"true\">\u00a0<\/div>\n <div class=\"wp-block-image\">\n<figure class=\"aligncenter size-large is-resized\"><img decoding=\"async\" class=\"wp-image-18440\" src=\"https:\/\/www.spottergps.com\/wp-content\/uploads\/2022\/02\/spotter-streetview-512x1024.jpg\" alt=\"spotter gps tracker kat streetview\" \/><\/figure><\/div> \n<p><em>Consultez l&#8217;emplacement exact du traceur GPS Spotter dans Google Street View.<\/em><\/p>\n<\/div>\n \n<div class=\"wp-block-column is-layout-flow wp-block-column-is-layout-flow\">\n<h4 class=\"wp-block-heading has-text-align-center\">Voir l&rsquo;historique<\/h4>\n \n<figure class=\"wp-block-image size-large\"><img decoding=\"async\" class=\"wp-image-18439\" src=\"https:\/\/www.spottergps.com\/wp-content\/uploads\/2022\/02\/spotter-geschiedenis-512x1024.jpg\" alt=\"Spotter GPS tracker - app geschiedenis\" \/><\/figure>\n \n<p><em>Consultez l&rsquo;historique des emplacements. O\u00f9 le Spotter a-t-il \u00e9t\u00e9 et quand ?<\/em><\/p>\n<\/div>\n \n<div class=\"wp-block-column is-layout-flow wp-block-column-is-layout-flow\">\n<h4 class=\"wp-block-heading has-text-align-center\">Notifications push<\/h4>\n \n<div class=\"wp-block-spacer\" aria-hidden=\"true\">\u00a0<\/div>\n <div class=\"wp-block-image\">\n<figure class=\"aligncenter size-large is-resized\"><img decoding=\"async\" class=\"wp-image-18624\" src=\"https:\/\/www.spottergps.com\/wp-content\/uploads\/2022\/02\/spotter-app-notificaties.jpg\" alt=\"spotter app notificaties\" \/><\/figure><\/div> \n<p>Lors de l&rsquo;utilisation de l&rsquo;application : des notifications pratiques directement sur votre \u00e9cran.<\/p>\n<\/div>\n<\/div>\n<p> <\/p>\n<div class=\"wp-block-columns is-layout-flex wp-container-core-columns-is-layout-9d6595d7 wp-block-columns-is-layout-flex\">\n<div class=\"wp-block-column is-layout-flow wp-block-column-is-layout-flow\">\u00a0<\/div>\n \n<div class=\"wp-block-column is-layout-flow wp-block-column-is-layout-flow\">\u00a0<\/div>\n<\/div>\n<p><\/p>\n","protected":false},"excerpt":{"rendered":"","protected":false},"author":1,"featured_media":0,"parent":0,"menu_order":0,"comment_status":"open","ping_status":"open","template":"","meta":{"_acf_changed":false,"footnotes":""},"categories":[],"tags":[],"class_list":["post-204","page","type-page","status-publish","hentry"],"acf":[],"yoast_head":"<!-- This site is optimized with the Yoast SEO plugin v25.9 - https:\/\/yoast.com\/wordpress\/plugins\/seo\/ -->\n<title>Compte en ligne et application smartphone | Spotter<\/title>\n<meta name=\"description\" content=\"Le traceur GPS Spotter fonctionne enti\u00e8rement en ligne. Connectez-vous sur votre compte et consultez vos donn\u00e9es. Pour vos d\u00e9placements, t\u00e9l\u00e9chargez l&#039;application Spotter GRATUITE.\" \/>\n<meta name=\"robots\" content=\"index, follow, max-snippet:-1, max-image-preview:large, max-video-preview:-1\" \/>\n<link rel=\"canonical\" href=\"https:\/\/www.spottergps.com\/fr\/compte-en-ligne-et-application-smartphone\/\" \/>\n<meta property=\"og:locale\" content=\"fr_FR\" \/>\n<meta property=\"og:type\" content=\"article\" \/>\n<meta property=\"og:title\" content=\"Compte en ligne et application smartphone | Spotter\" \/>\n<meta property=\"og:description\" content=\"Le traceur GPS Spotter fonctionne enti\u00e8rement en ligne. Connectez-vous sur votre compte et consultez vos donn\u00e9es. Pour vos d\u00e9placements, t\u00e9l\u00e9chargez l&#039;application Spotter GRATUITE.\" \/>\n<meta property=\"og:url\" content=\"https:\/\/www.spottergps.com\/fr\/compte-en-ligne-et-application-smartphone\/\" \/>\n<meta property=\"og:site_name\" content=\"Spotter France\" \/>\n<meta property=\"article:modified_time\" content=\"2024-03-29T13:09:57+00:00\" \/>\n<meta property=\"og:image\" content=\"https:\/\/www.spottergps.com\/wp-content\/uploads\/2015\/05\/PlayStore-300x98.png\" \/>\n<meta name=\"twitter:card\" content=\"summary_large_image\" \/>\n<meta name=\"twitter:label1\" content=\"Dur\u00e9e de lecture estim\u00e9e\" \/>\n\t<meta name=\"twitter:data1\" content=\"3 minutes\" \/>\n<script type=\"application\/ld+json\" class=\"yoast-schema-graph\">{\"@context\":\"https:\/\/schema.org\",\"@graph\":[{\"@type\":\"WebPage\",\"@id\":\"https:\/\/www.spottergps.com\/fr\/compte-en-ligne-et-application-smartphone\/\",\"url\":\"https:\/\/www.spottergps.com\/fr\/compte-en-ligne-et-application-smartphone\/\",\"name\":\"Compte en ligne et application smartphone | Spotter\",\"isPartOf\":{\"@id\":\"https:\/\/www.spottergps.com\/fr\/#website\"},\"primaryImageOfPage\":{\"@id\":\"https:\/\/www.spottergps.com\/fr\/compte-en-ligne-et-application-smartphone\/#primaryimage\"},\"image\":{\"@id\":\"https:\/\/www.spottergps.com\/fr\/compte-en-ligne-et-application-smartphone\/#primaryimage\"},\"thumbnailUrl\":\"https:\/\/www.spottergps.com\/wp-content\/uploads\/2015\/05\/PlayStore-300x98.png\",\"datePublished\":\"2015-06-17T10:00:33+00:00\",\"dateModified\":\"2024-03-29T13:09:57+00:00\",\"description\":\"Le traceur GPS Spotter fonctionne enti\u00e8rement en ligne. Connectez-vous sur votre compte et consultez vos donn\u00e9es. Pour vos d\u00e9placements, t\u00e9l\u00e9chargez l'application Spotter GRATUITE.\",\"breadcrumb\":{\"@id\":\"https:\/\/www.spottergps.com\/fr\/compte-en-ligne-et-application-smartphone\/#breadcrumb\"},\"inLanguage\":\"fr-FR\",\"potentialAction\":[{\"@type\":\"ReadAction\",\"target\":[\"https:\/\/www.spottergps.com\/fr\/compte-en-ligne-et-application-smartphone\/\"]}]},{\"@type\":\"ImageObject\",\"inLanguage\":\"fr-FR\",\"@id\":\"https:\/\/www.spottergps.com\/fr\/compte-en-ligne-et-application-smartphone\/#primaryimage\",\"url\":\"https:\/\/www.spottergps.com\/wp-content\/uploads\/2015\/05\/PlayStore-300x98.png\",\"contentUrl\":\"https:\/\/www.spottergps.com\/wp-content\/uploads\/2015\/05\/PlayStore-300x98.png\"},{\"@type\":\"BreadcrumbList\",\"@id\":\"https:\/\/www.spottergps.com\/fr\/compte-en-ligne-et-application-smartphone\/#breadcrumb\",\"itemListElement\":[{\"@type\":\"ListItem\",\"position\":1,\"name\":\"Home\",\"item\":\"https:\/\/www.spottergps.com\/fr\/\"},{\"@type\":\"ListItem\",\"position\":2,\"name\":\"Compte en ligne et application smartphone\"}]},{\"@type\":\"WebSite\",\"@id\":\"https:\/\/www.spottergps.com\/fr\/#website\",\"url\":\"https:\/\/www.spottergps.com\/fr\/\",\"name\":\"Spotter France\",\"description\":\"Een andere Spotter websites site\",\"potentialAction\":[{\"@type\":\"SearchAction\",\"target\":{\"@type\":\"EntryPoint\",\"urlTemplate\":\"https:\/\/www.spottergps.com\/fr\/?s={search_term_string}\"},\"query-input\":{\"@type\":\"PropertyValueSpecification\",\"valueRequired\":true,\"valueName\":\"search_term_string\"}}],\"inLanguage\":\"fr-FR\"}]}<\/script>\n<!-- \/ Yoast SEO plugin. -->","yoast_head_json":{"title":"Compte en ligne et application smartphone | Spotter","description":"Le traceur GPS Spotter fonctionne enti\u00e8rement en ligne. Connectez-vous sur votre compte et consultez vos donn\u00e9es. Pour vos d\u00e9placements, t\u00e9l\u00e9chargez l'application Spotter GRATUITE.","robots":{"index":"index","follow":"follow","max-snippet":"max-snippet:-1","max-image-preview":"max-image-preview:large","max-video-preview":"max-video-preview:-1"},"canonical":"https:\/\/www.spottergps.com\/fr\/compte-en-ligne-et-application-smartphone\/","og_locale":"fr_FR","og_type":"article","og_title":"Compte en ligne et application smartphone | Spotter","og_description":"Le traceur GPS Spotter fonctionne enti\u00e8rement en ligne. Connectez-vous sur votre compte et consultez vos donn\u00e9es. Pour vos d\u00e9placements, t\u00e9l\u00e9chargez l'application Spotter GRATUITE.","og_url":"https:\/\/www.spottergps.com\/fr\/compte-en-ligne-et-application-smartphone\/","og_site_name":"Spotter France","article_modified_time":"2024-03-29T13:09:57+00:00","og_image":[{"url":"https:\/\/www.spottergps.com\/wp-content\/uploads\/2015\/05\/PlayStore-300x98.png","type":"","width":"","height":""}],"twitter_card":"summary_large_image","twitter_misc":{"Dur\u00e9e de lecture estim\u00e9e":"3 minutes"},"schema":{"@context":"https:\/\/schema.org","@graph":[{"@type":"WebPage","@id":"https:\/\/www.spottergps.com\/fr\/compte-en-ligne-et-application-smartphone\/","url":"https:\/\/www.spottergps.com\/fr\/compte-en-ligne-et-application-smartphone\/","name":"Compte en ligne et application smartphone | Spotter","isPartOf":{"@id":"https:\/\/www.spottergps.com\/fr\/#website"},"primaryImageOfPage":{"@id":"https:\/\/www.spottergps.com\/fr\/compte-en-ligne-et-application-smartphone\/#primaryimage"},"image":{"@id":"https:\/\/www.spottergps.com\/fr\/compte-en-ligne-et-application-smartphone\/#primaryimage"},"thumbnailUrl":"https:\/\/www.spottergps.com\/wp-content\/uploads\/2015\/05\/PlayStore-300x98.png","datePublished":"2015-06-17T10:00:33+00:00","dateModified":"2024-03-29T13:09:57+00:00","description":"Le traceur GPS Spotter fonctionne enti\u00e8rement en ligne. Connectez-vous sur votre compte et consultez vos donn\u00e9es. Pour vos d\u00e9placements, t\u00e9l\u00e9chargez l'application Spotter GRATUITE.","breadcrumb":{"@id":"https:\/\/www.spottergps.com\/fr\/compte-en-ligne-et-application-smartphone\/#breadcrumb"},"inLanguage":"fr-FR","potentialAction":[{"@type":"ReadAction","target":["https:\/\/www.spottergps.com\/fr\/compte-en-ligne-et-application-smartphone\/"]}]},{"@type":"ImageObject","inLanguage":"fr-FR","@id":"https:\/\/www.spottergps.com\/fr\/compte-en-ligne-et-application-smartphone\/#primaryimage","url":"https:\/\/www.spottergps.com\/wp-content\/uploads\/2015\/05\/PlayStore-300x98.png","contentUrl":"https:\/\/www.spottergps.com\/wp-content\/uploads\/2015\/05\/PlayStore-300x98.png"},{"@type":"BreadcrumbList","@id":"https:\/\/www.spottergps.com\/fr\/compte-en-ligne-et-application-smartphone\/#breadcrumb","itemListElement":[{"@type":"ListItem","position":1,"name":"Home","item":"https:\/\/www.spottergps.com\/fr\/"},{"@type":"ListItem","position":2,"name":"Compte en ligne et application smartphone"}]},{"@type":"WebSite","@id":"https:\/\/www.spottergps.com\/fr\/#website","url":"https:\/\/www.spottergps.com\/fr\/","name":"Spotter France","description":"Een andere Spotter websites site","potentialAction":[{"@type":"SearchAction","target":{"@type":"EntryPoint","urlTemplate":"https:\/\/www.spottergps.com\/fr\/?s={search_term_string}"},"query-input":{"@type":"PropertyValueSpecification","valueRequired":true,"valueName":"search_term_string"}}],"inLanguage":"fr-FR"}]}},"_links":{"self":[{"href":"https:\/\/www.spottergps.com\/fr\/wp-json\/wp\/v2\/pages\/204","targetHints":{"allow":["GET"]}}],"collection":[{"href":"https:\/\/www.spottergps.com\/fr\/wp-json\/wp\/v2\/pages"}],"about":[{"href":"https:\/\/www.spottergps.com\/fr\/wp-json\/wp\/v2\/types\/page"}],"author":[{"embeddable":true,"href":"https:\/\/www.spottergps.com\/fr\/wp-json\/wp\/v2\/users\/1"}],"replies":[{"embeddable":true,"href":"https:\/\/www.spottergps.com\/fr\/wp-json\/wp\/v2\/comments?post=204"}],"version-history":[{"count":5,"href":"https:\/\/www.spottergps.com\/fr\/wp-json\/wp\/v2\/pages\/204\/revisions"}],"predecessor-version":[{"id":1832,"href":"https:\/\/www.spottergps.com\/fr\/wp-json\/wp\/v2\/pages\/204\/revisions\/1832"}],"wp:attachment":[{"href":"https:\/\/www.spottergps.com\/fr\/wp-json\/wp\/v2\/media?parent=204"}],"wp:term":[{"taxonomy":"category","embeddable":true,"href":"https:\/\/www.spottergps.com\/fr\/wp-json\/wp\/v2\/categories?post=204"},{"taxonomy":"post_tag","embeddable":true,"href":"https:\/\/www.spottergps.com\/fr\/wp-json\/wp\/v2\/tags?post=204"}],"curies":[{"name":"wp","href":"https:\/\/api.w.org\/{rel}","templated":true}]}}