{"id":201,"date":"2015-06-17T10:54:30","date_gmt":"2015-06-17T09:54:30","guid":{"rendered":"http:\/\/www.spottergps.com\/fr\/?page_id=201"},"modified":"2026-04-07T08:44:19","modified_gmt":"2026-04-07T07:44:19","slug":"gps-tracker-pour-votre-valise","status":"publish","type":"page","link":"https:\/\/www.spottergps.com\/fr\/gps-tracker-pour-votre-valise\/","title":{"rendered":"Traceur GPS pour valise ou objets de valeur"},"content":{"rendered":"\n<div class=\"wp-block-columns is-layout-flex wp-container-core-columns-is-layout-9d6595d7 wp-block-columns-is-layout-flex\">\n<div class=\"wp-block-column is-layout-flow wp-block-column-is-layout-flow\" style=\"flex-basis:50%\">\n<h2 data-start=\"0\" data-end=\"97\">Ne perdez plus jamais vos bagages de vue\u2026<\/h2>\n<p data-start=\"99\" data-end=\"401\"><span style=\"font-size: revert\">Avec le traceur GPS pour valise vous savez exactement o\u00f9 se trouve votre valise ou vos bagages. Ce petit traceur GPS mobile se glisse facilement dans vos affaires et peut ensuite \u00eatre localis\u00e9 en ligne. Ainsi, vous savez \u00e0 tout moment o\u00f9 se trouvent vos objets de valeur \u2013 quand c\u2019est vraiment n\u00e9cessaire.<\/span><\/p>\n<ul>\n<li data-start=\"405\" data-end=\"470\">Petit GPS pour valise qui se <strong>glisse parfaitement.<\/strong><\/li>\n<li data-start=\"473\" data-end=\"526\"><strong>Localisation en ligne<\/strong> et via l\u2019application Spotter.<\/li>\n<li data-start=\"529\" data-end=\"598\"><strong>Batterie rechargeable puissante<\/strong> avec une autonomie jusqu\u2019\u00e0 5 jours.<\/li>\n<li data-start=\"601\" data-end=\"663\">Aucun souci d\u2019installation : le Spotter est <strong>pr\u00eat \u00e0 l\u2019emploi.<\/strong><\/li>\n<li data-start=\"666\" data-end=\"735\">Et ce n\u2019est pas tout : ce traceur GPS pour valise <strong>fonctionne dans toute l\u2019Europe.<\/strong><\/li>\n<\/ul>\n<p><a class=\"main-button\" title=\"Direct bestellen!\" href=\"\/\/shop.spottergps.com\/fr\/spotter-x10b.html\" target=\"_blank\" rel=\"noopener\">Acheter dans le webshop<\/a><\/p>\n<\/div>\n\n\n\n<div class=\"wp-block-column is-layout-flow wp-block-column-is-layout-flow\" style=\"flex-basis:50%\">\n<figure class=\"wp-block-image size-full is-resized\"><a href=\"https:\/\/www.spottergps.com\/fr\/wp-content\/uploads\/sites\/2\/2025\/06\/traceur-pour-valise-spotter.jpg\"><img loading=\"lazy\" decoding=\"async\" width=\"536\" height=\"536\" src=\"https:\/\/www.spottergps.com\/fr\/wp-content\/uploads\/sites\/2\/2025\/06\/traceur-pour-valise-spotter.jpg\" alt=\"\" class=\"wp-image-3112\" style=\"width:440px;height:auto\" srcset=\"https:\/\/www.spottergps.com\/fr\/wp-content\/uploads\/sites\/2\/2025\/06\/traceur-pour-valise-spotter.jpg 536w, https:\/\/www.spottergps.com\/fr\/wp-content\/uploads\/sites\/2\/2025\/06\/traceur-pour-valise-spotter-300x300.jpg 300w, https:\/\/www.spottergps.com\/fr\/wp-content\/uploads\/sites\/2\/2025\/06\/traceur-pour-valise-spotter-150x150.jpg 150w\" sizes=\"auto, (max-width: 536px) 100vw, 536px\" \/><\/a><\/figure>\n<\/div>\n<\/div>\n","protected":false},"excerpt":{"rendered":"<p>Ne perdez plus jamais vos bagages de vue\u2026 Avec le traceur GPS pour valise vous savez exactement o\u00f9 se trouve votre valise ou vos bagages. Ce petit traceur GPS mobile se glisse facilement dans vos affaires et peut ensuite \u00eatre localis\u00e9 en ligne. Ainsi, vous savez \u00e0 tout moment o\u00f9 se trouvent vos objets de [&hellip;]<\/p>\n","protected":false},"author":1,"featured_media":0,"parent":0,"menu_order":0,"comment_status":"open","ping_status":"open","template":"","meta":{"_acf_changed":false,"footnotes":""},"categories":[],"tags":[],"class_list":["post-201","page","type-page","status-publish","hentry"],"acf":[],"yoast_head":"<!-- This site is optimized with the Yoast SEO plugin v25.9 - https:\/\/yoast.com\/wordpress\/plugins\/seo\/ -->\n<title>Valise perdue ? Suivez-la partout avec Spotter\u00ae GPS \u2764<\/title>\n<meta name=\"description\" content=\"Ne perdez plus jamais votre valise ou vos bagages avec Spotter. Un petit traceur GPS mobile que vous placez dans vos bagages.\" \/>\n<meta name=\"robots\" content=\"index, follow, max-snippet:-1, max-image-preview:large, max-video-preview:-1\" \/>\n<link rel=\"canonical\" href=\"https:\/\/www.spottergps.com\/fr\/gps-tracker-pour-votre-valise\/\" \/>\n<meta property=\"og:locale\" content=\"fr_FR\" \/>\n<meta property=\"og:type\" content=\"article\" \/>\n<meta property=\"og:title\" content=\"Valise perdue ? Suivez-la partout avec Spotter\u00ae GPS \u2764\" \/>\n<meta property=\"og:description\" content=\"Ne perdez plus jamais votre valise ou vos bagages avec Spotter. Un petit traceur GPS mobile que vous placez dans vos bagages.\" \/>\n<meta property=\"og:url\" content=\"https:\/\/www.spottergps.com\/fr\/gps-tracker-pour-votre-valise\/\" \/>\n<meta property=\"og:site_name\" content=\"Spotter France\" \/>\n<meta property=\"article:modified_time\" content=\"2026-04-07T07:44:19+00:00\" \/>\n<meta property=\"og:image\" content=\"https:\/\/www.spottergps.com\/fr\/wp-content\/uploads\/sites\/2\/2025\/06\/traceur-pour-valise-spotter.jpg\" \/>\n\t<meta property=\"og:image:width\" content=\"536\" \/>\n\t<meta property=\"og:image:height\" content=\"536\" \/>\n\t<meta property=\"og:image:type\" content=\"image\/jpeg\" \/>\n<meta name=\"twitter:card\" content=\"summary_large_image\" \/>\n<meta name=\"twitter:label1\" content=\"Dur\u00e9e de lecture estim\u00e9e\" \/>\n\t<meta name=\"twitter:data1\" content=\"1 minute\" \/>\n<script type=\"application\/ld+json\" class=\"yoast-schema-graph\">{\"@context\":\"https:\/\/schema.org\",\"@graph\":[{\"@type\":\"WebPage\",\"@id\":\"https:\/\/www.spottergps.com\/fr\/gps-tracker-pour-votre-valise\/\",\"url\":\"https:\/\/www.spottergps.com\/fr\/gps-tracker-pour-votre-valise\/\",\"name\":\"Valise perdue ? Suivez-la partout avec Spotter\u00ae GPS \u2764\",\"isPartOf\":{\"@id\":\"https:\/\/www.spottergps.com\/fr\/#website\"},\"primaryImageOfPage\":{\"@id\":\"https:\/\/www.spottergps.com\/fr\/gps-tracker-pour-votre-valise\/#primaryimage\"},\"image\":{\"@id\":\"https:\/\/www.spottergps.com\/fr\/gps-tracker-pour-votre-valise\/#primaryimage\"},\"thumbnailUrl\":\"https:\/\/www.spottergps.com\/fr\/wp-content\/uploads\/sites\/2\/2025\/06\/traceur-pour-valise-spotter.jpg\",\"datePublished\":\"2015-06-17T09:54:30+00:00\",\"dateModified\":\"2026-04-07T07:44:19+00:00\",\"description\":\"Ne perdez plus jamais votre valise ou vos bagages avec Spotter. Un petit traceur GPS mobile que vous placez dans vos bagages.\",\"breadcrumb\":{\"@id\":\"https:\/\/www.spottergps.com\/fr\/gps-tracker-pour-votre-valise\/#breadcrumb\"},\"inLanguage\":\"fr-FR\",\"potentialAction\":[{\"@type\":\"ReadAction\",\"target\":[\"https:\/\/www.spottergps.com\/fr\/gps-tracker-pour-votre-valise\/\"]}]},{\"@type\":\"ImageObject\",\"inLanguage\":\"fr-FR\",\"@id\":\"https:\/\/www.spottergps.com\/fr\/gps-tracker-pour-votre-valise\/#primaryimage\",\"url\":\"https:\/\/www.spottergps.com\/fr\/wp-content\/uploads\/sites\/2\/2025\/06\/traceur-pour-valise-spotter.jpg\",\"contentUrl\":\"https:\/\/www.spottergps.com\/fr\/wp-content\/uploads\/sites\/2\/2025\/06\/traceur-pour-valise-spotter.jpg\"},{\"@type\":\"BreadcrumbList\",\"@id\":\"https:\/\/www.spottergps.com\/fr\/gps-tracker-pour-votre-valise\/#breadcrumb\",\"itemListElement\":[{\"@type\":\"ListItem\",\"position\":1,\"name\":\"Home\",\"item\":\"https:\/\/www.spottergps.com\/fr\/\"},{\"@type\":\"ListItem\",\"position\":2,\"name\":\"Traceur GPS pour valise ou objets de valeur\"}]},{\"@type\":\"WebSite\",\"@id\":\"https:\/\/www.spottergps.com\/fr\/#website\",\"url\":\"https:\/\/www.spottergps.com\/fr\/\",\"name\":\"Spotter France\",\"description\":\"Een andere Spotter websites site\",\"potentialAction\":[{\"@type\":\"SearchAction\",\"target\":{\"@type\":\"EntryPoint\",\"urlTemplate\":\"https:\/\/www.spottergps.com\/fr\/?s={search_term_string}\"},\"query-input\":{\"@type\":\"PropertyValueSpecification\",\"valueRequired\":true,\"valueName\":\"search_term_string\"}}],\"inLanguage\":\"fr-FR\"}]}<\/script>\n<!-- \/ Yoast SEO plugin. -->","yoast_head_json":{"title":"Valise perdue ? Suivez-la partout avec Spotter\u00ae GPS \u2764","description":"Ne perdez plus jamais votre valise ou vos bagages avec Spotter. Un petit traceur GPS mobile que vous placez dans vos bagages.","robots":{"index":"index","follow":"follow","max-snippet":"max-snippet:-1","max-image-preview":"max-image-preview:large","max-video-preview":"max-video-preview:-1"},"canonical":"https:\/\/www.spottergps.com\/fr\/gps-tracker-pour-votre-valise\/","og_locale":"fr_FR","og_type":"article","og_title":"Valise perdue ? Suivez-la partout avec Spotter\u00ae GPS \u2764","og_description":"Ne perdez plus jamais votre valise ou vos bagages avec Spotter. Un petit traceur GPS mobile que vous placez dans vos bagages.","og_url":"https:\/\/www.spottergps.com\/fr\/gps-tracker-pour-votre-valise\/","og_site_name":"Spotter France","article_modified_time":"2026-04-07T07:44:19+00:00","og_image":[{"width":536,"height":536,"url":"https:\/\/www.spottergps.com\/fr\/wp-content\/uploads\/sites\/2\/2025\/06\/traceur-pour-valise-spotter.jpg","type":"image\/jpeg"}],"twitter_card":"summary_large_image","twitter_misc":{"Dur\u00e9e de lecture estim\u00e9e":"1 minute"},"schema":{"@context":"https:\/\/schema.org","@graph":[{"@type":"WebPage","@id":"https:\/\/www.spottergps.com\/fr\/gps-tracker-pour-votre-valise\/","url":"https:\/\/www.spottergps.com\/fr\/gps-tracker-pour-votre-valise\/","name":"Valise perdue ? Suivez-la partout avec Spotter\u00ae GPS \u2764","isPartOf":{"@id":"https:\/\/www.spottergps.com\/fr\/#website"},"primaryImageOfPage":{"@id":"https:\/\/www.spottergps.com\/fr\/gps-tracker-pour-votre-valise\/#primaryimage"},"image":{"@id":"https:\/\/www.spottergps.com\/fr\/gps-tracker-pour-votre-valise\/#primaryimage"},"thumbnailUrl":"https:\/\/www.spottergps.com\/fr\/wp-content\/uploads\/sites\/2\/2025\/06\/traceur-pour-valise-spotter.jpg","datePublished":"2015-06-17T09:54:30+00:00","dateModified":"2026-04-07T07:44:19+00:00","description":"Ne perdez plus jamais votre valise ou vos bagages avec Spotter. Un petit traceur GPS mobile que vous placez dans vos bagages.","breadcrumb":{"@id":"https:\/\/www.spottergps.com\/fr\/gps-tracker-pour-votre-valise\/#breadcrumb"},"inLanguage":"fr-FR","potentialAction":[{"@type":"ReadAction","target":["https:\/\/www.spottergps.com\/fr\/gps-tracker-pour-votre-valise\/"]}]},{"@type":"ImageObject","inLanguage":"fr-FR","@id":"https:\/\/www.spottergps.com\/fr\/gps-tracker-pour-votre-valise\/#primaryimage","url":"https:\/\/www.spottergps.com\/fr\/wp-content\/uploads\/sites\/2\/2025\/06\/traceur-pour-valise-spotter.jpg","contentUrl":"https:\/\/www.spottergps.com\/fr\/wp-content\/uploads\/sites\/2\/2025\/06\/traceur-pour-valise-spotter.jpg"},{"@type":"BreadcrumbList","@id":"https:\/\/www.spottergps.com\/fr\/gps-tracker-pour-votre-valise\/#breadcrumb","itemListElement":[{"@type":"ListItem","position":1,"name":"Home","item":"https:\/\/www.spottergps.com\/fr\/"},{"@type":"ListItem","position":2,"name":"Traceur GPS pour valise ou objets de valeur"}]},{"@type":"WebSite","@id":"https:\/\/www.spottergps.com\/fr\/#website","url":"https:\/\/www.spottergps.com\/fr\/","name":"Spotter France","description":"Een andere Spotter websites site","potentialAction":[{"@type":"SearchAction","target":{"@type":"EntryPoint","urlTemplate":"https:\/\/www.spottergps.com\/fr\/?s={search_term_string}"},"query-input":{"@type":"PropertyValueSpecification","valueRequired":true,"valueName":"search_term_string"}}],"inLanguage":"fr-FR"}]}},"_links":{"self":[{"href":"https:\/\/www.spottergps.com\/fr\/wp-json\/wp\/v2\/pages\/201","targetHints":{"allow":["GET"]}}],"collection":[{"href":"https:\/\/www.spottergps.com\/fr\/wp-json\/wp\/v2\/pages"}],"about":[{"href":"https:\/\/www.spottergps.com\/fr\/wp-json\/wp\/v2\/types\/page"}],"author":[{"embeddable":true,"href":"https:\/\/www.spottergps.com\/fr\/wp-json\/wp\/v2\/users\/1"}],"replies":[{"embeddable":true,"href":"https:\/\/www.spottergps.com\/fr\/wp-json\/wp\/v2\/comments?post=201"}],"version-history":[{"count":34,"href":"https:\/\/www.spottergps.com\/fr\/wp-json\/wp\/v2\/pages\/201\/revisions"}],"predecessor-version":[{"id":3855,"href":"https:\/\/www.spottergps.com\/fr\/wp-json\/wp\/v2\/pages\/201\/revisions\/3855"}],"wp:attachment":[{"href":"https:\/\/www.spottergps.com\/fr\/wp-json\/wp\/v2\/media?parent=201"}],"wp:term":[{"taxonomy":"category","embeddable":true,"href":"https:\/\/www.spottergps.com\/fr\/wp-json\/wp\/v2\/categories?post=201"},{"taxonomy":"post_tag","embeddable":true,"href":"https:\/\/www.spottergps.com\/fr\/wp-json\/wp\/v2\/tags?post=201"}],"curies":[{"name":"wp","href":"https:\/\/api.w.org\/{rel}","templated":true}]}}