{"id":2007,"date":"2024-07-09T11:07:07","date_gmt":"2024-07-09T10:07:07","guid":{"rendered":"https:\/\/www.spottergps.com\/fr\/?page_id=2007"},"modified":"2024-07-15T15:38:30","modified_gmt":"2024-07-15T14:38:30","slug":"start","status":"publish","type":"page","link":"https:\/\/www.spottergps.com\/fr\/start\/","title":{"rendered":"Bienvenue ! Voici comment activer votre Spotter."},"content":{"rendered":"\n<p><br>En 8 \u00e9tapes simples, activez votre Spotter. Passons-les ensemble.<br><br><\/p>\n\n\n\n<div class=\"wp-block-columns is-layout-flex wp-container-core-columns-is-layout-9d6595d7 wp-block-columns-is-layout-flex\">\n<div class=\"wp-block-column is-layout-flow wp-block-column-is-layout-flow\">\n<h2 class=\"wp-block-heading\">1. Chargez compl\u00e8tement votre Spotter en 1 \u00e0 2 heures<\/h2>\n<p>Assurez-vous de charger compl\u00e8tement votre Spotter avant de l&rsquo;activer, afin de pouvoir commencer imm\u00e9diatement. Vous trouverez un c\u00e2ble USB pour le chargement dans l&#8217;emballage.<\/p>\n<\/div>\n\n\n\n<div class=\"wp-block-column is-layout-flow wp-block-column-is-layout-flow\"><div class=\"wp-block-image\">\n<figure class=\"aligncenter size-full is-resized\"><a href=\"https:\/\/www.spottergps.com\/fr\/wp-content\/uploads\/sites\/2\/2024\/07\/opladen.jpg\"><img loading=\"lazy\" decoding=\"async\" width=\"315\" height=\"303\" src=\"https:\/\/www.spottergps.com\/fr\/wp-content\/uploads\/sites\/2\/2024\/07\/opladen.jpg\" alt=\"Spotter GPS - recharger\" class=\"wp-image-2020\" style=\"width:251px;height:auto\" srcset=\"https:\/\/www.spottergps.com\/fr\/wp-content\/uploads\/sites\/2\/2024\/07\/opladen.jpg 315w, https:\/\/www.spottergps.com\/fr\/wp-content\/uploads\/sites\/2\/2024\/07\/opladen-300x289.jpg 300w\" sizes=\"auto, (max-width: 315px) 100vw, 315px\" \/><\/a><\/figure><\/div><\/div>\n<\/div>\n\n\n\n<div class=\"wp-block-columns is-layout-flex wp-container-core-columns-is-layout-9d6595d7 wp-block-columns-is-layout-flex\">\n<div class=\"wp-block-column is-layout-flow wp-block-column-is-layout-flow\">\n<h2 class=\"wp-block-heading\">2. T\u00e9l\u00e9chargez l&rsquo;application Spotter<\/h2>\n<p>T\u00e9l\u00e9chargez gratuitement l&rsquo;application Spotter depuis <a href=\"https:\/\/apps.apple.com\/fr\/app\/spotter-gps-tracker\/id997370912?l=fr\">l&rsquo;App Store<\/a> ou le <a href=\"https:\/\/play.google.com\/store\/apps\/details?id=com.spottergps.spotter&amp;hl=fr\">Play Store<\/a>. Pr\u00e9f\u00e9rez-vous vous connecter via un ordinateur de bureau ? Rendez-vous sur <a href=\"https:\/\/my.spottergps.com\/\">my.spottergps.com<\/a>.<\/p>\n<\/div>\n\n\n\n<div class=\"wp-block-column is-layout-flow wp-block-column-is-layout-flow\"><div class=\"wp-block-image\">\n<figure class=\"aligncenter size-full is-resized\"><a href=\"https:\/\/www.spottergps.com\/fr\/wp-content\/uploads\/sites\/2\/2024\/07\/app.jpg\"><img loading=\"lazy\" decoding=\"async\" width=\"315\" height=\"303\" src=\"https:\/\/www.spottergps.com\/fr\/wp-content\/uploads\/sites\/2\/2024\/07\/app.jpg\" alt=\"Spotter GPS - t\u00e9l\u00e9charger l'application\" class=\"wp-image-2015\" style=\"width:251px;height:auto\" srcset=\"https:\/\/www.spottergps.com\/fr\/wp-content\/uploads\/sites\/2\/2024\/07\/app.jpg 315w, https:\/\/www.spottergps.com\/fr\/wp-content\/uploads\/sites\/2\/2024\/07\/app-300x289.jpg 300w\" sizes=\"auto, (max-width: 315px) 100vw, 315px\" \/><\/a><\/figure><\/div><\/div>\n<\/div>\n\n\n\n<div class=\"wp-block-columns is-layout-flex wp-container-core-columns-is-layout-9d6595d7 wp-block-columns-is-layout-flex\">\n<div class=\"wp-block-column is-layout-flow wp-block-column-is-layout-flow\">\n<h2 class=\"wp-block-heading\">3. Cr\u00e9ez un compte et connectez-vous<\/h2>\n<p>Ouvrez l&rsquo;application ou le site web et vous verrez un \u00e9cran de connexion. Vous n&rsquo;avez pas encore de compte ? Cliquez sur \u00ab\u00a0Cr\u00e9er un nouveau compte\u00a0\u00bb.<\/p>\n<\/div>\n\n\n\n<div class=\"wp-block-column is-layout-flow wp-block-column-is-layout-flow\"><div class=\"wp-block-image\">\n<figure class=\"aligncenter size-full is-resized\"><a href=\"https:\/\/www.spottergps.com\/fr\/wp-content\/uploads\/sites\/2\/2024\/07\/account-aanmaken.jpg\"><img loading=\"lazy\" decoding=\"async\" width=\"315\" height=\"303\" src=\"https:\/\/www.spottergps.com\/fr\/wp-content\/uploads\/sites\/2\/2024\/07\/account-aanmaken.jpg\" alt=\"Spotter GPS - cr\u00e9er un compte\" class=\"wp-image-2014\" style=\"width:251px;height:auto\" srcset=\"https:\/\/www.spottergps.com\/fr\/wp-content\/uploads\/sites\/2\/2024\/07\/account-aanmaken.jpg 315w, https:\/\/www.spottergps.com\/fr\/wp-content\/uploads\/sites\/2\/2024\/07\/account-aanmaken-300x289.jpg 300w\" sizes=\"auto, (max-width: 315px) 100vw, 315px\" \/><\/a><\/figure><\/div><\/div>\n<\/div>\n\n\n\n<div class=\"wp-block-columns is-layout-flex wp-container-core-columns-is-layout-9d6595d7 wp-block-columns-is-layout-flex\">\n<div class=\"wp-block-column is-layout-flow wp-block-column-is-layout-flow\">\n<h2 class=\"wp-block-heading\">4. Ajoutez le code Spotter \u00e0 votre compte<\/h2>\n<p>Utilisez le code \u00e0 12 lettres sur la carte trouv\u00e9e dans l&#8217;emballage pour ajouter le Spotter \u00e0 votre compte.<\/p>\n<\/div>\n\n\n\n<div class=\"wp-block-column is-layout-flow wp-block-column-is-layout-flow\"><div class=\"wp-block-image\">\n<figure class=\"aligncenter size-full is-resized\"><a href=\"https:\/\/www.spottergps.com\/fr\/wp-content\/uploads\/sites\/2\/2024\/07\/code.jpg\"><img loading=\"lazy\" decoding=\"async\" width=\"315\" height=\"303\" src=\"https:\/\/www.spottergps.com\/fr\/wp-content\/uploads\/sites\/2\/2024\/07\/code.jpg\" alt=\"Spotter GPS - ajouter le code Spotter\" class=\"wp-image-2016\" style=\"width:251px;height:auto\" srcset=\"https:\/\/www.spottergps.com\/fr\/wp-content\/uploads\/sites\/2\/2024\/07\/code.jpg 315w, https:\/\/www.spottergps.com\/fr\/wp-content\/uploads\/sites\/2\/2024\/07\/code-300x289.jpg 300w\" sizes=\"auto, (max-width: 315px) 100vw, 315px\" \/><\/a><\/figure><\/div><\/div>\n<\/div>\n\n\n\n<div class=\"wp-block-columns is-layout-flex wp-container-core-columns-is-layout-9d6595d7 wp-block-columns-is-layout-flex\">\n<div class=\"wp-block-column is-layout-flow wp-block-column-is-layout-flow\">\n<h2 class=\"wp-block-heading\">5. Choisissez la dur\u00e9e d&rsquo;utilisation en mois pour votre Spotter<\/h2>\n<p>Vous avez le choix entre un cr\u00e9dit pr\u00e9pay\u00e9 de 3, 6 ou 12 mois. Pour plus d&rsquo;informations sur le cr\u00e9dit pr\u00e9pay\u00e9, veuillez lire <a href=\"https:\/\/www.spottergps.com\/fr\/utilisation-prepayee\/\">ici<\/a>.<\/p>\n<p>&nbsp;<\/p>\n<\/div>\n\n\n\n<div class=\"wp-block-column is-layout-flow wp-block-column-is-layout-flow\"><div class=\"wp-block-image\">\n<figure class=\"aligncenter size-full is-resized\"><a href=\"https:\/\/www.spottergps.com\/fr\/wp-content\/uploads\/sites\/2\/2024\/07\/service-kiezen.jpg\"><img loading=\"lazy\" decoding=\"async\" width=\"315\" height=\"303\" src=\"https:\/\/www.spottergps.com\/fr\/wp-content\/uploads\/sites\/2\/2024\/07\/service-kiezen.jpg\" alt=\"Spotter GPS - choisir le cr\u00e9dit pr\u00e9pay\u00e9\" class=\"wp-image-2021\" style=\"width:251px;height:auto\" srcset=\"https:\/\/www.spottergps.com\/fr\/wp-content\/uploads\/sites\/2\/2024\/07\/service-kiezen.jpg 315w, https:\/\/www.spottergps.com\/fr\/wp-content\/uploads\/sites\/2\/2024\/07\/service-kiezen-300x289.jpg 300w\" sizes=\"auto, (max-width: 315px) 100vw, 315px\" \/><\/a><\/figure><\/div><\/div>\n<\/div>\n\n\n\n<div class=\"wp-block-columns is-layout-flex wp-container-core-columns-is-layout-9d6595d7 wp-block-columns-is-layout-flex\">\n<div class=\"wp-block-column is-layout-flow wp-block-column-is-layout-flow\">\n<h2 class=\"wp-block-heading\">6. Apr\u00e8s une charge compl\u00e8te, maintenez le bouton marche\/arr\u00eat enfonc\u00e9 pendant 5 secondes<\/h2>\n<div class=\"flex flex-grow flex-col max-w-full\">\n<div class=\"min-h-[20px] text-message flex flex-col items-start whitespace-pre-wrap break-words [.text-message+&amp;]:mt-5 juice:w-full juice:items-end overflow-x-auto gap-2\" dir=\"auto\" data-message-author-role=\"assistant\" data-message-id=\"2a7ca58e-de57-4baf-94fb-3b16e111b3ec\">\n<div class=\"flex w-full flex-col gap-1 juice:empty:hidden juice:first:pt-[3px]\">\n<div class=\"markdown prose w-full break-words dark:prose-invert light\">\n<p>Apr\u00e8s environ 1,5 \u00e0 2 heures, le Spotter est compl\u00e8tement charg\u00e9. Pour l&rsquo;allumer, maintenez le bouton d&rsquo;alimentation enfonc\u00e9 pendant 5 secondes.<\/p>\n<\/div>\n<\/div>\n<\/div>\n<\/div>\n<\/div>\n\n\n\n<div class=\"wp-block-column is-layout-flow wp-block-column-is-layout-flow\"><div class=\"wp-block-image\">\n<figure class=\"aligncenter size-full is-resized\"><a href=\"https:\/\/www.spottergps.com\/fr\/wp-content\/uploads\/sites\/2\/2024\/07\/aanzetten.jpg\"><img loading=\"lazy\" decoding=\"async\" width=\"315\" height=\"303\" src=\"https:\/\/www.spottergps.com\/fr\/wp-content\/uploads\/sites\/2\/2024\/07\/aanzetten.jpg\" alt=\"Spotter GPS - allumer\" class=\"wp-image-2013\" style=\"width:251px;height:auto\" srcset=\"https:\/\/www.spottergps.com\/fr\/wp-content\/uploads\/sites\/2\/2024\/07\/aanzetten.jpg 315w, https:\/\/www.spottergps.com\/fr\/wp-content\/uploads\/sites\/2\/2024\/07\/aanzetten-300x289.jpg 300w\" sizes=\"auto, (max-width: 315px) 100vw, 315px\" \/><\/a><\/figure><\/div><\/div>\n<\/div>\n\n\n\n<div class=\"wp-block-columns is-layout-flex wp-container-core-columns-is-layout-9d6595d7 wp-block-columns-is-layout-flex\">\n<div class=\"wp-block-column is-layout-flow wp-block-column-is-layout-flow\">\n<h2 class=\"wp-block-heading\">7. Prenez le Spotter \u00e0 l&rsquo;ext\u00e9rieur pendant 15 minutes pour obtenir la r\u00e9ception GPS et la couverture du r\u00e9seau mobile<\/h2>\n<p>Il est temps d&rsquo;utiliser le Spotter ! Prenez-le dehors pendant 15 minutes pour une r\u00e9ception GPS optimale. La premi\u00e8re fois, il peut prendre un peu plus de temps pour obtenir la localisation.<\/p>\n<\/div>\n\n\n\n<div class=\"wp-block-column is-layout-flow wp-block-column-is-layout-flow\"><div class=\"wp-block-image\">\n<figure class=\"aligncenter size-full is-resized\"><a href=\"https:\/\/www.spottergps.com\/fr\/wp-content\/uploads\/sites\/2\/2024\/07\/naar-buiten.jpg\"><img loading=\"lazy\" decoding=\"async\" width=\"315\" height=\"303\" src=\"https:\/\/www.spottergps.com\/fr\/wp-content\/uploads\/sites\/2\/2024\/07\/naar-buiten.jpg\" alt=\"Spotter GPS - activer en ext\u00e9rieur\" class=\"wp-image-2019\" style=\"width:251px;height:auto\" srcset=\"https:\/\/www.spottergps.com\/fr\/wp-content\/uploads\/sites\/2\/2024\/07\/naar-buiten.jpg 315w, https:\/\/www.spottergps.com\/fr\/wp-content\/uploads\/sites\/2\/2024\/07\/naar-buiten-300x289.jpg 300w\" sizes=\"auto, (max-width: 315px) 100vw, 315px\" \/><\/a><\/figure><\/div><\/div>\n<\/div>\n\n\n\n<div class=\"wp-block-columns is-layout-flex wp-container-core-columns-is-layout-9d6595d7 wp-block-columns-is-layout-flex\">\n<div class=\"wp-block-column is-layout-flow wp-block-column-is-layout-flow\">\n<h2 class=\"wp-block-heading\">8. La premi\u00e8re localisation est re\u00e7ue !<\/h2>\n<p>Oui ! La premi\u00e8re localisation est re\u00e7ue. Vous pouvez maintenant utiliser pleinement le Spotter. Profitez-en bien et bonne utilisation du Spotter !<\/p>\n<\/div>\n\n\n\n<div class=\"wp-block-column is-layout-flow wp-block-column-is-layout-flow\"><div class=\"wp-block-image\">\n<figure class=\"aligncenter size-full is-resized\"><a href=\"https:\/\/www.spottergps.com\/fr\/wp-content\/uploads\/sites\/2\/2024\/07\/locatie.jpg\"><img loading=\"lazy\" decoding=\"async\" width=\"315\" height=\"303\" src=\"https:\/\/www.spottergps.com\/fr\/wp-content\/uploads\/sites\/2\/2024\/07\/locatie.jpg\" alt=\"Spotter GPS - premi\u00e8re position\" class=\"wp-image-2018\" style=\"width:251px;height:auto\" srcset=\"https:\/\/www.spottergps.com\/fr\/wp-content\/uploads\/sites\/2\/2024\/07\/locatie.jpg 315w, https:\/\/www.spottergps.com\/fr\/wp-content\/uploads\/sites\/2\/2024\/07\/locatie-300x289.jpg 300w\" sizes=\"auto, (max-width: 315px) 100vw, 315px\" \/><\/a><\/figure><\/div><\/div>\n<\/div>\n\n\n\n<div class=\"wp-block-columns is-layout-flex wp-container-core-columns-is-layout-9d6595d7 wp-block-columns-is-layout-flex\">\n<div class=\"wp-block-column is-layout-flow wp-block-column-is-layout-flow\">\n<h2 class=\"wp-block-heading\">Des questions ?<\/h2>\n<div class=\"flex flex-grow flex-col max-w-full\">\n<div class=\"min-h-[20px] text-message flex flex-col items-start whitespace-pre-wrap break-words [.text-message+&amp;]:mt-5 juice:w-full juice:items-end overflow-x-auto gap-2\" dir=\"auto\" data-message-author-role=\"assistant\" data-message-id=\"d6038d16-cba3-40f4-86f0-9ed4c54ac970\">\n<div class=\"flex w-full flex-col gap-1 juice:empty:hidden juice:first:pt-[3px]\">\n<div class=\"markdown prose w-full break-words dark:prose-invert light\">\n<p>Consultez <a href=\"https:\/\/www.spottergps.com\/fr\/mode-demploi\/\">le manuel<\/a> du produit ou <a href=\"https:\/\/www.spottergps.com\/fr\/faq\/\">la FAQ<\/a> avec les questions les plus fr\u00e9quemment pos\u00e9es par nos utilisateurs.<\/p>\n<\/div>\n<\/div>\n<\/div>\n<\/div>\n<\/div>\n\n\n\n<div class=\"wp-block-column is-layout-flow wp-block-column-is-layout-flow\"><div class=\"wp-block-image\">\n<figure class=\"aligncenter size-full is-resized\"><a href=\"https:\/\/www.spottergps.com\/fr\/wp-content\/uploads\/sites\/2\/2024\/07\/vragen.jpg\"><img loading=\"lazy\" decoding=\"async\" width=\"315\" height=\"303\" src=\"https:\/\/www.spottergps.com\/fr\/wp-content\/uploads\/sites\/2\/2024\/07\/vragen.jpg\" alt=\"Spotter GPS - questions ?\" class=\"wp-image-2022\" style=\"width:251px;height:auto\" srcset=\"https:\/\/www.spottergps.com\/fr\/wp-content\/uploads\/sites\/2\/2024\/07\/vragen.jpg 315w, https:\/\/www.spottergps.com\/fr\/wp-content\/uploads\/sites\/2\/2024\/07\/vragen-300x289.jpg 300w\" sizes=\"auto, (max-width: 315px) 100vw, 315px\" \/><\/a><\/figure><\/div><\/div>\n<\/div>\n\n\n\n<div class=\"wp-block-columns is-layout-flex wp-container-core-columns-is-layout-9d6595d7 wp-block-columns-is-layout-flex\">\n<div class=\"wp-block-column is-layout-flow wp-block-column-is-layout-flow\">\n<h2 class=\"wp-block-heading\">Besoin d&rsquo;aide ?<\/h2>\n<p>Notre service client est \u00e0 votre disposition. Veuillez remplir <a href=\"https:\/\/www.spottergps.com\/fr\/service-clients\/\">le formulaire de contact<\/a> et nous vous contacterons rapidement.<\/p>\n<\/div>\n\n\n\n<div class=\"wp-block-column is-layout-flow wp-block-column-is-layout-flow\"><div class=\"wp-block-image\">\n<figure class=\"aligncenter size-full is-resized\"><a href=\"https:\/\/www.spottergps.com\/fr\/wp-content\/uploads\/sites\/2\/2024\/07\/help.jpg\"><img loading=\"lazy\" decoding=\"async\" width=\"315\" height=\"303\" src=\"https:\/\/www.spottergps.com\/fr\/wp-content\/uploads\/sites\/2\/2024\/07\/help.jpg\" alt=\"Spotter GPS - besoin d'aide ?\" class=\"wp-image-2017\" style=\"width:251px;height:auto\" srcset=\"https:\/\/www.spottergps.com\/fr\/wp-content\/uploads\/sites\/2\/2024\/07\/help.jpg 315w, https:\/\/www.spottergps.com\/fr\/wp-content\/uploads\/sites\/2\/2024\/07\/help-300x289.jpg 300w\" sizes=\"auto, (max-width: 315px) 100vw, 315px\" \/><\/a><\/figure><\/div><\/div>\n<\/div>\n","protected":false},"excerpt":{"rendered":"<p>En 8 \u00e9tapes simples, activez votre Spotter. Passons-les ensemble. 1. Chargez compl\u00e8tement votre Spotter en 1 \u00e0 2 heures Assurez-vous de charger compl\u00e8tement votre Spotter avant de l&rsquo;activer, afin de pouvoir commencer imm\u00e9diatement. Vous trouverez un c\u00e2ble USB pour le chargement dans l&#8217;emballage. 2. T\u00e9l\u00e9chargez l&rsquo;application Spotter T\u00e9l\u00e9chargez gratuitement l&rsquo;application Spotter depuis l&rsquo;App Store ou [&hellip;]<\/p>\n","protected":false},"author":8,"featured_media":0,"parent":0,"menu_order":0,"comment_status":"closed","ping_status":"closed","template":"","meta":{"_acf_changed":false,"footnotes":""},"categories":[],"tags":[],"class_list":["post-2007","page","type-page","status-publish","hentry"],"acf":[],"yoast_head":"<!-- This site is optimized with the Yoast SEO plugin v25.9 - https:\/\/yoast.com\/wordpress\/plugins\/seo\/ -->\n<title>Bienvenue ! Voici comment activer votre Spotter. - Spotter France<\/title>\n<meta name=\"robots\" content=\"index, follow, max-snippet:-1, max-image-preview:large, max-video-preview:-1\" \/>\n<link rel=\"canonical\" href=\"https:\/\/www.spottergps.com\/fr\/start\/\" \/>\n<meta property=\"og:locale\" content=\"fr_FR\" \/>\n<meta property=\"og:type\" content=\"article\" \/>\n<meta property=\"og:title\" content=\"Bienvenue ! Voici comment activer votre Spotter. - Spotter France\" \/>\n<meta property=\"og:description\" content=\"En 8 \u00e9tapes simples, activez votre Spotter. Passons-les ensemble. 1. Chargez compl\u00e8tement votre Spotter en 1 \u00e0 2 heures Assurez-vous de charger compl\u00e8tement votre Spotter avant de l&rsquo;activer, afin de pouvoir commencer imm\u00e9diatement. Vous trouverez un c\u00e2ble USB pour le chargement dans l&#8217;emballage. 2. T\u00e9l\u00e9chargez l&rsquo;application Spotter T\u00e9l\u00e9chargez gratuitement l&rsquo;application Spotter depuis l&rsquo;App Store ou [&hellip;]\" \/>\n<meta property=\"og:url\" content=\"https:\/\/www.spottergps.com\/fr\/start\/\" \/>\n<meta property=\"og:site_name\" content=\"Spotter France\" \/>\n<meta property=\"article:modified_time\" content=\"2024-07-15T14:38:30+00:00\" \/>\n<meta property=\"og:image\" content=\"https:\/\/www.spottergps.com\/fr\/wp-content\/uploads\/sites\/2\/2024\/07\/opladen.jpg\" \/>\n<meta name=\"twitter:card\" content=\"summary_large_image\" \/>\n<meta name=\"twitter:label1\" content=\"Dur\u00e9e de lecture estim\u00e9e\" \/>\n\t<meta name=\"twitter:data1\" content=\"4 minutes\" \/>\n<script type=\"application\/ld+json\" class=\"yoast-schema-graph\">{\"@context\":\"https:\/\/schema.org\",\"@graph\":[{\"@type\":\"WebPage\",\"@id\":\"https:\/\/www.spottergps.com\/fr\/start\/\",\"url\":\"https:\/\/www.spottergps.com\/fr\/start\/\",\"name\":\"Bienvenue ! Voici comment activer votre Spotter. - Spotter France\",\"isPartOf\":{\"@id\":\"https:\/\/www.spottergps.com\/fr\/#website\"},\"primaryImageOfPage\":{\"@id\":\"https:\/\/www.spottergps.com\/fr\/start\/#primaryimage\"},\"image\":{\"@id\":\"https:\/\/www.spottergps.com\/fr\/start\/#primaryimage\"},\"thumbnailUrl\":\"https:\/\/www.spottergps.com\/fr\/wp-content\/uploads\/sites\/2\/2024\/07\/opladen.jpg\",\"datePublished\":\"2024-07-09T10:07:07+00:00\",\"dateModified\":\"2024-07-15T14:38:30+00:00\",\"breadcrumb\":{\"@id\":\"https:\/\/www.spottergps.com\/fr\/start\/#breadcrumb\"},\"inLanguage\":\"fr-FR\",\"potentialAction\":[{\"@type\":\"ReadAction\",\"target\":[\"https:\/\/www.spottergps.com\/fr\/start\/\"]}]},{\"@type\":\"ImageObject\",\"inLanguage\":\"fr-FR\",\"@id\":\"https:\/\/www.spottergps.com\/fr\/start\/#primaryimage\",\"url\":\"https:\/\/www.spottergps.com\/fr\/wp-content\/uploads\/sites\/2\/2024\/07\/opladen.jpg\",\"contentUrl\":\"https:\/\/www.spottergps.com\/fr\/wp-content\/uploads\/sites\/2\/2024\/07\/opladen.jpg\",\"width\":315,\"height\":303,\"caption\":\"Spotter GPS - recharger\"},{\"@type\":\"BreadcrumbList\",\"@id\":\"https:\/\/www.spottergps.com\/fr\/start\/#breadcrumb\",\"itemListElement\":[{\"@type\":\"ListItem\",\"position\":1,\"name\":\"Home\",\"item\":\"https:\/\/www.spottergps.com\/fr\/\"},{\"@type\":\"ListItem\",\"position\":2,\"name\":\"Bienvenue ! Voici comment activer votre Spotter.\"}]},{\"@type\":\"WebSite\",\"@id\":\"https:\/\/www.spottergps.com\/fr\/#website\",\"url\":\"https:\/\/www.spottergps.com\/fr\/\",\"name\":\"Spotter France\",\"description\":\"Een andere Spotter websites site\",\"potentialAction\":[{\"@type\":\"SearchAction\",\"target\":{\"@type\":\"EntryPoint\",\"urlTemplate\":\"https:\/\/www.spottergps.com\/fr\/?s={search_term_string}\"},\"query-input\":{\"@type\":\"PropertyValueSpecification\",\"valueRequired\":true,\"valueName\":\"search_term_string\"}}],\"inLanguage\":\"fr-FR\"}]}<\/script>\n<!-- \/ Yoast SEO plugin. -->","yoast_head_json":{"title":"Bienvenue ! Voici comment activer votre Spotter. - Spotter France","robots":{"index":"index","follow":"follow","max-snippet":"max-snippet:-1","max-image-preview":"max-image-preview:large","max-video-preview":"max-video-preview:-1"},"canonical":"https:\/\/www.spottergps.com\/fr\/start\/","og_locale":"fr_FR","og_type":"article","og_title":"Bienvenue ! Voici comment activer votre Spotter. - Spotter France","og_description":"En 8 \u00e9tapes simples, activez votre Spotter. Passons-les ensemble. 1. Chargez compl\u00e8tement votre Spotter en 1 \u00e0 2 heures Assurez-vous de charger compl\u00e8tement votre Spotter avant de l&rsquo;activer, afin de pouvoir commencer imm\u00e9diatement. Vous trouverez un c\u00e2ble USB pour le chargement dans l&#8217;emballage. 2. T\u00e9l\u00e9chargez l&rsquo;application Spotter T\u00e9l\u00e9chargez gratuitement l&rsquo;application Spotter depuis l&rsquo;App Store ou [&hellip;]","og_url":"https:\/\/www.spottergps.com\/fr\/start\/","og_site_name":"Spotter France","article_modified_time":"2024-07-15T14:38:30+00:00","og_image":[{"url":"https:\/\/www.spottergps.com\/fr\/wp-content\/uploads\/sites\/2\/2024\/07\/opladen.jpg","type":"","width":"","height":""}],"twitter_card":"summary_large_image","twitter_misc":{"Dur\u00e9e de lecture estim\u00e9e":"4 minutes"},"schema":{"@context":"https:\/\/schema.org","@graph":[{"@type":"WebPage","@id":"https:\/\/www.spottergps.com\/fr\/start\/","url":"https:\/\/www.spottergps.com\/fr\/start\/","name":"Bienvenue ! Voici comment activer votre Spotter. - Spotter France","isPartOf":{"@id":"https:\/\/www.spottergps.com\/fr\/#website"},"primaryImageOfPage":{"@id":"https:\/\/www.spottergps.com\/fr\/start\/#primaryimage"},"image":{"@id":"https:\/\/www.spottergps.com\/fr\/start\/#primaryimage"},"thumbnailUrl":"https:\/\/www.spottergps.com\/fr\/wp-content\/uploads\/sites\/2\/2024\/07\/opladen.jpg","datePublished":"2024-07-09T10:07:07+00:00","dateModified":"2024-07-15T14:38:30+00:00","breadcrumb":{"@id":"https:\/\/www.spottergps.com\/fr\/start\/#breadcrumb"},"inLanguage":"fr-FR","potentialAction":[{"@type":"ReadAction","target":["https:\/\/www.spottergps.com\/fr\/start\/"]}]},{"@type":"ImageObject","inLanguage":"fr-FR","@id":"https:\/\/www.spottergps.com\/fr\/start\/#primaryimage","url":"https:\/\/www.spottergps.com\/fr\/wp-content\/uploads\/sites\/2\/2024\/07\/opladen.jpg","contentUrl":"https:\/\/www.spottergps.com\/fr\/wp-content\/uploads\/sites\/2\/2024\/07\/opladen.jpg","width":315,"height":303,"caption":"Spotter GPS - recharger"},{"@type":"BreadcrumbList","@id":"https:\/\/www.spottergps.com\/fr\/start\/#breadcrumb","itemListElement":[{"@type":"ListItem","position":1,"name":"Home","item":"https:\/\/www.spottergps.com\/fr\/"},{"@type":"ListItem","position":2,"name":"Bienvenue ! Voici comment activer votre Spotter."}]},{"@type":"WebSite","@id":"https:\/\/www.spottergps.com\/fr\/#website","url":"https:\/\/www.spottergps.com\/fr\/","name":"Spotter France","description":"Een andere Spotter websites site","potentialAction":[{"@type":"SearchAction","target":{"@type":"EntryPoint","urlTemplate":"https:\/\/www.spottergps.com\/fr\/?s={search_term_string}"},"query-input":{"@type":"PropertyValueSpecification","valueRequired":true,"valueName":"search_term_string"}}],"inLanguage":"fr-FR"}]}},"_links":{"self":[{"href":"https:\/\/www.spottergps.com\/fr\/wp-json\/wp\/v2\/pages\/2007","targetHints":{"allow":["GET"]}}],"collection":[{"href":"https:\/\/www.spottergps.com\/fr\/wp-json\/wp\/v2\/pages"}],"about":[{"href":"https:\/\/www.spottergps.com\/fr\/wp-json\/wp\/v2\/types\/page"}],"author":[{"embeddable":true,"href":"https:\/\/www.spottergps.com\/fr\/wp-json\/wp\/v2\/users\/8"}],"replies":[{"embeddable":true,"href":"https:\/\/www.spottergps.com\/fr\/wp-json\/wp\/v2\/comments?post=2007"}],"version-history":[{"count":3,"href":"https:\/\/www.spottergps.com\/fr\/wp-json\/wp\/v2\/pages\/2007\/revisions"}],"predecessor-version":[{"id":2024,"href":"https:\/\/www.spottergps.com\/fr\/wp-json\/wp\/v2\/pages\/2007\/revisions\/2024"}],"wp:attachment":[{"href":"https:\/\/www.spottergps.com\/fr\/wp-json\/wp\/v2\/media?parent=2007"}],"wp:term":[{"taxonomy":"category","embeddable":true,"href":"https:\/\/www.spottergps.com\/fr\/wp-json\/wp\/v2\/categories?post=2007"},{"taxonomy":"post_tag","embeddable":true,"href":"https:\/\/www.spottergps.com\/fr\/wp-json\/wp\/v2\/tags?post=2007"}],"curies":[{"name":"wp","href":"https:\/\/api.w.org\/{rel}","templated":true}]}}