{"id":1900,"date":"2024-04-09T12:11:51","date_gmt":"2024-04-09T11:11:51","guid":{"rendered":"https:\/\/www.spottergps.com\/fr\/?page_id=1900"},"modified":"2026-04-07T09:01:03","modified_gmt":"2026-04-07T08:01:03","slug":"traceur-gps-personnes-agees","status":"publish","type":"page","link":"https:\/\/www.spottergps.com\/fr\/traceur-gps-personnes-agees\/","title":{"rendered":"GPS pour personne ag\u00e9e avec bouton SOS"},"content":{"rendered":"\n\n\n\n\n<div class=\"wp-block-columns is-layout-flex wp-container-core-columns-is-layout-9d6595d7 wp-block-columns-is-layout-flex\">\n<div class=\"wp-block-column is-layout-flow wp-block-column-is-layout-flow\">\n<p><span class=\"jCAhz ChMk0b\"><span class=\"ryNqvb\">L&rsquo;inqui\u00e9tude des personnes \u00e2g\u00e9es qui partent seules est courante.<\/span><\/span> <span class=\"jCAhz ChMk0b\"><span class=\"ryNqvb\">Le traceur GPS Spotter\u00ae \u00e9limine ce souci pour vous et la personne impliqu\u00e9e.<\/span><\/span><\/p>\n<ul>\n<li><span class=\"jCAhz ChMk0b\"><span class=\"ryNqvb\">Placez le traceur GPS Spotter\u00ae dans votre poche, votre sac ou votre d\u00e9ambulateur et vous saurez toujours o\u00f9 se trouve quelqu&rsquo;un via votre compte en ligne ou votre application pour smartphone.<\/span><\/span><\/li>\n<li><span class=\"jCAhz ChMk0b\"><span class=\"ryNqvb\">Ou configurez une zone pour une r\u00e9gion sp\u00e9cifique et recevez une notification si la zone est toujours disponible.<\/span><\/span><\/li>\n<li><span class=\"jCAhz ChMk0b\"><span class=\"ryNqvb\">Vous pouvez m\u00eame vous appeler. <\/span><\/span><\/li>\n<li><span class=\"jCAhz ChMk0b\"><span class=\"ryNqvb\">Largement utilis\u00e9 dans le domaine de la sant\u00e9. <\/span><\/span><\/li>\n<li><span class=\"jCAhz ChMk0b\"><span class=\"ryNqvb\">Pas d&rsquo;abonnement, juste une utilisation pr\u00e9pay\u00e9e. <\/span><\/span><\/li>\n<li><span class=\"jCAhz ChMk0b\"><span class=\"ryNqvb\">Service client interne pour toute question en cours d&rsquo;utilisation.<\/span><\/span> <\/li>\n<\/ul>\n<p><a class=\"main-button\" title=\"Direct bestellen!\" href=\"https:\/\/shop.spottergps.com\/nl\/spotter-x10b.html\" target=\"_blank\" rel=\"noopener\">D\u00e9couvrez le traceur GPS Spotter<\/a><\/p>\n<\/div>\n\n\n\n<div class=\"wp-block-column is-layout-flow wp-block-column-is-layout-flow\">\n<figure class=\"wp-block-image size-full\"><a href=\"https:\/\/www.spottergps.com\/fr\/wp-content\/uploads\/sites\/2\/2024\/04\/Traceur-GPS-pour-les-personnes-agees-Spotter.jpg\"><img loading=\"lazy\" decoding=\"async\" width=\"538\" height=\"451\" src=\"https:\/\/www.spottergps.com\/fr\/wp-content\/uploads\/sites\/2\/2024\/04\/Traceur-GPS-pour-les-personnes-agees-Spotter.jpg\" alt=\"\" class=\"wp-image-1936\" srcset=\"https:\/\/www.spottergps.com\/fr\/wp-content\/uploads\/sites\/2\/2024\/04\/Traceur-GPS-pour-les-personnes-agees-Spotter.jpg 538w, https:\/\/www.spottergps.com\/fr\/wp-content\/uploads\/sites\/2\/2024\/04\/Traceur-GPS-pour-les-personnes-agees-Spotter-300x251.jpg 300w\" sizes=\"auto, (max-width: 538px) 100vw, 538px\" \/><\/a><\/figure>\n<\/div>\n<\/div>\n","protected":false},"excerpt":{"rendered":"<p>L&rsquo;inqui\u00e9tude des personnes \u00e2g\u00e9es qui partent seules est courante. Le traceur GPS Spotter\u00ae \u00e9limine ce souci pour vous et la personne impliqu\u00e9e. Placez le traceur GPS Spotter\u00ae dans votre poche, votre sac ou votre d\u00e9ambulateur et vous saurez toujours o\u00f9 se trouve quelqu&rsquo;un via votre compte en ligne ou votre application pour smartphone. Ou configurez [&hellip;]<\/p>\n","protected":false},"author":8,"featured_media":0,"parent":0,"menu_order":0,"comment_status":"closed","ping_status":"closed","template":"","meta":{"_acf_changed":false,"footnotes":""},"categories":[],"tags":[],"class_list":["post-1900","page","type-page","status-publish","hentry"],"acf":[],"yoast_head":"<!-- This site is optimized with the Yoast SEO plugin v25.9 - https:\/\/yoast.com\/wordpress\/plugins\/seo\/ -->\n<title>GPS senior avec bouton SOS \u2013 S\u00e9curit\u00e9 partout | Spotter\u00ae \u2764<\/title>\n<meta name=\"description\" content=\"Traceur GPS Spotter sp\u00e9cialement con\u00e7u pour les personnes \u00e2g\u00e9es. Savoir o\u00f9 se trouve quelqu&#039;un gr\u00e2ce \u00e0 votre smartphone. Pas d&#039;abonnement.\" \/>\n<meta name=\"robots\" content=\"index, follow, max-snippet:-1, max-image-preview:large, max-video-preview:-1\" \/>\n<link rel=\"canonical\" href=\"https:\/\/www.spottergps.com\/fr\/traceur-gps-personnes-agees\/\" \/>\n<meta property=\"og:locale\" content=\"fr_FR\" \/>\n<meta property=\"og:type\" content=\"article\" \/>\n<meta property=\"og:title\" content=\"GPS senior avec bouton SOS \u2013 S\u00e9curit\u00e9 partout | Spotter\u00ae \u2764\" \/>\n<meta property=\"og:description\" content=\"Traceur GPS Spotter sp\u00e9cialement con\u00e7u pour les personnes \u00e2g\u00e9es. Savoir o\u00f9 se trouve quelqu&#039;un gr\u00e2ce \u00e0 votre smartphone. Pas d&#039;abonnement.\" \/>\n<meta property=\"og:url\" content=\"https:\/\/www.spottergps.com\/fr\/traceur-gps-personnes-agees\/\" \/>\n<meta property=\"og:site_name\" content=\"Spotter France\" \/>\n<meta property=\"article:modified_time\" content=\"2026-04-07T08:01:03+00:00\" \/>\n<meta property=\"og:image\" content=\"https:\/\/www.spottergps.com\/fr\/wp-content\/uploads\/sites\/2\/2024\/04\/Traceur-GPS-pour-les-personnes-agees-Spotter.jpg\" \/>\n\t<meta property=\"og:image:width\" content=\"538\" \/>\n\t<meta property=\"og:image:height\" content=\"451\" \/>\n\t<meta property=\"og:image:type\" content=\"image\/jpeg\" \/>\n<meta name=\"twitter:card\" content=\"summary_large_image\" \/>\n<meta name=\"twitter:label1\" content=\"Dur\u00e9e de lecture estim\u00e9e\" \/>\n\t<meta name=\"twitter:data1\" content=\"1 minute\" \/>\n<script type=\"application\/ld+json\" class=\"yoast-schema-graph\">{\"@context\":\"https:\/\/schema.org\",\"@graph\":[{\"@type\":\"WebPage\",\"@id\":\"https:\/\/www.spottergps.com\/fr\/traceur-gps-personnes-agees\/\",\"url\":\"https:\/\/www.spottergps.com\/fr\/traceur-gps-personnes-agees\/\",\"name\":\"GPS senior avec bouton SOS \u2013 S\u00e9curit\u00e9 partout | Spotter\u00ae \u2764\",\"isPartOf\":{\"@id\":\"https:\/\/www.spottergps.com\/fr\/#website\"},\"primaryImageOfPage\":{\"@id\":\"https:\/\/www.spottergps.com\/fr\/traceur-gps-personnes-agees\/#primaryimage\"},\"image\":{\"@id\":\"https:\/\/www.spottergps.com\/fr\/traceur-gps-personnes-agees\/#primaryimage\"},\"thumbnailUrl\":\"https:\/\/www.spottergps.com\/fr\/wp-content\/uploads\/sites\/2\/2024\/04\/Traceur-GPS-pour-les-personnes-agees-Spotter.jpg\",\"datePublished\":\"2024-04-09T11:11:51+00:00\",\"dateModified\":\"2026-04-07T08:01:03+00:00\",\"description\":\"Traceur GPS Spotter sp\u00e9cialement con\u00e7u pour les personnes \u00e2g\u00e9es. Savoir o\u00f9 se trouve quelqu'un gr\u00e2ce \u00e0 votre smartphone. Pas d'abonnement.\",\"breadcrumb\":{\"@id\":\"https:\/\/www.spottergps.com\/fr\/traceur-gps-personnes-agees\/#breadcrumb\"},\"inLanguage\":\"fr-FR\",\"potentialAction\":[{\"@type\":\"ReadAction\",\"target\":[\"https:\/\/www.spottergps.com\/fr\/traceur-gps-personnes-agees\/\"]}]},{\"@type\":\"ImageObject\",\"inLanguage\":\"fr-FR\",\"@id\":\"https:\/\/www.spottergps.com\/fr\/traceur-gps-personnes-agees\/#primaryimage\",\"url\":\"https:\/\/www.spottergps.com\/fr\/wp-content\/uploads\/sites\/2\/2024\/04\/Traceur-GPS-pour-les-personnes-agees-Spotter.jpg\",\"contentUrl\":\"https:\/\/www.spottergps.com\/fr\/wp-content\/uploads\/sites\/2\/2024\/04\/Traceur-GPS-pour-les-personnes-agees-Spotter.jpg\",\"width\":538,\"height\":451},{\"@type\":\"BreadcrumbList\",\"@id\":\"https:\/\/www.spottergps.com\/fr\/traceur-gps-personnes-agees\/#breadcrumb\",\"itemListElement\":[{\"@type\":\"ListItem\",\"position\":1,\"name\":\"Home\",\"item\":\"https:\/\/www.spottergps.com\/fr\/\"},{\"@type\":\"ListItem\",\"position\":2,\"name\":\"GPS pour personne ag\u00e9e avec bouton SOS\"}]},{\"@type\":\"WebSite\",\"@id\":\"https:\/\/www.spottergps.com\/fr\/#website\",\"url\":\"https:\/\/www.spottergps.com\/fr\/\",\"name\":\"Spotter France\",\"description\":\"Een andere Spotter websites site\",\"potentialAction\":[{\"@type\":\"SearchAction\",\"target\":{\"@type\":\"EntryPoint\",\"urlTemplate\":\"https:\/\/www.spottergps.com\/fr\/?s={search_term_string}\"},\"query-input\":{\"@type\":\"PropertyValueSpecification\",\"valueRequired\":true,\"valueName\":\"search_term_string\"}}],\"inLanguage\":\"fr-FR\"}]}<\/script>\n<!-- \/ Yoast SEO plugin. -->","yoast_head_json":{"title":"GPS senior avec bouton SOS \u2013 S\u00e9curit\u00e9 partout | Spotter\u00ae \u2764","description":"Traceur GPS Spotter sp\u00e9cialement con\u00e7u pour les personnes \u00e2g\u00e9es. Savoir o\u00f9 se trouve quelqu'un gr\u00e2ce \u00e0 votre smartphone. Pas d'abonnement.","robots":{"index":"index","follow":"follow","max-snippet":"max-snippet:-1","max-image-preview":"max-image-preview:large","max-video-preview":"max-video-preview:-1"},"canonical":"https:\/\/www.spottergps.com\/fr\/traceur-gps-personnes-agees\/","og_locale":"fr_FR","og_type":"article","og_title":"GPS senior avec bouton SOS \u2013 S\u00e9curit\u00e9 partout | Spotter\u00ae \u2764","og_description":"Traceur GPS Spotter sp\u00e9cialement con\u00e7u pour les personnes \u00e2g\u00e9es. Savoir o\u00f9 se trouve quelqu'un gr\u00e2ce \u00e0 votre smartphone. Pas d'abonnement.","og_url":"https:\/\/www.spottergps.com\/fr\/traceur-gps-personnes-agees\/","og_site_name":"Spotter France","article_modified_time":"2026-04-07T08:01:03+00:00","og_image":[{"width":538,"height":451,"url":"https:\/\/www.spottergps.com\/fr\/wp-content\/uploads\/sites\/2\/2024\/04\/Traceur-GPS-pour-les-personnes-agees-Spotter.jpg","type":"image\/jpeg"}],"twitter_card":"summary_large_image","twitter_misc":{"Dur\u00e9e de lecture estim\u00e9e":"1 minute"},"schema":{"@context":"https:\/\/schema.org","@graph":[{"@type":"WebPage","@id":"https:\/\/www.spottergps.com\/fr\/traceur-gps-personnes-agees\/","url":"https:\/\/www.spottergps.com\/fr\/traceur-gps-personnes-agees\/","name":"GPS senior avec bouton SOS \u2013 S\u00e9curit\u00e9 partout | Spotter\u00ae \u2764","isPartOf":{"@id":"https:\/\/www.spottergps.com\/fr\/#website"},"primaryImageOfPage":{"@id":"https:\/\/www.spottergps.com\/fr\/traceur-gps-personnes-agees\/#primaryimage"},"image":{"@id":"https:\/\/www.spottergps.com\/fr\/traceur-gps-personnes-agees\/#primaryimage"},"thumbnailUrl":"https:\/\/www.spottergps.com\/fr\/wp-content\/uploads\/sites\/2\/2024\/04\/Traceur-GPS-pour-les-personnes-agees-Spotter.jpg","datePublished":"2024-04-09T11:11:51+00:00","dateModified":"2026-04-07T08:01:03+00:00","description":"Traceur GPS Spotter sp\u00e9cialement con\u00e7u pour les personnes \u00e2g\u00e9es. Savoir o\u00f9 se trouve quelqu'un gr\u00e2ce \u00e0 votre smartphone. Pas d'abonnement.","breadcrumb":{"@id":"https:\/\/www.spottergps.com\/fr\/traceur-gps-personnes-agees\/#breadcrumb"},"inLanguage":"fr-FR","potentialAction":[{"@type":"ReadAction","target":["https:\/\/www.spottergps.com\/fr\/traceur-gps-personnes-agees\/"]}]},{"@type":"ImageObject","inLanguage":"fr-FR","@id":"https:\/\/www.spottergps.com\/fr\/traceur-gps-personnes-agees\/#primaryimage","url":"https:\/\/www.spottergps.com\/fr\/wp-content\/uploads\/sites\/2\/2024\/04\/Traceur-GPS-pour-les-personnes-agees-Spotter.jpg","contentUrl":"https:\/\/www.spottergps.com\/fr\/wp-content\/uploads\/sites\/2\/2024\/04\/Traceur-GPS-pour-les-personnes-agees-Spotter.jpg","width":538,"height":451},{"@type":"BreadcrumbList","@id":"https:\/\/www.spottergps.com\/fr\/traceur-gps-personnes-agees\/#breadcrumb","itemListElement":[{"@type":"ListItem","position":1,"name":"Home","item":"https:\/\/www.spottergps.com\/fr\/"},{"@type":"ListItem","position":2,"name":"GPS pour personne ag\u00e9e avec bouton SOS"}]},{"@type":"WebSite","@id":"https:\/\/www.spottergps.com\/fr\/#website","url":"https:\/\/www.spottergps.com\/fr\/","name":"Spotter France","description":"Een andere Spotter websites site","potentialAction":[{"@type":"SearchAction","target":{"@type":"EntryPoint","urlTemplate":"https:\/\/www.spottergps.com\/fr\/?s={search_term_string}"},"query-input":{"@type":"PropertyValueSpecification","valueRequired":true,"valueName":"search_term_string"}}],"inLanguage":"fr-FR"}]}},"_links":{"self":[{"href":"https:\/\/www.spottergps.com\/fr\/wp-json\/wp\/v2\/pages\/1900","targetHints":{"allow":["GET"]}}],"collection":[{"href":"https:\/\/www.spottergps.com\/fr\/wp-json\/wp\/v2\/pages"}],"about":[{"href":"https:\/\/www.spottergps.com\/fr\/wp-json\/wp\/v2\/types\/page"}],"author":[{"embeddable":true,"href":"https:\/\/www.spottergps.com\/fr\/wp-json\/wp\/v2\/users\/8"}],"replies":[{"embeddable":true,"href":"https:\/\/www.spottergps.com\/fr\/wp-json\/wp\/v2\/comments?post=1900"}],"version-history":[{"count":44,"href":"https:\/\/www.spottergps.com\/fr\/wp-json\/wp\/v2\/pages\/1900\/revisions"}],"predecessor-version":[{"id":3862,"href":"https:\/\/www.spottergps.com\/fr\/wp-json\/wp\/v2\/pages\/1900\/revisions\/3862"}],"wp:attachment":[{"href":"https:\/\/www.spottergps.com\/fr\/wp-json\/wp\/v2\/media?parent=1900"}],"wp:term":[{"taxonomy":"category","embeddable":true,"href":"https:\/\/www.spottergps.com\/fr\/wp-json\/wp\/v2\/categories?post=1900"},{"taxonomy":"post_tag","embeddable":true,"href":"https:\/\/www.spottergps.com\/fr\/wp-json\/wp\/v2\/tags?post=1900"}],"curies":[{"name":"wp","href":"https:\/\/api.w.org\/{rel}","templated":true}]}}