{"id":182,"date":"2015-06-17T09:49:26","date_gmt":"2015-06-17T08:49:26","guid":{"rendered":"http:\/\/www.spottergps.com\/fr\/?page_id=182"},"modified":"2026-03-24T14:00:42","modified_gmt":"2026-03-24T13:00:42","slug":"traceur-gps-enfant","status":"publish","type":"page","link":"https:\/\/www.spottergps.com\/fr\/traceur-gps-enfant\/","title":{"rendered":"Spotter\u00ae traceur GPS enfant"},"content":{"rendered":"\n<h2 class=\"wp-block-heading\">Le tracker GPS pour enfants le plus vendu\u2026<\/h2>\n\n\n\n<div class=\"wp-block-columns is-layout-flex wp-container-core-columns-is-layout-9d6595d7 wp-block-columns-is-layout-flex\">\n<div class=\"wp-block-column is-layout-flow wp-block-column-is-layout-flow\" style=\"flex-basis:50%\">\n<p><span class=\"jCAhz ChMk0b\"><span class=\"ryNqvb\">D\u00e9sormais, soyez toujours en contact avec votre enfant lorsque vous jouez dehors.<\/span><\/span> <span class=\"jCAhz ChMk0b\"><span class=\"ryNqvb\">Fournissez un tracker GPS Spotter pour que vous sachiez toujours o\u00f9 ils se trouvent.<\/span><\/span> <span class=\"jCAhz ChMk0b\"><span class=\"ryNqvb\">Compact et facile \u00e0 transporter dans un sac ou sur un cordon autour du cou.<\/span><\/span><\/p>\n<ul>\n<li><span class=\"jCAhz ChMk0b\"><span class=\"ryNqvb\">Visualisez o\u00f9 se trouve votre enfant <strong>via votre smartphone. <\/strong><\/span><\/span><\/li>\n<li><span class=\"jCAhz JpY6Fd\"><span class=\"ryNqvb\">Des <strong>emplacements GPS<\/strong>, du <strong>bouton SOS<\/strong> \u00e0 la fonction <strong>d&rsquo;appel<\/strong>. <\/span><\/span><\/li>\n<li><span class=\"jCAhz\"><span class=\"ryNqvb\">Pas de soucis.<\/span><\/span> <span class=\"jCAhz\"><span class=\"ryNqvb\">Fonctionne imm\u00e9diatement, <strong>y compris<\/strong> <strong>la carte SIM.<\/strong><\/span><\/span><\/li>\n<li><strong>Marque europ\u00e9enne<\/strong> fiable et certifi\u00e9e<\/li>\n<li><span class=\"jCAhz ChMk0b\"><span class=\"ryNqvb\"><strong>Robuste<\/strong> et <strong>\u00e9tanche<\/strong>. <\/span><\/span><\/li>\n<li><span class=\"jCAhz ChMk0b\"><span class=\"ryNqvb\">Fonctionne dans <strong>toute l\u2019Europe<\/strong>, <strong>\u00e9ventuellement dans le monde entier. <\/strong><\/span><\/span><\/li>\n<li><span class=\"jCAhz ChMk0b\"><span class=\"ryNqvb\"><strong>Pas d&rsquo;abonnement,<\/strong> mais utilisation pr\u00e9pay\u00e9e.<\/span><\/span><\/li>\n<li><span class=\"jCAhz ChMk0b\"><span class=\"ryNqvb\">Plus de <strong>50\u00a0 000 utilisateurs.<\/strong><\/span><\/span><\/li>\n<\/ul>\n<p><strong><a class=\"main-button\" title=\"Spotter GPS Watch pour enfants\" href=\"https:\/\/shop.spottergps.com\/fr\/spotter-x10b.html\" target=\"_blank\" rel=\"noopener\">Voir le traceur GPS Spotter<\/a><\/strong><\/p>\n<\/div>\n\n\n\n<div class=\"wp-block-column is-layout-flow wp-block-column-is-layout-flow\" style=\"flex-basis:50%\">\n<figure class=\"wp-block-image size-full is-resized\"><a href=\"https:\/\/shop.spottergps.com\/fr\/spotter-x10b.html\"><img loading=\"lazy\" decoding=\"async\" width=\"700\" height=\"657\" src=\"https:\/\/www.spottergps.com\/fr\/wp-content\/uploads\/sites\/2\/2024\/12\/traceur-gps-enfance-spotter.jpg\" alt=\"\" class=\"wp-image-2477\" style=\"width:402px;height:auto\" srcset=\"https:\/\/www.spottergps.com\/fr\/wp-content\/uploads\/sites\/2\/2024\/12\/traceur-gps-enfance-spotter.jpg 700w, https:\/\/www.spottergps.com\/fr\/wp-content\/uploads\/sites\/2\/2024\/12\/traceur-gps-enfance-spotter-300x282.jpg 300w\" sizes=\"auto, (max-width: 700px) 100vw, 700px\" \/><\/a><\/figure>\n<\/div>\n<\/div>\n\n\n\n<h3 class=\"lRu31\" dir=\"ltr\" style=\"text-align: center\"><span class=\"HwtZe\" lang=\"fr\"><span class=\"jCAhz ChMk0b\"><span class=\"ryNqvb\">Facile \u00e0 transporter<\/span><\/span><\/span><\/h3>\n<div dir=\"ltr\">&nbsp;<\/div>\n<div class=\"lRu31\" dir=\"ltr\" style=\"text-align: center\"><span class=\"HwtZe\" lang=\"fr\"><span class=\"jCAhz ChMk0b\"><span class=\"ryNqvb\">Autour du cou ou sur\/dans le sac, selon les pr\u00e9f\u00e9rences de votre enfant.<br><br><\/span><\/span><\/span><\/div>\n\n\n\n<div class=\"wp-block-columns is-layout-flex wp-container-core-columns-is-layout-9d6595d7 wp-block-columns-is-layout-flex\">\n<div class=\"wp-block-column is-layout-flow wp-block-column-is-layout-flow\" style=\"flex-basis:50.01%\"><div class=\"wp-block-image\">\n<figure class=\"alignright size-full is-resized\"><a href=\"https:\/\/shop.spottergps.com\/fr\/spotter-x10b.html\"><img loading=\"lazy\" decoding=\"async\" width=\"700\" height=\"657\" src=\"https:\/\/www.spottergps.com\/fr\/wp-content\/uploads\/sites\/2\/2024\/12\/traceur-gps-enfant-spotter.jpg\" alt=\"\" class=\"wp-image-2480\" style=\"width:389px;height:auto\" srcset=\"https:\/\/www.spottergps.com\/fr\/wp-content\/uploads\/sites\/2\/2024\/12\/traceur-gps-enfant-spotter.jpg 700w, https:\/\/www.spottergps.com\/fr\/wp-content\/uploads\/sites\/2\/2024\/12\/traceur-gps-enfant-spotter-300x282.jpg 300w\" sizes=\"auto, (max-width: 700px) 100vw, 700px\" \/><\/a><\/figure><\/div>\n\n<\/div>\n\n\n\n<div class=\"wp-block-column is-layout-flow wp-block-column-is-layout-flow\" style=\"flex-basis:49.99%\"><div class=\"wp-block-image\">\n<figure class=\"alignleft size-full is-resized\"><a href=\"https:\/\/shop.spottergps.com\/fr\/spotter-x10b.html\"><img loading=\"lazy\" decoding=\"async\" width=\"700\" height=\"657\" src=\"https:\/\/www.spottergps.com\/fr\/wp-content\/uploads\/sites\/2\/2024\/12\/gps-enfant-spotter.jpg\" alt=\"\" class=\"wp-image-2479\" style=\"width:403px;height:auto\" srcset=\"https:\/\/www.spottergps.com\/fr\/wp-content\/uploads\/sites\/2\/2024\/12\/gps-enfant-spotter.jpg 700w, https:\/\/www.spottergps.com\/fr\/wp-content\/uploads\/sites\/2\/2024\/12\/gps-enfant-spotter-300x282.jpg 300w\" sizes=\"auto, (max-width: 700px) 100vw, 700px\" \/><\/a><\/figure><\/div><\/div>\n<\/div>\n\n\n\n\n\n\n","protected":false},"excerpt":{"rendered":"<p>Le tracker GPS pour enfants le plus vendu\u2026 D\u00e9sormais, soyez toujours en contact avec votre enfant lorsque vous jouez dehors. Fournissez un tracker GPS Spotter pour que vous sachiez toujours o\u00f9 ils se trouvent. Compact et facile \u00e0 transporter dans un sac ou sur un cordon autour du cou. Visualisez o\u00f9 se trouve votre enfant [&hellip;]<\/p>\n","protected":false},"author":1,"featured_media":3327,"parent":0,"menu_order":0,"comment_status":"open","ping_status":"open","template":"","meta":{"_acf_changed":false,"footnotes":""},"categories":[],"tags":[],"class_list":["post-182","page","type-page","status-publish","has-post-thumbnail","hentry"],"acf":[],"yoast_head":"<!-- This site is optimized with the Yoast SEO plugin v25.9 - https:\/\/yoast.com\/wordpress\/plugins\/seo\/ -->\n<title>Traceur GPS enfant - Tranquillit\u00e9 d\u2019esprit pour les parents | Spotter<\/title>\n<meta name=\"description\" content=\"Le tracker GPS pour enfant pour toujours savoir o\u00f9 il est. Avec bouton SOS et fonction d\u2019appel. Plus de 50 000 utilisateurs !\" \/>\n<meta name=\"robots\" content=\"index, follow, max-snippet:-1, max-image-preview:large, max-video-preview:-1\" \/>\n<link rel=\"canonical\" href=\"https:\/\/www.spottergps.com\/fr\/traceur-gps-enfant\/\" \/>\n<meta property=\"og:locale\" content=\"fr_FR\" \/>\n<meta property=\"og:type\" content=\"article\" \/>\n<meta property=\"og:title\" content=\"Traceur GPS enfant - Tranquillit\u00e9 d\u2019esprit pour les parents | Spotter\" \/>\n<meta property=\"og:description\" content=\"Le tracker GPS pour enfant pour toujours savoir o\u00f9 il est. Avec bouton SOS et fonction d\u2019appel. Plus de 50 000 utilisateurs !\" \/>\n<meta property=\"og:url\" content=\"https:\/\/www.spottergps.com\/fr\/traceur-gps-enfant\/\" \/>\n<meta property=\"og:site_name\" content=\"Spotter France\" \/>\n<meta property=\"article:modified_time\" content=\"2026-03-24T13:00:42+00:00\" \/>\n<meta property=\"og:image\" content=\"https:\/\/www.spottergps.com\/fr\/wp-content\/uploads\/sites\/2\/2025\/07\/traceur-gps-pour-enfant-spotter.jpg\" \/>\n\t<meta property=\"og:image:width\" content=\"700\" \/>\n\t<meta property=\"og:image:height\" content=\"657\" \/>\n\t<meta property=\"og:image:type\" content=\"image\/jpeg\" \/>\n<meta name=\"twitter:card\" content=\"summary_large_image\" \/>\n<meta name=\"twitter:label1\" content=\"Dur\u00e9e de lecture estim\u00e9e\" \/>\n\t<meta name=\"twitter:data1\" content=\"2 minutes\" \/>\n<script type=\"application\/ld+json\" class=\"yoast-schema-graph\">{\"@context\":\"https:\/\/schema.org\",\"@graph\":[{\"@type\":\"WebPage\",\"@id\":\"https:\/\/www.spottergps.com\/fr\/traceur-gps-enfant\/\",\"url\":\"https:\/\/www.spottergps.com\/fr\/traceur-gps-enfant\/\",\"name\":\"Traceur GPS enfant - Tranquillit\u00e9 d\u2019esprit pour les parents | Spotter\",\"isPartOf\":{\"@id\":\"https:\/\/www.spottergps.com\/fr\/#website\"},\"primaryImageOfPage\":{\"@id\":\"https:\/\/www.spottergps.com\/fr\/traceur-gps-enfant\/#primaryimage\"},\"image\":{\"@id\":\"https:\/\/www.spottergps.com\/fr\/traceur-gps-enfant\/#primaryimage\"},\"thumbnailUrl\":\"https:\/\/www.spottergps.com\/fr\/wp-content\/uploads\/sites\/2\/2025\/07\/traceur-gps-pour-enfant-spotter.jpg\",\"datePublished\":\"2015-06-17T08:49:26+00:00\",\"dateModified\":\"2026-03-24T13:00:42+00:00\",\"description\":\"Le tracker GPS pour enfant pour toujours savoir o\u00f9 il est. Avec bouton SOS et fonction d\u2019appel. Plus de 50 000 utilisateurs !\",\"breadcrumb\":{\"@id\":\"https:\/\/www.spottergps.com\/fr\/traceur-gps-enfant\/#breadcrumb\"},\"inLanguage\":\"fr-FR\",\"potentialAction\":[{\"@type\":\"ReadAction\",\"target\":[\"https:\/\/www.spottergps.com\/fr\/traceur-gps-enfant\/\"]}]},{\"@type\":\"ImageObject\",\"inLanguage\":\"fr-FR\",\"@id\":\"https:\/\/www.spottergps.com\/fr\/traceur-gps-enfant\/#primaryimage\",\"url\":\"https:\/\/www.spottergps.com\/fr\/wp-content\/uploads\/sites\/2\/2025\/07\/traceur-gps-pour-enfant-spotter.jpg\",\"contentUrl\":\"https:\/\/www.spottergps.com\/fr\/wp-content\/uploads\/sites\/2\/2025\/07\/traceur-gps-pour-enfant-spotter.jpg\",\"width\":700,\"height\":657,\"caption\":\"traceur gps pour enfant - spotter\"},{\"@type\":\"BreadcrumbList\",\"@id\":\"https:\/\/www.spottergps.com\/fr\/traceur-gps-enfant\/#breadcrumb\",\"itemListElement\":[{\"@type\":\"ListItem\",\"position\":1,\"name\":\"Home\",\"item\":\"https:\/\/www.spottergps.com\/fr\/\"},{\"@type\":\"ListItem\",\"position\":2,\"name\":\"Spotter\u00ae traceur GPS enfant\"}]},{\"@type\":\"WebSite\",\"@id\":\"https:\/\/www.spottergps.com\/fr\/#website\",\"url\":\"https:\/\/www.spottergps.com\/fr\/\",\"name\":\"Spotter France\",\"description\":\"Een andere Spotter websites site\",\"potentialAction\":[{\"@type\":\"SearchAction\",\"target\":{\"@type\":\"EntryPoint\",\"urlTemplate\":\"https:\/\/www.spottergps.com\/fr\/?s={search_term_string}\"},\"query-input\":{\"@type\":\"PropertyValueSpecification\",\"valueRequired\":true,\"valueName\":\"search_term_string\"}}],\"inLanguage\":\"fr-FR\"}]}<\/script>\n<!-- \/ Yoast SEO plugin. -->","yoast_head_json":{"title":"Traceur GPS enfant - Tranquillit\u00e9 d\u2019esprit pour les parents | Spotter","description":"Le tracker GPS pour enfant pour toujours savoir o\u00f9 il est. Avec bouton SOS et fonction d\u2019appel. Plus de 50 000 utilisateurs !","robots":{"index":"index","follow":"follow","max-snippet":"max-snippet:-1","max-image-preview":"max-image-preview:large","max-video-preview":"max-video-preview:-1"},"canonical":"https:\/\/www.spottergps.com\/fr\/traceur-gps-enfant\/","og_locale":"fr_FR","og_type":"article","og_title":"Traceur GPS enfant - Tranquillit\u00e9 d\u2019esprit pour les parents | Spotter","og_description":"Le tracker GPS pour enfant pour toujours savoir o\u00f9 il est. Avec bouton SOS et fonction d\u2019appel. Plus de 50 000 utilisateurs !","og_url":"https:\/\/www.spottergps.com\/fr\/traceur-gps-enfant\/","og_site_name":"Spotter France","article_modified_time":"2026-03-24T13:00:42+00:00","og_image":[{"width":700,"height":657,"url":"https:\/\/www.spottergps.com\/fr\/wp-content\/uploads\/sites\/2\/2025\/07\/traceur-gps-pour-enfant-spotter.jpg","type":"image\/jpeg"}],"twitter_card":"summary_large_image","twitter_misc":{"Dur\u00e9e de lecture estim\u00e9e":"2 minutes"},"schema":{"@context":"https:\/\/schema.org","@graph":[{"@type":"WebPage","@id":"https:\/\/www.spottergps.com\/fr\/traceur-gps-enfant\/","url":"https:\/\/www.spottergps.com\/fr\/traceur-gps-enfant\/","name":"Traceur GPS enfant - Tranquillit\u00e9 d\u2019esprit pour les parents | Spotter","isPartOf":{"@id":"https:\/\/www.spottergps.com\/fr\/#website"},"primaryImageOfPage":{"@id":"https:\/\/www.spottergps.com\/fr\/traceur-gps-enfant\/#primaryimage"},"image":{"@id":"https:\/\/www.spottergps.com\/fr\/traceur-gps-enfant\/#primaryimage"},"thumbnailUrl":"https:\/\/www.spottergps.com\/fr\/wp-content\/uploads\/sites\/2\/2025\/07\/traceur-gps-pour-enfant-spotter.jpg","datePublished":"2015-06-17T08:49:26+00:00","dateModified":"2026-03-24T13:00:42+00:00","description":"Le tracker GPS pour enfant pour toujours savoir o\u00f9 il est. Avec bouton SOS et fonction d\u2019appel. Plus de 50 000 utilisateurs !","breadcrumb":{"@id":"https:\/\/www.spottergps.com\/fr\/traceur-gps-enfant\/#breadcrumb"},"inLanguage":"fr-FR","potentialAction":[{"@type":"ReadAction","target":["https:\/\/www.spottergps.com\/fr\/traceur-gps-enfant\/"]}]},{"@type":"ImageObject","inLanguage":"fr-FR","@id":"https:\/\/www.spottergps.com\/fr\/traceur-gps-enfant\/#primaryimage","url":"https:\/\/www.spottergps.com\/fr\/wp-content\/uploads\/sites\/2\/2025\/07\/traceur-gps-pour-enfant-spotter.jpg","contentUrl":"https:\/\/www.spottergps.com\/fr\/wp-content\/uploads\/sites\/2\/2025\/07\/traceur-gps-pour-enfant-spotter.jpg","width":700,"height":657,"caption":"traceur gps pour enfant - spotter"},{"@type":"BreadcrumbList","@id":"https:\/\/www.spottergps.com\/fr\/traceur-gps-enfant\/#breadcrumb","itemListElement":[{"@type":"ListItem","position":1,"name":"Home","item":"https:\/\/www.spottergps.com\/fr\/"},{"@type":"ListItem","position":2,"name":"Spotter\u00ae traceur GPS enfant"}]},{"@type":"WebSite","@id":"https:\/\/www.spottergps.com\/fr\/#website","url":"https:\/\/www.spottergps.com\/fr\/","name":"Spotter France","description":"Een andere Spotter websites site","potentialAction":[{"@type":"SearchAction","target":{"@type":"EntryPoint","urlTemplate":"https:\/\/www.spottergps.com\/fr\/?s={search_term_string}"},"query-input":{"@type":"PropertyValueSpecification","valueRequired":true,"valueName":"search_term_string"}}],"inLanguage":"fr-FR"}]}},"_links":{"self":[{"href":"https:\/\/www.spottergps.com\/fr\/wp-json\/wp\/v2\/pages\/182","targetHints":{"allow":["GET"]}}],"collection":[{"href":"https:\/\/www.spottergps.com\/fr\/wp-json\/wp\/v2\/pages"}],"about":[{"href":"https:\/\/www.spottergps.com\/fr\/wp-json\/wp\/v2\/types\/page"}],"author":[{"embeddable":true,"href":"https:\/\/www.spottergps.com\/fr\/wp-json\/wp\/v2\/users\/1"}],"replies":[{"embeddable":true,"href":"https:\/\/www.spottergps.com\/fr\/wp-json\/wp\/v2\/comments?post=182"}],"version-history":[{"count":137,"href":"https:\/\/www.spottergps.com\/fr\/wp-json\/wp\/v2\/pages\/182\/revisions"}],"predecessor-version":[{"id":3816,"href":"https:\/\/www.spottergps.com\/fr\/wp-json\/wp\/v2\/pages\/182\/revisions\/3816"}],"wp:featuredmedia":[{"embeddable":true,"href":"https:\/\/www.spottergps.com\/fr\/wp-json\/wp\/v2\/media\/3327"}],"wp:attachment":[{"href":"https:\/\/www.spottergps.com\/fr\/wp-json\/wp\/v2\/media?parent=182"}],"wp:term":[{"taxonomy":"category","embeddable":true,"href":"https:\/\/www.spottergps.com\/fr\/wp-json\/wp\/v2\/categories?post=182"},{"taxonomy":"post_tag","embeddable":true,"href":"https:\/\/www.spottergps.com\/fr\/wp-json\/wp\/v2\/tags?post=182"}],"curies":[{"name":"wp","href":"https:\/\/api.w.org\/{rel}","templated":true}]}}