{"id":167,"date":"2015-06-17T09:21:37","date_gmt":"2015-06-17T08:21:37","guid":{"rendered":"http:\/\/www.spottergps.com\/fr\/?page_id=167"},"modified":"2026-01-06T08:58:25","modified_gmt":"2026-01-06T07:58:25","slug":"utilisation-prepayee","status":"publish","type":"page","link":"https:\/\/www.spottergps.com\/fr\/utilisation-prepayee\/","title":{"rendered":"Choisissez votre propre p\u00e9riode d&rsquo;utilisation, sans abonnement"},"content":{"rendered":"<p>Vous n&rsquo;\u00eates li\u00e9 par aucun contrat ni frais d&rsquo;abonnement. Le Spotter GPS tracker fonctionne sur une base pr\u00e9pay\u00e9e. Cela signifie que vous rechargez le Spotter lorsque vous souhaitez l&rsquo;utiliser. Si vous n&rsquo;utilisez pas le Spotter, vous ne le rechargez pas. Abordable et flexible.\u00a0Dans la vid\u00e9o ci-dessous, nous vous expliquons exactement comment cela fonctionne.<\/p>\n\n","protected":false},"excerpt":{"rendered":"<p>Vous n&rsquo;\u00eates li\u00e9 par aucun contrat ni frais d&rsquo;abonnement. Le Spotter GPS tracker fonctionne sur une base pr\u00e9pay\u00e9e. Cela signifie que vous rechargez le Spotter lorsque vous souhaitez l&rsquo;utiliser. Si vous n&rsquo;utilisez pas le Spotter, vous ne le rechargez pas. Abordable et flexible.\u00a0Dans la vid\u00e9o ci-dessous, nous vous expliquons exactement comment cela fonctionne.<\/p>\n","protected":false},"author":1,"featured_media":0,"parent":0,"menu_order":0,"comment_status":"open","ping_status":"open","template":"","meta":{"_acf_changed":false,"footnotes":""},"categories":[],"tags":[],"class_list":["post-167","page","type-page","status-publish","hentry"],"acf":[],"yoast_head":"<!-- This site is optimized with the Yoast SEO plugin v25.9 - https:\/\/yoast.com\/wordpress\/plugins\/seo\/ -->\n<title>Traceur GPS sans co\u00fbt d&#039;abonnement |Spotter<\/title>\n<meta name=\"description\" content=\"Pas de contrats ni de co\u00fbts d&#039;abonnement. Le traceur GPS Spotter fonctionne comme un service pr\u00e9pay\u00e9. Cr\u00e9ditez le Spotter lorsque vous voulez vous en servir.\" \/>\n<meta name=\"robots\" content=\"index, follow, max-snippet:-1, max-image-preview:large, max-video-preview:-1\" \/>\n<link rel=\"canonical\" href=\"https:\/\/www.spottergps.com\/fr\/utilisation-prepayee\/\" \/>\n<meta property=\"og:locale\" content=\"fr_FR\" \/>\n<meta property=\"og:type\" content=\"article\" \/>\n<meta property=\"og:title\" content=\"Traceur GPS sans co\u00fbt d&#039;abonnement |Spotter\" \/>\n<meta property=\"og:description\" content=\"Pas de contrats ni de co\u00fbts d&#039;abonnement. Le traceur GPS Spotter fonctionne comme un service pr\u00e9pay\u00e9. Cr\u00e9ditez le Spotter lorsque vous voulez vous en servir.\" \/>\n<meta property=\"og:url\" content=\"https:\/\/www.spottergps.com\/fr\/utilisation-prepayee\/\" \/>\n<meta property=\"og:site_name\" content=\"Spotter France\" \/>\n<meta property=\"article:modified_time\" content=\"2026-01-06T07:58:25+00:00\" \/>\n<meta name=\"twitter:card\" content=\"summary_large_image\" \/>\n<meta name=\"twitter:label1\" content=\"Dur\u00e9e de lecture estim\u00e9e\" \/>\n\t<meta name=\"twitter:data1\" content=\"1 minute\" \/>\n<script type=\"application\/ld+json\" class=\"yoast-schema-graph\">{\"@context\":\"https:\/\/schema.org\",\"@graph\":[{\"@type\":\"WebPage\",\"@id\":\"https:\/\/www.spottergps.com\/fr\/utilisation-prepayee\/\",\"url\":\"https:\/\/www.spottergps.com\/fr\/utilisation-prepayee\/\",\"name\":\"Traceur GPS sans co\u00fbt d'abonnement |Spotter\",\"isPartOf\":{\"@id\":\"https:\/\/www.spottergps.com\/fr\/#website\"},\"datePublished\":\"2015-06-17T08:21:37+00:00\",\"dateModified\":\"2026-01-06T07:58:25+00:00\",\"description\":\"Pas de contrats ni de co\u00fbts d'abonnement. Le traceur GPS Spotter fonctionne comme un service pr\u00e9pay\u00e9. Cr\u00e9ditez le Spotter lorsque vous voulez vous en servir.\",\"breadcrumb\":{\"@id\":\"https:\/\/www.spottergps.com\/fr\/utilisation-prepayee\/#breadcrumb\"},\"inLanguage\":\"fr-FR\",\"potentialAction\":[{\"@type\":\"ReadAction\",\"target\":[\"https:\/\/www.spottergps.com\/fr\/utilisation-prepayee\/\"]}]},{\"@type\":\"BreadcrumbList\",\"@id\":\"https:\/\/www.spottergps.com\/fr\/utilisation-prepayee\/#breadcrumb\",\"itemListElement\":[{\"@type\":\"ListItem\",\"position\":1,\"name\":\"Home\",\"item\":\"https:\/\/www.spottergps.com\/fr\/\"},{\"@type\":\"ListItem\",\"position\":2,\"name\":\"Choisissez votre propre p\u00e9riode d'utilisation, sans abonnement\"}]},{\"@type\":\"WebSite\",\"@id\":\"https:\/\/www.spottergps.com\/fr\/#website\",\"url\":\"https:\/\/www.spottergps.com\/fr\/\",\"name\":\"Spotter France\",\"description\":\"Een andere Spotter websites site\",\"potentialAction\":[{\"@type\":\"SearchAction\",\"target\":{\"@type\":\"EntryPoint\",\"urlTemplate\":\"https:\/\/www.spottergps.com\/fr\/?s={search_term_string}\"},\"query-input\":{\"@type\":\"PropertyValueSpecification\",\"valueRequired\":true,\"valueName\":\"search_term_string\"}}],\"inLanguage\":\"fr-FR\"}]}<\/script>\n<!-- \/ Yoast SEO plugin. -->","yoast_head_json":{"title":"Traceur GPS sans co\u00fbt d'abonnement |Spotter","description":"Pas de contrats ni de co\u00fbts d'abonnement. Le traceur GPS Spotter fonctionne comme un service pr\u00e9pay\u00e9. Cr\u00e9ditez le Spotter lorsque vous voulez vous en servir.","robots":{"index":"index","follow":"follow","max-snippet":"max-snippet:-1","max-image-preview":"max-image-preview:large","max-video-preview":"max-video-preview:-1"},"canonical":"https:\/\/www.spottergps.com\/fr\/utilisation-prepayee\/","og_locale":"fr_FR","og_type":"article","og_title":"Traceur GPS sans co\u00fbt d'abonnement |Spotter","og_description":"Pas de contrats ni de co\u00fbts d'abonnement. Le traceur GPS Spotter fonctionne comme un service pr\u00e9pay\u00e9. Cr\u00e9ditez le Spotter lorsque vous voulez vous en servir.","og_url":"https:\/\/www.spottergps.com\/fr\/utilisation-prepayee\/","og_site_name":"Spotter France","article_modified_time":"2026-01-06T07:58:25+00:00","twitter_card":"summary_large_image","twitter_misc":{"Dur\u00e9e de lecture estim\u00e9e":"1 minute"},"schema":{"@context":"https:\/\/schema.org","@graph":[{"@type":"WebPage","@id":"https:\/\/www.spottergps.com\/fr\/utilisation-prepayee\/","url":"https:\/\/www.spottergps.com\/fr\/utilisation-prepayee\/","name":"Traceur GPS sans co\u00fbt d'abonnement |Spotter","isPartOf":{"@id":"https:\/\/www.spottergps.com\/fr\/#website"},"datePublished":"2015-06-17T08:21:37+00:00","dateModified":"2026-01-06T07:58:25+00:00","description":"Pas de contrats ni de co\u00fbts d'abonnement. Le traceur GPS Spotter fonctionne comme un service pr\u00e9pay\u00e9. Cr\u00e9ditez le Spotter lorsque vous voulez vous en servir.","breadcrumb":{"@id":"https:\/\/www.spottergps.com\/fr\/utilisation-prepayee\/#breadcrumb"},"inLanguage":"fr-FR","potentialAction":[{"@type":"ReadAction","target":["https:\/\/www.spottergps.com\/fr\/utilisation-prepayee\/"]}]},{"@type":"BreadcrumbList","@id":"https:\/\/www.spottergps.com\/fr\/utilisation-prepayee\/#breadcrumb","itemListElement":[{"@type":"ListItem","position":1,"name":"Home","item":"https:\/\/www.spottergps.com\/fr\/"},{"@type":"ListItem","position":2,"name":"Choisissez votre propre p\u00e9riode d'utilisation, sans abonnement"}]},{"@type":"WebSite","@id":"https:\/\/www.spottergps.com\/fr\/#website","url":"https:\/\/www.spottergps.com\/fr\/","name":"Spotter France","description":"Een andere Spotter websites site","potentialAction":[{"@type":"SearchAction","target":{"@type":"EntryPoint","urlTemplate":"https:\/\/www.spottergps.com\/fr\/?s={search_term_string}"},"query-input":{"@type":"PropertyValueSpecification","valueRequired":true,"valueName":"search_term_string"}}],"inLanguage":"fr-FR"}]}},"_links":{"self":[{"href":"https:\/\/www.spottergps.com\/fr\/wp-json\/wp\/v2\/pages\/167","targetHints":{"allow":["GET"]}}],"collection":[{"href":"https:\/\/www.spottergps.com\/fr\/wp-json\/wp\/v2\/pages"}],"about":[{"href":"https:\/\/www.spottergps.com\/fr\/wp-json\/wp\/v2\/types\/page"}],"author":[{"embeddable":true,"href":"https:\/\/www.spottergps.com\/fr\/wp-json\/wp\/v2\/users\/1"}],"replies":[{"embeddable":true,"href":"https:\/\/www.spottergps.com\/fr\/wp-json\/wp\/v2\/comments?post=167"}],"version-history":[{"count":22,"href":"https:\/\/www.spottergps.com\/fr\/wp-json\/wp\/v2\/pages\/167\/revisions"}],"predecessor-version":[{"id":3508,"href":"https:\/\/www.spottergps.com\/fr\/wp-json\/wp\/v2\/pages\/167\/revisions\/3508"}],"wp:attachment":[{"href":"https:\/\/www.spottergps.com\/fr\/wp-json\/wp\/v2\/media?parent=167"}],"wp:term":[{"taxonomy":"category","embeddable":true,"href":"https:\/\/www.spottergps.com\/fr\/wp-json\/wp\/v2\/categories?post=167"},{"taxonomy":"post_tag","embeddable":true,"href":"https:\/\/www.spottergps.com\/fr\/wp-json\/wp\/v2\/tags?post=167"}],"curies":[{"name":"wp","href":"https:\/\/api.w.org\/{rel}","templated":true}]}}