{"id":1609,"date":"2023-09-25T15:24:23","date_gmt":"2023-09-25T14:24:23","guid":{"rendered":"https:\/\/www.spottergps.com\/fr\/?page_id=1609"},"modified":"2026-01-12T14:35:35","modified_gmt":"2026-01-12T13:35:35","slug":"regime-de-garantie-2","status":"publish","type":"page","link":"https:\/\/www.spottergps.com\/fr\/faq\/general\/regime-de-garantie-2\/","title":{"rendered":"R\u00e9gime de garantie"},"content":{"rendered":"\n<p>Nos produits ont \u00e9t\u00e9 d\u00e9velopp\u00e9s et compos\u00e9s avec le plus grand soin. Votre Spotter est livr\u00e9 avec une garantie de 2 ans. Donc, s&rsquo;il y a un probl\u00e8me, vous pouvez nous envoyer le Spotter et nous r\u00e9soudrons le probl\u00e8me pour vous. Lisez attentivement les conditions de garantie afin de savoir si vous avez droit \u00e0 une garantie sur votre produit.<\/p>\n\n\n\n<p><strong>Nos conditions de garantie<\/strong><\/p>\n\n\n\n<ol class=\"wp-block-list\">\n<li>La p\u00e9riode de garantie est de 2 ans sur le mat\u00e9riel. La p\u00e9riode de garantie commence \u00e0 partir du moment o\u00f9 le mat\u00e9riel est livr\u00e9. Le re\u00e7u d&rsquo;achat du mat\u00e9riel sert de preuve de garantie, conservez-le donc en lieu s\u00fbr.<\/li>\n\n\n\n<li>Si des erreurs, imperfections et\/ou d\u00e9fauts visibles se produisent lors de l&rsquo;ex\u00e9cution des travaux, dans les mat\u00e9riaux utilis\u00e9s ou dans les marchandises livr\u00e9es, qui doivent avoir \u00e9t\u00e9 pr\u00e9sents au moment de la livraison, Spotter B.V. pendant la p\u00e9riode de garantie, r\u00e9parer ou remplacer ces marchandises &#8211; \u00e0 sa discr\u00e9tion &#8211; gratuitement.<\/li>\n\n\n\n<li>Spotter B.V. garantit que les marchandises livr\u00e9es ont les propri\u00e9t\u00e9s requises pour une utilisation normale.<\/li>\n\n\n\n<li>Il ne peut y avoir aucune garantie sur le mat\u00e9riel si :<\/li>\n<\/ol>\n\n\n\n<ul class=\"wp-block-list\">\n<li>Il y a une usure normale, exclusivement \u00e0 la discr\u00e9tion de Spotter B.V.&nbsp;;<\/li>\n\n\n\n<li>Si des modifications ont \u00e9t\u00e9 apport\u00e9es au produit, y compris des r\u00e9parations qui n&rsquo;ont pas \u00e9t\u00e9 effectu\u00e9es avec l&rsquo;autorisation de Spotter B.V. ont \u00e9t\u00e9 effectu\u00e9s;<\/li>\n\n\n\n<li>Si la facture originale ne peut pas \u00eatre soumise, a \u00e9t\u00e9 modifi\u00e9e ou est illisible ;<\/li>\n\n\n\n<li>Si les d\u00e9fauts r\u00e9sultent d&rsquo;une non-destination ou d&rsquo;une utilisation non judicieuse ;<\/li>\n\n\n\n<li>Si le dommage est caus\u00e9 intentionnellement, par n\u00e9gligence grave ou entretien n\u00e9gligent ;<\/li>\n\n\n\n<li>Si les fiches de raccordement, les connecteurs, le c\u00e2blage sont endommag\u00e9s et\/ou modifi\u00e9s.<\/li>\n<\/ul>\n\n\n\n<p><strong>Invoquer la garantie<\/strong><\/p>\n\n\n\n<p>Si le Spotter n&rsquo;\u00e9met plus d&#8217;emplacements, nous vous conseillons de suivre<a href=\"https:\/\/www.spottergps.com\/fr\/faq\/application\/pas-de-localisation-ou-pas-de-spotter-actif\/\" data-type=\"page\" data-id=\"1400\"> ces \u00e9tapes<\/a>. Si le Spotter lui-m\u00eame est d\u00e9fectueux (mat\u00e9riel) ou s&rsquo;il y a un autre d\u00e9faut, veuillez contacter notre service client via <a href=\"https:\/\/www.spottergps.com\/fr\/service-clients\/\" data-type=\"URL\" data-id=\"https:\/\/www.spottergps.com\/fr\/service-clients\/\">le formulaire de contact<\/a>. Le service client v\u00e9rifie le Spotter pour vous et vous informe des prochaines \u00e9tapes. En fonction des r\u00e9ponses \u00e0 ces questions, vous recevrez une adresse de retour par e-mail \u00e0 laquelle vous pourrez envoyer le Spotter. Le service client examinera le Spotter et vous en enverra un nouveau ou r\u00e9parera le produit aux frais de Spotter B.V.<\/p>\n\n\n","protected":false},"excerpt":{"rendered":"<p>Nos produits ont \u00e9t\u00e9 d\u00e9velopp\u00e9s et compos\u00e9s avec le plus grand soin. Votre Spotter est livr\u00e9 avec une garantie de 2 ans. Donc, s&rsquo;il y a un probl\u00e8me, vous pouvez nous envoyer le Spotter et nous r\u00e9soudrons le probl\u00e8me pour vous. Lisez attentivement les conditions de garantie afin de savoir si vous avez droit \u00e0 [&hellip;]<\/p>\n","protected":false},"author":8,"featured_media":0,"parent":1175,"menu_order":0,"comment_status":"closed","ping_status":"closed","template":"faq-content.php","meta":{"_acf_changed":false,"footnotes":""},"categories":[],"tags":[],"class_list":["post-1609","page","type-page","status-publish","hentry"],"acf":[],"yoast_head":"<!-- This site is optimized with the Yoast SEO plugin v25.9 - https:\/\/yoast.com\/wordpress\/plugins\/seo\/ -->\n<title>R\u00e9gime de garantie - Spotter France<\/title>\n<meta name=\"robots\" content=\"index, follow, max-snippet:-1, max-image-preview:large, max-video-preview:-1\" \/>\n<link rel=\"canonical\" href=\"https:\/\/www.spottergps.com\/fr\/faq\/general\/regime-de-garantie-2\/\" \/>\n<meta property=\"og:locale\" content=\"fr_FR\" \/>\n<meta property=\"og:type\" content=\"article\" \/>\n<meta property=\"og:title\" content=\"R\u00e9gime de garantie - Spotter France\" \/>\n<meta property=\"og:description\" content=\"Nos produits ont \u00e9t\u00e9 d\u00e9velopp\u00e9s et compos\u00e9s avec le plus grand soin. Votre Spotter est livr\u00e9 avec une garantie de 2 ans. Donc, s&rsquo;il y a un probl\u00e8me, vous pouvez nous envoyer le Spotter et nous r\u00e9soudrons le probl\u00e8me pour vous. Lisez attentivement les conditions de garantie afin de savoir si vous avez droit \u00e0 [&hellip;]\" \/>\n<meta property=\"og:url\" content=\"https:\/\/www.spottergps.com\/fr\/faq\/general\/regime-de-garantie-2\/\" \/>\n<meta property=\"og:site_name\" content=\"Spotter France\" \/>\n<meta property=\"article:modified_time\" content=\"2026-01-12T13:35:35+00:00\" \/>\n<meta name=\"twitter:card\" content=\"summary_large_image\" \/>\n<meta name=\"twitter:label1\" content=\"Dur\u00e9e de lecture estim\u00e9e\" \/>\n\t<meta name=\"twitter:data1\" content=\"2 minutes\" \/>\n<script type=\"application\/ld+json\" class=\"yoast-schema-graph\">{\"@context\":\"https:\/\/schema.org\",\"@graph\":[{\"@type\":\"WebPage\",\"@id\":\"https:\/\/www.spottergps.com\/fr\/faq\/general\/regime-de-garantie-2\/\",\"url\":\"https:\/\/www.spottergps.com\/fr\/faq\/general\/regime-de-garantie-2\/\",\"name\":\"R\u00e9gime de garantie - Spotter France\",\"isPartOf\":{\"@id\":\"https:\/\/www.spottergps.com\/fr\/#website\"},\"datePublished\":\"2023-09-25T14:24:23+00:00\",\"dateModified\":\"2026-01-12T13:35:35+00:00\",\"breadcrumb\":{\"@id\":\"https:\/\/www.spottergps.com\/fr\/faq\/general\/regime-de-garantie-2\/#breadcrumb\"},\"inLanguage\":\"fr-FR\",\"potentialAction\":[{\"@type\":\"ReadAction\",\"target\":[\"https:\/\/www.spottergps.com\/fr\/faq\/general\/regime-de-garantie-2\/\"]}]},{\"@type\":\"BreadcrumbList\",\"@id\":\"https:\/\/www.spottergps.com\/fr\/faq\/general\/regime-de-garantie-2\/#breadcrumb\",\"itemListElement\":[{\"@type\":\"ListItem\",\"position\":1,\"name\":\"Home\",\"item\":\"https:\/\/www.spottergps.com\/fr\/\"},{\"@type\":\"ListItem\",\"position\":2,\"name\":\"Comment pouvons-nous vous aider?\",\"item\":\"https:\/\/www.spottergps.com\/fr\/faq\/\"},{\"@type\":\"ListItem\",\"position\":3,\"name\":\"G\u00e9n\u00e9ral\",\"item\":\"https:\/\/www.spottergps.com\/fr\/faq\/general\/\"},{\"@type\":\"ListItem\",\"position\":4,\"name\":\"R\u00e9gime de garantie\"}]},{\"@type\":\"WebSite\",\"@id\":\"https:\/\/www.spottergps.com\/fr\/#website\",\"url\":\"https:\/\/www.spottergps.com\/fr\/\",\"name\":\"Spotter France\",\"description\":\"Een andere Spotter websites site\",\"potentialAction\":[{\"@type\":\"SearchAction\",\"target\":{\"@type\":\"EntryPoint\",\"urlTemplate\":\"https:\/\/www.spottergps.com\/fr\/?s={search_term_string}\"},\"query-input\":{\"@type\":\"PropertyValueSpecification\",\"valueRequired\":true,\"valueName\":\"search_term_string\"}}],\"inLanguage\":\"fr-FR\"}]}<\/script>\n<!-- \/ Yoast SEO plugin. -->","yoast_head_json":{"title":"R\u00e9gime de garantie - Spotter France","robots":{"index":"index","follow":"follow","max-snippet":"max-snippet:-1","max-image-preview":"max-image-preview:large","max-video-preview":"max-video-preview:-1"},"canonical":"https:\/\/www.spottergps.com\/fr\/faq\/general\/regime-de-garantie-2\/","og_locale":"fr_FR","og_type":"article","og_title":"R\u00e9gime de garantie - Spotter France","og_description":"Nos produits ont \u00e9t\u00e9 d\u00e9velopp\u00e9s et compos\u00e9s avec le plus grand soin. Votre Spotter est livr\u00e9 avec une garantie de 2 ans. Donc, s&rsquo;il y a un probl\u00e8me, vous pouvez nous envoyer le Spotter et nous r\u00e9soudrons le probl\u00e8me pour vous. Lisez attentivement les conditions de garantie afin de savoir si vous avez droit \u00e0 [&hellip;]","og_url":"https:\/\/www.spottergps.com\/fr\/faq\/general\/regime-de-garantie-2\/","og_site_name":"Spotter France","article_modified_time":"2026-01-12T13:35:35+00:00","twitter_card":"summary_large_image","twitter_misc":{"Dur\u00e9e de lecture estim\u00e9e":"2 minutes"},"schema":{"@context":"https:\/\/schema.org","@graph":[{"@type":"WebPage","@id":"https:\/\/www.spottergps.com\/fr\/faq\/general\/regime-de-garantie-2\/","url":"https:\/\/www.spottergps.com\/fr\/faq\/general\/regime-de-garantie-2\/","name":"R\u00e9gime de garantie - Spotter France","isPartOf":{"@id":"https:\/\/www.spottergps.com\/fr\/#website"},"datePublished":"2023-09-25T14:24:23+00:00","dateModified":"2026-01-12T13:35:35+00:00","breadcrumb":{"@id":"https:\/\/www.spottergps.com\/fr\/faq\/general\/regime-de-garantie-2\/#breadcrumb"},"inLanguage":"fr-FR","potentialAction":[{"@type":"ReadAction","target":["https:\/\/www.spottergps.com\/fr\/faq\/general\/regime-de-garantie-2\/"]}]},{"@type":"BreadcrumbList","@id":"https:\/\/www.spottergps.com\/fr\/faq\/general\/regime-de-garantie-2\/#breadcrumb","itemListElement":[{"@type":"ListItem","position":1,"name":"Home","item":"https:\/\/www.spottergps.com\/fr\/"},{"@type":"ListItem","position":2,"name":"Comment pouvons-nous vous aider?","item":"https:\/\/www.spottergps.com\/fr\/faq\/"},{"@type":"ListItem","position":3,"name":"G\u00e9n\u00e9ral","item":"https:\/\/www.spottergps.com\/fr\/faq\/general\/"},{"@type":"ListItem","position":4,"name":"R\u00e9gime de garantie"}]},{"@type":"WebSite","@id":"https:\/\/www.spottergps.com\/fr\/#website","url":"https:\/\/www.spottergps.com\/fr\/","name":"Spotter France","description":"Een andere Spotter websites site","potentialAction":[{"@type":"SearchAction","target":{"@type":"EntryPoint","urlTemplate":"https:\/\/www.spottergps.com\/fr\/?s={search_term_string}"},"query-input":{"@type":"PropertyValueSpecification","valueRequired":true,"valueName":"search_term_string"}}],"inLanguage":"fr-FR"}]}},"_links":{"self":[{"href":"https:\/\/www.spottergps.com\/fr\/wp-json\/wp\/v2\/pages\/1609","targetHints":{"allow":["GET"]}}],"collection":[{"href":"https:\/\/www.spottergps.com\/fr\/wp-json\/wp\/v2\/pages"}],"about":[{"href":"https:\/\/www.spottergps.com\/fr\/wp-json\/wp\/v2\/types\/page"}],"author":[{"embeddable":true,"href":"https:\/\/www.spottergps.com\/fr\/wp-json\/wp\/v2\/users\/8"}],"replies":[{"embeddable":true,"href":"https:\/\/www.spottergps.com\/fr\/wp-json\/wp\/v2\/comments?post=1609"}],"version-history":[{"count":4,"href":"https:\/\/www.spottergps.com\/fr\/wp-json\/wp\/v2\/pages\/1609\/revisions"}],"predecessor-version":[{"id":3515,"href":"https:\/\/www.spottergps.com\/fr\/wp-json\/wp\/v2\/pages\/1609\/revisions\/3515"}],"up":[{"embeddable":true,"href":"https:\/\/www.spottergps.com\/fr\/wp-json\/wp\/v2\/pages\/1175"}],"wp:attachment":[{"href":"https:\/\/www.spottergps.com\/fr\/wp-json\/wp\/v2\/media?parent=1609"}],"wp:term":[{"taxonomy":"category","embeddable":true,"href":"https:\/\/www.spottergps.com\/fr\/wp-json\/wp\/v2\/categories?post=1609"},{"taxonomy":"post_tag","embeddable":true,"href":"https:\/\/www.spottergps.com\/fr\/wp-json\/wp\/v2\/tags?post=1609"}],"curies":[{"name":"wp","href":"https:\/\/api.w.org\/{rel}","templated":true}]}}