{"id":1505,"date":"2023-09-18T15:06:36","date_gmt":"2023-09-18T14:06:36","guid":{"rendered":"https:\/\/www.spottergps.com\/fr\/?page_id=1505"},"modified":"2023-11-06T15:35:39","modified_gmt":"2023-11-06T14:35:39","slug":"comment-puis-je-retourner-le-spotter","status":"publish","type":"page","link":"https:\/\/www.spottergps.com\/fr\/faq\/boutique-en-ligne\/comment-puis-je-retourner-le-spotter\/","title":{"rendered":"Comment puis-je retourner le Spotter ?"},"content":{"rendered":"\n<p>Nous sommes d\u00e9sol\u00e9s que vous envisagiez de retourner votre achat. Nous souhaitons tout mettre en \u0153uvre pour que le produit r\u00e9ponde \u00e0 vos souhaits et attentes. Si vous remplissez le<a href=\"https:\/\/www.spottergps.com\/fr\/service-clients\/\" data-type=\"URL\" data-id=\"https:\/\/www.spottergps.com\/fr\/service-clients\/\"> formulaire de contact<\/a> sur notre site Web, nous vous contacterons sous peu.<\/p>\n\n\n\n<h2 class=\"wp-block-heading\"><em><br>Retour en cas de d\u00e9faut<\/em><\/h2>\n\n\n\n<p>Si le Spotter ne fonctionne pas comme pr\u00e9vu, notre service client\u00e8le se fera un plaisir de le v\u00e9rifier pour vous. Remplissez le <a href=\"https:\/\/www.spottergps.com\/fr\/service-clients\/\" data-type=\"URL\" data-id=\"https:\/\/www.spottergps.com\/fr\/service-clients\/\">formulaire de contact<\/a> sur notre site Web et vous recevrez un message de notre part dans les 48 heures. Souvent en quelques heures.<\/p>\n\n\n\n<h2 class=\"wp-block-heading\"><em><br>Retour sous 14 jours<\/em><\/h2>\n\n\n\n<p>Si vous, en tant que consommateur, souhaitez annuler et retourner votre achat, cela est possible jusqu&rsquo;\u00e0 14 jours apr\u00e8s l&rsquo;achat. Il n&rsquo;y a pas de droit de dissolution pour les achats d&rsquo;entreprise. <br><br>Vous pouvez envoyer votre achat avec le formulaire de retour \u00e0 l&rsquo;adresse ci-dessous, apr\u00e8s quoi le montant de l&rsquo;achat sera cr\u00e9dit\u00e9. <br>Veuillez noter : nous ne pouvons pas traiter votre envoi de retour sans formulaire de retour.<\/p>\n\n\n\n<p>Spotter BV <br>\u00c0 l&rsquo;attention du service d&rsquo;assistance <br>Leeuwenhoekweg 20c<br>2661 CZ Bergschenhoek <br>Les Pays-Bas<br><br><strong>Veuillez vous assurer que l&rsquo;envoi de retour est fourni avec\u00a0:<\/strong><\/p>\n\n\n\n<ul class=\"wp-block-list\">\n<li>Emballage original<\/li>\n\n\n\n<li>Le Spotter avec c\u00e2ble de charge + code Spotter<\/li>\n\n\n\n<li>Preuve d&rsquo;achat originale<\/li>\n\n\n\n<li>Formulaire de retour<\/li>\n<\/ul>\n\n\n\n<p>Ce n&rsquo;est que lorsque le produit et l&#8217;emballage sont dans leur \u00e9tat d&rsquo;origine, complets et non endommag\u00e9s que le droit de r\u00e9siliation peut \u00eatre r\u00e9clam\u00e9. Tous les documents d&rsquo;accompagnement, les certificats de garantie et les mat\u00e9riaux d&#8217;emballage doivent \u00eatre inclus avec l&rsquo;envoi de retour. Avant d&rsquo;invoquer la garantie, veuillez lire <a href=\"https:\/\/www.spottergps.com\/fr\/garantie-et-service\/\" data-type=\"URL\" data-id=\"https:\/\/www.spottergps.com\/fr\/garantie-et-service\/\">attentivement les conditions de garantie<\/a><a href=\"https:\/\/www.spottergps.com\/faq\/garantieregeling\/\"> <\/a>.<\/p>\n","protected":false},"excerpt":{"rendered":"<p>Nous sommes d\u00e9sol\u00e9s que vous envisagiez de retourner votre achat. Nous souhaitons tout mettre en \u0153uvre pour que le produit r\u00e9ponde \u00e0 vos souhaits et attentes. Si vous remplissez le formulaire de contact sur notre site Web, nous vous contacterons sous peu. Retour en cas de d\u00e9faut Si le Spotter ne fonctionne pas comme pr\u00e9vu, [&hellip;]<\/p>\n","protected":false},"author":8,"featured_media":0,"parent":1194,"menu_order":0,"comment_status":"closed","ping_status":"closed","template":"faq-content.php","meta":{"_acf_changed":false,"footnotes":""},"categories":[],"tags":[],"class_list":["post-1505","page","type-page","status-publish","hentry"],"acf":[],"yoast_head":"<!-- This site is optimized with the Yoast SEO plugin v25.9 - https:\/\/yoast.com\/wordpress\/plugins\/seo\/ -->\n<title>Comment puis-je retourner le Spotter ? - Spotter France<\/title>\n<meta name=\"robots\" content=\"index, follow, max-snippet:-1, max-image-preview:large, max-video-preview:-1\" \/>\n<link rel=\"canonical\" href=\"https:\/\/www.spottergps.com\/fr\/faq\/boutique-en-ligne\/comment-puis-je-retourner-le-spotter\/\" \/>\n<meta property=\"og:locale\" content=\"fr_FR\" \/>\n<meta property=\"og:type\" content=\"article\" \/>\n<meta property=\"og:title\" content=\"Comment puis-je retourner le Spotter ? - Spotter France\" \/>\n<meta property=\"og:description\" content=\"Nous sommes d\u00e9sol\u00e9s que vous envisagiez de retourner votre achat. Nous souhaitons tout mettre en \u0153uvre pour que le produit r\u00e9ponde \u00e0 vos souhaits et attentes. Si vous remplissez le formulaire de contact sur notre site Web, nous vous contacterons sous peu. Retour en cas de d\u00e9faut Si le Spotter ne fonctionne pas comme pr\u00e9vu, [&hellip;]\" \/>\n<meta property=\"og:url\" content=\"https:\/\/www.spottergps.com\/fr\/faq\/boutique-en-ligne\/comment-puis-je-retourner-le-spotter\/\" \/>\n<meta property=\"og:site_name\" content=\"Spotter France\" \/>\n<meta property=\"article:modified_time\" content=\"2023-11-06T14:35:39+00:00\" \/>\n<meta name=\"twitter:card\" content=\"summary_large_image\" \/>\n<meta name=\"twitter:label1\" content=\"Dur\u00e9e de lecture estim\u00e9e\" \/>\n\t<meta name=\"twitter:data1\" content=\"1 minute\" \/>\n<script type=\"application\/ld+json\" class=\"yoast-schema-graph\">{\"@context\":\"https:\/\/schema.org\",\"@graph\":[{\"@type\":\"WebPage\",\"@id\":\"https:\/\/www.spottergps.com\/fr\/faq\/boutique-en-ligne\/comment-puis-je-retourner-le-spotter\/\",\"url\":\"https:\/\/www.spottergps.com\/fr\/faq\/boutique-en-ligne\/comment-puis-je-retourner-le-spotter\/\",\"name\":\"Comment puis-je retourner le Spotter ? - Spotter France\",\"isPartOf\":{\"@id\":\"https:\/\/www.spottergps.com\/fr\/#website\"},\"datePublished\":\"2023-09-18T14:06:36+00:00\",\"dateModified\":\"2023-11-06T14:35:39+00:00\",\"breadcrumb\":{\"@id\":\"https:\/\/www.spottergps.com\/fr\/faq\/boutique-en-ligne\/comment-puis-je-retourner-le-spotter\/#breadcrumb\"},\"inLanguage\":\"fr-FR\",\"potentialAction\":[{\"@type\":\"ReadAction\",\"target\":[\"https:\/\/www.spottergps.com\/fr\/faq\/boutique-en-ligne\/comment-puis-je-retourner-le-spotter\/\"]}]},{\"@type\":\"BreadcrumbList\",\"@id\":\"https:\/\/www.spottergps.com\/fr\/faq\/boutique-en-ligne\/comment-puis-je-retourner-le-spotter\/#breadcrumb\",\"itemListElement\":[{\"@type\":\"ListItem\",\"position\":1,\"name\":\"Home\",\"item\":\"https:\/\/www.spottergps.com\/fr\/\"},{\"@type\":\"ListItem\",\"position\":2,\"name\":\"Comment pouvons-nous vous aider?\",\"item\":\"https:\/\/www.spottergps.com\/fr\/faq\/\"},{\"@type\":\"ListItem\",\"position\":3,\"name\":\"Boutique en ligne\",\"item\":\"https:\/\/www.spottergps.com\/fr\/faq\/boutique-en-ligne\/\"},{\"@type\":\"ListItem\",\"position\":4,\"name\":\"Comment puis-je retourner le Spotter ?\"}]},{\"@type\":\"WebSite\",\"@id\":\"https:\/\/www.spottergps.com\/fr\/#website\",\"url\":\"https:\/\/www.spottergps.com\/fr\/\",\"name\":\"Spotter France\",\"description\":\"Een andere Spotter websites site\",\"potentialAction\":[{\"@type\":\"SearchAction\",\"target\":{\"@type\":\"EntryPoint\",\"urlTemplate\":\"https:\/\/www.spottergps.com\/fr\/?s={search_term_string}\"},\"query-input\":{\"@type\":\"PropertyValueSpecification\",\"valueRequired\":true,\"valueName\":\"search_term_string\"}}],\"inLanguage\":\"fr-FR\"}]}<\/script>\n<!-- \/ Yoast SEO plugin. -->","yoast_head_json":{"title":"Comment puis-je retourner le Spotter ? - Spotter France","robots":{"index":"index","follow":"follow","max-snippet":"max-snippet:-1","max-image-preview":"max-image-preview:large","max-video-preview":"max-video-preview:-1"},"canonical":"https:\/\/www.spottergps.com\/fr\/faq\/boutique-en-ligne\/comment-puis-je-retourner-le-spotter\/","og_locale":"fr_FR","og_type":"article","og_title":"Comment puis-je retourner le Spotter ? - Spotter France","og_description":"Nous sommes d\u00e9sol\u00e9s que vous envisagiez de retourner votre achat. Nous souhaitons tout mettre en \u0153uvre pour que le produit r\u00e9ponde \u00e0 vos souhaits et attentes. Si vous remplissez le formulaire de contact sur notre site Web, nous vous contacterons sous peu. Retour en cas de d\u00e9faut Si le Spotter ne fonctionne pas comme pr\u00e9vu, [&hellip;]","og_url":"https:\/\/www.spottergps.com\/fr\/faq\/boutique-en-ligne\/comment-puis-je-retourner-le-spotter\/","og_site_name":"Spotter France","article_modified_time":"2023-11-06T14:35:39+00:00","twitter_card":"summary_large_image","twitter_misc":{"Dur\u00e9e de lecture estim\u00e9e":"1 minute"},"schema":{"@context":"https:\/\/schema.org","@graph":[{"@type":"WebPage","@id":"https:\/\/www.spottergps.com\/fr\/faq\/boutique-en-ligne\/comment-puis-je-retourner-le-spotter\/","url":"https:\/\/www.spottergps.com\/fr\/faq\/boutique-en-ligne\/comment-puis-je-retourner-le-spotter\/","name":"Comment puis-je retourner le Spotter ? - Spotter France","isPartOf":{"@id":"https:\/\/www.spottergps.com\/fr\/#website"},"datePublished":"2023-09-18T14:06:36+00:00","dateModified":"2023-11-06T14:35:39+00:00","breadcrumb":{"@id":"https:\/\/www.spottergps.com\/fr\/faq\/boutique-en-ligne\/comment-puis-je-retourner-le-spotter\/#breadcrumb"},"inLanguage":"fr-FR","potentialAction":[{"@type":"ReadAction","target":["https:\/\/www.spottergps.com\/fr\/faq\/boutique-en-ligne\/comment-puis-je-retourner-le-spotter\/"]}]},{"@type":"BreadcrumbList","@id":"https:\/\/www.spottergps.com\/fr\/faq\/boutique-en-ligne\/comment-puis-je-retourner-le-spotter\/#breadcrumb","itemListElement":[{"@type":"ListItem","position":1,"name":"Home","item":"https:\/\/www.spottergps.com\/fr\/"},{"@type":"ListItem","position":2,"name":"Comment pouvons-nous vous aider?","item":"https:\/\/www.spottergps.com\/fr\/faq\/"},{"@type":"ListItem","position":3,"name":"Boutique en ligne","item":"https:\/\/www.spottergps.com\/fr\/faq\/boutique-en-ligne\/"},{"@type":"ListItem","position":4,"name":"Comment puis-je retourner le Spotter ?"}]},{"@type":"WebSite","@id":"https:\/\/www.spottergps.com\/fr\/#website","url":"https:\/\/www.spottergps.com\/fr\/","name":"Spotter France","description":"Een andere Spotter websites site","potentialAction":[{"@type":"SearchAction","target":{"@type":"EntryPoint","urlTemplate":"https:\/\/www.spottergps.com\/fr\/?s={search_term_string}"},"query-input":{"@type":"PropertyValueSpecification","valueRequired":true,"valueName":"search_term_string"}}],"inLanguage":"fr-FR"}]}},"_links":{"self":[{"href":"https:\/\/www.spottergps.com\/fr\/wp-json\/wp\/v2\/pages\/1505","targetHints":{"allow":["GET"]}}],"collection":[{"href":"https:\/\/www.spottergps.com\/fr\/wp-json\/wp\/v2\/pages"}],"about":[{"href":"https:\/\/www.spottergps.com\/fr\/wp-json\/wp\/v2\/types\/page"}],"author":[{"embeddable":true,"href":"https:\/\/www.spottergps.com\/fr\/wp-json\/wp\/v2\/users\/8"}],"replies":[{"embeddable":true,"href":"https:\/\/www.spottergps.com\/fr\/wp-json\/wp\/v2\/comments?post=1505"}],"version-history":[{"count":4,"href":"https:\/\/www.spottergps.com\/fr\/wp-json\/wp\/v2\/pages\/1505\/revisions"}],"predecessor-version":[{"id":1764,"href":"https:\/\/www.spottergps.com\/fr\/wp-json\/wp\/v2\/pages\/1505\/revisions\/1764"}],"up":[{"embeddable":true,"href":"https:\/\/www.spottergps.com\/fr\/wp-json\/wp\/v2\/pages\/1194"}],"wp:attachment":[{"href":"https:\/\/www.spottergps.com\/fr\/wp-json\/wp\/v2\/media?parent=1505"}],"wp:term":[{"taxonomy":"category","embeddable":true,"href":"https:\/\/www.spottergps.com\/fr\/wp-json\/wp\/v2\/categories?post=1505"},{"taxonomy":"post_tag","embeddable":true,"href":"https:\/\/www.spottergps.com\/fr\/wp-json\/wp\/v2\/tags?post=1505"}],"curies":[{"name":"wp","href":"https:\/\/api.w.org\/{rel}","templated":true}]}}