{"id":1500,"date":"2023-09-18T15:02:14","date_gmt":"2023-09-18T14:02:14","guid":{"rendered":"https:\/\/www.spottergps.com\/fr\/?page_id=1500"},"modified":"2023-11-06T15:37:07","modified_gmt":"2023-11-06T14:37:07","slug":"comment-puis-je-modifier-les-donnees-de-mon-compte-de-boutique-en-ligne","status":"publish","type":"page","link":"https:\/\/www.spottergps.com\/fr\/faq\/boutique-en-ligne\/comment-puis-je-modifier-les-donnees-de-mon-compte-de-boutique-en-ligne\/","title":{"rendered":"Comment puis-je modifier les donn\u00e9es de mon compte de boutique en ligne\u00a0?"},"content":{"rendered":"\n<p>Si vous souhaitez modifier vos coordonn\u00e9es dans votre compte de boutique en ligne, proc\u00e9dez comme suit. Vous vous <a href=\"https:\/\/shop.spottergps.com\/fr\/customer\/account\/login\/referer\/aHR0cHM6Ly9zaG9wLnNwb3R0ZXJncHMuY29tL2ZyLw%2C%2C\/\" data-type=\"URL\" data-id=\"https:\/\/shop.spottergps.com\/fr\/customer\/account\/login\/referer\/aHR0cHM6Ly9zaG9wLnNwb3R0ZXJncHMuY29tL2ZyLw%2C%2C\/\">connectez \u00e0 votre compte de boutique en ligne<\/a><a href=\"https:\/\/shop.spottergps.com\/nl\/customer\/account\/login\/referer\/aHR0cHM6Ly9zaG9wLnNwb3R0ZXJncHMuY29tL25sLw%2C%2C\/\"> <\/a>et acc\u00e9dez \u00e0 \u00ab\u00a0compte\u00a0\u00bb. <br><br><strong>Modifier les d\u00e9tails <\/strong><br>de l&rsquo;adresse Acc\u00e9dez au carnet d&rsquo;adresses de votre compte et sur cette page, vous pouvez modifier l&rsquo;adresse de livraison et l&rsquo;adresse de facturation par d\u00e9faut.<\/p>\n\n\n\n<p>Attention : si vous venez de passer commande et que vous souhaitez modifier l&rsquo;adresse, merci de contacter le service client via la <a href=\"https:\/\/www.spottergps.com\/fr\/service-clients\/\" data-type=\"URL\" data-id=\"https:\/\/www.spottergps.com\/fr\/service-clients\/\">page contact <\/a>.<\/p>\n\n\n\n<p><strong>Modifier l&rsquo;adresse e-mail <\/strong><br>Si vous souhaitez modifier votre adresse e-mail dans le compte de la boutique en ligne, <a href=\"http:\/\/shop.spottergps.com\/fr\/customer\/account\/login\/referer\/aHR0cHM6Ly9zaG9wLnNwb3R0ZXJncHMuY29tL2ZyLw%2C%2C\/\" data-type=\"URL\" data-id=\"shop.spottergps.com\/fr\/customer\/account\/login\/referer\/aHR0cHM6Ly9zaG9wLnNwb3R0ZXJncHMuY29tL2ZyLw%2C%2C\/\">connectez -vous<\/a> et acc\u00e9dez au compte. Sur cette page, vous pouvez cliquer sur \u00ab\u00a0d\u00e9tails du compte\u00a0\u00bb. Ici, vous modifiez l&rsquo;adresse e-mail de votre compte de boutique en ligne. Cliquez ensuite sur modifier l&rsquo;adresse e-mail et entrez la nouvelle adresse e-mail et votre mot de passe actuel. Cliquez sur enregistrer et c&rsquo;est fait.<\/p>\n\n\n\n<p><strong>modifier <\/strong><br>votre num\u00e9ro de t\u00e9l\u00e9phone dans le compte de la boutique en ligne, <a href=\"https:\/\/shop.spottergps.com\/nl\/customer\/account\/login\/referer\/aHR0cHM6Ly9zaG9wLnNwb3R0ZXJncHMuY29tL25sLw%2C%2C\/\">connectez <\/a>-vous et acc\u00e9dez \u00e0 \u00ab compte \u00bb. Vous pouvez \u00e9galement modifier votre num\u00e9ro de t\u00e9l\u00e9phone en acc\u00e9dant au carnet d&rsquo;adresses et en le modifiant.<\/p>\n","protected":false},"excerpt":{"rendered":"<p>Si vous souhaitez modifier vos coordonn\u00e9es dans votre compte de boutique en ligne, proc\u00e9dez comme suit. Vous vous connectez \u00e0 votre compte de boutique en ligne et acc\u00e9dez \u00e0 \u00ab\u00a0compte\u00a0\u00bb. Modifier les d\u00e9tails de l&rsquo;adresse Acc\u00e9dez au carnet d&rsquo;adresses de votre compte et sur cette page, vous pouvez modifier l&rsquo;adresse de livraison et l&rsquo;adresse de [&hellip;]<\/p>\n","protected":false},"author":8,"featured_media":0,"parent":1194,"menu_order":0,"comment_status":"closed","ping_status":"closed","template":"faq-content.php","meta":{"_acf_changed":false,"footnotes":""},"categories":[],"tags":[],"class_list":["post-1500","page","type-page","status-publish","hentry"],"acf":[],"yoast_head":"<!-- This site is optimized with the Yoast SEO plugin v25.9 - https:\/\/yoast.com\/wordpress\/plugins\/seo\/ -->\n<title>Comment puis-je modifier les donn\u00e9es de mon compte de boutique en ligne\u00a0? - Spotter France<\/title>\n<meta name=\"robots\" content=\"index, follow, max-snippet:-1, max-image-preview:large, max-video-preview:-1\" \/>\n<link rel=\"canonical\" href=\"https:\/\/www.spottergps.com\/fr\/faq\/boutique-en-ligne\/comment-puis-je-modifier-les-donnees-de-mon-compte-de-boutique-en-ligne\/\" \/>\n<meta property=\"og:locale\" content=\"fr_FR\" \/>\n<meta property=\"og:type\" content=\"article\" \/>\n<meta property=\"og:title\" content=\"Comment puis-je modifier les donn\u00e9es de mon compte de boutique en ligne\u00a0? - Spotter France\" \/>\n<meta property=\"og:description\" content=\"Si vous souhaitez modifier vos coordonn\u00e9es dans votre compte de boutique en ligne, proc\u00e9dez comme suit. Vous vous connectez \u00e0 votre compte de boutique en ligne et acc\u00e9dez \u00e0 \u00ab\u00a0compte\u00a0\u00bb. Modifier les d\u00e9tails de l&rsquo;adresse Acc\u00e9dez au carnet d&rsquo;adresses de votre compte et sur cette page, vous pouvez modifier l&rsquo;adresse de livraison et l&rsquo;adresse de [&hellip;]\" \/>\n<meta property=\"og:url\" content=\"https:\/\/www.spottergps.com\/fr\/faq\/boutique-en-ligne\/comment-puis-je-modifier-les-donnees-de-mon-compte-de-boutique-en-ligne\/\" \/>\n<meta property=\"og:site_name\" content=\"Spotter France\" \/>\n<meta property=\"article:modified_time\" content=\"2023-11-06T14:37:07+00:00\" \/>\n<meta name=\"twitter:card\" content=\"summary_large_image\" \/>\n<meta name=\"twitter:label1\" content=\"Dur\u00e9e de lecture estim\u00e9e\" \/>\n\t<meta name=\"twitter:data1\" content=\"1 minute\" \/>\n<script type=\"application\/ld+json\" class=\"yoast-schema-graph\">{\"@context\":\"https:\/\/schema.org\",\"@graph\":[{\"@type\":\"WebPage\",\"@id\":\"https:\/\/www.spottergps.com\/fr\/faq\/boutique-en-ligne\/comment-puis-je-modifier-les-donnees-de-mon-compte-de-boutique-en-ligne\/\",\"url\":\"https:\/\/www.spottergps.com\/fr\/faq\/boutique-en-ligne\/comment-puis-je-modifier-les-donnees-de-mon-compte-de-boutique-en-ligne\/\",\"name\":\"Comment puis-je modifier les donn\u00e9es de mon compte de boutique en ligne\u00a0? - Spotter France\",\"isPartOf\":{\"@id\":\"https:\/\/www.spottergps.com\/fr\/#website\"},\"datePublished\":\"2023-09-18T14:02:14+00:00\",\"dateModified\":\"2023-11-06T14:37:07+00:00\",\"breadcrumb\":{\"@id\":\"https:\/\/www.spottergps.com\/fr\/faq\/boutique-en-ligne\/comment-puis-je-modifier-les-donnees-de-mon-compte-de-boutique-en-ligne\/#breadcrumb\"},\"inLanguage\":\"fr-FR\",\"potentialAction\":[{\"@type\":\"ReadAction\",\"target\":[\"https:\/\/www.spottergps.com\/fr\/faq\/boutique-en-ligne\/comment-puis-je-modifier-les-donnees-de-mon-compte-de-boutique-en-ligne\/\"]}]},{\"@type\":\"BreadcrumbList\",\"@id\":\"https:\/\/www.spottergps.com\/fr\/faq\/boutique-en-ligne\/comment-puis-je-modifier-les-donnees-de-mon-compte-de-boutique-en-ligne\/#breadcrumb\",\"itemListElement\":[{\"@type\":\"ListItem\",\"position\":1,\"name\":\"Home\",\"item\":\"https:\/\/www.spottergps.com\/fr\/\"},{\"@type\":\"ListItem\",\"position\":2,\"name\":\"Comment pouvons-nous vous aider?\",\"item\":\"https:\/\/www.spottergps.com\/fr\/faq\/\"},{\"@type\":\"ListItem\",\"position\":3,\"name\":\"Boutique en ligne\",\"item\":\"https:\/\/www.spottergps.com\/fr\/faq\/boutique-en-ligne\/\"},{\"@type\":\"ListItem\",\"position\":4,\"name\":\"Comment puis-je modifier les donn\u00e9es de mon compte de boutique en ligne\u00a0?\"}]},{\"@type\":\"WebSite\",\"@id\":\"https:\/\/www.spottergps.com\/fr\/#website\",\"url\":\"https:\/\/www.spottergps.com\/fr\/\",\"name\":\"Spotter France\",\"description\":\"Een andere Spotter websites site\",\"potentialAction\":[{\"@type\":\"SearchAction\",\"target\":{\"@type\":\"EntryPoint\",\"urlTemplate\":\"https:\/\/www.spottergps.com\/fr\/?s={search_term_string}\"},\"query-input\":{\"@type\":\"PropertyValueSpecification\",\"valueRequired\":true,\"valueName\":\"search_term_string\"}}],\"inLanguage\":\"fr-FR\"}]}<\/script>\n<!-- \/ Yoast SEO plugin. -->","yoast_head_json":{"title":"Comment puis-je modifier les donn\u00e9es de mon compte de boutique en ligne\u00a0? - Spotter France","robots":{"index":"index","follow":"follow","max-snippet":"max-snippet:-1","max-image-preview":"max-image-preview:large","max-video-preview":"max-video-preview:-1"},"canonical":"https:\/\/www.spottergps.com\/fr\/faq\/boutique-en-ligne\/comment-puis-je-modifier-les-donnees-de-mon-compte-de-boutique-en-ligne\/","og_locale":"fr_FR","og_type":"article","og_title":"Comment puis-je modifier les donn\u00e9es de mon compte de boutique en ligne\u00a0? - Spotter France","og_description":"Si vous souhaitez modifier vos coordonn\u00e9es dans votre compte de boutique en ligne, proc\u00e9dez comme suit. Vous vous connectez \u00e0 votre compte de boutique en ligne et acc\u00e9dez \u00e0 \u00ab\u00a0compte\u00a0\u00bb. Modifier les d\u00e9tails de l&rsquo;adresse Acc\u00e9dez au carnet d&rsquo;adresses de votre compte et sur cette page, vous pouvez modifier l&rsquo;adresse de livraison et l&rsquo;adresse de [&hellip;]","og_url":"https:\/\/www.spottergps.com\/fr\/faq\/boutique-en-ligne\/comment-puis-je-modifier-les-donnees-de-mon-compte-de-boutique-en-ligne\/","og_site_name":"Spotter France","article_modified_time":"2023-11-06T14:37:07+00:00","twitter_card":"summary_large_image","twitter_misc":{"Dur\u00e9e de lecture estim\u00e9e":"1 minute"},"schema":{"@context":"https:\/\/schema.org","@graph":[{"@type":"WebPage","@id":"https:\/\/www.spottergps.com\/fr\/faq\/boutique-en-ligne\/comment-puis-je-modifier-les-donnees-de-mon-compte-de-boutique-en-ligne\/","url":"https:\/\/www.spottergps.com\/fr\/faq\/boutique-en-ligne\/comment-puis-je-modifier-les-donnees-de-mon-compte-de-boutique-en-ligne\/","name":"Comment puis-je modifier les donn\u00e9es de mon compte de boutique en ligne\u00a0? - Spotter France","isPartOf":{"@id":"https:\/\/www.spottergps.com\/fr\/#website"},"datePublished":"2023-09-18T14:02:14+00:00","dateModified":"2023-11-06T14:37:07+00:00","breadcrumb":{"@id":"https:\/\/www.spottergps.com\/fr\/faq\/boutique-en-ligne\/comment-puis-je-modifier-les-donnees-de-mon-compte-de-boutique-en-ligne\/#breadcrumb"},"inLanguage":"fr-FR","potentialAction":[{"@type":"ReadAction","target":["https:\/\/www.spottergps.com\/fr\/faq\/boutique-en-ligne\/comment-puis-je-modifier-les-donnees-de-mon-compte-de-boutique-en-ligne\/"]}]},{"@type":"BreadcrumbList","@id":"https:\/\/www.spottergps.com\/fr\/faq\/boutique-en-ligne\/comment-puis-je-modifier-les-donnees-de-mon-compte-de-boutique-en-ligne\/#breadcrumb","itemListElement":[{"@type":"ListItem","position":1,"name":"Home","item":"https:\/\/www.spottergps.com\/fr\/"},{"@type":"ListItem","position":2,"name":"Comment pouvons-nous vous aider?","item":"https:\/\/www.spottergps.com\/fr\/faq\/"},{"@type":"ListItem","position":3,"name":"Boutique en ligne","item":"https:\/\/www.spottergps.com\/fr\/faq\/boutique-en-ligne\/"},{"@type":"ListItem","position":4,"name":"Comment puis-je modifier les donn\u00e9es de mon compte de boutique en ligne\u00a0?"}]},{"@type":"WebSite","@id":"https:\/\/www.spottergps.com\/fr\/#website","url":"https:\/\/www.spottergps.com\/fr\/","name":"Spotter France","description":"Een andere Spotter websites site","potentialAction":[{"@type":"SearchAction","target":{"@type":"EntryPoint","urlTemplate":"https:\/\/www.spottergps.com\/fr\/?s={search_term_string}"},"query-input":{"@type":"PropertyValueSpecification","valueRequired":true,"valueName":"search_term_string"}}],"inLanguage":"fr-FR"}]}},"_links":{"self":[{"href":"https:\/\/www.spottergps.com\/fr\/wp-json\/wp\/v2\/pages\/1500","targetHints":{"allow":["GET"]}}],"collection":[{"href":"https:\/\/www.spottergps.com\/fr\/wp-json\/wp\/v2\/pages"}],"about":[{"href":"https:\/\/www.spottergps.com\/fr\/wp-json\/wp\/v2\/types\/page"}],"author":[{"embeddable":true,"href":"https:\/\/www.spottergps.com\/fr\/wp-json\/wp\/v2\/users\/8"}],"replies":[{"embeddable":true,"href":"https:\/\/www.spottergps.com\/fr\/wp-json\/wp\/v2\/comments?post=1500"}],"version-history":[{"count":4,"href":"https:\/\/www.spottergps.com\/fr\/wp-json\/wp\/v2\/pages\/1500\/revisions"}],"predecessor-version":[{"id":1765,"href":"https:\/\/www.spottergps.com\/fr\/wp-json\/wp\/v2\/pages\/1500\/revisions\/1765"}],"up":[{"embeddable":true,"href":"https:\/\/www.spottergps.com\/fr\/wp-json\/wp\/v2\/pages\/1194"}],"wp:attachment":[{"href":"https:\/\/www.spottergps.com\/fr\/wp-json\/wp\/v2\/media?parent=1500"}],"wp:term":[{"taxonomy":"category","embeddable":true,"href":"https:\/\/www.spottergps.com\/fr\/wp-json\/wp\/v2\/categories?post=1500"},{"taxonomy":"post_tag","embeddable":true,"href":"https:\/\/www.spottergps.com\/fr\/wp-json\/wp\/v2\/tags?post=1500"}],"curies":[{"name":"wp","href":"https:\/\/api.w.org\/{rel}","templated":true}]}}