{"id":1497,"date":"2023-09-18T14:59:50","date_gmt":"2023-09-18T13:59:50","guid":{"rendered":"https:\/\/www.spottergps.com\/fr\/?page_id=1497"},"modified":"2023-09-18T15:00:55","modified_gmt":"2023-09-18T14:00:55","slug":"mon-envoi-est-retarde-ou-pas-encore-livre-expedie","status":"publish","type":"page","link":"https:\/\/www.spottergps.com\/fr\/faq\/boutique-en-ligne\/mon-envoi-est-retarde-ou-pas-encore-livre-expedie\/","title":{"rendered":"Mon envoi est retard\u00e9 ou pas encore livr\u00e9\/exp\u00e9di\u00e9 ?"},"content":{"rendered":"\n<p>Nous et notre partenaire DHL faisons tout notre possible pour exp\u00e9dier et livrer votre commande \u00e0 temps. Vous pouvez suivre le processus d&rsquo;exp\u00e9dition via un code de suivi et de tra\u00e7abilit\u00e9 . Vous l&rsquo;avez re\u00e7u apr\u00e8s avoir command\u00e9.<\/p>\n\n\n\n<p><strong>Exp\u00e9dition retard\u00e9e <\/strong><strong><br><\/strong>Parfois, une exp\u00e9dition peut \u00eatre retard\u00e9e dans le processus de tri. Il s&rsquo;agit g\u00e9n\u00e9ralement d&rsquo;un d\u00e9lai de 1 \u00e0 2 jours. Vous pouvez \u00e9galement le voir sur le site Web de DHL via le code de suivi et de tra\u00e7abilit\u00e9 .<\/p>\n\n\n\n<p><strong>Pas encore exp\u00e9di\u00e9 <br><\/strong>Parfois, votre envoi peut \u00eatre exp\u00e9di\u00e9 plus tard. Si votre commande n&rsquo;a pas \u00e9t\u00e9 exp\u00e9di\u00e9e apr\u00e8s 2 jours ouvr\u00e9s, veuillez contacter le service client de Spotter via notre <a href=\"https:\/\/www.spottergps.com\/fr\/service-clients\/\" data-type=\"URL\" data-id=\"https:\/\/www.spottergps.com\/fr\/service-clients\/\">page de contact<\/a> . <br><br><strong>Pas encore livr\u00e9 <br><\/strong>V\u00e9rifiez avec le code track and trace si votre commande est en route. Si vous n&rsquo;avez pas re\u00e7u la commande apr\u00e8s 3 jours ouvr\u00e9s, merci de contacter notre service client via la<a href=\"https:\/\/www.spottergps.com\/fr\/service-clients\/\" data-type=\"URL\" data-id=\"https:\/\/www.spottergps.com\/fr\/service-clients\/\"> page contact <\/a>.<\/p>\n","protected":false},"excerpt":{"rendered":"<p>Nous et notre partenaire DHL faisons tout notre possible pour exp\u00e9dier et livrer votre commande \u00e0 temps. Vous pouvez suivre le processus d&rsquo;exp\u00e9dition via un code de suivi et de tra\u00e7abilit\u00e9 . Vous l&rsquo;avez re\u00e7u apr\u00e8s avoir command\u00e9. Exp\u00e9dition retard\u00e9e Parfois, une exp\u00e9dition peut \u00eatre retard\u00e9e dans le processus de tri. Il s&rsquo;agit g\u00e9n\u00e9ralement d&rsquo;un [&hellip;]<\/p>\n","protected":false},"author":8,"featured_media":0,"parent":1194,"menu_order":0,"comment_status":"closed","ping_status":"closed","template":"faq-content.php","meta":{"_acf_changed":false,"footnotes":""},"categories":[],"tags":[],"class_list":["post-1497","page","type-page","status-publish","hentry"],"acf":[],"yoast_head":"<!-- This site is optimized with the Yoast SEO plugin v25.9 - https:\/\/yoast.com\/wordpress\/plugins\/seo\/ -->\n<title>Mon envoi est retard\u00e9 ou pas encore livr\u00e9\/exp\u00e9di\u00e9 ? - Spotter France<\/title>\n<meta name=\"robots\" content=\"index, follow, max-snippet:-1, max-image-preview:large, max-video-preview:-1\" \/>\n<link rel=\"canonical\" href=\"https:\/\/www.spottergps.com\/fr\/faq\/boutique-en-ligne\/mon-envoi-est-retarde-ou-pas-encore-livre-expedie\/\" \/>\n<meta property=\"og:locale\" content=\"fr_FR\" \/>\n<meta property=\"og:type\" content=\"article\" \/>\n<meta property=\"og:title\" content=\"Mon envoi est retard\u00e9 ou pas encore livr\u00e9\/exp\u00e9di\u00e9 ? - Spotter France\" \/>\n<meta property=\"og:description\" content=\"Nous et notre partenaire DHL faisons tout notre possible pour exp\u00e9dier et livrer votre commande \u00e0 temps. Vous pouvez suivre le processus d&rsquo;exp\u00e9dition via un code de suivi et de tra\u00e7abilit\u00e9 . Vous l&rsquo;avez re\u00e7u apr\u00e8s avoir command\u00e9. Exp\u00e9dition retard\u00e9e Parfois, une exp\u00e9dition peut \u00eatre retard\u00e9e dans le processus de tri. Il s&rsquo;agit g\u00e9n\u00e9ralement d&rsquo;un [&hellip;]\" \/>\n<meta property=\"og:url\" content=\"https:\/\/www.spottergps.com\/fr\/faq\/boutique-en-ligne\/mon-envoi-est-retarde-ou-pas-encore-livre-expedie\/\" \/>\n<meta property=\"og:site_name\" content=\"Spotter France\" \/>\n<meta property=\"article:modified_time\" content=\"2023-09-18T14:00:55+00:00\" \/>\n<meta name=\"twitter:card\" content=\"summary_large_image\" \/>\n<meta name=\"twitter:label1\" content=\"Dur\u00e9e de lecture estim\u00e9e\" \/>\n\t<meta name=\"twitter:data1\" content=\"1 minute\" \/>\n<script type=\"application\/ld+json\" class=\"yoast-schema-graph\">{\"@context\":\"https:\/\/schema.org\",\"@graph\":[{\"@type\":\"WebPage\",\"@id\":\"https:\/\/www.spottergps.com\/fr\/faq\/boutique-en-ligne\/mon-envoi-est-retarde-ou-pas-encore-livre-expedie\/\",\"url\":\"https:\/\/www.spottergps.com\/fr\/faq\/boutique-en-ligne\/mon-envoi-est-retarde-ou-pas-encore-livre-expedie\/\",\"name\":\"Mon envoi est retard\u00e9 ou pas encore livr\u00e9\/exp\u00e9di\u00e9 ? - Spotter France\",\"isPartOf\":{\"@id\":\"https:\/\/www.spottergps.com\/fr\/#website\"},\"datePublished\":\"2023-09-18T13:59:50+00:00\",\"dateModified\":\"2023-09-18T14:00:55+00:00\",\"breadcrumb\":{\"@id\":\"https:\/\/www.spottergps.com\/fr\/faq\/boutique-en-ligne\/mon-envoi-est-retarde-ou-pas-encore-livre-expedie\/#breadcrumb\"},\"inLanguage\":\"fr-FR\",\"potentialAction\":[{\"@type\":\"ReadAction\",\"target\":[\"https:\/\/www.spottergps.com\/fr\/faq\/boutique-en-ligne\/mon-envoi-est-retarde-ou-pas-encore-livre-expedie\/\"]}]},{\"@type\":\"BreadcrumbList\",\"@id\":\"https:\/\/www.spottergps.com\/fr\/faq\/boutique-en-ligne\/mon-envoi-est-retarde-ou-pas-encore-livre-expedie\/#breadcrumb\",\"itemListElement\":[{\"@type\":\"ListItem\",\"position\":1,\"name\":\"Home\",\"item\":\"https:\/\/www.spottergps.com\/fr\/\"},{\"@type\":\"ListItem\",\"position\":2,\"name\":\"Comment pouvons-nous vous aider?\",\"item\":\"https:\/\/www.spottergps.com\/fr\/faq\/\"},{\"@type\":\"ListItem\",\"position\":3,\"name\":\"Boutique en ligne\",\"item\":\"https:\/\/www.spottergps.com\/fr\/faq\/boutique-en-ligne\/\"},{\"@type\":\"ListItem\",\"position\":4,\"name\":\"Mon envoi est retard\u00e9 ou pas encore livr\u00e9\/exp\u00e9di\u00e9 ?\"}]},{\"@type\":\"WebSite\",\"@id\":\"https:\/\/www.spottergps.com\/fr\/#website\",\"url\":\"https:\/\/www.spottergps.com\/fr\/\",\"name\":\"Spotter France\",\"description\":\"Een andere Spotter websites site\",\"potentialAction\":[{\"@type\":\"SearchAction\",\"target\":{\"@type\":\"EntryPoint\",\"urlTemplate\":\"https:\/\/www.spottergps.com\/fr\/?s={search_term_string}\"},\"query-input\":{\"@type\":\"PropertyValueSpecification\",\"valueRequired\":true,\"valueName\":\"search_term_string\"}}],\"inLanguage\":\"fr-FR\"}]}<\/script>\n<!-- \/ Yoast SEO plugin. -->","yoast_head_json":{"title":"Mon envoi est retard\u00e9 ou pas encore livr\u00e9\/exp\u00e9di\u00e9 ? - Spotter France","robots":{"index":"index","follow":"follow","max-snippet":"max-snippet:-1","max-image-preview":"max-image-preview:large","max-video-preview":"max-video-preview:-1"},"canonical":"https:\/\/www.spottergps.com\/fr\/faq\/boutique-en-ligne\/mon-envoi-est-retarde-ou-pas-encore-livre-expedie\/","og_locale":"fr_FR","og_type":"article","og_title":"Mon envoi est retard\u00e9 ou pas encore livr\u00e9\/exp\u00e9di\u00e9 ? - Spotter France","og_description":"Nous et notre partenaire DHL faisons tout notre possible pour exp\u00e9dier et livrer votre commande \u00e0 temps. Vous pouvez suivre le processus d&rsquo;exp\u00e9dition via un code de suivi et de tra\u00e7abilit\u00e9 . Vous l&rsquo;avez re\u00e7u apr\u00e8s avoir command\u00e9. Exp\u00e9dition retard\u00e9e Parfois, une exp\u00e9dition peut \u00eatre retard\u00e9e dans le processus de tri. Il s&rsquo;agit g\u00e9n\u00e9ralement d&rsquo;un [&hellip;]","og_url":"https:\/\/www.spottergps.com\/fr\/faq\/boutique-en-ligne\/mon-envoi-est-retarde-ou-pas-encore-livre-expedie\/","og_site_name":"Spotter France","article_modified_time":"2023-09-18T14:00:55+00:00","twitter_card":"summary_large_image","twitter_misc":{"Dur\u00e9e de lecture estim\u00e9e":"1 minute"},"schema":{"@context":"https:\/\/schema.org","@graph":[{"@type":"WebPage","@id":"https:\/\/www.spottergps.com\/fr\/faq\/boutique-en-ligne\/mon-envoi-est-retarde-ou-pas-encore-livre-expedie\/","url":"https:\/\/www.spottergps.com\/fr\/faq\/boutique-en-ligne\/mon-envoi-est-retarde-ou-pas-encore-livre-expedie\/","name":"Mon envoi est retard\u00e9 ou pas encore livr\u00e9\/exp\u00e9di\u00e9 ? - Spotter France","isPartOf":{"@id":"https:\/\/www.spottergps.com\/fr\/#website"},"datePublished":"2023-09-18T13:59:50+00:00","dateModified":"2023-09-18T14:00:55+00:00","breadcrumb":{"@id":"https:\/\/www.spottergps.com\/fr\/faq\/boutique-en-ligne\/mon-envoi-est-retarde-ou-pas-encore-livre-expedie\/#breadcrumb"},"inLanguage":"fr-FR","potentialAction":[{"@type":"ReadAction","target":["https:\/\/www.spottergps.com\/fr\/faq\/boutique-en-ligne\/mon-envoi-est-retarde-ou-pas-encore-livre-expedie\/"]}]},{"@type":"BreadcrumbList","@id":"https:\/\/www.spottergps.com\/fr\/faq\/boutique-en-ligne\/mon-envoi-est-retarde-ou-pas-encore-livre-expedie\/#breadcrumb","itemListElement":[{"@type":"ListItem","position":1,"name":"Home","item":"https:\/\/www.spottergps.com\/fr\/"},{"@type":"ListItem","position":2,"name":"Comment pouvons-nous vous aider?","item":"https:\/\/www.spottergps.com\/fr\/faq\/"},{"@type":"ListItem","position":3,"name":"Boutique en ligne","item":"https:\/\/www.spottergps.com\/fr\/faq\/boutique-en-ligne\/"},{"@type":"ListItem","position":4,"name":"Mon envoi est retard\u00e9 ou pas encore livr\u00e9\/exp\u00e9di\u00e9 ?"}]},{"@type":"WebSite","@id":"https:\/\/www.spottergps.com\/fr\/#website","url":"https:\/\/www.spottergps.com\/fr\/","name":"Spotter France","description":"Een andere Spotter websites site","potentialAction":[{"@type":"SearchAction","target":{"@type":"EntryPoint","urlTemplate":"https:\/\/www.spottergps.com\/fr\/?s={search_term_string}"},"query-input":{"@type":"PropertyValueSpecification","valueRequired":true,"valueName":"search_term_string"}}],"inLanguage":"fr-FR"}]}},"_links":{"self":[{"href":"https:\/\/www.spottergps.com\/fr\/wp-json\/wp\/v2\/pages\/1497","targetHints":{"allow":["GET"]}}],"collection":[{"href":"https:\/\/www.spottergps.com\/fr\/wp-json\/wp\/v2\/pages"}],"about":[{"href":"https:\/\/www.spottergps.com\/fr\/wp-json\/wp\/v2\/types\/page"}],"author":[{"embeddable":true,"href":"https:\/\/www.spottergps.com\/fr\/wp-json\/wp\/v2\/users\/8"}],"replies":[{"embeddable":true,"href":"https:\/\/www.spottergps.com\/fr\/wp-json\/wp\/v2\/comments?post=1497"}],"version-history":[{"count":2,"href":"https:\/\/www.spottergps.com\/fr\/wp-json\/wp\/v2\/pages\/1497\/revisions"}],"predecessor-version":[{"id":1499,"href":"https:\/\/www.spottergps.com\/fr\/wp-json\/wp\/v2\/pages\/1497\/revisions\/1499"}],"up":[{"embeddable":true,"href":"https:\/\/www.spottergps.com\/fr\/wp-json\/wp\/v2\/pages\/1194"}],"wp:attachment":[{"href":"https:\/\/www.spottergps.com\/fr\/wp-json\/wp\/v2\/media?parent=1497"}],"wp:term":[{"taxonomy":"category","embeddable":true,"href":"https:\/\/www.spottergps.com\/fr\/wp-json\/wp\/v2\/categories?post=1497"},{"taxonomy":"post_tag","embeddable":true,"href":"https:\/\/www.spottergps.com\/fr\/wp-json\/wp\/v2\/tags?post=1497"}],"curies":[{"name":"wp","href":"https:\/\/api.w.org\/{rel}","templated":true}]}}