{"id":1495,"date":"2023-09-18T14:58:43","date_gmt":"2023-09-18T13:58:43","guid":{"rendered":"https:\/\/www.spottergps.com\/fr\/?page_id=1495"},"modified":"2023-09-18T15:11:55","modified_gmt":"2023-09-18T14:11:55","slug":"avec-quel-service-de-colis-ma-commande-sera-t-elle-expediee","status":"publish","type":"page","link":"https:\/\/www.spottergps.com\/fr\/faq\/boutique-en-ligne\/avec-quel-service-de-colis-ma-commande-sera-t-elle-expediee\/","title":{"rendered":"Avec quel service de colis ma commande sera-t-elle exp\u00e9di\u00e9e ?"},"content":{"rendered":"\n<p>Votre commande sera exp\u00e9di\u00e9e avec notre partenaire DHL. Les commandes pass\u00e9es les jours ouvrables avant 15h00 seront exp\u00e9di\u00e9es le jour m\u00eame. Vous pouvez suivre votre commande avec un code de suivi et de tra\u00e7abilit\u00e9 que vous recevez de notre part apr\u00e8s avoir pass\u00e9 commande.<\/p>\n","protected":false},"excerpt":{"rendered":"<p>Votre commande sera exp\u00e9di\u00e9e avec notre partenaire DHL. Les commandes pass\u00e9es les jours ouvrables avant 15h00 seront exp\u00e9di\u00e9es le jour m\u00eame. Vous pouvez suivre votre commande avec un code de suivi et de tra\u00e7abilit\u00e9 que vous recevez de notre part apr\u00e8s avoir pass\u00e9 commande.<\/p>\n","protected":false},"author":8,"featured_media":0,"parent":1194,"menu_order":0,"comment_status":"closed","ping_status":"closed","template":"faq-content.php","meta":{"_acf_changed":false,"footnotes":""},"categories":[],"tags":[],"class_list":["post-1495","page","type-page","status-publish","hentry"],"acf":[],"yoast_head":"<!-- This site is optimized with the Yoast SEO plugin v25.9 - https:\/\/yoast.com\/wordpress\/plugins\/seo\/ -->\n<title>Avec quel service de colis ma commande sera-t-elle exp\u00e9di\u00e9e ? - Spotter France<\/title>\n<meta name=\"robots\" content=\"index, follow, max-snippet:-1, max-image-preview:large, max-video-preview:-1\" \/>\n<link rel=\"canonical\" href=\"https:\/\/www.spottergps.com\/fr\/faq\/boutique-en-ligne\/avec-quel-service-de-colis-ma-commande-sera-t-elle-expediee\/\" \/>\n<meta property=\"og:locale\" content=\"fr_FR\" \/>\n<meta property=\"og:type\" content=\"article\" \/>\n<meta property=\"og:title\" content=\"Avec quel service de colis ma commande sera-t-elle exp\u00e9di\u00e9e ? - Spotter France\" \/>\n<meta property=\"og:description\" content=\"Votre commande sera exp\u00e9di\u00e9e avec notre partenaire DHL. Les commandes pass\u00e9es les jours ouvrables avant 15h00 seront exp\u00e9di\u00e9es le jour m\u00eame. Vous pouvez suivre votre commande avec un code de suivi et de tra\u00e7abilit\u00e9 que vous recevez de notre part apr\u00e8s avoir pass\u00e9 commande.\" \/>\n<meta property=\"og:url\" content=\"https:\/\/www.spottergps.com\/fr\/faq\/boutique-en-ligne\/avec-quel-service-de-colis-ma-commande-sera-t-elle-expediee\/\" \/>\n<meta property=\"og:site_name\" content=\"Spotter France\" \/>\n<meta property=\"article:modified_time\" content=\"2023-09-18T14:11:55+00:00\" \/>\n<meta name=\"twitter:card\" content=\"summary_large_image\" \/>\n<script type=\"application\/ld+json\" class=\"yoast-schema-graph\">{\"@context\":\"https:\/\/schema.org\",\"@graph\":[{\"@type\":\"WebPage\",\"@id\":\"https:\/\/www.spottergps.com\/fr\/faq\/boutique-en-ligne\/avec-quel-service-de-colis-ma-commande-sera-t-elle-expediee\/\",\"url\":\"https:\/\/www.spottergps.com\/fr\/faq\/boutique-en-ligne\/avec-quel-service-de-colis-ma-commande-sera-t-elle-expediee\/\",\"name\":\"Avec quel service de colis ma commande sera-t-elle exp\u00e9di\u00e9e ? - Spotter France\",\"isPartOf\":{\"@id\":\"https:\/\/www.spottergps.com\/fr\/#website\"},\"datePublished\":\"2023-09-18T13:58:43+00:00\",\"dateModified\":\"2023-09-18T14:11:55+00:00\",\"breadcrumb\":{\"@id\":\"https:\/\/www.spottergps.com\/fr\/faq\/boutique-en-ligne\/avec-quel-service-de-colis-ma-commande-sera-t-elle-expediee\/#breadcrumb\"},\"inLanguage\":\"fr-FR\",\"potentialAction\":[{\"@type\":\"ReadAction\",\"target\":[\"https:\/\/www.spottergps.com\/fr\/faq\/boutique-en-ligne\/avec-quel-service-de-colis-ma-commande-sera-t-elle-expediee\/\"]}]},{\"@type\":\"BreadcrumbList\",\"@id\":\"https:\/\/www.spottergps.com\/fr\/faq\/boutique-en-ligne\/avec-quel-service-de-colis-ma-commande-sera-t-elle-expediee\/#breadcrumb\",\"itemListElement\":[{\"@type\":\"ListItem\",\"position\":1,\"name\":\"Home\",\"item\":\"https:\/\/www.spottergps.com\/fr\/\"},{\"@type\":\"ListItem\",\"position\":2,\"name\":\"Comment pouvons-nous vous aider?\",\"item\":\"https:\/\/www.spottergps.com\/fr\/faq\/\"},{\"@type\":\"ListItem\",\"position\":3,\"name\":\"Boutique en ligne\",\"item\":\"https:\/\/www.spottergps.com\/fr\/faq\/boutique-en-ligne\/\"},{\"@type\":\"ListItem\",\"position\":4,\"name\":\"Avec quel service de colis ma commande sera-t-elle exp\u00e9di\u00e9e ?\"}]},{\"@type\":\"WebSite\",\"@id\":\"https:\/\/www.spottergps.com\/fr\/#website\",\"url\":\"https:\/\/www.spottergps.com\/fr\/\",\"name\":\"Spotter France\",\"description\":\"Een andere Spotter websites site\",\"potentialAction\":[{\"@type\":\"SearchAction\",\"target\":{\"@type\":\"EntryPoint\",\"urlTemplate\":\"https:\/\/www.spottergps.com\/fr\/?s={search_term_string}\"},\"query-input\":{\"@type\":\"PropertyValueSpecification\",\"valueRequired\":true,\"valueName\":\"search_term_string\"}}],\"inLanguage\":\"fr-FR\"}]}<\/script>\n<!-- \/ Yoast SEO plugin. -->","yoast_head_json":{"title":"Avec quel service de colis ma commande sera-t-elle exp\u00e9di\u00e9e ? - Spotter France","robots":{"index":"index","follow":"follow","max-snippet":"max-snippet:-1","max-image-preview":"max-image-preview:large","max-video-preview":"max-video-preview:-1"},"canonical":"https:\/\/www.spottergps.com\/fr\/faq\/boutique-en-ligne\/avec-quel-service-de-colis-ma-commande-sera-t-elle-expediee\/","og_locale":"fr_FR","og_type":"article","og_title":"Avec quel service de colis ma commande sera-t-elle exp\u00e9di\u00e9e ? - Spotter France","og_description":"Votre commande sera exp\u00e9di\u00e9e avec notre partenaire DHL. Les commandes pass\u00e9es les jours ouvrables avant 15h00 seront exp\u00e9di\u00e9es le jour m\u00eame. Vous pouvez suivre votre commande avec un code de suivi et de tra\u00e7abilit\u00e9 que vous recevez de notre part apr\u00e8s avoir pass\u00e9 commande.","og_url":"https:\/\/www.spottergps.com\/fr\/faq\/boutique-en-ligne\/avec-quel-service-de-colis-ma-commande-sera-t-elle-expediee\/","og_site_name":"Spotter France","article_modified_time":"2023-09-18T14:11:55+00:00","twitter_card":"summary_large_image","schema":{"@context":"https:\/\/schema.org","@graph":[{"@type":"WebPage","@id":"https:\/\/www.spottergps.com\/fr\/faq\/boutique-en-ligne\/avec-quel-service-de-colis-ma-commande-sera-t-elle-expediee\/","url":"https:\/\/www.spottergps.com\/fr\/faq\/boutique-en-ligne\/avec-quel-service-de-colis-ma-commande-sera-t-elle-expediee\/","name":"Avec quel service de colis ma commande sera-t-elle exp\u00e9di\u00e9e ? - Spotter France","isPartOf":{"@id":"https:\/\/www.spottergps.com\/fr\/#website"},"datePublished":"2023-09-18T13:58:43+00:00","dateModified":"2023-09-18T14:11:55+00:00","breadcrumb":{"@id":"https:\/\/www.spottergps.com\/fr\/faq\/boutique-en-ligne\/avec-quel-service-de-colis-ma-commande-sera-t-elle-expediee\/#breadcrumb"},"inLanguage":"fr-FR","potentialAction":[{"@type":"ReadAction","target":["https:\/\/www.spottergps.com\/fr\/faq\/boutique-en-ligne\/avec-quel-service-de-colis-ma-commande-sera-t-elle-expediee\/"]}]},{"@type":"BreadcrumbList","@id":"https:\/\/www.spottergps.com\/fr\/faq\/boutique-en-ligne\/avec-quel-service-de-colis-ma-commande-sera-t-elle-expediee\/#breadcrumb","itemListElement":[{"@type":"ListItem","position":1,"name":"Home","item":"https:\/\/www.spottergps.com\/fr\/"},{"@type":"ListItem","position":2,"name":"Comment pouvons-nous vous aider?","item":"https:\/\/www.spottergps.com\/fr\/faq\/"},{"@type":"ListItem","position":3,"name":"Boutique en ligne","item":"https:\/\/www.spottergps.com\/fr\/faq\/boutique-en-ligne\/"},{"@type":"ListItem","position":4,"name":"Avec quel service de colis ma commande sera-t-elle exp\u00e9di\u00e9e ?"}]},{"@type":"WebSite","@id":"https:\/\/www.spottergps.com\/fr\/#website","url":"https:\/\/www.spottergps.com\/fr\/","name":"Spotter France","description":"Een andere Spotter websites site","potentialAction":[{"@type":"SearchAction","target":{"@type":"EntryPoint","urlTemplate":"https:\/\/www.spottergps.com\/fr\/?s={search_term_string}"},"query-input":{"@type":"PropertyValueSpecification","valueRequired":true,"valueName":"search_term_string"}}],"inLanguage":"fr-FR"}]}},"_links":{"self":[{"href":"https:\/\/www.spottergps.com\/fr\/wp-json\/wp\/v2\/pages\/1495","targetHints":{"allow":["GET"]}}],"collection":[{"href":"https:\/\/www.spottergps.com\/fr\/wp-json\/wp\/v2\/pages"}],"about":[{"href":"https:\/\/www.spottergps.com\/fr\/wp-json\/wp\/v2\/types\/page"}],"author":[{"embeddable":true,"href":"https:\/\/www.spottergps.com\/fr\/wp-json\/wp\/v2\/users\/8"}],"replies":[{"embeddable":true,"href":"https:\/\/www.spottergps.com\/fr\/wp-json\/wp\/v2\/comments?post=1495"}],"version-history":[{"count":2,"href":"https:\/\/www.spottergps.com\/fr\/wp-json\/wp\/v2\/pages\/1495\/revisions"}],"predecessor-version":[{"id":1510,"href":"https:\/\/www.spottergps.com\/fr\/wp-json\/wp\/v2\/pages\/1495\/revisions\/1510"}],"up":[{"embeddable":true,"href":"https:\/\/www.spottergps.com\/fr\/wp-json\/wp\/v2\/pages\/1194"}],"wp:attachment":[{"href":"https:\/\/www.spottergps.com\/fr\/wp-json\/wp\/v2\/media?parent=1495"}],"wp:term":[{"taxonomy":"category","embeddable":true,"href":"https:\/\/www.spottergps.com\/fr\/wp-json\/wp\/v2\/categories?post=1495"},{"taxonomy":"post_tag","embeddable":true,"href":"https:\/\/www.spottergps.com\/fr\/wp-json\/wp\/v2\/tags?post=1495"}],"curies":[{"name":"wp","href":"https:\/\/api.w.org\/{rel}","templated":true}]}}