{"id":1492,"date":"2023-09-18T14:56:17","date_gmt":"2023-09-18T13:56:17","guid":{"rendered":"https:\/\/www.spottergps.com\/fr\/?page_id=1492"},"modified":"2023-09-18T14:56:59","modified_gmt":"2023-09-18T13:56:59","slug":"une-piece-manque-dans-le-colis","status":"publish","type":"page","link":"https:\/\/www.spottergps.com\/fr\/faq\/boutique-en-ligne\/une-piece-manque-dans-le-colis\/","title":{"rendered":"Une pi\u00e8ce manque dans le colis"},"content":{"rendered":"\n<p>Oups, quel dommage qu&rsquo;il manque une pi\u00e8ce dans l&#8217;emballage. Toutes les commandes sont pr\u00e9par\u00e9es avec soin, mais malheureusement une erreur s&rsquo;est gliss\u00e9e. Si vous remplissez le <a href=\"https:\/\/www.spottergps.com\/fr\/service-clients\/\" data-type=\"URL\" data-id=\"https:\/\/www.spottergps.com\/fr\/service-clients\/\">formulaire de contact<\/a> sur notre site Web, nous le r\u00e9soudrons rapidement pour vous.<\/p>\n\n\n\n<h2 class=\"wp-block-heading\"><strong><em>Dans l&#8217;emballage du Spotter GPS Tracker<\/em><\/strong><\/h2>\n\n\n\n<ul class=\"wp-block-list\">\n<li>Le traqueur GPS Spotter<\/li>\n\n\n\n<li>incl. carte SIM pr\u00e9pay\u00e9e s\u00e9curis\u00e9e int\u00e9gr\u00e9e<\/li>\n\n\n\n<li>cable USB<\/li>\n\n\n\n<li>chargeur USB<\/li>\n\n\n\n<li>Code d&rsquo;observation<\/li>\n\n\n\n<li>Anneau de fixation<\/li>\n\n\n\n<li>Guide rapide<\/li>\n<\/ul>\n\n\n\n<h2 class=\"wp-block-heading\"><em>Dans l&#8217;emballage de la montre GPS Spotter<\/em><\/h2>\n\n\n\n<ul class=\"wp-block-list\">\n<li>La montre GPS Spotter<\/li>\n\n\n\n<li>incl. carte SIM pr\u00e9pay\u00e9e s\u00e9curis\u00e9e int\u00e9gr\u00e9e<\/li>\n\n\n\n<li>chargeur USB<\/li>\n\n\n\n<li>Code d&rsquo;observation<\/li>\n\n\n\n<li>Guide rapide<\/li>\n<\/ul>\n\n\n\n<h2 class=\"wp-block-heading\"><strong><em>Dans l&#8217;emballage de la Spotter GPS Watch \u2013 Air<\/em><\/strong><\/h2>\n\n\n\n<ul class=\"wp-block-list\">\n<li>La montre GPS Spotter \u2013 Air<\/li>\n\n\n\n<li>incl. carte SIM pr\u00e9pay\u00e9e s\u00e9curis\u00e9e int\u00e9gr\u00e9e<\/li>\n\n\n\n<li>cable USB<\/li>\n\n\n\n<li>Code d&rsquo;observation<\/li>\n\n\n\n<li>Guide rapide<\/li>\n<\/ul>\n\n\n\n<h2 class=\"wp-block-heading\"><em>Dans l&#8217;emballage du Pet Spotter<\/em><\/h2>\n\n\n\n<ul class=\"wp-block-list\">\n<li>L&rsquo;observateur d&rsquo;animaux<\/li>\n\n\n\n<li>incl. carte SIM pr\u00e9pay\u00e9e s\u00e9curis\u00e9e int\u00e9gr\u00e9e<\/li>\n\n\n\n<li>chargeur USB<\/li>\n\n\n\n<li>cable USB<\/li>\n\n\n\n<li>Code d&rsquo;observation<\/li>\n\n\n\n<li>Guide rapide<\/li>\n\n\n\n<li>Etui en silicone (avec la version chat)<\/li>\n\n\n\n<li>Clip de fixation en m\u00e9tal (sur la version chien)<\/li>\n<\/ul>\n\n\n\n<p>Balises&nbsp;: manquantes, incompl\u00e8tes<\/p>\n","protected":false},"excerpt":{"rendered":"<p>Oups, quel dommage qu&rsquo;il manque une pi\u00e8ce dans l&#8217;emballage. Toutes les commandes sont pr\u00e9par\u00e9es avec soin, mais malheureusement une erreur s&rsquo;est gliss\u00e9e. Si vous remplissez le formulaire de contact sur notre site Web, nous le r\u00e9soudrons rapidement pour vous. Dans l&#8217;emballage du Spotter GPS Tracker Dans l&#8217;emballage de la montre GPS Spotter Dans l&#8217;emballage de [&hellip;]<\/p>\n","protected":false},"author":8,"featured_media":0,"parent":1194,"menu_order":0,"comment_status":"closed","ping_status":"closed","template":"faq-content.php","meta":{"_acf_changed":false,"footnotes":""},"categories":[],"tags":[],"class_list":["post-1492","page","type-page","status-publish","hentry"],"acf":[],"yoast_head":"<!-- This site is optimized with the Yoast SEO plugin v25.9 - https:\/\/yoast.com\/wordpress\/plugins\/seo\/ -->\n<title>Une pi\u00e8ce manque dans le colis - Spotter France<\/title>\n<meta name=\"robots\" content=\"index, follow, max-snippet:-1, max-image-preview:large, max-video-preview:-1\" \/>\n<link rel=\"canonical\" href=\"https:\/\/www.spottergps.com\/fr\/faq\/boutique-en-ligne\/une-piece-manque-dans-le-colis\/\" \/>\n<meta property=\"og:locale\" content=\"fr_FR\" \/>\n<meta property=\"og:type\" content=\"article\" \/>\n<meta property=\"og:title\" content=\"Une pi\u00e8ce manque dans le colis - Spotter France\" \/>\n<meta property=\"og:description\" content=\"Oups, quel dommage qu&rsquo;il manque une pi\u00e8ce dans l&#8217;emballage. Toutes les commandes sont pr\u00e9par\u00e9es avec soin, mais malheureusement une erreur s&rsquo;est gliss\u00e9e. Si vous remplissez le formulaire de contact sur notre site Web, nous le r\u00e9soudrons rapidement pour vous. Dans l&#8217;emballage du Spotter GPS Tracker Dans l&#8217;emballage de la montre GPS Spotter Dans l&#8217;emballage de [&hellip;]\" \/>\n<meta property=\"og:url\" content=\"https:\/\/www.spottergps.com\/fr\/faq\/boutique-en-ligne\/une-piece-manque-dans-le-colis\/\" \/>\n<meta property=\"og:site_name\" content=\"Spotter France\" \/>\n<meta property=\"article:modified_time\" content=\"2023-09-18T13:56:59+00:00\" \/>\n<meta name=\"twitter:card\" content=\"summary_large_image\" \/>\n<meta name=\"twitter:label1\" content=\"Dur\u00e9e de lecture estim\u00e9e\" \/>\n\t<meta name=\"twitter:data1\" content=\"1 minute\" \/>\n<script type=\"application\/ld+json\" class=\"yoast-schema-graph\">{\"@context\":\"https:\/\/schema.org\",\"@graph\":[{\"@type\":\"WebPage\",\"@id\":\"https:\/\/www.spottergps.com\/fr\/faq\/boutique-en-ligne\/une-piece-manque-dans-le-colis\/\",\"url\":\"https:\/\/www.spottergps.com\/fr\/faq\/boutique-en-ligne\/une-piece-manque-dans-le-colis\/\",\"name\":\"Une pi\u00e8ce manque dans le colis - Spotter France\",\"isPartOf\":{\"@id\":\"https:\/\/www.spottergps.com\/fr\/#website\"},\"datePublished\":\"2023-09-18T13:56:17+00:00\",\"dateModified\":\"2023-09-18T13:56:59+00:00\",\"breadcrumb\":{\"@id\":\"https:\/\/www.spottergps.com\/fr\/faq\/boutique-en-ligne\/une-piece-manque-dans-le-colis\/#breadcrumb\"},\"inLanguage\":\"fr-FR\",\"potentialAction\":[{\"@type\":\"ReadAction\",\"target\":[\"https:\/\/www.spottergps.com\/fr\/faq\/boutique-en-ligne\/une-piece-manque-dans-le-colis\/\"]}]},{\"@type\":\"BreadcrumbList\",\"@id\":\"https:\/\/www.spottergps.com\/fr\/faq\/boutique-en-ligne\/une-piece-manque-dans-le-colis\/#breadcrumb\",\"itemListElement\":[{\"@type\":\"ListItem\",\"position\":1,\"name\":\"Home\",\"item\":\"https:\/\/www.spottergps.com\/fr\/\"},{\"@type\":\"ListItem\",\"position\":2,\"name\":\"Comment pouvons-nous vous aider?\",\"item\":\"https:\/\/www.spottergps.com\/fr\/faq\/\"},{\"@type\":\"ListItem\",\"position\":3,\"name\":\"Boutique en ligne\",\"item\":\"https:\/\/www.spottergps.com\/fr\/faq\/boutique-en-ligne\/\"},{\"@type\":\"ListItem\",\"position\":4,\"name\":\"Une pi\u00e8ce manque dans le colis\"}]},{\"@type\":\"WebSite\",\"@id\":\"https:\/\/www.spottergps.com\/fr\/#website\",\"url\":\"https:\/\/www.spottergps.com\/fr\/\",\"name\":\"Spotter France\",\"description\":\"Een andere Spotter websites site\",\"potentialAction\":[{\"@type\":\"SearchAction\",\"target\":{\"@type\":\"EntryPoint\",\"urlTemplate\":\"https:\/\/www.spottergps.com\/fr\/?s={search_term_string}\"},\"query-input\":{\"@type\":\"PropertyValueSpecification\",\"valueRequired\":true,\"valueName\":\"search_term_string\"}}],\"inLanguage\":\"fr-FR\"}]}<\/script>\n<!-- \/ Yoast SEO plugin. -->","yoast_head_json":{"title":"Une pi\u00e8ce manque dans le colis - Spotter France","robots":{"index":"index","follow":"follow","max-snippet":"max-snippet:-1","max-image-preview":"max-image-preview:large","max-video-preview":"max-video-preview:-1"},"canonical":"https:\/\/www.spottergps.com\/fr\/faq\/boutique-en-ligne\/une-piece-manque-dans-le-colis\/","og_locale":"fr_FR","og_type":"article","og_title":"Une pi\u00e8ce manque dans le colis - Spotter France","og_description":"Oups, quel dommage qu&rsquo;il manque une pi\u00e8ce dans l&#8217;emballage. Toutes les commandes sont pr\u00e9par\u00e9es avec soin, mais malheureusement une erreur s&rsquo;est gliss\u00e9e. Si vous remplissez le formulaire de contact sur notre site Web, nous le r\u00e9soudrons rapidement pour vous. Dans l&#8217;emballage du Spotter GPS Tracker Dans l&#8217;emballage de la montre GPS Spotter Dans l&#8217;emballage de [&hellip;]","og_url":"https:\/\/www.spottergps.com\/fr\/faq\/boutique-en-ligne\/une-piece-manque-dans-le-colis\/","og_site_name":"Spotter France","article_modified_time":"2023-09-18T13:56:59+00:00","twitter_card":"summary_large_image","twitter_misc":{"Dur\u00e9e de lecture estim\u00e9e":"1 minute"},"schema":{"@context":"https:\/\/schema.org","@graph":[{"@type":"WebPage","@id":"https:\/\/www.spottergps.com\/fr\/faq\/boutique-en-ligne\/une-piece-manque-dans-le-colis\/","url":"https:\/\/www.spottergps.com\/fr\/faq\/boutique-en-ligne\/une-piece-manque-dans-le-colis\/","name":"Une pi\u00e8ce manque dans le colis - Spotter France","isPartOf":{"@id":"https:\/\/www.spottergps.com\/fr\/#website"},"datePublished":"2023-09-18T13:56:17+00:00","dateModified":"2023-09-18T13:56:59+00:00","breadcrumb":{"@id":"https:\/\/www.spottergps.com\/fr\/faq\/boutique-en-ligne\/une-piece-manque-dans-le-colis\/#breadcrumb"},"inLanguage":"fr-FR","potentialAction":[{"@type":"ReadAction","target":["https:\/\/www.spottergps.com\/fr\/faq\/boutique-en-ligne\/une-piece-manque-dans-le-colis\/"]}]},{"@type":"BreadcrumbList","@id":"https:\/\/www.spottergps.com\/fr\/faq\/boutique-en-ligne\/une-piece-manque-dans-le-colis\/#breadcrumb","itemListElement":[{"@type":"ListItem","position":1,"name":"Home","item":"https:\/\/www.spottergps.com\/fr\/"},{"@type":"ListItem","position":2,"name":"Comment pouvons-nous vous aider?","item":"https:\/\/www.spottergps.com\/fr\/faq\/"},{"@type":"ListItem","position":3,"name":"Boutique en ligne","item":"https:\/\/www.spottergps.com\/fr\/faq\/boutique-en-ligne\/"},{"@type":"ListItem","position":4,"name":"Une pi\u00e8ce manque dans le colis"}]},{"@type":"WebSite","@id":"https:\/\/www.spottergps.com\/fr\/#website","url":"https:\/\/www.spottergps.com\/fr\/","name":"Spotter France","description":"Een andere Spotter websites site","potentialAction":[{"@type":"SearchAction","target":{"@type":"EntryPoint","urlTemplate":"https:\/\/www.spottergps.com\/fr\/?s={search_term_string}"},"query-input":{"@type":"PropertyValueSpecification","valueRequired":true,"valueName":"search_term_string"}}],"inLanguage":"fr-FR"}]}},"_links":{"self":[{"href":"https:\/\/www.spottergps.com\/fr\/wp-json\/wp\/v2\/pages\/1492","targetHints":{"allow":["GET"]}}],"collection":[{"href":"https:\/\/www.spottergps.com\/fr\/wp-json\/wp\/v2\/pages"}],"about":[{"href":"https:\/\/www.spottergps.com\/fr\/wp-json\/wp\/v2\/types\/page"}],"author":[{"embeddable":true,"href":"https:\/\/www.spottergps.com\/fr\/wp-json\/wp\/v2\/users\/8"}],"replies":[{"embeddable":true,"href":"https:\/\/www.spottergps.com\/fr\/wp-json\/wp\/v2\/comments?post=1492"}],"version-history":[{"count":2,"href":"https:\/\/www.spottergps.com\/fr\/wp-json\/wp\/v2\/pages\/1492\/revisions"}],"predecessor-version":[{"id":1494,"href":"https:\/\/www.spottergps.com\/fr\/wp-json\/wp\/v2\/pages\/1492\/revisions\/1494"}],"up":[{"embeddable":true,"href":"https:\/\/www.spottergps.com\/fr\/wp-json\/wp\/v2\/pages\/1194"}],"wp:attachment":[{"href":"https:\/\/www.spottergps.com\/fr\/wp-json\/wp\/v2\/media?parent=1492"}],"wp:term":[{"taxonomy":"category","embeddable":true,"href":"https:\/\/www.spottergps.com\/fr\/wp-json\/wp\/v2\/categories?post=1492"},{"taxonomy":"post_tag","embeddable":true,"href":"https:\/\/www.spottergps.com\/fr\/wp-json\/wp\/v2\/tags?post=1492"}],"curies":[{"name":"wp","href":"https:\/\/api.w.org\/{rel}","templated":true}]}}