{"id":149,"date":"2015-06-17T09:05:18","date_gmt":"2015-06-17T08:05:18","guid":{"rendered":"http:\/\/www.spottergps.com\/fr\/?page_id=149"},"modified":"2026-01-30T09:18:55","modified_gmt":"2026-01-30T08:18:55","slug":"home","status":"publish","type":"page","link":"https:\/\/www.spottergps.com\/fr\/","title":{"rendered":"Spotter\u00ae traceur GPS pour tout ce qui vous est cher"},"content":{"rendered":"\n<p class=\"has-text-align-center home-content-text\">Tout ce que vous aimez est d\u00e9sormais \u00e0 port\u00e9e de main sur votre smartphone. Finies les recherches, les frustrations et les inqui\u00e9tudes. D\u00e9sormais, vous saurez exactement o\u00f9 se trouve quelque chose ou quelqu&rsquo;un. Cela vous donne plus de libert\u00e9 et cr\u00e9e de la tranquillit\u00e9 pour vous-m\u00eame. Plus de 50 000 utilisateurs vous ont pr\u00e9c\u00e9d\u00e9.<\/p>\n\n\n\n<h3 class=\"wp-block-heading has-text-align-center\">Pour qui souhaites-tu un Spotter ?<\/h3>\n\n\n\n<div style=\"height:40px\" aria-hidden=\"true\" class=\"wp-block-spacer\"><\/div>\n\n\n\n<div class=\"wp-block-columns is-layout-flex wp-container-core-columns-is-layout-9d6595d7 wp-block-columns-is-layout-flex\">\n<div class=\"wp-block-column is-layout-flow wp-block-column-is-layout-flow\">\n<div class=\"wp-block-columns is-layout-flex wp-container-core-columns-is-layout-9d6595d7 wp-block-columns-is-layout-flex\">\n<div class=\"wp-block-column is-layout-flow wp-block-column-is-layout-flow\"><div class=\"wp-block-image\">\n<figure class=\"aligncenter size-large\"><a href=\"https:\/\/www.spottergps.com\/fr\/montre-gps-enfant\/\"><img decoding=\"async\" src=\"https:\/\/www.spottergps.com\/wp-content\/uploads\/2022\/12\/GPS-tracker-kind-Spotter.svg\" alt=\"\" class=\"wp-image-19851\" \/><\/a><\/figure><\/div>\n\n\n<h4 class=\"wp-block-heading has-text-align-center\"><a href=\"https:\/\/www.spottergps.com\/fr\/montre-gps-enfant\/\">Enfants<\/a><\/h4>\n\n\n\n<p class=\"has-text-align-center\">Toujours en contact avec votre enfant pendant les jeux en plein air ou en vacances.<\/p>\n<\/div>\n\n\n\n<div class=\"wp-block-column is-layout-flow wp-block-column-is-layout-flow\"><div class=\"wp-block-image\">\n<figure class=\"aligncenter size-large\"><a href=\"https:\/\/www.spottergps.com\/fr\/la-montre-alarme-seniors\/\"><img decoding=\"async\" src=\"https:\/\/www.spottergps.com\/wp-content\/uploads\/2022\/12\/senioren-GPS-tracker-Spotter.svg\" alt=\"\" class=\"wp-image-19853\" \/><\/a><\/figure><\/div>\n\n\n<h4 class=\"wp-block-heading has-text-align-center\"><a href=\"https:\/\/www.spottergps.com\/fr\/la-montre-alarme-seniors\/\">Seniors<\/a><\/h4>\n\n\n\n<p class=\"has-text-align-center\">Partir seul(e) en toute tranquillit\u00e9.<\/p>\n<\/div>\n<\/div>\n<\/div>\n\n\n\n<div class=\"wp-block-column is-layout-flow wp-block-column-is-layout-flow\">\n<div class=\"wp-block-columns is-layout-flex wp-container-core-columns-is-layout-9d6595d7 wp-block-columns-is-layout-flex\">\n<div class=\"wp-block-column is-layout-flow wp-block-column-is-layout-flow\"><div class=\"wp-block-image\">\n<figure class=\"aligncenter size-large\"><a href=\"https:\/\/www.spottergps.com\/fr\/le-plus-petit-traceur-gps-pour-animaux-de-compagnie\/\"><img decoding=\"async\" src=\"https:\/\/www.spottergps.com\/wp-content\/uploads\/2022\/12\/GPS-tracker-huisdieren.svg\" alt=\"\" class=\"wp-image-19854\" \/><\/a><\/figure><\/div>\n\n\n<h4 class=\"wp-block-heading has-text-align-center\"><a href=\"https:\/\/www.spottergps.com\/fr\/gps-pour-chiens\/\">Animaux <\/a><\/h4>\n\n\n\n<p class=\"has-text-align-center\">D\u00e9couvrez les aventures de votre petit ami.<\/p>\n<\/div>\n\n\n\n<div class=\"wp-block-column is-layout-flow wp-block-column-is-layout-flow\"><div class=\"wp-block-image is-style-default\">\n<figure class=\"aligncenter size-large\"><a href=\"https:\/\/www.spottergps.com\/fr\/gps-tracker-pour-votre-valise\/\"><img decoding=\"async\" src=\"https:\/\/www.spottergps.com\/wp-content\/uploads\/2022\/12\/GPS-tracker-koffer.svg\" alt=\"\" class=\"wp-image-19855\" \/><\/a><\/figure><\/div>\n\n\n<h4 class=\"wp-block-heading has-text-align-center\"><a href=\"https:\/\/www.spottergps.com\/fr\/gps-tracker-pour-votre-valise\/\">Objets<\/a><\/h4>\n\n\n\n<p class=\"has-text-align-center\">Sachez toujours o\u00f9 se trouvent vos affaires.<\/p>\n<\/div>\n<\/div>\n<\/div>\n<\/div>\n\n\n\n<\/p>\n<p class=\"has-text-align-center\"><a class=\"main-button\" href=\"#home-products\">Consultez tous les produits<\/a><\/p>\n<p style=\"text-align: center\">\n\n\n\n<div style=\"height:64px\" aria-hidden=\"true\" class=\"wp-block-spacer\"><\/div>\n\n\n\n<h3 class=\"wp-block-heading has-text-align-center\">Les avantages de Spotter<\/h3>\n\n\n\n<div style=\"height:40px\" aria-hidden=\"true\" class=\"wp-block-spacer\"><\/div>\n\n\n\n<div class=\"wp-block-columns home-features is-layout-flex wp-container-core-columns-is-layout-9d6595d7 wp-block-columns-is-layout-flex\">\n<div class=\"wp-block-column is-layout-flow wp-block-column-is-layout-flow\"><div class=\"wp-block-image\">\n<figure class=\"aligncenter size-large\"><img decoding=\"async\" src=\"https:\/\/www.spottergps.com\/wp-content\/uploads\/2022\/12\/Spotter-Nederlands-merk.svg\" alt=\"\" class=\"wp-image-19857\" \/><\/figure><\/div>\n\n\n<h4 class=\"wp-block-heading has-text-align-center\">Marque n\u00e9erlandaise<\/h4>\n\n\n\n<p class=\"has-text-align-center\">Avec un service client interne<\/p>\n<\/div>\n\n\n\n<div class=\"wp-block-column is-layout-flow wp-block-column-is-layout-flow\"><div class=\"wp-block-image\">\n<figure class=\"aligncenter size-large\"><img decoding=\"async\" src=\"https:\/\/www.spottergps.com\/wp-content\/uploads\/2022\/12\/Spotter-veilig-en-betrouwbaar.svg\" alt=\"\" class=\"wp-image-19858\" \/><\/figure><\/div>\n\n\n<h4 class=\"wp-block-heading has-text-align-center\">S\u00fbr et fiable<\/h4>\n\n\n\n<p class=\"has-text-align-center\">Conforme \u00e0 toutes les normes de s\u00e9curit\u00e9 europ\u00e9ennes.<\/p>\n<\/div>\n\n\n\n<div class=\"wp-block-column is-layout-flow wp-block-column-is-layout-flow\"><div class=\"wp-block-image\">\n<figure class=\"aligncenter size-large\"><img decoding=\"async\" src=\"https:\/\/www.spottergps.com\/wp-content\/uploads\/2022\/12\/GPS-tracker-zonder-abonnement-Spotter.svg\" alt=\"\" class=\"wp-image-19859\" \/><\/figure><\/div>\n\n\n<h4 class=\"wp-block-heading has-text-align-center\">Utilisation pr\u00e9pay\u00e9e<\/h4>\n\n\n\n<p class=\"has-text-align-center\">Donc, sans abonnement.<\/p>\n<\/div>\n\n\n\n<div class=\"wp-block-column is-layout-flow wp-block-column-is-layout-flow\"><div class=\"wp-block-image\">\n<figure class=\"aligncenter size-large\"><img decoding=\"async\" src=\"https:\/\/www.spottergps.com\/wp-content\/uploads\/2022\/12\/Spotter-makkelijk-in-gebruik.svg\" alt=\"\" class=\"wp-image-19860\" \/><\/figure><\/div>\n\n\n<h4 class=\"wp-block-heading has-text-align-center\">Pas de tracas<\/h4>\n\n\n\n<p class=\"has-text-align-center\">Pr\u00eat \u00e0 l&#8217;emploi imm\u00e9diatement, carte SIM incluse.<\/p>\n<\/div>\n\n\n\n<div class=\"wp-block-column is-layout-flow wp-block-column-is-layout-flow\"><div class=\"wp-block-image\">\n<figure class=\"aligncenter size-large\"><img decoding=\"async\" src=\"https:\/\/www.spottergps.com\/wp-content\/uploads\/2022\/12\/Spotter-35000-gebruikers.svg\" alt=\"\" class=\"wp-image-19862\" \/><\/figure><\/div>\n\n\n<h4 class=\"wp-block-heading has-text-align-center\">35 000 utilisateurs<\/h4>\n\n\n\n<p class=\"has-text-align-center\">Ont utilis\u00e9 avant vous.<\/p>\n<\/div>\n<\/div>\n\n\n\n<div style=\"height:40px\" aria-hidden=\"true\" class=\"wp-block-spacer\"><\/div>\n\n\n\n<div style=\"height:40px\" aria-hidden=\"true\" class=\"wp-block-spacer\"><\/div>\n","protected":false},"excerpt":{"rendered":"<p>Tout ce que vous aimez est d\u00e9sormais \u00e0 port\u00e9e de main sur votre smartphone. Finies les recherches, les frustrations et les inqui\u00e9tudes. D\u00e9sormais, vous saurez exactement o\u00f9 se trouve quelque chose ou quelqu&rsquo;un. Cela vous donne plus de libert\u00e9 et cr\u00e9e de la tranquillit\u00e9 pour vous-m\u00eame. Plus de 50 000 utilisateurs vous ont pr\u00e9c\u00e9d\u00e9. Pour [&hellip;]<\/p>\n","protected":false},"author":1,"featured_media":3020,"parent":0,"menu_order":0,"comment_status":"open","ping_status":"open","template":"","meta":{"_acf_changed":false,"footnotes":""},"categories":[],"tags":[],"class_list":["post-149","page","type-page","status-publish","has-post-thumbnail","hentry"],"acf":[],"yoast_head":"<!-- This site is optimized with the Yoast SEO plugin v25.9 - https:\/\/yoast.com\/wordpress\/plugins\/seo\/ -->\n<title>Spotter\u00ae Traceur GPS \u2013 Pour tout ce que vous aimez \u2764<\/title>\n<meta name=\"description\" content=\"D\u00e9couvrez les produits GPS de Spotter\u00ae. Des traceurs GPS aux montres GPS pour enfants et personnes \u00e2g\u00e9es. Sans frais d&#039;abonnement.\" \/>\n<meta name=\"robots\" content=\"index, follow, max-snippet:-1, max-image-preview:large, max-video-preview:-1\" \/>\n<link rel=\"canonical\" href=\"https:\/\/www.spottergps.com\/fr\/\" \/>\n<meta property=\"og:locale\" content=\"fr_FR\" \/>\n<meta property=\"og:type\" content=\"article\" \/>\n<meta property=\"og:title\" content=\"Spotter\u00ae Traceur GPS \u2013 Pour tout ce que vous aimez \u2764\" \/>\n<meta property=\"og:description\" content=\"D\u00e9couvrez les produits GPS de Spotter\u00ae. Des traceurs GPS aux montres GPS pour enfants et personnes \u00e2g\u00e9es. Sans frais d&#039;abonnement.\" \/>\n<meta property=\"og:url\" content=\"https:\/\/www.spottergps.com\/fr\/\" \/>\n<meta property=\"og:site_name\" content=\"Spotter France\" \/>\n<meta property=\"article:modified_time\" content=\"2026-01-30T08:18:55+00:00\" \/>\n<meta property=\"og:image\" content=\"https:\/\/www.spottergps.com\/fr\/wp-content\/uploads\/sites\/2\/2025\/05\/montre-gps-enfant-spotter.jpg\" \/>\n\t<meta property=\"og:image:width\" content=\"1512\" \/>\n\t<meta property=\"og:image:height\" content=\"2016\" \/>\n\t<meta property=\"og:image:type\" content=\"image\/jpeg\" \/>\n<meta name=\"twitter:card\" content=\"summary_large_image\" \/>\n<meta name=\"twitter:label1\" content=\"Dur\u00e9e de lecture estim\u00e9e\" \/>\n\t<meta name=\"twitter:data1\" content=\"3 minutes\" \/>\n<script type=\"application\/ld+json\" class=\"yoast-schema-graph\">{\"@context\":\"https:\/\/schema.org\",\"@graph\":[{\"@type\":\"WebPage\",\"@id\":\"https:\/\/www.spottergps.com\/fr\/\",\"url\":\"https:\/\/www.spottergps.com\/fr\/\",\"name\":\"Spotter\u00ae Traceur GPS \u2013 Pour tout ce que vous aimez \u2764\",\"isPartOf\":{\"@id\":\"https:\/\/www.spottergps.com\/fr\/#website\"},\"primaryImageOfPage\":{\"@id\":\"https:\/\/www.spottergps.com\/fr\/#primaryimage\"},\"image\":{\"@id\":\"https:\/\/www.spottergps.com\/fr\/#primaryimage\"},\"thumbnailUrl\":\"https:\/\/www.spottergps.com\/fr\/wp-content\/uploads\/sites\/2\/2025\/05\/montre-gps-enfant-spotter.jpg\",\"datePublished\":\"2015-06-17T08:05:18+00:00\",\"dateModified\":\"2026-01-30T08:18:55+00:00\",\"description\":\"D\u00e9couvrez les produits GPS de Spotter\u00ae. Des traceurs GPS aux montres GPS pour enfants et personnes \u00e2g\u00e9es. Sans frais d'abonnement.\",\"breadcrumb\":{\"@id\":\"https:\/\/www.spottergps.com\/fr\/#breadcrumb\"},\"inLanguage\":\"fr-FR\",\"potentialAction\":[{\"@type\":\"ReadAction\",\"target\":[\"https:\/\/www.spottergps.com\/fr\/\"]}]},{\"@type\":\"ImageObject\",\"inLanguage\":\"fr-FR\",\"@id\":\"https:\/\/www.spottergps.com\/fr\/#primaryimage\",\"url\":\"https:\/\/www.spottergps.com\/fr\/wp-content\/uploads\/sites\/2\/2025\/05\/montre-gps-enfant-spotter.jpg\",\"contentUrl\":\"https:\/\/www.spottergps.com\/fr\/wp-content\/uploads\/sites\/2\/2025\/05\/montre-gps-enfant-spotter.jpg\",\"width\":1512,\"height\":2016,\"caption\":\"montre gps enfant - spotter\"},{\"@type\":\"BreadcrumbList\",\"@id\":\"https:\/\/www.spottergps.com\/fr\/#breadcrumb\",\"itemListElement\":[{\"@type\":\"ListItem\",\"position\":1,\"name\":\"Home\",\"item\":\"https:\/\/www.spottergps.com\/fr\/\"},{\"@type\":\"ListItem\",\"position\":2,\"name\":\"Spotter\u00ae traceur GPS pour tout ce qui vous est cher\"}]},{\"@type\":\"WebSite\",\"@id\":\"https:\/\/www.spottergps.com\/fr\/#website\",\"url\":\"https:\/\/www.spottergps.com\/fr\/\",\"name\":\"Spotter France\",\"description\":\"Een andere Spotter websites site\",\"potentialAction\":[{\"@type\":\"SearchAction\",\"target\":{\"@type\":\"EntryPoint\",\"urlTemplate\":\"https:\/\/www.spottergps.com\/fr\/?s={search_term_string}\"},\"query-input\":{\"@type\":\"PropertyValueSpecification\",\"valueRequired\":true,\"valueName\":\"search_term_string\"}}],\"inLanguage\":\"fr-FR\"}]}<\/script>\n<!-- \/ Yoast SEO plugin. -->","yoast_head_json":{"title":"Spotter\u00ae Traceur GPS \u2013 Pour tout ce que vous aimez \u2764","description":"D\u00e9couvrez les produits GPS de Spotter\u00ae. Des traceurs GPS aux montres GPS pour enfants et personnes \u00e2g\u00e9es. Sans frais d'abonnement.","robots":{"index":"index","follow":"follow","max-snippet":"max-snippet:-1","max-image-preview":"max-image-preview:large","max-video-preview":"max-video-preview:-1"},"canonical":"https:\/\/www.spottergps.com\/fr\/","og_locale":"fr_FR","og_type":"article","og_title":"Spotter\u00ae Traceur GPS \u2013 Pour tout ce que vous aimez \u2764","og_description":"D\u00e9couvrez les produits GPS de Spotter\u00ae. Des traceurs GPS aux montres GPS pour enfants et personnes \u00e2g\u00e9es. Sans frais d'abonnement.","og_url":"https:\/\/www.spottergps.com\/fr\/","og_site_name":"Spotter France","article_modified_time":"2026-01-30T08:18:55+00:00","og_image":[{"width":1512,"height":2016,"url":"https:\/\/www.spottergps.com\/fr\/wp-content\/uploads\/sites\/2\/2025\/05\/montre-gps-enfant-spotter.jpg","type":"image\/jpeg"}],"twitter_card":"summary_large_image","twitter_misc":{"Dur\u00e9e de lecture estim\u00e9e":"3 minutes"},"schema":{"@context":"https:\/\/schema.org","@graph":[{"@type":"WebPage","@id":"https:\/\/www.spottergps.com\/fr\/","url":"https:\/\/www.spottergps.com\/fr\/","name":"Spotter\u00ae Traceur GPS \u2013 Pour tout ce que vous aimez \u2764","isPartOf":{"@id":"https:\/\/www.spottergps.com\/fr\/#website"},"primaryImageOfPage":{"@id":"https:\/\/www.spottergps.com\/fr\/#primaryimage"},"image":{"@id":"https:\/\/www.spottergps.com\/fr\/#primaryimage"},"thumbnailUrl":"https:\/\/www.spottergps.com\/fr\/wp-content\/uploads\/sites\/2\/2025\/05\/montre-gps-enfant-spotter.jpg","datePublished":"2015-06-17T08:05:18+00:00","dateModified":"2026-01-30T08:18:55+00:00","description":"D\u00e9couvrez les produits GPS de Spotter\u00ae. Des traceurs GPS aux montres GPS pour enfants et personnes \u00e2g\u00e9es. Sans frais d'abonnement.","breadcrumb":{"@id":"https:\/\/www.spottergps.com\/fr\/#breadcrumb"},"inLanguage":"fr-FR","potentialAction":[{"@type":"ReadAction","target":["https:\/\/www.spottergps.com\/fr\/"]}]},{"@type":"ImageObject","inLanguage":"fr-FR","@id":"https:\/\/www.spottergps.com\/fr\/#primaryimage","url":"https:\/\/www.spottergps.com\/fr\/wp-content\/uploads\/sites\/2\/2025\/05\/montre-gps-enfant-spotter.jpg","contentUrl":"https:\/\/www.spottergps.com\/fr\/wp-content\/uploads\/sites\/2\/2025\/05\/montre-gps-enfant-spotter.jpg","width":1512,"height":2016,"caption":"montre gps enfant - spotter"},{"@type":"BreadcrumbList","@id":"https:\/\/www.spottergps.com\/fr\/#breadcrumb","itemListElement":[{"@type":"ListItem","position":1,"name":"Home","item":"https:\/\/www.spottergps.com\/fr\/"},{"@type":"ListItem","position":2,"name":"Spotter\u00ae traceur GPS pour tout ce qui vous est cher"}]},{"@type":"WebSite","@id":"https:\/\/www.spottergps.com\/fr\/#website","url":"https:\/\/www.spottergps.com\/fr\/","name":"Spotter France","description":"Een andere Spotter websites site","potentialAction":[{"@type":"SearchAction","target":{"@type":"EntryPoint","urlTemplate":"https:\/\/www.spottergps.com\/fr\/?s={search_term_string}"},"query-input":{"@type":"PropertyValueSpecification","valueRequired":true,"valueName":"search_term_string"}}],"inLanguage":"fr-FR"}]}},"_links":{"self":[{"href":"https:\/\/www.spottergps.com\/fr\/wp-json\/wp\/v2\/pages\/149","targetHints":{"allow":["GET"]}}],"collection":[{"href":"https:\/\/www.spottergps.com\/fr\/wp-json\/wp\/v2\/pages"}],"about":[{"href":"https:\/\/www.spottergps.com\/fr\/wp-json\/wp\/v2\/types\/page"}],"author":[{"embeddable":true,"href":"https:\/\/www.spottergps.com\/fr\/wp-json\/wp\/v2\/users\/1"}],"replies":[{"embeddable":true,"href":"https:\/\/www.spottergps.com\/fr\/wp-json\/wp\/v2\/comments?post=149"}],"version-history":[{"count":85,"href":"https:\/\/www.spottergps.com\/fr\/wp-json\/wp\/v2\/pages\/149\/revisions"}],"predecessor-version":[{"id":3575,"href":"https:\/\/www.spottergps.com\/fr\/wp-json\/wp\/v2\/pages\/149\/revisions\/3575"}],"wp:featuredmedia":[{"embeddable":true,"href":"https:\/\/www.spottergps.com\/fr\/wp-json\/wp\/v2\/media\/3020"}],"wp:attachment":[{"href":"https:\/\/www.spottergps.com\/fr\/wp-json\/wp\/v2\/media?parent=149"}],"wp:term":[{"taxonomy":"category","embeddable":true,"href":"https:\/\/www.spottergps.com\/fr\/wp-json\/wp\/v2\/categories?post=149"},{"taxonomy":"post_tag","embeddable":true,"href":"https:\/\/www.spottergps.com\/fr\/wp-json\/wp\/v2\/tags?post=149"}],"curies":[{"name":"wp","href":"https:\/\/api.w.org\/{rel}","templated":true}]}}