{"id":1487,"date":"2023-09-18T14:50:03","date_gmt":"2023-09-18T13:50:03","guid":{"rendered":"https:\/\/www.spottergps.com\/fr\/?page_id=1487"},"modified":"2023-09-26T09:35:43","modified_gmt":"2023-09-26T08:35:43","slug":"jai-commande-le-mauvais-produit","status":"publish","type":"page","link":"https:\/\/www.spottergps.com\/fr\/faq\/boutique-en-ligne\/jai-commande-le-mauvais-produit\/","title":{"rendered":"J&rsquo;ai command\u00e9 le mauvais produit"},"content":{"rendered":"\n<p><span lang=\"fr\" style=\"font-family: 'Aller',serif;color: #222222\">Oups command\u00e9 le mauvais produit\u2026 Pas de probl\u00e8me, il est possible d&rsquo;annuler votre commande si elle n&rsquo;a pas encore \u00e9t\u00e9 exp\u00e9di\u00e9e. Merci de nous en informer au plus vite via le chat en ligne ou via le <\/span><span lang=\"fr\"><span style=\"font-family: 'Aller',serif;color: #2eb4e7\"><a href=\"https:\/\/www.spottergps.com\/fr\/service-clients\/\" data-type=\"URL\" data-id=\"https:\/\/www.spottergps.com\/fr\/service-clients\/\">formulaire de contact <\/a><\/span><\/span><span lang=\"fr\" style=\"font-family: 'Aller',serif;color: #222222\">.<\/span><\/p>\n\n\n\n<p><span lang=\"fr\" style=\"font-family: 'Aller',serif;color: #222222\">Si votre commande a d\u00e9j\u00e0 \u00e9t\u00e9 exp\u00e9di\u00e9e, vous pouvez nous retourner le produit apr\u00e8s r\u00e9ception. <\/span><span lang=\"fr\"><span style=\"font-family: 'Aller',serif;color: #2eb4e7\"><a href=\"https:\/\/www.spottergps.com\/fr\/faq\/boutique-en-ligne\/comment-puis-je-retourner-le-spotter\/\" data-type=\"URL\" data-id=\"https:\/\/www.spottergps.com\/fr\/faq\/boutique-en-ligne\/comment-puis-je-retourner-le-spotter\/\">Vous pouvez lire comment faire ici<\/a> <\/span><\/span><span lang=\"fr\" style=\"font-family: 'Aller',serif;color: #222222\">. Si vous, en tant que consommateur, souhaitez annuler et retourner votre achat, cela est possible jusqu&rsquo;\u00e0 14 jours apr\u00e8s l&rsquo;achat. Il n&rsquo;y a pas de droit de dissolution pour les achats d&rsquo;entreprise. <br><br>Vous pouvez ensuite commander le bon produit dans <\/span><span lang=\"fr\"><span style=\"font-family: 'Aller',serif;color: #2eb4e7\"><a href=\"https:\/\/shop.spottergps.com\/fr\/\" data-type=\"URL\" data-id=\"https:\/\/shop.spottergps.com\/fr\/\">notre boutique en ligne <\/a><\/span><\/span><span lang=\"fr\" style=\"font-family: 'Aller',serif;color: #222222\">.<\/span><\/p>\n","protected":false},"excerpt":{"rendered":"<p>Oups command\u00e9 le mauvais produit\u2026 Pas de probl\u00e8me, il est possible d&rsquo;annuler votre commande si elle n&rsquo;a pas encore \u00e9t\u00e9 exp\u00e9di\u00e9e. Merci de nous en informer au plus vite via le chat en ligne ou via le formulaire de contact . Si votre commande a d\u00e9j\u00e0 \u00e9t\u00e9 exp\u00e9di\u00e9e, vous pouvez nous retourner le produit apr\u00e8s [&hellip;]<\/p>\n","protected":false},"author":8,"featured_media":0,"parent":1194,"menu_order":0,"comment_status":"closed","ping_status":"closed","template":"faq-content.php","meta":{"_acf_changed":false,"footnotes":""},"categories":[],"tags":[],"class_list":["post-1487","page","type-page","status-publish","hentry"],"acf":[],"yoast_head":"<!-- This site is optimized with the Yoast SEO plugin v25.9 - https:\/\/yoast.com\/wordpress\/plugins\/seo\/ -->\n<title>J&#039;ai command\u00e9 le mauvais produit - Spotter France<\/title>\n<meta name=\"robots\" content=\"index, follow, max-snippet:-1, max-image-preview:large, max-video-preview:-1\" \/>\n<link rel=\"canonical\" href=\"https:\/\/www.spottergps.com\/fr\/faq\/boutique-en-ligne\/jai-commande-le-mauvais-produit\/\" \/>\n<meta property=\"og:locale\" content=\"fr_FR\" \/>\n<meta property=\"og:type\" content=\"article\" \/>\n<meta property=\"og:title\" content=\"J&#039;ai command\u00e9 le mauvais produit - Spotter France\" \/>\n<meta property=\"og:description\" content=\"Oups command\u00e9 le mauvais produit\u2026 Pas de probl\u00e8me, il est possible d&rsquo;annuler votre commande si elle n&rsquo;a pas encore \u00e9t\u00e9 exp\u00e9di\u00e9e. Merci de nous en informer au plus vite via le chat en ligne ou via le formulaire de contact . Si votre commande a d\u00e9j\u00e0 \u00e9t\u00e9 exp\u00e9di\u00e9e, vous pouvez nous retourner le produit apr\u00e8s [&hellip;]\" \/>\n<meta property=\"og:url\" content=\"https:\/\/www.spottergps.com\/fr\/faq\/boutique-en-ligne\/jai-commande-le-mauvais-produit\/\" \/>\n<meta property=\"og:site_name\" content=\"Spotter France\" \/>\n<meta property=\"article:modified_time\" content=\"2023-09-26T08:35:43+00:00\" \/>\n<meta name=\"twitter:card\" content=\"summary_large_image\" \/>\n<meta name=\"twitter:label1\" content=\"Dur\u00e9e de lecture estim\u00e9e\" \/>\n\t<meta name=\"twitter:data1\" content=\"1 minute\" \/>\n<script type=\"application\/ld+json\" class=\"yoast-schema-graph\">{\"@context\":\"https:\/\/schema.org\",\"@graph\":[{\"@type\":\"WebPage\",\"@id\":\"https:\/\/www.spottergps.com\/fr\/faq\/boutique-en-ligne\/jai-commande-le-mauvais-produit\/\",\"url\":\"https:\/\/www.spottergps.com\/fr\/faq\/boutique-en-ligne\/jai-commande-le-mauvais-produit\/\",\"name\":\"J'ai command\u00e9 le mauvais produit - Spotter France\",\"isPartOf\":{\"@id\":\"https:\/\/www.spottergps.com\/fr\/#website\"},\"datePublished\":\"2023-09-18T13:50:03+00:00\",\"dateModified\":\"2023-09-26T08:35:43+00:00\",\"breadcrumb\":{\"@id\":\"https:\/\/www.spottergps.com\/fr\/faq\/boutique-en-ligne\/jai-commande-le-mauvais-produit\/#breadcrumb\"},\"inLanguage\":\"fr-FR\",\"potentialAction\":[{\"@type\":\"ReadAction\",\"target\":[\"https:\/\/www.spottergps.com\/fr\/faq\/boutique-en-ligne\/jai-commande-le-mauvais-produit\/\"]}]},{\"@type\":\"BreadcrumbList\",\"@id\":\"https:\/\/www.spottergps.com\/fr\/faq\/boutique-en-ligne\/jai-commande-le-mauvais-produit\/#breadcrumb\",\"itemListElement\":[{\"@type\":\"ListItem\",\"position\":1,\"name\":\"Home\",\"item\":\"https:\/\/www.spottergps.com\/fr\/\"},{\"@type\":\"ListItem\",\"position\":2,\"name\":\"Comment pouvons-nous vous aider?\",\"item\":\"https:\/\/www.spottergps.com\/fr\/faq\/\"},{\"@type\":\"ListItem\",\"position\":3,\"name\":\"Boutique en ligne\",\"item\":\"https:\/\/www.spottergps.com\/fr\/faq\/boutique-en-ligne\/\"},{\"@type\":\"ListItem\",\"position\":4,\"name\":\"J&rsquo;ai command\u00e9 le mauvais produit\"}]},{\"@type\":\"WebSite\",\"@id\":\"https:\/\/www.spottergps.com\/fr\/#website\",\"url\":\"https:\/\/www.spottergps.com\/fr\/\",\"name\":\"Spotter France\",\"description\":\"Een andere Spotter websites site\",\"potentialAction\":[{\"@type\":\"SearchAction\",\"target\":{\"@type\":\"EntryPoint\",\"urlTemplate\":\"https:\/\/www.spottergps.com\/fr\/?s={search_term_string}\"},\"query-input\":{\"@type\":\"PropertyValueSpecification\",\"valueRequired\":true,\"valueName\":\"search_term_string\"}}],\"inLanguage\":\"fr-FR\"}]}<\/script>\n<!-- \/ Yoast SEO plugin. -->","yoast_head_json":{"title":"J'ai command\u00e9 le mauvais produit - Spotter France","robots":{"index":"index","follow":"follow","max-snippet":"max-snippet:-1","max-image-preview":"max-image-preview:large","max-video-preview":"max-video-preview:-1"},"canonical":"https:\/\/www.spottergps.com\/fr\/faq\/boutique-en-ligne\/jai-commande-le-mauvais-produit\/","og_locale":"fr_FR","og_type":"article","og_title":"J'ai command\u00e9 le mauvais produit - Spotter France","og_description":"Oups command\u00e9 le mauvais produit\u2026 Pas de probl\u00e8me, il est possible d&rsquo;annuler votre commande si elle n&rsquo;a pas encore \u00e9t\u00e9 exp\u00e9di\u00e9e. Merci de nous en informer au plus vite via le chat en ligne ou via le formulaire de contact . Si votre commande a d\u00e9j\u00e0 \u00e9t\u00e9 exp\u00e9di\u00e9e, vous pouvez nous retourner le produit apr\u00e8s [&hellip;]","og_url":"https:\/\/www.spottergps.com\/fr\/faq\/boutique-en-ligne\/jai-commande-le-mauvais-produit\/","og_site_name":"Spotter France","article_modified_time":"2023-09-26T08:35:43+00:00","twitter_card":"summary_large_image","twitter_misc":{"Dur\u00e9e de lecture estim\u00e9e":"1 minute"},"schema":{"@context":"https:\/\/schema.org","@graph":[{"@type":"WebPage","@id":"https:\/\/www.spottergps.com\/fr\/faq\/boutique-en-ligne\/jai-commande-le-mauvais-produit\/","url":"https:\/\/www.spottergps.com\/fr\/faq\/boutique-en-ligne\/jai-commande-le-mauvais-produit\/","name":"J'ai command\u00e9 le mauvais produit - Spotter France","isPartOf":{"@id":"https:\/\/www.spottergps.com\/fr\/#website"},"datePublished":"2023-09-18T13:50:03+00:00","dateModified":"2023-09-26T08:35:43+00:00","breadcrumb":{"@id":"https:\/\/www.spottergps.com\/fr\/faq\/boutique-en-ligne\/jai-commande-le-mauvais-produit\/#breadcrumb"},"inLanguage":"fr-FR","potentialAction":[{"@type":"ReadAction","target":["https:\/\/www.spottergps.com\/fr\/faq\/boutique-en-ligne\/jai-commande-le-mauvais-produit\/"]}]},{"@type":"BreadcrumbList","@id":"https:\/\/www.spottergps.com\/fr\/faq\/boutique-en-ligne\/jai-commande-le-mauvais-produit\/#breadcrumb","itemListElement":[{"@type":"ListItem","position":1,"name":"Home","item":"https:\/\/www.spottergps.com\/fr\/"},{"@type":"ListItem","position":2,"name":"Comment pouvons-nous vous aider?","item":"https:\/\/www.spottergps.com\/fr\/faq\/"},{"@type":"ListItem","position":3,"name":"Boutique en ligne","item":"https:\/\/www.spottergps.com\/fr\/faq\/boutique-en-ligne\/"},{"@type":"ListItem","position":4,"name":"J&rsquo;ai command\u00e9 le mauvais produit"}]},{"@type":"WebSite","@id":"https:\/\/www.spottergps.com\/fr\/#website","url":"https:\/\/www.spottergps.com\/fr\/","name":"Spotter France","description":"Een andere Spotter websites site","potentialAction":[{"@type":"SearchAction","target":{"@type":"EntryPoint","urlTemplate":"https:\/\/www.spottergps.com\/fr\/?s={search_term_string}"},"query-input":{"@type":"PropertyValueSpecification","valueRequired":true,"valueName":"search_term_string"}}],"inLanguage":"fr-FR"}]}},"_links":{"self":[{"href":"https:\/\/www.spottergps.com\/fr\/wp-json\/wp\/v2\/pages\/1487","targetHints":{"allow":["GET"]}}],"collection":[{"href":"https:\/\/www.spottergps.com\/fr\/wp-json\/wp\/v2\/pages"}],"about":[{"href":"https:\/\/www.spottergps.com\/fr\/wp-json\/wp\/v2\/types\/page"}],"author":[{"embeddable":true,"href":"https:\/\/www.spottergps.com\/fr\/wp-json\/wp\/v2\/users\/8"}],"replies":[{"embeddable":true,"href":"https:\/\/www.spottergps.com\/fr\/wp-json\/wp\/v2\/comments?post=1487"}],"version-history":[{"count":5,"href":"https:\/\/www.spottergps.com\/fr\/wp-json\/wp\/v2\/pages\/1487\/revisions"}],"predecessor-version":[{"id":1625,"href":"https:\/\/www.spottergps.com\/fr\/wp-json\/wp\/v2\/pages\/1487\/revisions\/1625"}],"up":[{"embeddable":true,"href":"https:\/\/www.spottergps.com\/fr\/wp-json\/wp\/v2\/pages\/1194"}],"wp:attachment":[{"href":"https:\/\/www.spottergps.com\/fr\/wp-json\/wp\/v2\/media?parent=1487"}],"wp:term":[{"taxonomy":"category","embeddable":true,"href":"https:\/\/www.spottergps.com\/fr\/wp-json\/wp\/v2\/categories?post=1487"},{"taxonomy":"post_tag","embeddable":true,"href":"https:\/\/www.spottergps.com\/fr\/wp-json\/wp\/v2\/tags?post=1487"}],"curies":[{"name":"wp","href":"https:\/\/api.w.org\/{rel}","templated":true}]}}