{"id":1479,"date":"2023-09-18T14:42:02","date_gmt":"2023-09-18T13:42:02","guid":{"rendered":"https:\/\/www.spottergps.com\/fr\/?page_id=1479"},"modified":"2023-11-06T15:33:31","modified_gmt":"2023-11-06T14:33:31","slug":"puis-je-egalement-recuperer-la-commande","status":"publish","type":"page","link":"https:\/\/www.spottergps.com\/fr\/faq\/boutique-en-ligne\/puis-je-egalement-recuperer-la-commande\/","title":{"rendered":"Puis-je \u00e9galement r\u00e9cup\u00e9rer la commande ?"},"content":{"rendered":"\n<p><span lang=\"fr\" style=\"font-family: 'Aller',serif;color: #222222\">Il est certainement possible de r\u00e9cup\u00e9rer votre commande \u00e0 notre bureau. Pour cela, merci de contacter le service client via le <\/span><span lang=\"fr\"><span style=\"font-family: 'Aller',serif;color: #2eb4e7\"><a href=\"https:\/\/www.spottergps.com\/fr\/service-clients\/\" data-type=\"URL\" data-id=\"https:\/\/www.spottergps.com\/fr\/service-clients\/\">formulaire de contact<\/a> <\/span><\/span><span lang=\"fr\" style=\"font-family: 'Aller',serif;color: #222222\">de notre site internet. <br><br><strong><span style=\"font-family: 'Aller',serif\">Attention <\/span><\/strong>: vous devez toujours d&rsquo;abord prendre rendez-vous via <\/span><span lang=\"fr\"><span style=\"font-family: 'Aller',serif;color: #2eb4e7\"><a href=\"https:\/\/www.spottergps.com\/fr\/service-clients\/\" data-type=\"URL\" data-id=\"https:\/\/www.spottergps.com\/fr\/service-clients\/\">le service client<\/a><\/span><a href=\"https:\/\/www.spottergps.com\/vraag-het-onze-klantenservice\/\"><span style=\"font-family: 'Aller',serif;color: #2eb4e7\"> <\/span><\/a><\/span><span lang=\"fr\" style=\"font-family: 'Aller',serif;color: #222222\">avant de pouvoir r\u00e9cup\u00e9rer la commande \u00e0 nos bureaux.<\/span><\/p>\n","protected":false},"excerpt":{"rendered":"<p>Il est certainement possible de r\u00e9cup\u00e9rer votre commande \u00e0 notre bureau. Pour cela, merci de contacter le service client via le formulaire de contact de notre site internet. Attention : vous devez toujours d&rsquo;abord prendre rendez-vous via le service client avant de pouvoir r\u00e9cup\u00e9rer la commande \u00e0 nos bureaux.<\/p>\n","protected":false},"author":8,"featured_media":0,"parent":1194,"menu_order":0,"comment_status":"closed","ping_status":"closed","template":"faq-content.php","meta":{"_acf_changed":false,"footnotes":""},"categories":[],"tags":[],"class_list":["post-1479","page","type-page","status-publish","hentry"],"acf":[],"yoast_head":"<!-- This site is optimized with the Yoast SEO plugin v25.9 - https:\/\/yoast.com\/wordpress\/plugins\/seo\/ -->\n<title>Puis-je \u00e9galement r\u00e9cup\u00e9rer la commande ? - Spotter France<\/title>\n<meta name=\"robots\" content=\"index, follow, max-snippet:-1, max-image-preview:large, max-video-preview:-1\" \/>\n<link rel=\"canonical\" href=\"https:\/\/www.spottergps.com\/fr\/faq\/boutique-en-ligne\/puis-je-egalement-recuperer-la-commande\/\" \/>\n<meta property=\"og:locale\" content=\"fr_FR\" \/>\n<meta property=\"og:type\" content=\"article\" \/>\n<meta property=\"og:title\" content=\"Puis-je \u00e9galement r\u00e9cup\u00e9rer la commande ? - Spotter France\" \/>\n<meta property=\"og:description\" content=\"Il est certainement possible de r\u00e9cup\u00e9rer votre commande \u00e0 notre bureau. Pour cela, merci de contacter le service client via le formulaire de contact de notre site internet. Attention : vous devez toujours d&rsquo;abord prendre rendez-vous via le service client avant de pouvoir r\u00e9cup\u00e9rer la commande \u00e0 nos bureaux.\" \/>\n<meta property=\"og:url\" content=\"https:\/\/www.spottergps.com\/fr\/faq\/boutique-en-ligne\/puis-je-egalement-recuperer-la-commande\/\" \/>\n<meta property=\"og:site_name\" content=\"Spotter France\" \/>\n<meta property=\"article:modified_time\" content=\"2023-11-06T14:33:31+00:00\" \/>\n<meta name=\"twitter:card\" content=\"summary_large_image\" \/>\n<script type=\"application\/ld+json\" class=\"yoast-schema-graph\">{\"@context\":\"https:\/\/schema.org\",\"@graph\":[{\"@type\":\"WebPage\",\"@id\":\"https:\/\/www.spottergps.com\/fr\/faq\/boutique-en-ligne\/puis-je-egalement-recuperer-la-commande\/\",\"url\":\"https:\/\/www.spottergps.com\/fr\/faq\/boutique-en-ligne\/puis-je-egalement-recuperer-la-commande\/\",\"name\":\"Puis-je \u00e9galement r\u00e9cup\u00e9rer la commande ? - Spotter France\",\"isPartOf\":{\"@id\":\"https:\/\/www.spottergps.com\/fr\/#website\"},\"datePublished\":\"2023-09-18T13:42:02+00:00\",\"dateModified\":\"2023-11-06T14:33:31+00:00\",\"breadcrumb\":{\"@id\":\"https:\/\/www.spottergps.com\/fr\/faq\/boutique-en-ligne\/puis-je-egalement-recuperer-la-commande\/#breadcrumb\"},\"inLanguage\":\"fr-FR\",\"potentialAction\":[{\"@type\":\"ReadAction\",\"target\":[\"https:\/\/www.spottergps.com\/fr\/faq\/boutique-en-ligne\/puis-je-egalement-recuperer-la-commande\/\"]}]},{\"@type\":\"BreadcrumbList\",\"@id\":\"https:\/\/www.spottergps.com\/fr\/faq\/boutique-en-ligne\/puis-je-egalement-recuperer-la-commande\/#breadcrumb\",\"itemListElement\":[{\"@type\":\"ListItem\",\"position\":1,\"name\":\"Home\",\"item\":\"https:\/\/www.spottergps.com\/fr\/\"},{\"@type\":\"ListItem\",\"position\":2,\"name\":\"Comment pouvons-nous vous aider?\",\"item\":\"https:\/\/www.spottergps.com\/fr\/faq\/\"},{\"@type\":\"ListItem\",\"position\":3,\"name\":\"Boutique en ligne\",\"item\":\"https:\/\/www.spottergps.com\/fr\/faq\/boutique-en-ligne\/\"},{\"@type\":\"ListItem\",\"position\":4,\"name\":\"Puis-je \u00e9galement r\u00e9cup\u00e9rer la commande ?\"}]},{\"@type\":\"WebSite\",\"@id\":\"https:\/\/www.spottergps.com\/fr\/#website\",\"url\":\"https:\/\/www.spottergps.com\/fr\/\",\"name\":\"Spotter France\",\"description\":\"Een andere Spotter websites site\",\"potentialAction\":[{\"@type\":\"SearchAction\",\"target\":{\"@type\":\"EntryPoint\",\"urlTemplate\":\"https:\/\/www.spottergps.com\/fr\/?s={search_term_string}\"},\"query-input\":{\"@type\":\"PropertyValueSpecification\",\"valueRequired\":true,\"valueName\":\"search_term_string\"}}],\"inLanguage\":\"fr-FR\"}]}<\/script>\n<!-- \/ Yoast SEO plugin. -->","yoast_head_json":{"title":"Puis-je \u00e9galement r\u00e9cup\u00e9rer la commande ? - Spotter France","robots":{"index":"index","follow":"follow","max-snippet":"max-snippet:-1","max-image-preview":"max-image-preview:large","max-video-preview":"max-video-preview:-1"},"canonical":"https:\/\/www.spottergps.com\/fr\/faq\/boutique-en-ligne\/puis-je-egalement-recuperer-la-commande\/","og_locale":"fr_FR","og_type":"article","og_title":"Puis-je \u00e9galement r\u00e9cup\u00e9rer la commande ? - Spotter France","og_description":"Il est certainement possible de r\u00e9cup\u00e9rer votre commande \u00e0 notre bureau. Pour cela, merci de contacter le service client via le formulaire de contact de notre site internet. Attention : vous devez toujours d&rsquo;abord prendre rendez-vous via le service client avant de pouvoir r\u00e9cup\u00e9rer la commande \u00e0 nos bureaux.","og_url":"https:\/\/www.spottergps.com\/fr\/faq\/boutique-en-ligne\/puis-je-egalement-recuperer-la-commande\/","og_site_name":"Spotter France","article_modified_time":"2023-11-06T14:33:31+00:00","twitter_card":"summary_large_image","schema":{"@context":"https:\/\/schema.org","@graph":[{"@type":"WebPage","@id":"https:\/\/www.spottergps.com\/fr\/faq\/boutique-en-ligne\/puis-je-egalement-recuperer-la-commande\/","url":"https:\/\/www.spottergps.com\/fr\/faq\/boutique-en-ligne\/puis-je-egalement-recuperer-la-commande\/","name":"Puis-je \u00e9galement r\u00e9cup\u00e9rer la commande ? - Spotter France","isPartOf":{"@id":"https:\/\/www.spottergps.com\/fr\/#website"},"datePublished":"2023-09-18T13:42:02+00:00","dateModified":"2023-11-06T14:33:31+00:00","breadcrumb":{"@id":"https:\/\/www.spottergps.com\/fr\/faq\/boutique-en-ligne\/puis-je-egalement-recuperer-la-commande\/#breadcrumb"},"inLanguage":"fr-FR","potentialAction":[{"@type":"ReadAction","target":["https:\/\/www.spottergps.com\/fr\/faq\/boutique-en-ligne\/puis-je-egalement-recuperer-la-commande\/"]}]},{"@type":"BreadcrumbList","@id":"https:\/\/www.spottergps.com\/fr\/faq\/boutique-en-ligne\/puis-je-egalement-recuperer-la-commande\/#breadcrumb","itemListElement":[{"@type":"ListItem","position":1,"name":"Home","item":"https:\/\/www.spottergps.com\/fr\/"},{"@type":"ListItem","position":2,"name":"Comment pouvons-nous vous aider?","item":"https:\/\/www.spottergps.com\/fr\/faq\/"},{"@type":"ListItem","position":3,"name":"Boutique en ligne","item":"https:\/\/www.spottergps.com\/fr\/faq\/boutique-en-ligne\/"},{"@type":"ListItem","position":4,"name":"Puis-je \u00e9galement r\u00e9cup\u00e9rer la commande ?"}]},{"@type":"WebSite","@id":"https:\/\/www.spottergps.com\/fr\/#website","url":"https:\/\/www.spottergps.com\/fr\/","name":"Spotter France","description":"Een andere Spotter websites site","potentialAction":[{"@type":"SearchAction","target":{"@type":"EntryPoint","urlTemplate":"https:\/\/www.spottergps.com\/fr\/?s={search_term_string}"},"query-input":{"@type":"PropertyValueSpecification","valueRequired":true,"valueName":"search_term_string"}}],"inLanguage":"fr-FR"}]}},"_links":{"self":[{"href":"https:\/\/www.spottergps.com\/fr\/wp-json\/wp\/v2\/pages\/1479","targetHints":{"allow":["GET"]}}],"collection":[{"href":"https:\/\/www.spottergps.com\/fr\/wp-json\/wp\/v2\/pages"}],"about":[{"href":"https:\/\/www.spottergps.com\/fr\/wp-json\/wp\/v2\/types\/page"}],"author":[{"embeddable":true,"href":"https:\/\/www.spottergps.com\/fr\/wp-json\/wp\/v2\/users\/8"}],"replies":[{"embeddable":true,"href":"https:\/\/www.spottergps.com\/fr\/wp-json\/wp\/v2\/comments?post=1479"}],"version-history":[{"count":3,"href":"https:\/\/www.spottergps.com\/fr\/wp-json\/wp\/v2\/pages\/1479\/revisions"}],"predecessor-version":[{"id":1763,"href":"https:\/\/www.spottergps.com\/fr\/wp-json\/wp\/v2\/pages\/1479\/revisions\/1763"}],"up":[{"embeddable":true,"href":"https:\/\/www.spottergps.com\/fr\/wp-json\/wp\/v2\/pages\/1194"}],"wp:attachment":[{"href":"https:\/\/www.spottergps.com\/fr\/wp-json\/wp\/v2\/media?parent=1479"}],"wp:term":[{"taxonomy":"category","embeddable":true,"href":"https:\/\/www.spottergps.com\/fr\/wp-json\/wp\/v2\/categories?post=1479"},{"taxonomy":"post_tag","embeddable":true,"href":"https:\/\/www.spottergps.com\/fr\/wp-json\/wp\/v2\/tags?post=1479"}],"curies":[{"name":"wp","href":"https:\/\/api.w.org\/{rel}","templated":true}]}}