{"id":1477,"date":"2023-09-18T14:40:15","date_gmt":"2023-09-18T13:40:15","guid":{"rendered":"https:\/\/www.spottergps.com\/fr\/?page_id=1477"},"modified":"2026-03-13T14:36:10","modified_gmt":"2026-03-13T13:36:10","slug":"dans-quels-pays-puis-je-faire-livrer-ma-commande","status":"publish","type":"page","link":"https:\/\/www.spottergps.com\/fr\/faq\/boutique-en-ligne\/dans-quels-pays-puis-je-faire-livrer-ma-commande\/","title":{"rendered":"Dans quels pays puis-je faire livrer ma commande ?"},"content":{"rendered":"\n<p>Vous pouvez faire livrer votre commande presque partout en Europe. Nous livrons dans les pays suivants :<\/p>\n\n\n\n<figure class=\"wp-block-table\"><table><tbody><tr><td> <p>Belgique<\/p><\/td><\/tr><tr><td> <p>Allemagne<\/p><\/td><\/tr><tr><td> <p>Estonie<\/p><\/td><\/tr><tr><td> France <br><\/td><\/tr><tr><td> <p>Irlande<\/p><\/td><\/tr><tr><td> <p>Italie<span style=\"font-family: inherit;font-size: inherit;font-weight: inherit\"> <\/span><\/p><\/td><\/tr><tr><td> <p>Lettonie<\/p><\/td><\/tr><tr><td> <p>Lituanie<\/p><\/td><\/tr><tr><td> <p>Luxembourg<span style=\"font-family: inherit;font-size: inherit;font-weight: inherit\"> <\/span><\/p><\/td><\/tr><tr><td>Le Pays-Bas<\/td><\/tr><tr><td> <p>L&rsquo;Autriche<\/p><\/td><\/tr><tr><td> <p>Le Portugal<\/p><\/td><\/tr><tr><td> <p>Slov\u00e9nie<span style=\"font-family: inherit;font-size: inherit;font-weight: inherit\"> <\/span><\/p><\/td><\/tr><tr><td> <p>Slovaquie<\/p><\/td><\/tr><tr><td> <p>l&rsquo;Espagne<\/p><\/td><\/tr><tr><td> <p>Bulgarie<\/p><\/td><\/tr><tr><td> <p>Gr\u00e8ce<span style=\"font-family: inherit;font-size: inherit;font-weight: inherit\"> <\/span><\/p><\/td><\/tr><tr><td> <p>Pologne<span style=\"font-family: inherit;font-size: inherit;font-weight: inherit\"> <\/span><\/p><\/td><\/tr><tr><td> <p>Roumanie<\/p><\/td><\/tr><tr><td> <p>Republique TCHEQUE<\/p><\/td><\/tr><tr><td> <p>Su\u00e8de<\/p><\/td><\/tr><\/tbody><\/table><\/figure>\n","protected":false},"excerpt":{"rendered":"<p>Vous pouvez faire livrer votre commande presque partout en Europe. Nous livrons dans les pays suivants : Belgique Allemagne Estonie France Irlande Italie Lettonie Lituanie Luxembourg Le Pays-Bas L&rsquo;Autriche Le Portugal Slov\u00e9nie Slovaquie l&rsquo;Espagne Bulgarie Gr\u00e8ce Pologne Roumanie Republique TCHEQUE Su\u00e8de<\/p>\n","protected":false},"author":8,"featured_media":0,"parent":1194,"menu_order":0,"comment_status":"closed","ping_status":"closed","template":"faq-content.php","meta":{"_acf_changed":false,"footnotes":""},"categories":[],"tags":[],"class_list":["post-1477","page","type-page","status-publish","hentry"],"acf":[],"yoast_head":"<!-- This site is optimized with the Yoast SEO plugin v25.9 - https:\/\/yoast.com\/wordpress\/plugins\/seo\/ -->\n<title>Dans quels pays puis-je faire livrer ma commande ? - Spotter France<\/title>\n<meta name=\"robots\" content=\"index, follow, max-snippet:-1, max-image-preview:large, max-video-preview:-1\" \/>\n<link rel=\"canonical\" href=\"https:\/\/www.spottergps.com\/fr\/faq\/boutique-en-ligne\/dans-quels-pays-puis-je-faire-livrer-ma-commande\/\" \/>\n<meta property=\"og:locale\" content=\"fr_FR\" \/>\n<meta property=\"og:type\" content=\"article\" \/>\n<meta property=\"og:title\" content=\"Dans quels pays puis-je faire livrer ma commande ? - Spotter France\" \/>\n<meta property=\"og:description\" content=\"Vous pouvez faire livrer votre commande presque partout en Europe. Nous livrons dans les pays suivants : Belgique Allemagne Estonie France Irlande Italie Lettonie Lituanie Luxembourg Le Pays-Bas L&rsquo;Autriche Le Portugal Slov\u00e9nie Slovaquie l&rsquo;Espagne Bulgarie Gr\u00e8ce Pologne Roumanie Republique TCHEQUE Su\u00e8de\" \/>\n<meta property=\"og:url\" content=\"https:\/\/www.spottergps.com\/fr\/faq\/boutique-en-ligne\/dans-quels-pays-puis-je-faire-livrer-ma-commande\/\" \/>\n<meta property=\"og:site_name\" content=\"Spotter France\" \/>\n<meta property=\"article:modified_time\" content=\"2026-03-13T13:36:10+00:00\" \/>\n<meta name=\"twitter:card\" content=\"summary_large_image\" \/>\n<meta name=\"twitter:label1\" content=\"Dur\u00e9e de lecture estim\u00e9e\" \/>\n\t<meta name=\"twitter:data1\" content=\"1 minute\" \/>\n<script type=\"application\/ld+json\" class=\"yoast-schema-graph\">{\"@context\":\"https:\/\/schema.org\",\"@graph\":[{\"@type\":\"WebPage\",\"@id\":\"https:\/\/www.spottergps.com\/fr\/faq\/boutique-en-ligne\/dans-quels-pays-puis-je-faire-livrer-ma-commande\/\",\"url\":\"https:\/\/www.spottergps.com\/fr\/faq\/boutique-en-ligne\/dans-quels-pays-puis-je-faire-livrer-ma-commande\/\",\"name\":\"Dans quels pays puis-je faire livrer ma commande ? - Spotter France\",\"isPartOf\":{\"@id\":\"https:\/\/www.spottergps.com\/fr\/#website\"},\"datePublished\":\"2023-09-18T13:40:15+00:00\",\"dateModified\":\"2026-03-13T13:36:10+00:00\",\"breadcrumb\":{\"@id\":\"https:\/\/www.spottergps.com\/fr\/faq\/boutique-en-ligne\/dans-quels-pays-puis-je-faire-livrer-ma-commande\/#breadcrumb\"},\"inLanguage\":\"fr-FR\",\"potentialAction\":[{\"@type\":\"ReadAction\",\"target\":[\"https:\/\/www.spottergps.com\/fr\/faq\/boutique-en-ligne\/dans-quels-pays-puis-je-faire-livrer-ma-commande\/\"]}]},{\"@type\":\"BreadcrumbList\",\"@id\":\"https:\/\/www.spottergps.com\/fr\/faq\/boutique-en-ligne\/dans-quels-pays-puis-je-faire-livrer-ma-commande\/#breadcrumb\",\"itemListElement\":[{\"@type\":\"ListItem\",\"position\":1,\"name\":\"Home\",\"item\":\"https:\/\/www.spottergps.com\/fr\/\"},{\"@type\":\"ListItem\",\"position\":2,\"name\":\"Comment pouvons-nous vous aider?\",\"item\":\"https:\/\/www.spottergps.com\/fr\/faq\/\"},{\"@type\":\"ListItem\",\"position\":3,\"name\":\"Boutique en ligne\",\"item\":\"https:\/\/www.spottergps.com\/fr\/faq\/boutique-en-ligne\/\"},{\"@type\":\"ListItem\",\"position\":4,\"name\":\"Dans quels pays puis-je faire livrer ma commande ?\"}]},{\"@type\":\"WebSite\",\"@id\":\"https:\/\/www.spottergps.com\/fr\/#website\",\"url\":\"https:\/\/www.spottergps.com\/fr\/\",\"name\":\"Spotter France\",\"description\":\"Een andere Spotter websites site\",\"potentialAction\":[{\"@type\":\"SearchAction\",\"target\":{\"@type\":\"EntryPoint\",\"urlTemplate\":\"https:\/\/www.spottergps.com\/fr\/?s={search_term_string}\"},\"query-input\":{\"@type\":\"PropertyValueSpecification\",\"valueRequired\":true,\"valueName\":\"search_term_string\"}}],\"inLanguage\":\"fr-FR\"}]}<\/script>\n<!-- \/ Yoast SEO plugin. -->","yoast_head_json":{"title":"Dans quels pays puis-je faire livrer ma commande ? - Spotter France","robots":{"index":"index","follow":"follow","max-snippet":"max-snippet:-1","max-image-preview":"max-image-preview:large","max-video-preview":"max-video-preview:-1"},"canonical":"https:\/\/www.spottergps.com\/fr\/faq\/boutique-en-ligne\/dans-quels-pays-puis-je-faire-livrer-ma-commande\/","og_locale":"fr_FR","og_type":"article","og_title":"Dans quels pays puis-je faire livrer ma commande ? - Spotter France","og_description":"Vous pouvez faire livrer votre commande presque partout en Europe. Nous livrons dans les pays suivants : Belgique Allemagne Estonie France Irlande Italie Lettonie Lituanie Luxembourg Le Pays-Bas L&rsquo;Autriche Le Portugal Slov\u00e9nie Slovaquie l&rsquo;Espagne Bulgarie Gr\u00e8ce Pologne Roumanie Republique TCHEQUE Su\u00e8de","og_url":"https:\/\/www.spottergps.com\/fr\/faq\/boutique-en-ligne\/dans-quels-pays-puis-je-faire-livrer-ma-commande\/","og_site_name":"Spotter France","article_modified_time":"2026-03-13T13:36:10+00:00","twitter_card":"summary_large_image","twitter_misc":{"Dur\u00e9e de lecture estim\u00e9e":"1 minute"},"schema":{"@context":"https:\/\/schema.org","@graph":[{"@type":"WebPage","@id":"https:\/\/www.spottergps.com\/fr\/faq\/boutique-en-ligne\/dans-quels-pays-puis-je-faire-livrer-ma-commande\/","url":"https:\/\/www.spottergps.com\/fr\/faq\/boutique-en-ligne\/dans-quels-pays-puis-je-faire-livrer-ma-commande\/","name":"Dans quels pays puis-je faire livrer ma commande ? - Spotter France","isPartOf":{"@id":"https:\/\/www.spottergps.com\/fr\/#website"},"datePublished":"2023-09-18T13:40:15+00:00","dateModified":"2026-03-13T13:36:10+00:00","breadcrumb":{"@id":"https:\/\/www.spottergps.com\/fr\/faq\/boutique-en-ligne\/dans-quels-pays-puis-je-faire-livrer-ma-commande\/#breadcrumb"},"inLanguage":"fr-FR","potentialAction":[{"@type":"ReadAction","target":["https:\/\/www.spottergps.com\/fr\/faq\/boutique-en-ligne\/dans-quels-pays-puis-je-faire-livrer-ma-commande\/"]}]},{"@type":"BreadcrumbList","@id":"https:\/\/www.spottergps.com\/fr\/faq\/boutique-en-ligne\/dans-quels-pays-puis-je-faire-livrer-ma-commande\/#breadcrumb","itemListElement":[{"@type":"ListItem","position":1,"name":"Home","item":"https:\/\/www.spottergps.com\/fr\/"},{"@type":"ListItem","position":2,"name":"Comment pouvons-nous vous aider?","item":"https:\/\/www.spottergps.com\/fr\/faq\/"},{"@type":"ListItem","position":3,"name":"Boutique en ligne","item":"https:\/\/www.spottergps.com\/fr\/faq\/boutique-en-ligne\/"},{"@type":"ListItem","position":4,"name":"Dans quels pays puis-je faire livrer ma commande ?"}]},{"@type":"WebSite","@id":"https:\/\/www.spottergps.com\/fr\/#website","url":"https:\/\/www.spottergps.com\/fr\/","name":"Spotter France","description":"Een andere Spotter websites site","potentialAction":[{"@type":"SearchAction","target":{"@type":"EntryPoint","urlTemplate":"https:\/\/www.spottergps.com\/fr\/?s={search_term_string}"},"query-input":{"@type":"PropertyValueSpecification","valueRequired":true,"valueName":"search_term_string"}}],"inLanguage":"fr-FR"}]}},"_links":{"self":[{"href":"https:\/\/www.spottergps.com\/fr\/wp-json\/wp\/v2\/pages\/1477","targetHints":{"allow":["GET"]}}],"collection":[{"href":"https:\/\/www.spottergps.com\/fr\/wp-json\/wp\/v2\/pages"}],"about":[{"href":"https:\/\/www.spottergps.com\/fr\/wp-json\/wp\/v2\/types\/page"}],"author":[{"embeddable":true,"href":"https:\/\/www.spottergps.com\/fr\/wp-json\/wp\/v2\/users\/8"}],"replies":[{"embeddable":true,"href":"https:\/\/www.spottergps.com\/fr\/wp-json\/wp\/v2\/comments?post=1477"}],"version-history":[{"count":4,"href":"https:\/\/www.spottergps.com\/fr\/wp-json\/wp\/v2\/pages\/1477\/revisions"}],"predecessor-version":[{"id":3749,"href":"https:\/\/www.spottergps.com\/fr\/wp-json\/wp\/v2\/pages\/1477\/revisions\/3749"}],"up":[{"embeddable":true,"href":"https:\/\/www.spottergps.com\/fr\/wp-json\/wp\/v2\/pages\/1194"}],"wp:attachment":[{"href":"https:\/\/www.spottergps.com\/fr\/wp-json\/wp\/v2\/media?parent=1477"}],"wp:term":[{"taxonomy":"category","embeddable":true,"href":"https:\/\/www.spottergps.com\/fr\/wp-json\/wp\/v2\/categories?post=1477"},{"taxonomy":"post_tag","embeddable":true,"href":"https:\/\/www.spottergps.com\/fr\/wp-json\/wp\/v2\/tags?post=1477"}],"curies":[{"name":"wp","href":"https:\/\/api.w.org\/{rel}","templated":true}]}}