{"id":1474,"date":"2023-09-18T14:37:35","date_gmt":"2023-09-18T13:37:35","guid":{"rendered":"https:\/\/www.spottergps.com\/fr\/?page_id=1474"},"modified":"2023-11-06T15:31:27","modified_gmt":"2023-11-06T14:31:27","slug":"je-ne-peux-pas-payer","status":"publish","type":"page","link":"https:\/\/www.spottergps.com\/fr\/faq\/boutique-en-ligne\/je-ne-peux-pas-payer\/","title":{"rendered":"Je ne peux pas payer"},"content":{"rendered":"\n<p><strong>Je veux commander un Spotter <\/strong><br>Vous ne parvenez pas \u00e0 effectuer le paiement dans notre boutique en ligne pour commander un Spotter ? Veuillez d&rsquo;abord v\u00e9rifier les points ci-dessous&nbsp;:<\/p>\n\n\n\n<ul class=\"wp-block-list\">\n<li>Tous les d\u00e9tails ont-ils \u00e9t\u00e9 saisis correctement&nbsp;?<\/li>\n\n\n\n<li>Y a-t-il un dysfonctionnement au niveau de votre banque ?<\/li>\n\n\n\n<li>Avez-vous la possibilit\u00e9 de r\u00e9gler votre commande via un autre moyen de paiement ?<\/li>\n<\/ul>\n\n\n\n<p>Vous avez tout v\u00e9rifi\u00e9 mais vous ne pouvez pas encore payer ? Veuillez contacter notre service d&rsquo;assistance via ce<a href=\"https:\/\/www.spottergps.com\/fr\/service-clients\/\"> formulaire de contact.&nbsp;<\/a><\/p>\n\n\n\n<p><strong>Je souhaite commander un cr\u00e9dit pr\u00e9pay\u00e9 Vous n&rsquo;arrivez <\/strong><br>pas \u00e0 finaliser le paiement lors de la commande d&rsquo;un cr\u00e9dit pr\u00e9pay\u00e9 sur votre compte ? V\u00e9rifiez ensuite les points suivants :<\/p>\n\n\n\n<ul class=\"wp-block-list\">\n<li>\u00cates-vous bien connect\u00e9 \u00e0 votre compte ?<\/li>\n\n\n\n<li>Votre \u00e9cran ne s&rsquo;ouvre pas pour passer \u00e0 la caisse ? Veuillez suivre \u00e0 nouveau les \u00e9tapes de la mise \u00e0 niveau.<\/li>\n\n\n\n<li>Tous les d\u00e9tails ont-ils \u00e9t\u00e9 saisis correctement&nbsp;?<\/li>\n\n\n\n<li>Avez-vous accept\u00e9 les termes et conditions en cliquant sur la case \u00e0 cocher&nbsp;?<\/li>\n\n\n\n<li>Y a-t-il un dysfonctionnement au niveau de votre banque ?<\/li>\n\n\n\n<li>Avez-vous la possibilit\u00e9 de r\u00e9gler votre commande via un autre moyen de paiement ?<\/li>\n<\/ul>\n\n\n\n<p>Vous avez tout v\u00e9rifi\u00e9 mais vous ne pouvez pas encore payer ? Veuillez contacter notre service d&rsquo;assistance via ce <a href=\"https:\/\/www.spottergps.com\/fr\/service-clients\/\">formulaire de contact.<\/a><\/p>\n","protected":false},"excerpt":{"rendered":"<p>Je veux commander un Spotter Vous ne parvenez pas \u00e0 effectuer le paiement dans notre boutique en ligne pour commander un Spotter ? Veuillez d&rsquo;abord v\u00e9rifier les points ci-dessous&nbsp;: Vous avez tout v\u00e9rifi\u00e9 mais vous ne pouvez pas encore payer ? Veuillez contacter notre service d&rsquo;assistance via ce formulaire de contact.&nbsp; Je souhaite commander un [&hellip;]<\/p>\n","protected":false},"author":8,"featured_media":0,"parent":1194,"menu_order":0,"comment_status":"closed","ping_status":"closed","template":"faq-content.php","meta":{"_acf_changed":false,"footnotes":""},"categories":[],"tags":[],"class_list":["post-1474","page","type-page","status-publish","hentry"],"acf":[],"yoast_head":"<!-- This site is optimized with the Yoast SEO plugin v25.9 - https:\/\/yoast.com\/wordpress\/plugins\/seo\/ -->\n<title>Je ne peux pas payer - Spotter France<\/title>\n<meta name=\"robots\" content=\"index, follow, max-snippet:-1, max-image-preview:large, max-video-preview:-1\" \/>\n<link rel=\"canonical\" href=\"https:\/\/www.spottergps.com\/fr\/faq\/boutique-en-ligne\/je-ne-peux-pas-payer\/\" \/>\n<meta property=\"og:locale\" content=\"fr_FR\" \/>\n<meta property=\"og:type\" content=\"article\" \/>\n<meta property=\"og:title\" content=\"Je ne peux pas payer - Spotter France\" \/>\n<meta property=\"og:description\" content=\"Je veux commander un Spotter Vous ne parvenez pas \u00e0 effectuer le paiement dans notre boutique en ligne pour commander un Spotter ? Veuillez d&rsquo;abord v\u00e9rifier les points ci-dessous&nbsp;: Vous avez tout v\u00e9rifi\u00e9 mais vous ne pouvez pas encore payer ? Veuillez contacter notre service d&rsquo;assistance via ce formulaire de contact.&nbsp; Je souhaite commander un [&hellip;]\" \/>\n<meta property=\"og:url\" content=\"https:\/\/www.spottergps.com\/fr\/faq\/boutique-en-ligne\/je-ne-peux-pas-payer\/\" \/>\n<meta property=\"og:site_name\" content=\"Spotter France\" \/>\n<meta property=\"article:modified_time\" content=\"2023-11-06T14:31:27+00:00\" \/>\n<meta name=\"twitter:card\" content=\"summary_large_image\" \/>\n<meta name=\"twitter:label1\" content=\"Dur\u00e9e de lecture estim\u00e9e\" \/>\n\t<meta name=\"twitter:data1\" content=\"1 minute\" \/>\n<script type=\"application\/ld+json\" class=\"yoast-schema-graph\">{\"@context\":\"https:\/\/schema.org\",\"@graph\":[{\"@type\":\"WebPage\",\"@id\":\"https:\/\/www.spottergps.com\/fr\/faq\/boutique-en-ligne\/je-ne-peux-pas-payer\/\",\"url\":\"https:\/\/www.spottergps.com\/fr\/faq\/boutique-en-ligne\/je-ne-peux-pas-payer\/\",\"name\":\"Je ne peux pas payer - Spotter France\",\"isPartOf\":{\"@id\":\"https:\/\/www.spottergps.com\/fr\/#website\"},\"datePublished\":\"2023-09-18T13:37:35+00:00\",\"dateModified\":\"2023-11-06T14:31:27+00:00\",\"breadcrumb\":{\"@id\":\"https:\/\/www.spottergps.com\/fr\/faq\/boutique-en-ligne\/je-ne-peux-pas-payer\/#breadcrumb\"},\"inLanguage\":\"fr-FR\",\"potentialAction\":[{\"@type\":\"ReadAction\",\"target\":[\"https:\/\/www.spottergps.com\/fr\/faq\/boutique-en-ligne\/je-ne-peux-pas-payer\/\"]}]},{\"@type\":\"BreadcrumbList\",\"@id\":\"https:\/\/www.spottergps.com\/fr\/faq\/boutique-en-ligne\/je-ne-peux-pas-payer\/#breadcrumb\",\"itemListElement\":[{\"@type\":\"ListItem\",\"position\":1,\"name\":\"Home\",\"item\":\"https:\/\/www.spottergps.com\/fr\/\"},{\"@type\":\"ListItem\",\"position\":2,\"name\":\"Comment pouvons-nous vous aider?\",\"item\":\"https:\/\/www.spottergps.com\/fr\/faq\/\"},{\"@type\":\"ListItem\",\"position\":3,\"name\":\"Boutique en ligne\",\"item\":\"https:\/\/www.spottergps.com\/fr\/faq\/boutique-en-ligne\/\"},{\"@type\":\"ListItem\",\"position\":4,\"name\":\"Je ne peux pas payer\"}]},{\"@type\":\"WebSite\",\"@id\":\"https:\/\/www.spottergps.com\/fr\/#website\",\"url\":\"https:\/\/www.spottergps.com\/fr\/\",\"name\":\"Spotter France\",\"description\":\"Een andere Spotter websites site\",\"potentialAction\":[{\"@type\":\"SearchAction\",\"target\":{\"@type\":\"EntryPoint\",\"urlTemplate\":\"https:\/\/www.spottergps.com\/fr\/?s={search_term_string}\"},\"query-input\":{\"@type\":\"PropertyValueSpecification\",\"valueRequired\":true,\"valueName\":\"search_term_string\"}}],\"inLanguage\":\"fr-FR\"}]}<\/script>\n<!-- \/ Yoast SEO plugin. -->","yoast_head_json":{"title":"Je ne peux pas payer - Spotter France","robots":{"index":"index","follow":"follow","max-snippet":"max-snippet:-1","max-image-preview":"max-image-preview:large","max-video-preview":"max-video-preview:-1"},"canonical":"https:\/\/www.spottergps.com\/fr\/faq\/boutique-en-ligne\/je-ne-peux-pas-payer\/","og_locale":"fr_FR","og_type":"article","og_title":"Je ne peux pas payer - Spotter France","og_description":"Je veux commander un Spotter Vous ne parvenez pas \u00e0 effectuer le paiement dans notre boutique en ligne pour commander un Spotter ? Veuillez d&rsquo;abord v\u00e9rifier les points ci-dessous&nbsp;: Vous avez tout v\u00e9rifi\u00e9 mais vous ne pouvez pas encore payer ? Veuillez contacter notre service d&rsquo;assistance via ce formulaire de contact.&nbsp; Je souhaite commander un [&hellip;]","og_url":"https:\/\/www.spottergps.com\/fr\/faq\/boutique-en-ligne\/je-ne-peux-pas-payer\/","og_site_name":"Spotter France","article_modified_time":"2023-11-06T14:31:27+00:00","twitter_card":"summary_large_image","twitter_misc":{"Dur\u00e9e de lecture estim\u00e9e":"1 minute"},"schema":{"@context":"https:\/\/schema.org","@graph":[{"@type":"WebPage","@id":"https:\/\/www.spottergps.com\/fr\/faq\/boutique-en-ligne\/je-ne-peux-pas-payer\/","url":"https:\/\/www.spottergps.com\/fr\/faq\/boutique-en-ligne\/je-ne-peux-pas-payer\/","name":"Je ne peux pas payer - Spotter France","isPartOf":{"@id":"https:\/\/www.spottergps.com\/fr\/#website"},"datePublished":"2023-09-18T13:37:35+00:00","dateModified":"2023-11-06T14:31:27+00:00","breadcrumb":{"@id":"https:\/\/www.spottergps.com\/fr\/faq\/boutique-en-ligne\/je-ne-peux-pas-payer\/#breadcrumb"},"inLanguage":"fr-FR","potentialAction":[{"@type":"ReadAction","target":["https:\/\/www.spottergps.com\/fr\/faq\/boutique-en-ligne\/je-ne-peux-pas-payer\/"]}]},{"@type":"BreadcrumbList","@id":"https:\/\/www.spottergps.com\/fr\/faq\/boutique-en-ligne\/je-ne-peux-pas-payer\/#breadcrumb","itemListElement":[{"@type":"ListItem","position":1,"name":"Home","item":"https:\/\/www.spottergps.com\/fr\/"},{"@type":"ListItem","position":2,"name":"Comment pouvons-nous vous aider?","item":"https:\/\/www.spottergps.com\/fr\/faq\/"},{"@type":"ListItem","position":3,"name":"Boutique en ligne","item":"https:\/\/www.spottergps.com\/fr\/faq\/boutique-en-ligne\/"},{"@type":"ListItem","position":4,"name":"Je ne peux pas payer"}]},{"@type":"WebSite","@id":"https:\/\/www.spottergps.com\/fr\/#website","url":"https:\/\/www.spottergps.com\/fr\/","name":"Spotter France","description":"Een andere Spotter websites site","potentialAction":[{"@type":"SearchAction","target":{"@type":"EntryPoint","urlTemplate":"https:\/\/www.spottergps.com\/fr\/?s={search_term_string}"},"query-input":{"@type":"PropertyValueSpecification","valueRequired":true,"valueName":"search_term_string"}}],"inLanguage":"fr-FR"}]}},"_links":{"self":[{"href":"https:\/\/www.spottergps.com\/fr\/wp-json\/wp\/v2\/pages\/1474","targetHints":{"allow":["GET"]}}],"collection":[{"href":"https:\/\/www.spottergps.com\/fr\/wp-json\/wp\/v2\/pages"}],"about":[{"href":"https:\/\/www.spottergps.com\/fr\/wp-json\/wp\/v2\/types\/page"}],"author":[{"embeddable":true,"href":"https:\/\/www.spottergps.com\/fr\/wp-json\/wp\/v2\/users\/8"}],"replies":[{"embeddable":true,"href":"https:\/\/www.spottergps.com\/fr\/wp-json\/wp\/v2\/comments?post=1474"}],"version-history":[{"count":4,"href":"https:\/\/www.spottergps.com\/fr\/wp-json\/wp\/v2\/pages\/1474\/revisions"}],"predecessor-version":[{"id":1761,"href":"https:\/\/www.spottergps.com\/fr\/wp-json\/wp\/v2\/pages\/1474\/revisions\/1761"}],"up":[{"embeddable":true,"href":"https:\/\/www.spottergps.com\/fr\/wp-json\/wp\/v2\/pages\/1194"}],"wp:attachment":[{"href":"https:\/\/www.spottergps.com\/fr\/wp-json\/wp\/v2\/media?parent=1474"}],"wp:term":[{"taxonomy":"category","embeddable":true,"href":"https:\/\/www.spottergps.com\/fr\/wp-json\/wp\/v2\/categories?post=1474"},{"taxonomy":"post_tag","embeddable":true,"href":"https:\/\/www.spottergps.com\/fr\/wp-json\/wp\/v2\/tags?post=1474"}],"curies":[{"name":"wp","href":"https:\/\/api.w.org\/{rel}","templated":true}]}}