{"id":1468,"date":"2023-09-18T14:29:34","date_gmt":"2023-09-18T13:29:34","guid":{"rendered":"https:\/\/www.spottergps.com\/fr\/?page_id=1468"},"modified":"2023-09-18T14:29:35","modified_gmt":"2023-09-18T13:29:35","slug":"quelquun-dautre-peut-il-voir-ou-se-trouve-le-spotter","status":"publish","type":"page","link":"https:\/\/www.spottergps.com\/fr\/securite-privee\/quelquun-dautre-peut-il-voir-ou-se-trouve-le-spotter\/","title":{"rendered":"Quelqu&rsquo;un d&rsquo;autre peut-il voir o\u00f9 se trouve le Spotter\u00a0?"},"content":{"rendered":"\n<p><span lang=\"fr\" style=\"font-family: 'Aller',serif;color: #222222\">Les donn\u00e9es issues du Spotter ne sont consultables que via le compte en ligne auquel le Spotter est li\u00e9. Ce compte en ligne est accessible via un nom d&rsquo;utilisateur et un mot de passe uniques. Cela signifie que lorsque vous liez le Spotter \u00e0 votre compte, vous seul pouvez voir les donn\u00e9es.<\/span><\/p>\n","protected":false},"excerpt":{"rendered":"<p>Les donn\u00e9es issues du Spotter ne sont consultables que via le compte en ligne auquel le Spotter est li\u00e9. Ce compte en ligne est accessible via un nom d&rsquo;utilisateur et un mot de passe uniques. Cela signifie que lorsque vous liez le Spotter \u00e0 votre compte, vous seul pouvez voir les donn\u00e9es.<\/p>\n","protected":false},"author":8,"featured_media":0,"parent":449,"menu_order":0,"comment_status":"closed","ping_status":"closed","template":"faq-content.php","meta":{"_acf_changed":false,"footnotes":""},"categories":[],"tags":[],"class_list":["post-1468","page","type-page","status-publish","hentry"],"acf":[],"yoast_head":"<!-- This site is optimized with the Yoast SEO plugin v25.9 - https:\/\/yoast.com\/wordpress\/plugins\/seo\/ -->\n<title>Quelqu&#039;un d&#039;autre peut-il voir o\u00f9 se trouve le Spotter\u00a0? - Spotter France<\/title>\n<meta name=\"robots\" content=\"index, follow, max-snippet:-1, max-image-preview:large, max-video-preview:-1\" \/>\n<link rel=\"canonical\" href=\"https:\/\/www.spottergps.com\/fr\/securite-privee\/quelquun-dautre-peut-il-voir-ou-se-trouve-le-spotter\/\" \/>\n<meta property=\"og:locale\" content=\"fr_FR\" \/>\n<meta property=\"og:type\" content=\"article\" \/>\n<meta property=\"og:title\" content=\"Quelqu&#039;un d&#039;autre peut-il voir o\u00f9 se trouve le Spotter\u00a0? - Spotter France\" \/>\n<meta property=\"og:description\" content=\"Les donn\u00e9es issues du Spotter ne sont consultables que via le compte en ligne auquel le Spotter est li\u00e9. Ce compte en ligne est accessible via un nom d&rsquo;utilisateur et un mot de passe uniques. Cela signifie que lorsque vous liez le Spotter \u00e0 votre compte, vous seul pouvez voir les donn\u00e9es.\" \/>\n<meta property=\"og:url\" content=\"https:\/\/www.spottergps.com\/fr\/securite-privee\/quelquun-dautre-peut-il-voir-ou-se-trouve-le-spotter\/\" \/>\n<meta property=\"og:site_name\" content=\"Spotter France\" \/>\n<meta property=\"article:modified_time\" content=\"2023-09-18T13:29:35+00:00\" \/>\n<meta name=\"twitter:card\" content=\"summary_large_image\" \/>\n<script type=\"application\/ld+json\" class=\"yoast-schema-graph\">{\"@context\":\"https:\/\/schema.org\",\"@graph\":[{\"@type\":\"WebPage\",\"@id\":\"https:\/\/www.spottergps.com\/fr\/securite-privee\/quelquun-dautre-peut-il-voir-ou-se-trouve-le-spotter\/\",\"url\":\"https:\/\/www.spottergps.com\/fr\/securite-privee\/quelquun-dautre-peut-il-voir-ou-se-trouve-le-spotter\/\",\"name\":\"Quelqu'un d'autre peut-il voir o\u00f9 se trouve le Spotter\u00a0? - Spotter France\",\"isPartOf\":{\"@id\":\"https:\/\/www.spottergps.com\/fr\/#website\"},\"datePublished\":\"2023-09-18T13:29:34+00:00\",\"dateModified\":\"2023-09-18T13:29:35+00:00\",\"breadcrumb\":{\"@id\":\"https:\/\/www.spottergps.com\/fr\/securite-privee\/quelquun-dautre-peut-il-voir-ou-se-trouve-le-spotter\/#breadcrumb\"},\"inLanguage\":\"fr-FR\",\"potentialAction\":[{\"@type\":\"ReadAction\",\"target\":[\"https:\/\/www.spottergps.com\/fr\/securite-privee\/quelquun-dautre-peut-il-voir-ou-se-trouve-le-spotter\/\"]}]},{\"@type\":\"BreadcrumbList\",\"@id\":\"https:\/\/www.spottergps.com\/fr\/securite-privee\/quelquun-dautre-peut-il-voir-ou-se-trouve-le-spotter\/#breadcrumb\",\"itemListElement\":[{\"@type\":\"ListItem\",\"position\":1,\"name\":\"Home\",\"item\":\"https:\/\/www.spottergps.com\/fr\/\"},{\"@type\":\"ListItem\",\"position\":2,\"name\":\"S\u00e9curit\u00e9 &amp; Priv\u00e9e\",\"item\":\"https:\/\/www.spottergps.com\/fr\/securite-privee\/\"},{\"@type\":\"ListItem\",\"position\":3,\"name\":\"Quelqu&rsquo;un d&rsquo;autre peut-il voir o\u00f9 se trouve le Spotter\u00a0?\"}]},{\"@type\":\"WebSite\",\"@id\":\"https:\/\/www.spottergps.com\/fr\/#website\",\"url\":\"https:\/\/www.spottergps.com\/fr\/\",\"name\":\"Spotter France\",\"description\":\"Een andere Spotter websites site\",\"potentialAction\":[{\"@type\":\"SearchAction\",\"target\":{\"@type\":\"EntryPoint\",\"urlTemplate\":\"https:\/\/www.spottergps.com\/fr\/?s={search_term_string}\"},\"query-input\":{\"@type\":\"PropertyValueSpecification\",\"valueRequired\":true,\"valueName\":\"search_term_string\"}}],\"inLanguage\":\"fr-FR\"}]}<\/script>\n<!-- \/ Yoast SEO plugin. -->","yoast_head_json":{"title":"Quelqu'un d'autre peut-il voir o\u00f9 se trouve le Spotter\u00a0? - Spotter France","robots":{"index":"index","follow":"follow","max-snippet":"max-snippet:-1","max-image-preview":"max-image-preview:large","max-video-preview":"max-video-preview:-1"},"canonical":"https:\/\/www.spottergps.com\/fr\/securite-privee\/quelquun-dautre-peut-il-voir-ou-se-trouve-le-spotter\/","og_locale":"fr_FR","og_type":"article","og_title":"Quelqu'un d'autre peut-il voir o\u00f9 se trouve le Spotter\u00a0? - Spotter France","og_description":"Les donn\u00e9es issues du Spotter ne sont consultables que via le compte en ligne auquel le Spotter est li\u00e9. Ce compte en ligne est accessible via un nom d&rsquo;utilisateur et un mot de passe uniques. Cela signifie que lorsque vous liez le Spotter \u00e0 votre compte, vous seul pouvez voir les donn\u00e9es.","og_url":"https:\/\/www.spottergps.com\/fr\/securite-privee\/quelquun-dautre-peut-il-voir-ou-se-trouve-le-spotter\/","og_site_name":"Spotter France","article_modified_time":"2023-09-18T13:29:35+00:00","twitter_card":"summary_large_image","schema":{"@context":"https:\/\/schema.org","@graph":[{"@type":"WebPage","@id":"https:\/\/www.spottergps.com\/fr\/securite-privee\/quelquun-dautre-peut-il-voir-ou-se-trouve-le-spotter\/","url":"https:\/\/www.spottergps.com\/fr\/securite-privee\/quelquun-dautre-peut-il-voir-ou-se-trouve-le-spotter\/","name":"Quelqu'un d'autre peut-il voir o\u00f9 se trouve le Spotter\u00a0? - Spotter France","isPartOf":{"@id":"https:\/\/www.spottergps.com\/fr\/#website"},"datePublished":"2023-09-18T13:29:34+00:00","dateModified":"2023-09-18T13:29:35+00:00","breadcrumb":{"@id":"https:\/\/www.spottergps.com\/fr\/securite-privee\/quelquun-dautre-peut-il-voir-ou-se-trouve-le-spotter\/#breadcrumb"},"inLanguage":"fr-FR","potentialAction":[{"@type":"ReadAction","target":["https:\/\/www.spottergps.com\/fr\/securite-privee\/quelquun-dautre-peut-il-voir-ou-se-trouve-le-spotter\/"]}]},{"@type":"BreadcrumbList","@id":"https:\/\/www.spottergps.com\/fr\/securite-privee\/quelquun-dautre-peut-il-voir-ou-se-trouve-le-spotter\/#breadcrumb","itemListElement":[{"@type":"ListItem","position":1,"name":"Home","item":"https:\/\/www.spottergps.com\/fr\/"},{"@type":"ListItem","position":2,"name":"S\u00e9curit\u00e9 &amp; Priv\u00e9e","item":"https:\/\/www.spottergps.com\/fr\/securite-privee\/"},{"@type":"ListItem","position":3,"name":"Quelqu&rsquo;un d&rsquo;autre peut-il voir o\u00f9 se trouve le Spotter\u00a0?"}]},{"@type":"WebSite","@id":"https:\/\/www.spottergps.com\/fr\/#website","url":"https:\/\/www.spottergps.com\/fr\/","name":"Spotter France","description":"Een andere Spotter websites site","potentialAction":[{"@type":"SearchAction","target":{"@type":"EntryPoint","urlTemplate":"https:\/\/www.spottergps.com\/fr\/?s={search_term_string}"},"query-input":{"@type":"PropertyValueSpecification","valueRequired":true,"valueName":"search_term_string"}}],"inLanguage":"fr-FR"}]}},"_links":{"self":[{"href":"https:\/\/www.spottergps.com\/fr\/wp-json\/wp\/v2\/pages\/1468","targetHints":{"allow":["GET"]}}],"collection":[{"href":"https:\/\/www.spottergps.com\/fr\/wp-json\/wp\/v2\/pages"}],"about":[{"href":"https:\/\/www.spottergps.com\/fr\/wp-json\/wp\/v2\/types\/page"}],"author":[{"embeddable":true,"href":"https:\/\/www.spottergps.com\/fr\/wp-json\/wp\/v2\/users\/8"}],"replies":[{"embeddable":true,"href":"https:\/\/www.spottergps.com\/fr\/wp-json\/wp\/v2\/comments?post=1468"}],"version-history":[{"count":1,"href":"https:\/\/www.spottergps.com\/fr\/wp-json\/wp\/v2\/pages\/1468\/revisions"}],"predecessor-version":[{"id":1469,"href":"https:\/\/www.spottergps.com\/fr\/wp-json\/wp\/v2\/pages\/1468\/revisions\/1469"}],"up":[{"embeddable":true,"href":"https:\/\/www.spottergps.com\/fr\/wp-json\/wp\/v2\/pages\/449"}],"wp:attachment":[{"href":"https:\/\/www.spottergps.com\/fr\/wp-json\/wp\/v2\/media?parent=1468"}],"wp:term":[{"taxonomy":"category","embeddable":true,"href":"https:\/\/www.spottergps.com\/fr\/wp-json\/wp\/v2\/categories?post=1468"},{"taxonomy":"post_tag","embeddable":true,"href":"https:\/\/www.spottergps.com\/fr\/wp-json\/wp\/v2\/tags?post=1468"}],"curies":[{"name":"wp","href":"https:\/\/api.w.org\/{rel}","templated":true}]}}