{"id":1463,"date":"2023-09-18T14:21:14","date_gmt":"2023-09-18T13:21:14","guid":{"rendered":"https:\/\/www.spottergps.com\/fr\/?page_id=1463"},"modified":"2023-09-27T10:18:37","modified_gmt":"2023-09-27T09:18:37","slug":"quadvient-il-de-mes-donnees-de-localisation","status":"publish","type":"page","link":"https:\/\/www.spottergps.com\/fr\/securite-privee\/quadvient-il-de-mes-donnees-de-localisation\/","title":{"rendered":"Qu&rsquo;advient-il de mes donn\u00e9es (de localisation)\u00a0?"},"content":{"rendered":"\n<p>Toutes les donn\u00e9es du Spotter sont envoy\u00e9es via une connexion VPN crypt\u00e9e (Virtual Private Network) aux serveurs de Spotter BV Ces serveurs sont h\u00e9berg\u00e9s dans un centre de donn\u00e9es de haute qualit\u00e9 qui fonctionne sous ISO9001 \/ ISO 14001, ISO 27001 et NEN 7510. Cela signifie que toutes les donn\u00e9es sont strictement s\u00e9curis\u00e9es et ne peuvent pas \u00eatre consult\u00e9es par des tiers. <strong>Toutes les donn\u00e9es restent sous la gestion de Spotter BV et ne sont pas mises \u00e0 la disposition de tiers \u00e0 des fins commerciales.<\/strong><\/p>\n\n\n\n<p>Lisez ici comment nous g\u00e9rons <a href=\"https:\/\/www.spottergps.com\/fr\/securite-privee\/\" data-type=\"URL\" data-id=\"https:\/\/www.spottergps.com\/fr\/securite-privee\/\">la s\u00e9curit\u00e9 et la confidentialit\u00e9<\/a> de nos produits et de nos utilisateurs.<\/p>\n","protected":false},"excerpt":{"rendered":"<p>Toutes les donn\u00e9es du Spotter sont envoy\u00e9es via une connexion VPN crypt\u00e9e (Virtual Private Network) aux serveurs de Spotter BV Ces serveurs sont h\u00e9berg\u00e9s dans un centre de donn\u00e9es de haute qualit\u00e9 qui fonctionne sous ISO9001 \/ ISO 14001, ISO 27001 et NEN 7510. Cela signifie que toutes les donn\u00e9es sont strictement s\u00e9curis\u00e9es et ne [&hellip;]<\/p>\n","protected":false},"author":8,"featured_media":0,"parent":449,"menu_order":0,"comment_status":"closed","ping_status":"closed","template":"faq-content.php","meta":{"_acf_changed":false,"footnotes":""},"categories":[],"tags":[],"class_list":["post-1463","page","type-page","status-publish","hentry"],"acf":[],"yoast_head":"<!-- This site is optimized with the Yoast SEO plugin v25.9 - https:\/\/yoast.com\/wordpress\/plugins\/seo\/ -->\n<title>Qu&#039;advient-il de mes donn\u00e9es (de localisation)\u00a0? - Spotter France<\/title>\n<meta name=\"robots\" content=\"index, follow, max-snippet:-1, max-image-preview:large, max-video-preview:-1\" \/>\n<link rel=\"canonical\" href=\"https:\/\/www.spottergps.com\/fr\/securite-privee\/quadvient-il-de-mes-donnees-de-localisation\/\" \/>\n<meta property=\"og:locale\" content=\"fr_FR\" \/>\n<meta property=\"og:type\" content=\"article\" \/>\n<meta property=\"og:title\" content=\"Qu&#039;advient-il de mes donn\u00e9es (de localisation)\u00a0? - Spotter France\" \/>\n<meta property=\"og:description\" content=\"Toutes les donn\u00e9es du Spotter sont envoy\u00e9es via une connexion VPN crypt\u00e9e (Virtual Private Network) aux serveurs de Spotter BV Ces serveurs sont h\u00e9berg\u00e9s dans un centre de donn\u00e9es de haute qualit\u00e9 qui fonctionne sous ISO9001 \/ ISO 14001, ISO 27001 et NEN 7510. Cela signifie que toutes les donn\u00e9es sont strictement s\u00e9curis\u00e9es et ne [&hellip;]\" \/>\n<meta property=\"og:url\" content=\"https:\/\/www.spottergps.com\/fr\/securite-privee\/quadvient-il-de-mes-donnees-de-localisation\/\" \/>\n<meta property=\"og:site_name\" content=\"Spotter France\" \/>\n<meta property=\"article:modified_time\" content=\"2023-09-27T09:18:37+00:00\" \/>\n<meta name=\"twitter:card\" content=\"summary_large_image\" \/>\n<meta name=\"twitter:label1\" content=\"Dur\u00e9e de lecture estim\u00e9e\" \/>\n\t<meta name=\"twitter:data1\" content=\"1 minute\" \/>\n<script type=\"application\/ld+json\" class=\"yoast-schema-graph\">{\"@context\":\"https:\/\/schema.org\",\"@graph\":[{\"@type\":\"WebPage\",\"@id\":\"https:\/\/www.spottergps.com\/fr\/securite-privee\/quadvient-il-de-mes-donnees-de-localisation\/\",\"url\":\"https:\/\/www.spottergps.com\/fr\/securite-privee\/quadvient-il-de-mes-donnees-de-localisation\/\",\"name\":\"Qu'advient-il de mes donn\u00e9es (de localisation)\u00a0? - Spotter France\",\"isPartOf\":{\"@id\":\"https:\/\/www.spottergps.com\/fr\/#website\"},\"datePublished\":\"2023-09-18T13:21:14+00:00\",\"dateModified\":\"2023-09-27T09:18:37+00:00\",\"breadcrumb\":{\"@id\":\"https:\/\/www.spottergps.com\/fr\/securite-privee\/quadvient-il-de-mes-donnees-de-localisation\/#breadcrumb\"},\"inLanguage\":\"fr-FR\",\"potentialAction\":[{\"@type\":\"ReadAction\",\"target\":[\"https:\/\/www.spottergps.com\/fr\/securite-privee\/quadvient-il-de-mes-donnees-de-localisation\/\"]}]},{\"@type\":\"BreadcrumbList\",\"@id\":\"https:\/\/www.spottergps.com\/fr\/securite-privee\/quadvient-il-de-mes-donnees-de-localisation\/#breadcrumb\",\"itemListElement\":[{\"@type\":\"ListItem\",\"position\":1,\"name\":\"Home\",\"item\":\"https:\/\/www.spottergps.com\/fr\/\"},{\"@type\":\"ListItem\",\"position\":2,\"name\":\"S\u00e9curit\u00e9 &amp; Priv\u00e9e\",\"item\":\"https:\/\/www.spottergps.com\/fr\/securite-privee\/\"},{\"@type\":\"ListItem\",\"position\":3,\"name\":\"Qu&rsquo;advient-il de mes donn\u00e9es (de localisation)\u00a0?\"}]},{\"@type\":\"WebSite\",\"@id\":\"https:\/\/www.spottergps.com\/fr\/#website\",\"url\":\"https:\/\/www.spottergps.com\/fr\/\",\"name\":\"Spotter France\",\"description\":\"Een andere Spotter websites site\",\"potentialAction\":[{\"@type\":\"SearchAction\",\"target\":{\"@type\":\"EntryPoint\",\"urlTemplate\":\"https:\/\/www.spottergps.com\/fr\/?s={search_term_string}\"},\"query-input\":{\"@type\":\"PropertyValueSpecification\",\"valueRequired\":true,\"valueName\":\"search_term_string\"}}],\"inLanguage\":\"fr-FR\"}]}<\/script>\n<!-- \/ Yoast SEO plugin. -->","yoast_head_json":{"title":"Qu'advient-il de mes donn\u00e9es (de localisation)\u00a0? - Spotter France","robots":{"index":"index","follow":"follow","max-snippet":"max-snippet:-1","max-image-preview":"max-image-preview:large","max-video-preview":"max-video-preview:-1"},"canonical":"https:\/\/www.spottergps.com\/fr\/securite-privee\/quadvient-il-de-mes-donnees-de-localisation\/","og_locale":"fr_FR","og_type":"article","og_title":"Qu'advient-il de mes donn\u00e9es (de localisation)\u00a0? - Spotter France","og_description":"Toutes les donn\u00e9es du Spotter sont envoy\u00e9es via une connexion VPN crypt\u00e9e (Virtual Private Network) aux serveurs de Spotter BV Ces serveurs sont h\u00e9berg\u00e9s dans un centre de donn\u00e9es de haute qualit\u00e9 qui fonctionne sous ISO9001 \/ ISO 14001, ISO 27001 et NEN 7510. Cela signifie que toutes les donn\u00e9es sont strictement s\u00e9curis\u00e9es et ne [&hellip;]","og_url":"https:\/\/www.spottergps.com\/fr\/securite-privee\/quadvient-il-de-mes-donnees-de-localisation\/","og_site_name":"Spotter France","article_modified_time":"2023-09-27T09:18:37+00:00","twitter_card":"summary_large_image","twitter_misc":{"Dur\u00e9e de lecture estim\u00e9e":"1 minute"},"schema":{"@context":"https:\/\/schema.org","@graph":[{"@type":"WebPage","@id":"https:\/\/www.spottergps.com\/fr\/securite-privee\/quadvient-il-de-mes-donnees-de-localisation\/","url":"https:\/\/www.spottergps.com\/fr\/securite-privee\/quadvient-il-de-mes-donnees-de-localisation\/","name":"Qu'advient-il de mes donn\u00e9es (de localisation)\u00a0? - Spotter France","isPartOf":{"@id":"https:\/\/www.spottergps.com\/fr\/#website"},"datePublished":"2023-09-18T13:21:14+00:00","dateModified":"2023-09-27T09:18:37+00:00","breadcrumb":{"@id":"https:\/\/www.spottergps.com\/fr\/securite-privee\/quadvient-il-de-mes-donnees-de-localisation\/#breadcrumb"},"inLanguage":"fr-FR","potentialAction":[{"@type":"ReadAction","target":["https:\/\/www.spottergps.com\/fr\/securite-privee\/quadvient-il-de-mes-donnees-de-localisation\/"]}]},{"@type":"BreadcrumbList","@id":"https:\/\/www.spottergps.com\/fr\/securite-privee\/quadvient-il-de-mes-donnees-de-localisation\/#breadcrumb","itemListElement":[{"@type":"ListItem","position":1,"name":"Home","item":"https:\/\/www.spottergps.com\/fr\/"},{"@type":"ListItem","position":2,"name":"S\u00e9curit\u00e9 &amp; Priv\u00e9e","item":"https:\/\/www.spottergps.com\/fr\/securite-privee\/"},{"@type":"ListItem","position":3,"name":"Qu&rsquo;advient-il de mes donn\u00e9es (de localisation)\u00a0?"}]},{"@type":"WebSite","@id":"https:\/\/www.spottergps.com\/fr\/#website","url":"https:\/\/www.spottergps.com\/fr\/","name":"Spotter France","description":"Een andere Spotter websites site","potentialAction":[{"@type":"SearchAction","target":{"@type":"EntryPoint","urlTemplate":"https:\/\/www.spottergps.com\/fr\/?s={search_term_string}"},"query-input":{"@type":"PropertyValueSpecification","valueRequired":true,"valueName":"search_term_string"}}],"inLanguage":"fr-FR"}]}},"_links":{"self":[{"href":"https:\/\/www.spottergps.com\/fr\/wp-json\/wp\/v2\/pages\/1463","targetHints":{"allow":["GET"]}}],"collection":[{"href":"https:\/\/www.spottergps.com\/fr\/wp-json\/wp\/v2\/pages"}],"about":[{"href":"https:\/\/www.spottergps.com\/fr\/wp-json\/wp\/v2\/types\/page"}],"author":[{"embeddable":true,"href":"https:\/\/www.spottergps.com\/fr\/wp-json\/wp\/v2\/users\/8"}],"replies":[{"embeddable":true,"href":"https:\/\/www.spottergps.com\/fr\/wp-json\/wp\/v2\/comments?post=1463"}],"version-history":[{"count":2,"href":"https:\/\/www.spottergps.com\/fr\/wp-json\/wp\/v2\/pages\/1463\/revisions"}],"predecessor-version":[{"id":1668,"href":"https:\/\/www.spottergps.com\/fr\/wp-json\/wp\/v2\/pages\/1463\/revisions\/1668"}],"up":[{"embeddable":true,"href":"https:\/\/www.spottergps.com\/fr\/wp-json\/wp\/v2\/pages\/449"}],"wp:attachment":[{"href":"https:\/\/www.spottergps.com\/fr\/wp-json\/wp\/v2\/media?parent=1463"}],"wp:term":[{"taxonomy":"category","embeddable":true,"href":"https:\/\/www.spottergps.com\/fr\/wp-json\/wp\/v2\/categories?post=1463"},{"taxonomy":"post_tag","embeddable":true,"href":"https:\/\/www.spottergps.com\/fr\/wp-json\/wp\/v2\/tags?post=1463"}],"curies":[{"name":"wp","href":"https:\/\/api.w.org\/{rel}","templated":true}]}}