{"id":1460,"date":"2023-09-18T14:16:22","date_gmt":"2023-09-18T13:16:22","guid":{"rendered":"https:\/\/www.spottergps.com\/fr\/?page_id=1460"},"modified":"2023-09-27T10:16:12","modified_gmt":"2023-09-27T09:16:12","slug":"spotter-et-la-legislation-rgpd","status":"publish","type":"page","link":"https:\/\/www.spottergps.com\/fr\/securite-privee\/spotter-et-la-legislation-rgpd\/","title":{"rendered":"Spotter et la l\u00e9gislation RGPD"},"content":{"rendered":"\n<p>La vie priv\u00e9e de l&rsquo;utilisateur est enti\u00e8rement garantie. Toutes les donn\u00e9es sont envoy\u00e9es via une connexion VPN crypt\u00e9e (Virtual Private Network) aux serveurs de Spotter BV Ces serveurs sont h\u00e9berg\u00e9s dans un centre de donn\u00e9es de haute qualit\u00e9 qui fonctionne sous ISO9001 \/ ISO 14001, ISO 27001 et NEN 7510. Cela signifie que toutes les donn\u00e9es sont strictement s\u00e9curis\u00e9es et ne peuvent \u00eatre consult\u00e9es par des tiers. Toutes les donn\u00e9es restent sous la gestion de Spotter BV et ne sont pas mises \u00e0 disposition \u00e0 des fins commerciales.<\/p>\n\n\n\n<p>De plus, les donn\u00e9es de localisation ne sont pas li\u00e9es aux donn\u00e9es personnelles du transporteur ou aux donn\u00e9es du gestionnaire de compte. <br><br>En savoir plus sur la fa\u00e7on dont nous g\u00e9rons <a href=\"https:\/\/www.spottergps.com\/fr\/securite-privee\/\" data-type=\"URL\" data-id=\"https:\/\/www.spottergps.com\/fr\/securite-privee\/\">la s\u00e9curit\u00e9 et la confidentialit\u00e9<\/a> de nos produits ici.<\/p>\n","protected":false},"excerpt":{"rendered":"<p>La vie priv\u00e9e de l&rsquo;utilisateur est enti\u00e8rement garantie. Toutes les donn\u00e9es sont envoy\u00e9es via une connexion VPN crypt\u00e9e (Virtual Private Network) aux serveurs de Spotter BV Ces serveurs sont h\u00e9berg\u00e9s dans un centre de donn\u00e9es de haute qualit\u00e9 qui fonctionne sous ISO9001 \/ ISO 14001, ISO 27001 et NEN 7510. Cela signifie que toutes les [&hellip;]<\/p>\n","protected":false},"author":8,"featured_media":0,"parent":449,"menu_order":0,"comment_status":"closed","ping_status":"closed","template":"faq-content.php","meta":{"_acf_changed":false,"footnotes":""},"categories":[],"tags":[],"class_list":["post-1460","page","type-page","status-publish","hentry"],"acf":[],"yoast_head":"<!-- This site is optimized with the Yoast SEO plugin v25.9 - https:\/\/yoast.com\/wordpress\/plugins\/seo\/ -->\n<title>Spotter et la l\u00e9gislation RGPD - Spotter France<\/title>\n<meta name=\"robots\" content=\"index, follow, max-snippet:-1, max-image-preview:large, max-video-preview:-1\" \/>\n<link rel=\"canonical\" href=\"https:\/\/www.spottergps.com\/fr\/securite-privee\/spotter-et-la-legislation-rgpd\/\" \/>\n<meta property=\"og:locale\" content=\"fr_FR\" \/>\n<meta property=\"og:type\" content=\"article\" \/>\n<meta property=\"og:title\" content=\"Spotter et la l\u00e9gislation RGPD - Spotter France\" \/>\n<meta property=\"og:description\" content=\"La vie priv\u00e9e de l&rsquo;utilisateur est enti\u00e8rement garantie. Toutes les donn\u00e9es sont envoy\u00e9es via une connexion VPN crypt\u00e9e (Virtual Private Network) aux serveurs de Spotter BV Ces serveurs sont h\u00e9berg\u00e9s dans un centre de donn\u00e9es de haute qualit\u00e9 qui fonctionne sous ISO9001 \/ ISO 14001, ISO 27001 et NEN 7510. Cela signifie que toutes les [&hellip;]\" \/>\n<meta property=\"og:url\" content=\"https:\/\/www.spottergps.com\/fr\/securite-privee\/spotter-et-la-legislation-rgpd\/\" \/>\n<meta property=\"og:site_name\" content=\"Spotter France\" \/>\n<meta property=\"article:modified_time\" content=\"2023-09-27T09:16:12+00:00\" \/>\n<meta name=\"twitter:card\" content=\"summary_large_image\" \/>\n<meta name=\"twitter:label1\" content=\"Dur\u00e9e de lecture estim\u00e9e\" \/>\n\t<meta name=\"twitter:data1\" content=\"1 minute\" \/>\n<script type=\"application\/ld+json\" class=\"yoast-schema-graph\">{\"@context\":\"https:\/\/schema.org\",\"@graph\":[{\"@type\":\"WebPage\",\"@id\":\"https:\/\/www.spottergps.com\/fr\/securite-privee\/spotter-et-la-legislation-rgpd\/\",\"url\":\"https:\/\/www.spottergps.com\/fr\/securite-privee\/spotter-et-la-legislation-rgpd\/\",\"name\":\"Spotter et la l\u00e9gislation RGPD - Spotter France\",\"isPartOf\":{\"@id\":\"https:\/\/www.spottergps.com\/fr\/#website\"},\"datePublished\":\"2023-09-18T13:16:22+00:00\",\"dateModified\":\"2023-09-27T09:16:12+00:00\",\"breadcrumb\":{\"@id\":\"https:\/\/www.spottergps.com\/fr\/securite-privee\/spotter-et-la-legislation-rgpd\/#breadcrumb\"},\"inLanguage\":\"fr-FR\",\"potentialAction\":[{\"@type\":\"ReadAction\",\"target\":[\"https:\/\/www.spottergps.com\/fr\/securite-privee\/spotter-et-la-legislation-rgpd\/\"]}]},{\"@type\":\"BreadcrumbList\",\"@id\":\"https:\/\/www.spottergps.com\/fr\/securite-privee\/spotter-et-la-legislation-rgpd\/#breadcrumb\",\"itemListElement\":[{\"@type\":\"ListItem\",\"position\":1,\"name\":\"Home\",\"item\":\"https:\/\/www.spottergps.com\/fr\/\"},{\"@type\":\"ListItem\",\"position\":2,\"name\":\"S\u00e9curit\u00e9 &amp; Priv\u00e9e\",\"item\":\"https:\/\/www.spottergps.com\/fr\/securite-privee\/\"},{\"@type\":\"ListItem\",\"position\":3,\"name\":\"Spotter et la l\u00e9gislation RGPD\"}]},{\"@type\":\"WebSite\",\"@id\":\"https:\/\/www.spottergps.com\/fr\/#website\",\"url\":\"https:\/\/www.spottergps.com\/fr\/\",\"name\":\"Spotter France\",\"description\":\"Een andere Spotter websites site\",\"potentialAction\":[{\"@type\":\"SearchAction\",\"target\":{\"@type\":\"EntryPoint\",\"urlTemplate\":\"https:\/\/www.spottergps.com\/fr\/?s={search_term_string}\"},\"query-input\":{\"@type\":\"PropertyValueSpecification\",\"valueRequired\":true,\"valueName\":\"search_term_string\"}}],\"inLanguage\":\"fr-FR\"}]}<\/script>\n<!-- \/ Yoast SEO plugin. -->","yoast_head_json":{"title":"Spotter et la l\u00e9gislation RGPD - Spotter France","robots":{"index":"index","follow":"follow","max-snippet":"max-snippet:-1","max-image-preview":"max-image-preview:large","max-video-preview":"max-video-preview:-1"},"canonical":"https:\/\/www.spottergps.com\/fr\/securite-privee\/spotter-et-la-legislation-rgpd\/","og_locale":"fr_FR","og_type":"article","og_title":"Spotter et la l\u00e9gislation RGPD - Spotter France","og_description":"La vie priv\u00e9e de l&rsquo;utilisateur est enti\u00e8rement garantie. Toutes les donn\u00e9es sont envoy\u00e9es via une connexion VPN crypt\u00e9e (Virtual Private Network) aux serveurs de Spotter BV Ces serveurs sont h\u00e9berg\u00e9s dans un centre de donn\u00e9es de haute qualit\u00e9 qui fonctionne sous ISO9001 \/ ISO 14001, ISO 27001 et NEN 7510. Cela signifie que toutes les [&hellip;]","og_url":"https:\/\/www.spottergps.com\/fr\/securite-privee\/spotter-et-la-legislation-rgpd\/","og_site_name":"Spotter France","article_modified_time":"2023-09-27T09:16:12+00:00","twitter_card":"summary_large_image","twitter_misc":{"Dur\u00e9e de lecture estim\u00e9e":"1 minute"},"schema":{"@context":"https:\/\/schema.org","@graph":[{"@type":"WebPage","@id":"https:\/\/www.spottergps.com\/fr\/securite-privee\/spotter-et-la-legislation-rgpd\/","url":"https:\/\/www.spottergps.com\/fr\/securite-privee\/spotter-et-la-legislation-rgpd\/","name":"Spotter et la l\u00e9gislation RGPD - Spotter France","isPartOf":{"@id":"https:\/\/www.spottergps.com\/fr\/#website"},"datePublished":"2023-09-18T13:16:22+00:00","dateModified":"2023-09-27T09:16:12+00:00","breadcrumb":{"@id":"https:\/\/www.spottergps.com\/fr\/securite-privee\/spotter-et-la-legislation-rgpd\/#breadcrumb"},"inLanguage":"fr-FR","potentialAction":[{"@type":"ReadAction","target":["https:\/\/www.spottergps.com\/fr\/securite-privee\/spotter-et-la-legislation-rgpd\/"]}]},{"@type":"BreadcrumbList","@id":"https:\/\/www.spottergps.com\/fr\/securite-privee\/spotter-et-la-legislation-rgpd\/#breadcrumb","itemListElement":[{"@type":"ListItem","position":1,"name":"Home","item":"https:\/\/www.spottergps.com\/fr\/"},{"@type":"ListItem","position":2,"name":"S\u00e9curit\u00e9 &amp; Priv\u00e9e","item":"https:\/\/www.spottergps.com\/fr\/securite-privee\/"},{"@type":"ListItem","position":3,"name":"Spotter et la l\u00e9gislation RGPD"}]},{"@type":"WebSite","@id":"https:\/\/www.spottergps.com\/fr\/#website","url":"https:\/\/www.spottergps.com\/fr\/","name":"Spotter France","description":"Een andere Spotter websites site","potentialAction":[{"@type":"SearchAction","target":{"@type":"EntryPoint","urlTemplate":"https:\/\/www.spottergps.com\/fr\/?s={search_term_string}"},"query-input":{"@type":"PropertyValueSpecification","valueRequired":true,"valueName":"search_term_string"}}],"inLanguage":"fr-FR"}]}},"_links":{"self":[{"href":"https:\/\/www.spottergps.com\/fr\/wp-json\/wp\/v2\/pages\/1460","targetHints":{"allow":["GET"]}}],"collection":[{"href":"https:\/\/www.spottergps.com\/fr\/wp-json\/wp\/v2\/pages"}],"about":[{"href":"https:\/\/www.spottergps.com\/fr\/wp-json\/wp\/v2\/types\/page"}],"author":[{"embeddable":true,"href":"https:\/\/www.spottergps.com\/fr\/wp-json\/wp\/v2\/users\/8"}],"replies":[{"embeddable":true,"href":"https:\/\/www.spottergps.com\/fr\/wp-json\/wp\/v2\/comments?post=1460"}],"version-history":[{"count":4,"href":"https:\/\/www.spottergps.com\/fr\/wp-json\/wp\/v2\/pages\/1460\/revisions"}],"predecessor-version":[{"id":1666,"href":"https:\/\/www.spottergps.com\/fr\/wp-json\/wp\/v2\/pages\/1460\/revisions\/1666"}],"up":[{"embeddable":true,"href":"https:\/\/www.spottergps.com\/fr\/wp-json\/wp\/v2\/pages\/449"}],"wp:attachment":[{"href":"https:\/\/www.spottergps.com\/fr\/wp-json\/wp\/v2\/media?parent=1460"}],"wp:term":[{"taxonomy":"category","embeddable":true,"href":"https:\/\/www.spottergps.com\/fr\/wp-json\/wp\/v2\/categories?post=1460"},{"taxonomy":"post_tag","embeddable":true,"href":"https:\/\/www.spottergps.com\/fr\/wp-json\/wp\/v2\/tags?post=1460"}],"curies":[{"name":"wp","href":"https:\/\/api.w.org\/{rel}","templated":true}]}}