{"id":1458,"date":"2023-09-18T14:12:48","date_gmt":"2023-09-18T13:12:48","guid":{"rendered":"https:\/\/www.spottergps.com\/fr\/?page_id=1458"},"modified":"2023-11-06T15:28:46","modified_gmt":"2023-11-06T14:28:46","slug":"dans-quelle-mesure-les-produits-spotter-sont-ils-surs","status":"publish","type":"page","link":"https:\/\/www.spottergps.com\/fr\/securite-privee\/dans-quelle-mesure-les-produits-spotter-sont-ils-surs\/","title":{"rendered":"Dans quelle mesure les produits Spotter sont-ils s\u00fbrs ?"},"content":{"rendered":"\n<p>Les produits Spotter sont s\u00fbrs et fiables et sont conformes \u00e0 toutes les directives de s\u00e9curit\u00e9 europ\u00e9ennes. En outre, le plus haut niveau de s\u00e9curit\u00e9 des donn\u00e9es est utilis\u00e9 pour un traitement s\u00fbr des donn\u00e9es. <br><br>Sur <a href=\"https:\/\/www.spottergps.com\/fr\/securite-privee\/\" data-type=\"URL\" data-id=\"https:\/\/www.spottergps.com\/fr\/securite-privee\/\">cette page<\/a>, nous expliquons en d\u00e9tail comment nous g\u00e9rons la s\u00e9curit\u00e9 et la confidentialit\u00e9 de nos produits.<\/p>\n","protected":false},"excerpt":{"rendered":"<p>Les produits Spotter sont s\u00fbrs et fiables et sont conformes \u00e0 toutes les directives de s\u00e9curit\u00e9 europ\u00e9ennes. En outre, le plus haut niveau de s\u00e9curit\u00e9 des donn\u00e9es est utilis\u00e9 pour un traitement s\u00fbr des donn\u00e9es. Sur cette page, nous expliquons en d\u00e9tail comment nous g\u00e9rons la s\u00e9curit\u00e9 et la confidentialit\u00e9 de nos produits.<\/p>\n","protected":false},"author":8,"featured_media":0,"parent":449,"menu_order":0,"comment_status":"closed","ping_status":"closed","template":"faq-content.php","meta":{"_acf_changed":false,"footnotes":""},"categories":[],"tags":[],"class_list":["post-1458","page","type-page","status-publish","hentry"],"acf":[],"yoast_head":"<!-- This site is optimized with the Yoast SEO plugin v25.9 - https:\/\/yoast.com\/wordpress\/plugins\/seo\/ -->\n<title>Dans quelle mesure les produits Spotter sont-ils s\u00fbrs ? - Spotter France<\/title>\n<meta name=\"robots\" content=\"index, follow, max-snippet:-1, max-image-preview:large, max-video-preview:-1\" \/>\n<link rel=\"canonical\" href=\"https:\/\/www.spottergps.com\/fr\/securite-privee\/dans-quelle-mesure-les-produits-spotter-sont-ils-surs\/\" \/>\n<meta property=\"og:locale\" content=\"fr_FR\" \/>\n<meta property=\"og:type\" content=\"article\" \/>\n<meta property=\"og:title\" content=\"Dans quelle mesure les produits Spotter sont-ils s\u00fbrs ? - Spotter France\" \/>\n<meta property=\"og:description\" content=\"Les produits Spotter sont s\u00fbrs et fiables et sont conformes \u00e0 toutes les directives de s\u00e9curit\u00e9 europ\u00e9ennes. En outre, le plus haut niveau de s\u00e9curit\u00e9 des donn\u00e9es est utilis\u00e9 pour un traitement s\u00fbr des donn\u00e9es. Sur cette page, nous expliquons en d\u00e9tail comment nous g\u00e9rons la s\u00e9curit\u00e9 et la confidentialit\u00e9 de nos produits.\" \/>\n<meta property=\"og:url\" content=\"https:\/\/www.spottergps.com\/fr\/securite-privee\/dans-quelle-mesure-les-produits-spotter-sont-ils-surs\/\" \/>\n<meta property=\"og:site_name\" content=\"Spotter France\" \/>\n<meta property=\"article:modified_time\" content=\"2023-11-06T14:28:46+00:00\" \/>\n<meta name=\"twitter:card\" content=\"summary_large_image\" \/>\n<script type=\"application\/ld+json\" class=\"yoast-schema-graph\">{\"@context\":\"https:\/\/schema.org\",\"@graph\":[{\"@type\":\"WebPage\",\"@id\":\"https:\/\/www.spottergps.com\/fr\/securite-privee\/dans-quelle-mesure-les-produits-spotter-sont-ils-surs\/\",\"url\":\"https:\/\/www.spottergps.com\/fr\/securite-privee\/dans-quelle-mesure-les-produits-spotter-sont-ils-surs\/\",\"name\":\"Dans quelle mesure les produits Spotter sont-ils s\u00fbrs ? - Spotter France\",\"isPartOf\":{\"@id\":\"https:\/\/www.spottergps.com\/fr\/#website\"},\"datePublished\":\"2023-09-18T13:12:48+00:00\",\"dateModified\":\"2023-11-06T14:28:46+00:00\",\"breadcrumb\":{\"@id\":\"https:\/\/www.spottergps.com\/fr\/securite-privee\/dans-quelle-mesure-les-produits-spotter-sont-ils-surs\/#breadcrumb\"},\"inLanguage\":\"fr-FR\",\"potentialAction\":[{\"@type\":\"ReadAction\",\"target\":[\"https:\/\/www.spottergps.com\/fr\/securite-privee\/dans-quelle-mesure-les-produits-spotter-sont-ils-surs\/\"]}]},{\"@type\":\"BreadcrumbList\",\"@id\":\"https:\/\/www.spottergps.com\/fr\/securite-privee\/dans-quelle-mesure-les-produits-spotter-sont-ils-surs\/#breadcrumb\",\"itemListElement\":[{\"@type\":\"ListItem\",\"position\":1,\"name\":\"Home\",\"item\":\"https:\/\/www.spottergps.com\/fr\/\"},{\"@type\":\"ListItem\",\"position\":2,\"name\":\"S\u00e9curit\u00e9 &amp; Priv\u00e9e\",\"item\":\"https:\/\/www.spottergps.com\/fr\/securite-privee\/\"},{\"@type\":\"ListItem\",\"position\":3,\"name\":\"Dans quelle mesure les produits Spotter sont-ils s\u00fbrs ?\"}]},{\"@type\":\"WebSite\",\"@id\":\"https:\/\/www.spottergps.com\/fr\/#website\",\"url\":\"https:\/\/www.spottergps.com\/fr\/\",\"name\":\"Spotter France\",\"description\":\"Een andere Spotter websites site\",\"potentialAction\":[{\"@type\":\"SearchAction\",\"target\":{\"@type\":\"EntryPoint\",\"urlTemplate\":\"https:\/\/www.spottergps.com\/fr\/?s={search_term_string}\"},\"query-input\":{\"@type\":\"PropertyValueSpecification\",\"valueRequired\":true,\"valueName\":\"search_term_string\"}}],\"inLanguage\":\"fr-FR\"}]}<\/script>\n<!-- \/ Yoast SEO plugin. -->","yoast_head_json":{"title":"Dans quelle mesure les produits Spotter sont-ils s\u00fbrs ? - Spotter France","robots":{"index":"index","follow":"follow","max-snippet":"max-snippet:-1","max-image-preview":"max-image-preview:large","max-video-preview":"max-video-preview:-1"},"canonical":"https:\/\/www.spottergps.com\/fr\/securite-privee\/dans-quelle-mesure-les-produits-spotter-sont-ils-surs\/","og_locale":"fr_FR","og_type":"article","og_title":"Dans quelle mesure les produits Spotter sont-ils s\u00fbrs ? - Spotter France","og_description":"Les produits Spotter sont s\u00fbrs et fiables et sont conformes \u00e0 toutes les directives de s\u00e9curit\u00e9 europ\u00e9ennes. En outre, le plus haut niveau de s\u00e9curit\u00e9 des donn\u00e9es est utilis\u00e9 pour un traitement s\u00fbr des donn\u00e9es. Sur cette page, nous expliquons en d\u00e9tail comment nous g\u00e9rons la s\u00e9curit\u00e9 et la confidentialit\u00e9 de nos produits.","og_url":"https:\/\/www.spottergps.com\/fr\/securite-privee\/dans-quelle-mesure-les-produits-spotter-sont-ils-surs\/","og_site_name":"Spotter France","article_modified_time":"2023-11-06T14:28:46+00:00","twitter_card":"summary_large_image","schema":{"@context":"https:\/\/schema.org","@graph":[{"@type":"WebPage","@id":"https:\/\/www.spottergps.com\/fr\/securite-privee\/dans-quelle-mesure-les-produits-spotter-sont-ils-surs\/","url":"https:\/\/www.spottergps.com\/fr\/securite-privee\/dans-quelle-mesure-les-produits-spotter-sont-ils-surs\/","name":"Dans quelle mesure les produits Spotter sont-ils s\u00fbrs ? - Spotter France","isPartOf":{"@id":"https:\/\/www.spottergps.com\/fr\/#website"},"datePublished":"2023-09-18T13:12:48+00:00","dateModified":"2023-11-06T14:28:46+00:00","breadcrumb":{"@id":"https:\/\/www.spottergps.com\/fr\/securite-privee\/dans-quelle-mesure-les-produits-spotter-sont-ils-surs\/#breadcrumb"},"inLanguage":"fr-FR","potentialAction":[{"@type":"ReadAction","target":["https:\/\/www.spottergps.com\/fr\/securite-privee\/dans-quelle-mesure-les-produits-spotter-sont-ils-surs\/"]}]},{"@type":"BreadcrumbList","@id":"https:\/\/www.spottergps.com\/fr\/securite-privee\/dans-quelle-mesure-les-produits-spotter-sont-ils-surs\/#breadcrumb","itemListElement":[{"@type":"ListItem","position":1,"name":"Home","item":"https:\/\/www.spottergps.com\/fr\/"},{"@type":"ListItem","position":2,"name":"S\u00e9curit\u00e9 &amp; Priv\u00e9e","item":"https:\/\/www.spottergps.com\/fr\/securite-privee\/"},{"@type":"ListItem","position":3,"name":"Dans quelle mesure les produits Spotter sont-ils s\u00fbrs ?"}]},{"@type":"WebSite","@id":"https:\/\/www.spottergps.com\/fr\/#website","url":"https:\/\/www.spottergps.com\/fr\/","name":"Spotter France","description":"Een andere Spotter websites site","potentialAction":[{"@type":"SearchAction","target":{"@type":"EntryPoint","urlTemplate":"https:\/\/www.spottergps.com\/fr\/?s={search_term_string}"},"query-input":{"@type":"PropertyValueSpecification","valueRequired":true,"valueName":"search_term_string"}}],"inLanguage":"fr-FR"}]}},"_links":{"self":[{"href":"https:\/\/www.spottergps.com\/fr\/wp-json\/wp\/v2\/pages\/1458","targetHints":{"allow":["GET"]}}],"collection":[{"href":"https:\/\/www.spottergps.com\/fr\/wp-json\/wp\/v2\/pages"}],"about":[{"href":"https:\/\/www.spottergps.com\/fr\/wp-json\/wp\/v2\/types\/page"}],"author":[{"embeddable":true,"href":"https:\/\/www.spottergps.com\/fr\/wp-json\/wp\/v2\/users\/8"}],"replies":[{"embeddable":true,"href":"https:\/\/www.spottergps.com\/fr\/wp-json\/wp\/v2\/comments?post=1458"}],"version-history":[{"count":4,"href":"https:\/\/www.spottergps.com\/fr\/wp-json\/wp\/v2\/pages\/1458\/revisions"}],"predecessor-version":[{"id":1760,"href":"https:\/\/www.spottergps.com\/fr\/wp-json\/wp\/v2\/pages\/1458\/revisions\/1760"}],"up":[{"embeddable":true,"href":"https:\/\/www.spottergps.com\/fr\/wp-json\/wp\/v2\/pages\/449"}],"wp:attachment":[{"href":"https:\/\/www.spottergps.com\/fr\/wp-json\/wp\/v2\/media?parent=1458"}],"wp:term":[{"taxonomy":"category","embeddable":true,"href":"https:\/\/www.spottergps.com\/fr\/wp-json\/wp\/v2\/categories?post=1458"},{"taxonomy":"post_tag","embeddable":true,"href":"https:\/\/www.spottergps.com\/fr\/wp-json\/wp\/v2\/tags?post=1458"}],"curies":[{"name":"wp","href":"https:\/\/api.w.org\/{rel}","templated":true}]}}