{"id":1454,"date":"2023-09-18T14:07:20","date_gmt":"2023-09-18T13:07:20","guid":{"rendered":"https:\/\/www.spottergps.com\/fr\/?page_id=1454"},"modified":"2023-09-18T14:09:28","modified_gmt":"2023-09-18T13:09:28","slug":"credit-de-transfert","status":"publish","type":"page","link":"https:\/\/www.spottergps.com\/fr\/faq\/frais-et-recharge\/credit-de-transfert\/","title":{"rendered":"Cr\u00e9dit de transfert"},"content":{"rendered":"\n<p><span lang=\"fr\" style=\"font-family: Aller;color: #222222\">Vous avez achet\u00e9 un nouveau Spotter et vous souhaitez transf\u00e9rer le cr\u00e9dit de l&rsquo;ancien Spotter vers le nouveau ? Ensuite, d\u00e8s que vous aurez re\u00e7u le nouveau Spotter, vous pourrez transmettre l&rsquo;ancien et le nouveau code spotter \u00e0 notre service client via le <\/span><a href=\"https:\/\/www.spottergps.com\/fr\/service-clients\/\"><span lang=\"fr\"><span style=\"font-family: Aller;color: #2eb4e7\">formulaire de contact <\/span><\/span><\/a><span lang=\"fr\" style=\"font-family: Aller;color: #222222\">. Ils peuvent transf\u00e9rer le cr\u00e9dit pour vous. Avez-vous d\u00e9j\u00e0 un cr\u00e9dit sur le nouveau Spotter\u00a0? Ensuite cet avoir sera ajout\u00e9 en sus et la date d&rsquo;expiration de votre avoir sera donc plus tardive.<\/span><\/p>\n<p><span lang=\"fr\" style=\"font-family: Aller;color: #222222\">Attention : le transfert de cr\u00e9dit n&rsquo;est possible qu&rsquo;avec un cr\u00e9dit encore actif.<\/span><\/p>\n","protected":false},"excerpt":{"rendered":"<p>Vous avez achet\u00e9 un nouveau Spotter et vous souhaitez transf\u00e9rer le cr\u00e9dit de l&rsquo;ancien Spotter vers le nouveau ? Ensuite, d\u00e8s que vous aurez re\u00e7u le nouveau Spotter, vous pourrez transmettre l&rsquo;ancien et le nouveau code spotter \u00e0 notre service client via le formulaire de contact . Ils peuvent transf\u00e9rer le cr\u00e9dit pour vous. Avez-vous [&hellip;]<\/p>\n","protected":false},"author":8,"featured_media":0,"parent":1190,"menu_order":0,"comment_status":"closed","ping_status":"closed","template":"faq-content.php","meta":{"_acf_changed":false,"footnotes":""},"categories":[],"tags":[],"class_list":["post-1454","page","type-page","status-publish","hentry"],"acf":[],"yoast_head":"<!-- This site is optimized with the Yoast SEO plugin v25.9 - https:\/\/yoast.com\/wordpress\/plugins\/seo\/ -->\n<title>Cr\u00e9dit de transfert - Spotter France<\/title>\n<meta name=\"robots\" content=\"index, follow, max-snippet:-1, max-image-preview:large, max-video-preview:-1\" \/>\n<link rel=\"canonical\" href=\"https:\/\/www.spottergps.com\/fr\/faq\/frais-et-recharge\/credit-de-transfert\/\" \/>\n<meta property=\"og:locale\" content=\"fr_FR\" \/>\n<meta property=\"og:type\" content=\"article\" \/>\n<meta property=\"og:title\" content=\"Cr\u00e9dit de transfert - Spotter France\" \/>\n<meta property=\"og:description\" content=\"Vous avez achet\u00e9 un nouveau Spotter et vous souhaitez transf\u00e9rer le cr\u00e9dit de l&rsquo;ancien Spotter vers le nouveau ? Ensuite, d\u00e8s que vous aurez re\u00e7u le nouveau Spotter, vous pourrez transmettre l&rsquo;ancien et le nouveau code spotter \u00e0 notre service client via le formulaire de contact . Ils peuvent transf\u00e9rer le cr\u00e9dit pour vous. Avez-vous [&hellip;]\" \/>\n<meta property=\"og:url\" content=\"https:\/\/www.spottergps.com\/fr\/faq\/frais-et-recharge\/credit-de-transfert\/\" \/>\n<meta property=\"og:site_name\" content=\"Spotter France\" \/>\n<meta property=\"article:modified_time\" content=\"2023-09-18T13:09:28+00:00\" \/>\n<meta name=\"twitter:card\" content=\"summary_large_image\" \/>\n<script type=\"application\/ld+json\" class=\"yoast-schema-graph\">{\"@context\":\"https:\/\/schema.org\",\"@graph\":[{\"@type\":\"WebPage\",\"@id\":\"https:\/\/www.spottergps.com\/fr\/faq\/frais-et-recharge\/credit-de-transfert\/\",\"url\":\"https:\/\/www.spottergps.com\/fr\/faq\/frais-et-recharge\/credit-de-transfert\/\",\"name\":\"Cr\u00e9dit de transfert - Spotter France\",\"isPartOf\":{\"@id\":\"https:\/\/www.spottergps.com\/fr\/#website\"},\"datePublished\":\"2023-09-18T13:07:20+00:00\",\"dateModified\":\"2023-09-18T13:09:28+00:00\",\"breadcrumb\":{\"@id\":\"https:\/\/www.spottergps.com\/fr\/faq\/frais-et-recharge\/credit-de-transfert\/#breadcrumb\"},\"inLanguage\":\"fr-FR\",\"potentialAction\":[{\"@type\":\"ReadAction\",\"target\":[\"https:\/\/www.spottergps.com\/fr\/faq\/frais-et-recharge\/credit-de-transfert\/\"]}]},{\"@type\":\"BreadcrumbList\",\"@id\":\"https:\/\/www.spottergps.com\/fr\/faq\/frais-et-recharge\/credit-de-transfert\/#breadcrumb\",\"itemListElement\":[{\"@type\":\"ListItem\",\"position\":1,\"name\":\"Home\",\"item\":\"https:\/\/www.spottergps.com\/fr\/\"},{\"@type\":\"ListItem\",\"position\":2,\"name\":\"Comment pouvons-nous vous aider?\",\"item\":\"https:\/\/www.spottergps.com\/fr\/faq\/\"},{\"@type\":\"ListItem\",\"position\":3,\"name\":\"Frais et recharge\",\"item\":\"https:\/\/www.spottergps.com\/fr\/faq\/frais-et-recharge\/\"},{\"@type\":\"ListItem\",\"position\":4,\"name\":\"Cr\u00e9dit de transfert\"}]},{\"@type\":\"WebSite\",\"@id\":\"https:\/\/www.spottergps.com\/fr\/#website\",\"url\":\"https:\/\/www.spottergps.com\/fr\/\",\"name\":\"Spotter France\",\"description\":\"Een andere Spotter websites site\",\"potentialAction\":[{\"@type\":\"SearchAction\",\"target\":{\"@type\":\"EntryPoint\",\"urlTemplate\":\"https:\/\/www.spottergps.com\/fr\/?s={search_term_string}\"},\"query-input\":{\"@type\":\"PropertyValueSpecification\",\"valueRequired\":true,\"valueName\":\"search_term_string\"}}],\"inLanguage\":\"fr-FR\"}]}<\/script>\n<!-- \/ Yoast SEO plugin. -->","yoast_head_json":{"title":"Cr\u00e9dit de transfert - Spotter France","robots":{"index":"index","follow":"follow","max-snippet":"max-snippet:-1","max-image-preview":"max-image-preview:large","max-video-preview":"max-video-preview:-1"},"canonical":"https:\/\/www.spottergps.com\/fr\/faq\/frais-et-recharge\/credit-de-transfert\/","og_locale":"fr_FR","og_type":"article","og_title":"Cr\u00e9dit de transfert - Spotter France","og_description":"Vous avez achet\u00e9 un nouveau Spotter et vous souhaitez transf\u00e9rer le cr\u00e9dit de l&rsquo;ancien Spotter vers le nouveau ? Ensuite, d\u00e8s que vous aurez re\u00e7u le nouveau Spotter, vous pourrez transmettre l&rsquo;ancien et le nouveau code spotter \u00e0 notre service client via le formulaire de contact . Ils peuvent transf\u00e9rer le cr\u00e9dit pour vous. Avez-vous [&hellip;]","og_url":"https:\/\/www.spottergps.com\/fr\/faq\/frais-et-recharge\/credit-de-transfert\/","og_site_name":"Spotter France","article_modified_time":"2023-09-18T13:09:28+00:00","twitter_card":"summary_large_image","schema":{"@context":"https:\/\/schema.org","@graph":[{"@type":"WebPage","@id":"https:\/\/www.spottergps.com\/fr\/faq\/frais-et-recharge\/credit-de-transfert\/","url":"https:\/\/www.spottergps.com\/fr\/faq\/frais-et-recharge\/credit-de-transfert\/","name":"Cr\u00e9dit de transfert - Spotter France","isPartOf":{"@id":"https:\/\/www.spottergps.com\/fr\/#website"},"datePublished":"2023-09-18T13:07:20+00:00","dateModified":"2023-09-18T13:09:28+00:00","breadcrumb":{"@id":"https:\/\/www.spottergps.com\/fr\/faq\/frais-et-recharge\/credit-de-transfert\/#breadcrumb"},"inLanguage":"fr-FR","potentialAction":[{"@type":"ReadAction","target":["https:\/\/www.spottergps.com\/fr\/faq\/frais-et-recharge\/credit-de-transfert\/"]}]},{"@type":"BreadcrumbList","@id":"https:\/\/www.spottergps.com\/fr\/faq\/frais-et-recharge\/credit-de-transfert\/#breadcrumb","itemListElement":[{"@type":"ListItem","position":1,"name":"Home","item":"https:\/\/www.spottergps.com\/fr\/"},{"@type":"ListItem","position":2,"name":"Comment pouvons-nous vous aider?","item":"https:\/\/www.spottergps.com\/fr\/faq\/"},{"@type":"ListItem","position":3,"name":"Frais et recharge","item":"https:\/\/www.spottergps.com\/fr\/faq\/frais-et-recharge\/"},{"@type":"ListItem","position":4,"name":"Cr\u00e9dit de transfert"}]},{"@type":"WebSite","@id":"https:\/\/www.spottergps.com\/fr\/#website","url":"https:\/\/www.spottergps.com\/fr\/","name":"Spotter France","description":"Een andere Spotter websites site","potentialAction":[{"@type":"SearchAction","target":{"@type":"EntryPoint","urlTemplate":"https:\/\/www.spottergps.com\/fr\/?s={search_term_string}"},"query-input":{"@type":"PropertyValueSpecification","valueRequired":true,"valueName":"search_term_string"}}],"inLanguage":"fr-FR"}]}},"_links":{"self":[{"href":"https:\/\/www.spottergps.com\/fr\/wp-json\/wp\/v2\/pages\/1454","targetHints":{"allow":["GET"]}}],"collection":[{"href":"https:\/\/www.spottergps.com\/fr\/wp-json\/wp\/v2\/pages"}],"about":[{"href":"https:\/\/www.spottergps.com\/fr\/wp-json\/wp\/v2\/types\/page"}],"author":[{"embeddable":true,"href":"https:\/\/www.spottergps.com\/fr\/wp-json\/wp\/v2\/users\/8"}],"replies":[{"embeddable":true,"href":"https:\/\/www.spottergps.com\/fr\/wp-json\/wp\/v2\/comments?post=1454"}],"version-history":[{"count":2,"href":"https:\/\/www.spottergps.com\/fr\/wp-json\/wp\/v2\/pages\/1454\/revisions"}],"predecessor-version":[{"id":1456,"href":"https:\/\/www.spottergps.com\/fr\/wp-json\/wp\/v2\/pages\/1454\/revisions\/1456"}],"up":[{"embeddable":true,"href":"https:\/\/www.spottergps.com\/fr\/wp-json\/wp\/v2\/pages\/1190"}],"wp:attachment":[{"href":"https:\/\/www.spottergps.com\/fr\/wp-json\/wp\/v2\/media?parent=1454"}],"wp:term":[{"taxonomy":"category","embeddable":true,"href":"https:\/\/www.spottergps.com\/fr\/wp-json\/wp\/v2\/categories?post=1454"},{"taxonomy":"post_tag","embeddable":true,"href":"https:\/\/www.spottergps.com\/fr\/wp-json\/wp\/v2\/tags?post=1454"}],"curies":[{"name":"wp","href":"https:\/\/api.w.org\/{rel}","templated":true}]}}