{"id":1441,"date":"2023-09-18T13:23:58","date_gmt":"2023-09-18T12:23:58","guid":{"rendered":"https:\/\/www.spottergps.com\/fr\/?page_id=1441"},"modified":"2023-10-26T10:57:35","modified_gmt":"2023-10-26T09:57:35","slug":"puis-je-egalement-recharger-a-letranger","status":"publish","type":"page","link":"https:\/\/www.spottergps.com\/fr\/faq\/frais-et-recharge\/puis-je-egalement-recharger-a-letranger\/","title":{"rendered":"Puis-je \u00e9galement recharger \u00e0 l&rsquo;\u00e9tranger ?"},"content":{"rendered":"\n<p><span lang=\"fr\" style=\"font-family: 'Aller',serif;color: #222222\">Oui, c&rsquo;est certainement possible. Vous pouvez mettre \u00e0 niveau le Spotter depuis n&rsquo;importe quel endroit avec une connexion Internet. Vous vous connectez \u00e0 votre <\/span><span lang=\"fr\"><span style=\"font-family: 'Aller',serif;color: #2eb4e7\"><a href=\"https:\/\/my.spottergps.com\/SpotterApp\/index.html#login\" data-type=\"URL\" data-id=\"https:\/\/my.spottergps.com\/SpotterApp\/index.html#login\">compte en ligne<\/a><\/span><\/span><a href=\"https:\/\/my.spottergps.com\/SpotterApp\/index.html#login\"><span lang=\"fr\"><span style=\"font-family: 'Aller',serif;color: #2eb4e7\"> <\/span><\/span><\/a><span lang=\"fr\" style=\"font-family: 'Aller',serif;color: #222222\">et vous voyez la rubrique \u00ab recharger \u00bb sur le c\u00f4t\u00e9 gauche de l&rsquo;\u00e9cran. Vous pouvez choisir entre un cr\u00e9dit de 3, 6 ou 12 mois. Le Spotter peut \u00e9galement \u00eatre utilis\u00e9 <\/span><span lang=\"fr\"><span style=\"font-family: 'Aller',serif;color: #2eb4e7\"><a href=\"https:\/\/www.spottergps.com\/fr\/faq\/atteindre\/dans-quels-pays-fonctionne-le-spotter\/\" data-type=\"URL\" data-id=\"https:\/\/www.spottergps.com\/fr\/faq\/atteindre\/dans-quels-pays-fonctionne-le-spotter\/\">dans toute l&rsquo;Europe <\/a>.<\/span><\/span><\/p>\n\n\n\n<p><\/p>\n","protected":false},"excerpt":{"rendered":"<p>Oui, c&rsquo;est certainement possible. Vous pouvez mettre \u00e0 niveau le Spotter depuis n&rsquo;importe quel endroit avec une connexion Internet. Vous vous connectez \u00e0 votre compte en ligne et vous voyez la rubrique \u00ab recharger \u00bb sur le c\u00f4t\u00e9 gauche de l&rsquo;\u00e9cran. Vous pouvez choisir entre un cr\u00e9dit de 3, 6 ou 12 mois. Le Spotter [&hellip;]<\/p>\n","protected":false},"author":8,"featured_media":0,"parent":1190,"menu_order":0,"comment_status":"closed","ping_status":"closed","template":"faq-content.php","meta":{"_acf_changed":false,"footnotes":""},"categories":[],"tags":[],"class_list":["post-1441","page","type-page","status-publish","hentry"],"acf":[],"yoast_head":"<!-- This site is optimized with the Yoast SEO plugin v25.9 - https:\/\/yoast.com\/wordpress\/plugins\/seo\/ -->\n<title>Puis-je \u00e9galement recharger \u00e0 l&#039;\u00e9tranger ? - Spotter France<\/title>\n<meta name=\"robots\" content=\"index, follow, max-snippet:-1, max-image-preview:large, max-video-preview:-1\" \/>\n<link rel=\"canonical\" href=\"https:\/\/www.spottergps.com\/fr\/faq\/frais-et-recharge\/puis-je-egalement-recharger-a-letranger\/\" \/>\n<meta property=\"og:locale\" content=\"fr_FR\" \/>\n<meta property=\"og:type\" content=\"article\" \/>\n<meta property=\"og:title\" content=\"Puis-je \u00e9galement recharger \u00e0 l&#039;\u00e9tranger ? - Spotter France\" \/>\n<meta property=\"og:description\" content=\"Oui, c&rsquo;est certainement possible. Vous pouvez mettre \u00e0 niveau le Spotter depuis n&rsquo;importe quel endroit avec une connexion Internet. Vous vous connectez \u00e0 votre compte en ligne et vous voyez la rubrique \u00ab recharger \u00bb sur le c\u00f4t\u00e9 gauche de l&rsquo;\u00e9cran. Vous pouvez choisir entre un cr\u00e9dit de 3, 6 ou 12 mois. Le Spotter [&hellip;]\" \/>\n<meta property=\"og:url\" content=\"https:\/\/www.spottergps.com\/fr\/faq\/frais-et-recharge\/puis-je-egalement-recharger-a-letranger\/\" \/>\n<meta property=\"og:site_name\" content=\"Spotter France\" \/>\n<meta property=\"article:modified_time\" content=\"2023-10-26T09:57:35+00:00\" \/>\n<meta name=\"twitter:card\" content=\"summary_large_image\" \/>\n<script type=\"application\/ld+json\" class=\"yoast-schema-graph\">{\"@context\":\"https:\/\/schema.org\",\"@graph\":[{\"@type\":\"WebPage\",\"@id\":\"https:\/\/www.spottergps.com\/fr\/faq\/frais-et-recharge\/puis-je-egalement-recharger-a-letranger\/\",\"url\":\"https:\/\/www.spottergps.com\/fr\/faq\/frais-et-recharge\/puis-je-egalement-recharger-a-letranger\/\",\"name\":\"Puis-je \u00e9galement recharger \u00e0 l'\u00e9tranger ? - Spotter France\",\"isPartOf\":{\"@id\":\"https:\/\/www.spottergps.com\/fr\/#website\"},\"datePublished\":\"2023-09-18T12:23:58+00:00\",\"dateModified\":\"2023-10-26T09:57:35+00:00\",\"breadcrumb\":{\"@id\":\"https:\/\/www.spottergps.com\/fr\/faq\/frais-et-recharge\/puis-je-egalement-recharger-a-letranger\/#breadcrumb\"},\"inLanguage\":\"fr-FR\",\"potentialAction\":[{\"@type\":\"ReadAction\",\"target\":[\"https:\/\/www.spottergps.com\/fr\/faq\/frais-et-recharge\/puis-je-egalement-recharger-a-letranger\/\"]}]},{\"@type\":\"BreadcrumbList\",\"@id\":\"https:\/\/www.spottergps.com\/fr\/faq\/frais-et-recharge\/puis-je-egalement-recharger-a-letranger\/#breadcrumb\",\"itemListElement\":[{\"@type\":\"ListItem\",\"position\":1,\"name\":\"Home\",\"item\":\"https:\/\/www.spottergps.com\/fr\/\"},{\"@type\":\"ListItem\",\"position\":2,\"name\":\"Comment pouvons-nous vous aider?\",\"item\":\"https:\/\/www.spottergps.com\/fr\/faq\/\"},{\"@type\":\"ListItem\",\"position\":3,\"name\":\"Frais et recharge\",\"item\":\"https:\/\/www.spottergps.com\/fr\/faq\/frais-et-recharge\/\"},{\"@type\":\"ListItem\",\"position\":4,\"name\":\"Puis-je \u00e9galement recharger \u00e0 l&rsquo;\u00e9tranger ?\"}]},{\"@type\":\"WebSite\",\"@id\":\"https:\/\/www.spottergps.com\/fr\/#website\",\"url\":\"https:\/\/www.spottergps.com\/fr\/\",\"name\":\"Spotter France\",\"description\":\"Een andere Spotter websites site\",\"potentialAction\":[{\"@type\":\"SearchAction\",\"target\":{\"@type\":\"EntryPoint\",\"urlTemplate\":\"https:\/\/www.spottergps.com\/fr\/?s={search_term_string}\"},\"query-input\":{\"@type\":\"PropertyValueSpecification\",\"valueRequired\":true,\"valueName\":\"search_term_string\"}}],\"inLanguage\":\"fr-FR\"}]}<\/script>\n<!-- \/ Yoast SEO plugin. -->","yoast_head_json":{"title":"Puis-je \u00e9galement recharger \u00e0 l'\u00e9tranger ? - Spotter France","robots":{"index":"index","follow":"follow","max-snippet":"max-snippet:-1","max-image-preview":"max-image-preview:large","max-video-preview":"max-video-preview:-1"},"canonical":"https:\/\/www.spottergps.com\/fr\/faq\/frais-et-recharge\/puis-je-egalement-recharger-a-letranger\/","og_locale":"fr_FR","og_type":"article","og_title":"Puis-je \u00e9galement recharger \u00e0 l'\u00e9tranger ? - Spotter France","og_description":"Oui, c&rsquo;est certainement possible. Vous pouvez mettre \u00e0 niveau le Spotter depuis n&rsquo;importe quel endroit avec une connexion Internet. Vous vous connectez \u00e0 votre compte en ligne et vous voyez la rubrique \u00ab recharger \u00bb sur le c\u00f4t\u00e9 gauche de l&rsquo;\u00e9cran. Vous pouvez choisir entre un cr\u00e9dit de 3, 6 ou 12 mois. Le Spotter [&hellip;]","og_url":"https:\/\/www.spottergps.com\/fr\/faq\/frais-et-recharge\/puis-je-egalement-recharger-a-letranger\/","og_site_name":"Spotter France","article_modified_time":"2023-10-26T09:57:35+00:00","twitter_card":"summary_large_image","schema":{"@context":"https:\/\/schema.org","@graph":[{"@type":"WebPage","@id":"https:\/\/www.spottergps.com\/fr\/faq\/frais-et-recharge\/puis-je-egalement-recharger-a-letranger\/","url":"https:\/\/www.spottergps.com\/fr\/faq\/frais-et-recharge\/puis-je-egalement-recharger-a-letranger\/","name":"Puis-je \u00e9galement recharger \u00e0 l'\u00e9tranger ? - Spotter France","isPartOf":{"@id":"https:\/\/www.spottergps.com\/fr\/#website"},"datePublished":"2023-09-18T12:23:58+00:00","dateModified":"2023-10-26T09:57:35+00:00","breadcrumb":{"@id":"https:\/\/www.spottergps.com\/fr\/faq\/frais-et-recharge\/puis-je-egalement-recharger-a-letranger\/#breadcrumb"},"inLanguage":"fr-FR","potentialAction":[{"@type":"ReadAction","target":["https:\/\/www.spottergps.com\/fr\/faq\/frais-et-recharge\/puis-je-egalement-recharger-a-letranger\/"]}]},{"@type":"BreadcrumbList","@id":"https:\/\/www.spottergps.com\/fr\/faq\/frais-et-recharge\/puis-je-egalement-recharger-a-letranger\/#breadcrumb","itemListElement":[{"@type":"ListItem","position":1,"name":"Home","item":"https:\/\/www.spottergps.com\/fr\/"},{"@type":"ListItem","position":2,"name":"Comment pouvons-nous vous aider?","item":"https:\/\/www.spottergps.com\/fr\/faq\/"},{"@type":"ListItem","position":3,"name":"Frais et recharge","item":"https:\/\/www.spottergps.com\/fr\/faq\/frais-et-recharge\/"},{"@type":"ListItem","position":4,"name":"Puis-je \u00e9galement recharger \u00e0 l&rsquo;\u00e9tranger ?"}]},{"@type":"WebSite","@id":"https:\/\/www.spottergps.com\/fr\/#website","url":"https:\/\/www.spottergps.com\/fr\/","name":"Spotter France","description":"Een andere Spotter websites site","potentialAction":[{"@type":"SearchAction","target":{"@type":"EntryPoint","urlTemplate":"https:\/\/www.spottergps.com\/fr\/?s={search_term_string}"},"query-input":{"@type":"PropertyValueSpecification","valueRequired":true,"valueName":"search_term_string"}}],"inLanguage":"fr-FR"}]}},"_links":{"self":[{"href":"https:\/\/www.spottergps.com\/fr\/wp-json\/wp\/v2\/pages\/1441","targetHints":{"allow":["GET"]}}],"collection":[{"href":"https:\/\/www.spottergps.com\/fr\/wp-json\/wp\/v2\/pages"}],"about":[{"href":"https:\/\/www.spottergps.com\/fr\/wp-json\/wp\/v2\/types\/page"}],"author":[{"embeddable":true,"href":"https:\/\/www.spottergps.com\/fr\/wp-json\/wp\/v2\/users\/8"}],"replies":[{"embeddable":true,"href":"https:\/\/www.spottergps.com\/fr\/wp-json\/wp\/v2\/comments?post=1441"}],"version-history":[{"count":6,"href":"https:\/\/www.spottergps.com\/fr\/wp-json\/wp\/v2\/pages\/1441\/revisions"}],"predecessor-version":[{"id":1691,"href":"https:\/\/www.spottergps.com\/fr\/wp-json\/wp\/v2\/pages\/1441\/revisions\/1691"}],"up":[{"embeddable":true,"href":"https:\/\/www.spottergps.com\/fr\/wp-json\/wp\/v2\/pages\/1190"}],"wp:attachment":[{"href":"https:\/\/www.spottergps.com\/fr\/wp-json\/wp\/v2\/media?parent=1441"}],"wp:term":[{"taxonomy":"category","embeddable":true,"href":"https:\/\/www.spottergps.com\/fr\/wp-json\/wp\/v2\/categories?post=1441"},{"taxonomy":"post_tag","embeddable":true,"href":"https:\/\/www.spottergps.com\/fr\/wp-json\/wp\/v2\/tags?post=1441"}],"curies":[{"name":"wp","href":"https:\/\/api.w.org\/{rel}","templated":true}]}}