{"id":1438,"date":"2023-09-18T13:17:48","date_gmt":"2023-09-18T12:17:48","guid":{"rendered":"https:\/\/www.spottergps.com\/fr\/?page_id=1438"},"modified":"2025-02-10T11:34:53","modified_gmt":"2025-02-10T10:34:53","slug":"recharger-le-credit-prepaye","status":"publish","type":"page","link":"https:\/\/www.spottergps.com\/fr\/faq\/frais-et-recharge\/recharger-le-credit-prepaye\/","title":{"rendered":"Recharger le cr\u00e9dit pr\u00e9pay\u00e9"},"content":{"rendered":"\n<p>Vous pouvez recharger le Spotter via votre <a href=\"https:\/\/my.spottergps.com\/SpotterApp\/index.html#login\">compte en ligne<\/a> ou l&rsquo;application Spotter. Lorsque vous \u00eates connect\u00e9 \u00e0 votre compte (via l&rsquo;ordinateur), vous verrez la rubrique \u00ab\u00a0recharger\u00a0\u00bb sur le c\u00f4t\u00e9 gauche de votre \u00e9cran. Si vous cliquez dessus, vous pouvez choisir parmi diff\u00e9rents cr\u00e9dits pr\u00e9pay\u00e9s&nbsp;:<\/p>\n\n\n\n<p><strong>Choisissez une p\u00e9riode d&rsquo;utilisation : montant fixe, pas d&rsquo;engagement<\/strong><\/p>\n\n\n\n<figure class=\"wp-block-table\"><table><tbody><tr><td><p><strong>Nombre de mois<\/strong><\/p><\/td><td><strong>Prix<\/strong><\/td><\/tr><tr><td><p>3 <span style=\"font-family: inherit;font-size: inherit;font-weight: inherit\">mois de cr\u00e9dit<\/span><\/p><\/td><td>7,00 \u20ac p.m.<\/td><\/tr><tr><td><p>6 <span style=\"font-family: inherit;font-size: inherit;font-weight: inherit\">mois de cr\u00e9dit<\/span><\/p><\/td><td>6,50 \u20ac p.m.<\/td><\/tr><tr><td><p>12 <span style=\"font-family: inherit;font-size: inherit;font-weight: inherit\">mois de cr\u00e9dit<\/span><\/p><\/td><td>5,00 \u20ac p.m.<\/td><\/tr><tr><td>24 mois de cr\u00e9dit<br><\/td><td>4,50 \u20ac p.m.<\/td><\/tr><\/tbody><\/table><\/figure>\n\n\n\n<p><strong><em>Prix TVA comprise<\/em><\/strong><\/p>\n\n\n\n<p>Choisissez votre cr\u00e9dit pr\u00e9pay\u00e9 souhait\u00e9 et entrez votre adresse en cliquant sur &lsquo;modifier&rsquo;. Enregistrez-le, s\u00e9lectionnez le Spotter que vous souhaitez mettre \u00e0 niveau et cliquez sur le bouton vert &lsquo;Continuer la commande&rsquo;. Vous allez maintenant \u00eatre redirig\u00e9 vers la boutique Spotter, o\u00f9 vous pourrez payer.<\/p>\n\n\n\n<p>Vous n&rsquo;\u00eates pas oblig\u00e9 de recharger le Spotter imm\u00e9diatement lorsque le cr\u00e9dit est \u00e9puis\u00e9. Par exemple, vous pouvez choisir de ne pas utiliser le Spotter pendant 3 mois puis activer un nouveau cr\u00e9dit.<\/p>\n","protected":false},"excerpt":{"rendered":"<p>Vous pouvez recharger le Spotter via votre compte en ligne ou l&rsquo;application Spotter. Lorsque vous \u00eates connect\u00e9 \u00e0 votre compte (via l&rsquo;ordinateur), vous verrez la rubrique \u00ab\u00a0recharger\u00a0\u00bb sur le c\u00f4t\u00e9 gauche de votre \u00e9cran. Si vous cliquez dessus, vous pouvez choisir parmi diff\u00e9rents cr\u00e9dits pr\u00e9pay\u00e9s&nbsp;: Choisissez une p\u00e9riode d&rsquo;utilisation : montant fixe, pas d&rsquo;engagement Nombre [&hellip;]<\/p>\n","protected":false},"author":8,"featured_media":0,"parent":1190,"menu_order":0,"comment_status":"closed","ping_status":"closed","template":"faq-content.php","meta":{"_acf_changed":false,"footnotes":""},"categories":[],"tags":[],"class_list":["post-1438","page","type-page","status-publish","hentry"],"acf":[],"yoast_head":"<!-- This site is optimized with the Yoast SEO plugin v25.9 - https:\/\/yoast.com\/wordpress\/plugins\/seo\/ -->\n<title>Recharger le cr\u00e9dit pr\u00e9pay\u00e9 - Spotter France<\/title>\n<meta name=\"robots\" content=\"index, follow, max-snippet:-1, max-image-preview:large, max-video-preview:-1\" \/>\n<link rel=\"canonical\" href=\"https:\/\/www.spottergps.com\/fr\/faq\/frais-et-recharge\/recharger-le-credit-prepaye\/\" \/>\n<meta property=\"og:locale\" content=\"fr_FR\" \/>\n<meta property=\"og:type\" content=\"article\" \/>\n<meta property=\"og:title\" content=\"Recharger le cr\u00e9dit pr\u00e9pay\u00e9 - Spotter France\" \/>\n<meta property=\"og:description\" content=\"Vous pouvez recharger le Spotter via votre compte en ligne ou l&rsquo;application Spotter. Lorsque vous \u00eates connect\u00e9 \u00e0 votre compte (via l&rsquo;ordinateur), vous verrez la rubrique \u00ab\u00a0recharger\u00a0\u00bb sur le c\u00f4t\u00e9 gauche de votre \u00e9cran. Si vous cliquez dessus, vous pouvez choisir parmi diff\u00e9rents cr\u00e9dits pr\u00e9pay\u00e9s&nbsp;: Choisissez une p\u00e9riode d&rsquo;utilisation : montant fixe, pas d&rsquo;engagement Nombre [&hellip;]\" \/>\n<meta property=\"og:url\" content=\"https:\/\/www.spottergps.com\/fr\/faq\/frais-et-recharge\/recharger-le-credit-prepaye\/\" \/>\n<meta property=\"og:site_name\" content=\"Spotter France\" \/>\n<meta property=\"article:modified_time\" content=\"2025-02-10T10:34:53+00:00\" \/>\n<meta name=\"twitter:card\" content=\"summary_large_image\" \/>\n<script type=\"application\/ld+json\" class=\"yoast-schema-graph\">{\"@context\":\"https:\/\/schema.org\",\"@graph\":[{\"@type\":\"WebPage\",\"@id\":\"https:\/\/www.spottergps.com\/fr\/faq\/frais-et-recharge\/recharger-le-credit-prepaye\/\",\"url\":\"https:\/\/www.spottergps.com\/fr\/faq\/frais-et-recharge\/recharger-le-credit-prepaye\/\",\"name\":\"Recharger le cr\u00e9dit pr\u00e9pay\u00e9 - Spotter France\",\"isPartOf\":{\"@id\":\"https:\/\/www.spottergps.com\/fr\/#website\"},\"datePublished\":\"2023-09-18T12:17:48+00:00\",\"dateModified\":\"2025-02-10T10:34:53+00:00\",\"breadcrumb\":{\"@id\":\"https:\/\/www.spottergps.com\/fr\/faq\/frais-et-recharge\/recharger-le-credit-prepaye\/#breadcrumb\"},\"inLanguage\":\"fr-FR\",\"potentialAction\":[{\"@type\":\"ReadAction\",\"target\":[\"https:\/\/www.spottergps.com\/fr\/faq\/frais-et-recharge\/recharger-le-credit-prepaye\/\"]}]},{\"@type\":\"BreadcrumbList\",\"@id\":\"https:\/\/www.spottergps.com\/fr\/faq\/frais-et-recharge\/recharger-le-credit-prepaye\/#breadcrumb\",\"itemListElement\":[{\"@type\":\"ListItem\",\"position\":1,\"name\":\"Home\",\"item\":\"https:\/\/www.spottergps.com\/fr\/\"},{\"@type\":\"ListItem\",\"position\":2,\"name\":\"Comment pouvons-nous vous aider?\",\"item\":\"https:\/\/www.spottergps.com\/fr\/faq\/\"},{\"@type\":\"ListItem\",\"position\":3,\"name\":\"Frais et recharge\",\"item\":\"https:\/\/www.spottergps.com\/fr\/faq\/frais-et-recharge\/\"},{\"@type\":\"ListItem\",\"position\":4,\"name\":\"Recharger le cr\u00e9dit pr\u00e9pay\u00e9\"}]},{\"@type\":\"WebSite\",\"@id\":\"https:\/\/www.spottergps.com\/fr\/#website\",\"url\":\"https:\/\/www.spottergps.com\/fr\/\",\"name\":\"Spotter France\",\"description\":\"Een andere Spotter websites site\",\"potentialAction\":[{\"@type\":\"SearchAction\",\"target\":{\"@type\":\"EntryPoint\",\"urlTemplate\":\"https:\/\/www.spottergps.com\/fr\/?s={search_term_string}\"},\"query-input\":{\"@type\":\"PropertyValueSpecification\",\"valueRequired\":true,\"valueName\":\"search_term_string\"}}],\"inLanguage\":\"fr-FR\"}]}<\/script>\n<!-- \/ Yoast SEO plugin. -->","yoast_head_json":{"title":"Recharger le cr\u00e9dit pr\u00e9pay\u00e9 - Spotter France","robots":{"index":"index","follow":"follow","max-snippet":"max-snippet:-1","max-image-preview":"max-image-preview:large","max-video-preview":"max-video-preview:-1"},"canonical":"https:\/\/www.spottergps.com\/fr\/faq\/frais-et-recharge\/recharger-le-credit-prepaye\/","og_locale":"fr_FR","og_type":"article","og_title":"Recharger le cr\u00e9dit pr\u00e9pay\u00e9 - Spotter France","og_description":"Vous pouvez recharger le Spotter via votre compte en ligne ou l&rsquo;application Spotter. Lorsque vous \u00eates connect\u00e9 \u00e0 votre compte (via l&rsquo;ordinateur), vous verrez la rubrique \u00ab\u00a0recharger\u00a0\u00bb sur le c\u00f4t\u00e9 gauche de votre \u00e9cran. Si vous cliquez dessus, vous pouvez choisir parmi diff\u00e9rents cr\u00e9dits pr\u00e9pay\u00e9s&nbsp;: Choisissez une p\u00e9riode d&rsquo;utilisation : montant fixe, pas d&rsquo;engagement Nombre [&hellip;]","og_url":"https:\/\/www.spottergps.com\/fr\/faq\/frais-et-recharge\/recharger-le-credit-prepaye\/","og_site_name":"Spotter France","article_modified_time":"2025-02-10T10:34:53+00:00","twitter_card":"summary_large_image","schema":{"@context":"https:\/\/schema.org","@graph":[{"@type":"WebPage","@id":"https:\/\/www.spottergps.com\/fr\/faq\/frais-et-recharge\/recharger-le-credit-prepaye\/","url":"https:\/\/www.spottergps.com\/fr\/faq\/frais-et-recharge\/recharger-le-credit-prepaye\/","name":"Recharger le cr\u00e9dit pr\u00e9pay\u00e9 - Spotter France","isPartOf":{"@id":"https:\/\/www.spottergps.com\/fr\/#website"},"datePublished":"2023-09-18T12:17:48+00:00","dateModified":"2025-02-10T10:34:53+00:00","breadcrumb":{"@id":"https:\/\/www.spottergps.com\/fr\/faq\/frais-et-recharge\/recharger-le-credit-prepaye\/#breadcrumb"},"inLanguage":"fr-FR","potentialAction":[{"@type":"ReadAction","target":["https:\/\/www.spottergps.com\/fr\/faq\/frais-et-recharge\/recharger-le-credit-prepaye\/"]}]},{"@type":"BreadcrumbList","@id":"https:\/\/www.spottergps.com\/fr\/faq\/frais-et-recharge\/recharger-le-credit-prepaye\/#breadcrumb","itemListElement":[{"@type":"ListItem","position":1,"name":"Home","item":"https:\/\/www.spottergps.com\/fr\/"},{"@type":"ListItem","position":2,"name":"Comment pouvons-nous vous aider?","item":"https:\/\/www.spottergps.com\/fr\/faq\/"},{"@type":"ListItem","position":3,"name":"Frais et recharge","item":"https:\/\/www.spottergps.com\/fr\/faq\/frais-et-recharge\/"},{"@type":"ListItem","position":4,"name":"Recharger le cr\u00e9dit pr\u00e9pay\u00e9"}]},{"@type":"WebSite","@id":"https:\/\/www.spottergps.com\/fr\/#website","url":"https:\/\/www.spottergps.com\/fr\/","name":"Spotter France","description":"Een andere Spotter websites site","potentialAction":[{"@type":"SearchAction","target":{"@type":"EntryPoint","urlTemplate":"https:\/\/www.spottergps.com\/fr\/?s={search_term_string}"},"query-input":{"@type":"PropertyValueSpecification","valueRequired":true,"valueName":"search_term_string"}}],"inLanguage":"fr-FR"}]}},"_links":{"self":[{"href":"https:\/\/www.spottergps.com\/fr\/wp-json\/wp\/v2\/pages\/1438","targetHints":{"allow":["GET"]}}],"collection":[{"href":"https:\/\/www.spottergps.com\/fr\/wp-json\/wp\/v2\/pages"}],"about":[{"href":"https:\/\/www.spottergps.com\/fr\/wp-json\/wp\/v2\/types\/page"}],"author":[{"embeddable":true,"href":"https:\/\/www.spottergps.com\/fr\/wp-json\/wp\/v2\/users\/8"}],"replies":[{"embeddable":true,"href":"https:\/\/www.spottergps.com\/fr\/wp-json\/wp\/v2\/comments?post=1438"}],"version-history":[{"count":6,"href":"https:\/\/www.spottergps.com\/fr\/wp-json\/wp\/v2\/pages\/1438\/revisions"}],"predecessor-version":[{"id":2767,"href":"https:\/\/www.spottergps.com\/fr\/wp-json\/wp\/v2\/pages\/1438\/revisions\/2767"}],"up":[{"embeddable":true,"href":"https:\/\/www.spottergps.com\/fr\/wp-json\/wp\/v2\/pages\/1190"}],"wp:attachment":[{"href":"https:\/\/www.spottergps.com\/fr\/wp-json\/wp\/v2\/media?parent=1438"}],"wp:term":[{"taxonomy":"category","embeddable":true,"href":"https:\/\/www.spottergps.com\/fr\/wp-json\/wp\/v2\/categories?post=1438"},{"taxonomy":"post_tag","embeddable":true,"href":"https:\/\/www.spottergps.com\/fr\/wp-json\/wp\/v2\/tags?post=1438"}],"curies":[{"name":"wp","href":"https:\/\/api.w.org\/{rel}","templated":true}]}}