{"id":1434,"date":"2023-09-18T13:06:48","date_gmt":"2023-09-18T12:06:48","guid":{"rendered":"https:\/\/www.spottergps.com\/fr\/?page_id=1434"},"modified":"2025-01-24T11:18:22","modified_gmt":"2025-01-24T10:18:22","slug":"comment-fonctionne-le-credit-prepaye","status":"publish","type":"page","link":"https:\/\/www.spottergps.com\/fr\/faq\/frais-et-recharge\/comment-fonctionne-le-credit-prepaye\/","title":{"rendered":"Comment fonctionne le cr\u00e9dit pr\u00e9pay\u00e9 ?"},"content":{"rendered":"\n<p><span lang=\"fr\" style=\"font-family: 'Aller',serif;color: #222222\">Vous n&rsquo;\u00eates pas li\u00e9 \u00e0 des contrats ou \u00e0 des frais d&rsquo;abonnement. En standard, chaque produit est \u00e9quip\u00e9 d&rsquo;une carte SIM s\u00e9curis\u00e9e int\u00e9gr\u00e9e qui fonctionne avec un cr\u00e9dit pr\u00e9pay\u00e9. Vous n&rsquo;avez donc pas besoin d&rsquo;acheter vous-m\u00eame une carte SIM. <br><br>Nos produits utilisent <\/span><span lang=\"fr\"><span style=\"font-family: 'Aller',serif;color: #2eb4e7\"><a data-type=\"URL\" data-id=\"https:\/\/www.spottergps.com\/fr\/utilisation-prepayee\/\" href=\"https:\/\/www.spottergps.com\/fr\/utilisation-prepayee\/\">un cr\u00e9dit pr\u00e9pay\u00e9<\/a><\/span><a href=\"https:\/\/www.spottergps.com\/werking\/prepaid-gebruik\/\" target=\"_blank\" rel=\"noopener\"><span style=\"font-family: 'Aller',serif;color: #2eb4e7\"> <\/span><\/a><\/span><span lang=\"fr\" style=\"font-family: 'Aller',serif;color: #222222\">. Vous mettez \u00e0 niveau le Spotter lorsque vous souhaitez utiliser le Spotter. Vous pouvez choisir entre 3, 6, 12 ou 24 mois de cr\u00e9dit. Pendant cette p\u00e9riode, vous pouvez utiliser toutes les fonctions de mani\u00e8re illimit\u00e9e.<\/span><\/p>\n","protected":false},"excerpt":{"rendered":"<p>Vous n&rsquo;\u00eates pas li\u00e9 \u00e0 des contrats ou \u00e0 des frais d&rsquo;abonnement. En standard, chaque produit est \u00e9quip\u00e9 d&rsquo;une carte SIM s\u00e9curis\u00e9e int\u00e9gr\u00e9e qui fonctionne avec un cr\u00e9dit pr\u00e9pay\u00e9. Vous n&rsquo;avez donc pas besoin d&rsquo;acheter vous-m\u00eame une carte SIM. Nos produits utilisent un cr\u00e9dit pr\u00e9pay\u00e9 . Vous mettez \u00e0 niveau le Spotter lorsque vous souhaitez [&hellip;]<\/p>\n","protected":false},"author":8,"featured_media":0,"parent":1190,"menu_order":0,"comment_status":"closed","ping_status":"closed","template":"faq-content.php","meta":{"_acf_changed":false,"footnotes":""},"categories":[],"tags":[],"class_list":["post-1434","page","type-page","status-publish","hentry"],"acf":[],"yoast_head":"<!-- This site is optimized with the Yoast SEO plugin v25.9 - https:\/\/yoast.com\/wordpress\/plugins\/seo\/ -->\n<title>Comment fonctionne le cr\u00e9dit pr\u00e9pay\u00e9 ? - Spotter France<\/title>\n<meta name=\"robots\" content=\"index, follow, max-snippet:-1, max-image-preview:large, max-video-preview:-1\" \/>\n<link rel=\"canonical\" href=\"https:\/\/www.spottergps.com\/fr\/faq\/frais-et-recharge\/comment-fonctionne-le-credit-prepaye\/\" \/>\n<meta property=\"og:locale\" content=\"fr_FR\" \/>\n<meta property=\"og:type\" content=\"article\" \/>\n<meta property=\"og:title\" content=\"Comment fonctionne le cr\u00e9dit pr\u00e9pay\u00e9 ? - Spotter France\" \/>\n<meta property=\"og:description\" content=\"Vous n&rsquo;\u00eates pas li\u00e9 \u00e0 des contrats ou \u00e0 des frais d&rsquo;abonnement. En standard, chaque produit est \u00e9quip\u00e9 d&rsquo;une carte SIM s\u00e9curis\u00e9e int\u00e9gr\u00e9e qui fonctionne avec un cr\u00e9dit pr\u00e9pay\u00e9. Vous n&rsquo;avez donc pas besoin d&rsquo;acheter vous-m\u00eame une carte SIM. Nos produits utilisent un cr\u00e9dit pr\u00e9pay\u00e9 . Vous mettez \u00e0 niveau le Spotter lorsque vous souhaitez [&hellip;]\" \/>\n<meta property=\"og:url\" content=\"https:\/\/www.spottergps.com\/fr\/faq\/frais-et-recharge\/comment-fonctionne-le-credit-prepaye\/\" \/>\n<meta property=\"og:site_name\" content=\"Spotter France\" \/>\n<meta property=\"article:modified_time\" content=\"2025-01-24T10:18:22+00:00\" \/>\n<meta name=\"twitter:card\" content=\"summary_large_image\" \/>\n<meta name=\"twitter:label1\" content=\"Dur\u00e9e de lecture estim\u00e9e\" \/>\n\t<meta name=\"twitter:data1\" content=\"1 minute\" \/>\n<script type=\"application\/ld+json\" class=\"yoast-schema-graph\">{\"@context\":\"https:\/\/schema.org\",\"@graph\":[{\"@type\":\"WebPage\",\"@id\":\"https:\/\/www.spottergps.com\/fr\/faq\/frais-et-recharge\/comment-fonctionne-le-credit-prepaye\/\",\"url\":\"https:\/\/www.spottergps.com\/fr\/faq\/frais-et-recharge\/comment-fonctionne-le-credit-prepaye\/\",\"name\":\"Comment fonctionne le cr\u00e9dit pr\u00e9pay\u00e9 ? - Spotter France\",\"isPartOf\":{\"@id\":\"https:\/\/www.spottergps.com\/fr\/#website\"},\"datePublished\":\"2023-09-18T12:06:48+00:00\",\"dateModified\":\"2025-01-24T10:18:22+00:00\",\"breadcrumb\":{\"@id\":\"https:\/\/www.spottergps.com\/fr\/faq\/frais-et-recharge\/comment-fonctionne-le-credit-prepaye\/#breadcrumb\"},\"inLanguage\":\"fr-FR\",\"potentialAction\":[{\"@type\":\"ReadAction\",\"target\":[\"https:\/\/www.spottergps.com\/fr\/faq\/frais-et-recharge\/comment-fonctionne-le-credit-prepaye\/\"]}]},{\"@type\":\"BreadcrumbList\",\"@id\":\"https:\/\/www.spottergps.com\/fr\/faq\/frais-et-recharge\/comment-fonctionne-le-credit-prepaye\/#breadcrumb\",\"itemListElement\":[{\"@type\":\"ListItem\",\"position\":1,\"name\":\"Home\",\"item\":\"https:\/\/www.spottergps.com\/fr\/\"},{\"@type\":\"ListItem\",\"position\":2,\"name\":\"Comment pouvons-nous vous aider?\",\"item\":\"https:\/\/www.spottergps.com\/fr\/faq\/\"},{\"@type\":\"ListItem\",\"position\":3,\"name\":\"Frais et recharge\",\"item\":\"https:\/\/www.spottergps.com\/fr\/faq\/frais-et-recharge\/\"},{\"@type\":\"ListItem\",\"position\":4,\"name\":\"Comment fonctionne le cr\u00e9dit pr\u00e9pay\u00e9 ?\"}]},{\"@type\":\"WebSite\",\"@id\":\"https:\/\/www.spottergps.com\/fr\/#website\",\"url\":\"https:\/\/www.spottergps.com\/fr\/\",\"name\":\"Spotter France\",\"description\":\"Een andere Spotter websites site\",\"potentialAction\":[{\"@type\":\"SearchAction\",\"target\":{\"@type\":\"EntryPoint\",\"urlTemplate\":\"https:\/\/www.spottergps.com\/fr\/?s={search_term_string}\"},\"query-input\":{\"@type\":\"PropertyValueSpecification\",\"valueRequired\":true,\"valueName\":\"search_term_string\"}}],\"inLanguage\":\"fr-FR\"}]}<\/script>\n<!-- \/ Yoast SEO plugin. -->","yoast_head_json":{"title":"Comment fonctionne le cr\u00e9dit pr\u00e9pay\u00e9 ? - Spotter France","robots":{"index":"index","follow":"follow","max-snippet":"max-snippet:-1","max-image-preview":"max-image-preview:large","max-video-preview":"max-video-preview:-1"},"canonical":"https:\/\/www.spottergps.com\/fr\/faq\/frais-et-recharge\/comment-fonctionne-le-credit-prepaye\/","og_locale":"fr_FR","og_type":"article","og_title":"Comment fonctionne le cr\u00e9dit pr\u00e9pay\u00e9 ? - Spotter France","og_description":"Vous n&rsquo;\u00eates pas li\u00e9 \u00e0 des contrats ou \u00e0 des frais d&rsquo;abonnement. En standard, chaque produit est \u00e9quip\u00e9 d&rsquo;une carte SIM s\u00e9curis\u00e9e int\u00e9gr\u00e9e qui fonctionne avec un cr\u00e9dit pr\u00e9pay\u00e9. Vous n&rsquo;avez donc pas besoin d&rsquo;acheter vous-m\u00eame une carte SIM. Nos produits utilisent un cr\u00e9dit pr\u00e9pay\u00e9 . Vous mettez \u00e0 niveau le Spotter lorsque vous souhaitez [&hellip;]","og_url":"https:\/\/www.spottergps.com\/fr\/faq\/frais-et-recharge\/comment-fonctionne-le-credit-prepaye\/","og_site_name":"Spotter France","article_modified_time":"2025-01-24T10:18:22+00:00","twitter_card":"summary_large_image","twitter_misc":{"Dur\u00e9e de lecture estim\u00e9e":"1 minute"},"schema":{"@context":"https:\/\/schema.org","@graph":[{"@type":"WebPage","@id":"https:\/\/www.spottergps.com\/fr\/faq\/frais-et-recharge\/comment-fonctionne-le-credit-prepaye\/","url":"https:\/\/www.spottergps.com\/fr\/faq\/frais-et-recharge\/comment-fonctionne-le-credit-prepaye\/","name":"Comment fonctionne le cr\u00e9dit pr\u00e9pay\u00e9 ? - Spotter France","isPartOf":{"@id":"https:\/\/www.spottergps.com\/fr\/#website"},"datePublished":"2023-09-18T12:06:48+00:00","dateModified":"2025-01-24T10:18:22+00:00","breadcrumb":{"@id":"https:\/\/www.spottergps.com\/fr\/faq\/frais-et-recharge\/comment-fonctionne-le-credit-prepaye\/#breadcrumb"},"inLanguage":"fr-FR","potentialAction":[{"@type":"ReadAction","target":["https:\/\/www.spottergps.com\/fr\/faq\/frais-et-recharge\/comment-fonctionne-le-credit-prepaye\/"]}]},{"@type":"BreadcrumbList","@id":"https:\/\/www.spottergps.com\/fr\/faq\/frais-et-recharge\/comment-fonctionne-le-credit-prepaye\/#breadcrumb","itemListElement":[{"@type":"ListItem","position":1,"name":"Home","item":"https:\/\/www.spottergps.com\/fr\/"},{"@type":"ListItem","position":2,"name":"Comment pouvons-nous vous aider?","item":"https:\/\/www.spottergps.com\/fr\/faq\/"},{"@type":"ListItem","position":3,"name":"Frais et recharge","item":"https:\/\/www.spottergps.com\/fr\/faq\/frais-et-recharge\/"},{"@type":"ListItem","position":4,"name":"Comment fonctionne le cr\u00e9dit pr\u00e9pay\u00e9 ?"}]},{"@type":"WebSite","@id":"https:\/\/www.spottergps.com\/fr\/#website","url":"https:\/\/www.spottergps.com\/fr\/","name":"Spotter France","description":"Een andere Spotter websites site","potentialAction":[{"@type":"SearchAction","target":{"@type":"EntryPoint","urlTemplate":"https:\/\/www.spottergps.com\/fr\/?s={search_term_string}"},"query-input":{"@type":"PropertyValueSpecification","valueRequired":true,"valueName":"search_term_string"}}],"inLanguage":"fr-FR"}]}},"_links":{"self":[{"href":"https:\/\/www.spottergps.com\/fr\/wp-json\/wp\/v2\/pages\/1434","targetHints":{"allow":["GET"]}}],"collection":[{"href":"https:\/\/www.spottergps.com\/fr\/wp-json\/wp\/v2\/pages"}],"about":[{"href":"https:\/\/www.spottergps.com\/fr\/wp-json\/wp\/v2\/types\/page"}],"author":[{"embeddable":true,"href":"https:\/\/www.spottergps.com\/fr\/wp-json\/wp\/v2\/users\/8"}],"replies":[{"embeddable":true,"href":"https:\/\/www.spottergps.com\/fr\/wp-json\/wp\/v2\/comments?post=1434"}],"version-history":[{"count":5,"href":"https:\/\/www.spottergps.com\/fr\/wp-json\/wp\/v2\/pages\/1434\/revisions"}],"predecessor-version":[{"id":2742,"href":"https:\/\/www.spottergps.com\/fr\/wp-json\/wp\/v2\/pages\/1434\/revisions\/2742"}],"up":[{"embeddable":true,"href":"https:\/\/www.spottergps.com\/fr\/wp-json\/wp\/v2\/pages\/1190"}],"wp:attachment":[{"href":"https:\/\/www.spottergps.com\/fr\/wp-json\/wp\/v2\/media?parent=1434"}],"wp:term":[{"taxonomy":"category","embeddable":true,"href":"https:\/\/www.spottergps.com\/fr\/wp-json\/wp\/v2\/categories?post=1434"},{"taxonomy":"post_tag","embeddable":true,"href":"https:\/\/www.spottergps.com\/fr\/wp-json\/wp\/v2\/tags?post=1434"}],"curies":[{"name":"wp","href":"https:\/\/api.w.org\/{rel}","templated":true}]}}