{"id":1423,"date":"2023-09-18T12:45:36","date_gmt":"2023-09-18T11:45:36","guid":{"rendered":"https:\/\/www.spottergps.com\/fr\/?page_id=1423"},"modified":"2025-02-10T11:34:35","modified_gmt":"2025-02-10T10:34:35","slug":"combien-coute-un-spotter","status":"publish","type":"page","link":"https:\/\/www.spottergps.com\/fr\/faq\/frais-et-recharge\/combien-coute-un-spotter\/","title":{"rendered":"Combien co\u00fbte un Spotter ?"},"content":{"rendered":"\n<p>Tous nos produits sont tr\u00e8s abordables, tant \u00e0 l&rsquo;achat qu&rsquo;\u00e0 l&rsquo;utilisation. De plus, vous n&rsquo;\u00eates pas li\u00e9 \u00e0 un abonnement ou \u00e0 un contrat car les produits fonctionnent avec un cr\u00e9dit pr\u00e9pay\u00e9. Vous rechargez le cr\u00e9dit pr\u00e9pay\u00e9 lorsque vous commencez \u00e0 l&rsquo;utiliser. Vous pouvez choisir entre 3, 6 ou 12 mois de cr\u00e9dit pr\u00e9pay\u00e9. Pendant cette p\u00e9riode, vous pouvez utiliser toutes les fonctions de mani\u00e8re illimit\u00e9e, \u00e0 l&rsquo;exception des appels. Cela se fait maintenant depuis votre t\u00e9l\u00e9phone, qui est soumis aux frais d&rsquo;appel de votre fournisseur.<\/p>\n\n\n\n<h2 class=\"wp-block-heading\"><em>Des produits<\/em><\/h2>\n\n\n\n<figure class=\"wp-block-table\"><table><tbody><tr><td> <p><strong>Produit<\/strong><\/p><\/td><td> <p><strong>Prix<\/strong><\/p><\/td><\/tr><tr><td> <p><a href=\"https:\/\/shop.spottergps.com\/fr\/spotter%20gps%20tracker.html\" data-type=\"URL\" data-id=\"https:\/\/shop.spottergps.com\/fr\/spotter%20gps%20tracker.html\">Traqueur GPS Spotter<\/a><\/p><\/td><td> <p>99,95 \u20ac TTC<\/p><\/td><\/tr><tr><td> <p><a href=\"https:\/\/shop.spottergps.com\/fr\/spotter-gps-watch-black2.html\" data-type=\"URL\" data-id=\"https:\/\/shop.spottergps.com\/fr\/spotter-gps-watch-black2.html\">Montre GPS Spotter<\/a><\/p><\/td><td> <p>99,95 \u20ac TTC<\/p><\/td><\/tr><tr><td> <p><a href=\"https:\/\/shop.spottergps.com\/fr\/spotter-gps-watch-air-black.html\" data-type=\"URL\" data-id=\"https:\/\/shop.spottergps.com\/fr\/spotter-gps-watch-air-black.html\">Montre GPS Spotter \u2013 Air<\/a><\/p><\/td><td> <p>99,95 \u20ac TTC<\/p><\/td><\/tr><tr><td> <p><a href=\"https:\/\/shop.spottergps.com\/fr\/pet-spotter-cat-tracker.html\" data-type=\"URL\" data-id=\"https:\/\/shop.spottergps.com\/fr\/pet-spotter-cat-tracker.html\">Observateur d&rsquo;animaux<\/a><\/p><\/td><td> 99,95 \u20ac TTC <\/td><\/tr><\/tbody><\/table><\/figure>\n\n\n\n<h3><strong>Choisissez une p\u00e9riode d&rsquo;utilisation : montant fixe, pas d&rsquo;engagement<\/strong><\/h3>\n<h2 class=\"wp-block-heading\">&nbsp;<\/h2>\n\n\n\n<figure class=\"wp-block-table\"><table class=\"has-fixed-layout\"><tbody><tr><td><strong>Nombre de mois<\/strong><strong><\/strong><\/td><td><strong>Prix<\/strong><strong><\/strong><\/td><\/tr><tr><td>3 mois de cr\u00e9dit<\/td><td>7,00 \u20ac p.m.<\/td><\/tr><tr><td>6 mois de cr\u00e9dit<\/td><td>6,50 \u20ac p.m.<\/td><\/tr><tr><td>12 mois de cr\u00e9dit<\/td><td>5,00 \u20ac p.m.<\/td><\/tr><tr><td>24 mois de cr\u00e9dit<\/td><td>4,50 \u20ac p.m.<\/td><\/tr><\/tbody><\/table><\/figure>\n\n\n\n<p><strong><em>Prix TVA comprise<\/em><\/strong><\/p>\n<h3>&nbsp;<\/h3>\n<p>&nbsp;<\/p>\n\n\n\n\n\n\n\n\n\n\n","protected":false},"excerpt":{"rendered":"<p>Tous nos produits sont tr\u00e8s abordables, tant \u00e0 l&rsquo;achat qu&rsquo;\u00e0 l&rsquo;utilisation. De plus, vous n&rsquo;\u00eates pas li\u00e9 \u00e0 un abonnement ou \u00e0 un contrat car les produits fonctionnent avec un cr\u00e9dit pr\u00e9pay\u00e9. Vous rechargez le cr\u00e9dit pr\u00e9pay\u00e9 lorsque vous commencez \u00e0 l&rsquo;utiliser. Vous pouvez choisir entre 3, 6 ou 12 mois de cr\u00e9dit pr\u00e9pay\u00e9. Pendant [&hellip;]<\/p>\n","protected":false},"author":8,"featured_media":0,"parent":1190,"menu_order":0,"comment_status":"closed","ping_status":"closed","template":"faq-content.php","meta":{"_acf_changed":false,"footnotes":""},"categories":[],"tags":[],"class_list":["post-1423","page","type-page","status-publish","hentry"],"acf":[],"yoast_head":"<!-- This site is optimized with the Yoast SEO plugin v25.9 - https:\/\/yoast.com\/wordpress\/plugins\/seo\/ -->\n<title>Combien co\u00fbte un Spotter ? - Spotter France<\/title>\n<meta name=\"robots\" content=\"index, follow, max-snippet:-1, max-image-preview:large, max-video-preview:-1\" \/>\n<link rel=\"canonical\" href=\"https:\/\/www.spottergps.com\/fr\/faq\/frais-et-recharge\/combien-coute-un-spotter\/\" \/>\n<meta property=\"og:locale\" content=\"fr_FR\" \/>\n<meta property=\"og:type\" content=\"article\" \/>\n<meta property=\"og:title\" content=\"Combien co\u00fbte un Spotter ? - Spotter France\" \/>\n<meta property=\"og:description\" content=\"Tous nos produits sont tr\u00e8s abordables, tant \u00e0 l&rsquo;achat qu&rsquo;\u00e0 l&rsquo;utilisation. De plus, vous n&rsquo;\u00eates pas li\u00e9 \u00e0 un abonnement ou \u00e0 un contrat car les produits fonctionnent avec un cr\u00e9dit pr\u00e9pay\u00e9. Vous rechargez le cr\u00e9dit pr\u00e9pay\u00e9 lorsque vous commencez \u00e0 l&rsquo;utiliser. Vous pouvez choisir entre 3, 6 ou 12 mois de cr\u00e9dit pr\u00e9pay\u00e9. Pendant [&hellip;]\" \/>\n<meta property=\"og:url\" content=\"https:\/\/www.spottergps.com\/fr\/faq\/frais-et-recharge\/combien-coute-un-spotter\/\" \/>\n<meta property=\"og:site_name\" content=\"Spotter France\" \/>\n<meta property=\"article:modified_time\" content=\"2025-02-10T10:34:35+00:00\" \/>\n<meta name=\"twitter:card\" content=\"summary_large_image\" \/>\n<meta name=\"twitter:label1\" content=\"Dur\u00e9e de lecture estim\u00e9e\" \/>\n\t<meta name=\"twitter:data1\" content=\"1 minute\" \/>\n<script type=\"application\/ld+json\" class=\"yoast-schema-graph\">{\"@context\":\"https:\/\/schema.org\",\"@graph\":[{\"@type\":\"WebPage\",\"@id\":\"https:\/\/www.spottergps.com\/fr\/faq\/frais-et-recharge\/combien-coute-un-spotter\/\",\"url\":\"https:\/\/www.spottergps.com\/fr\/faq\/frais-et-recharge\/combien-coute-un-spotter\/\",\"name\":\"Combien co\u00fbte un Spotter ? - Spotter France\",\"isPartOf\":{\"@id\":\"https:\/\/www.spottergps.com\/fr\/#website\"},\"datePublished\":\"2023-09-18T11:45:36+00:00\",\"dateModified\":\"2025-02-10T10:34:35+00:00\",\"breadcrumb\":{\"@id\":\"https:\/\/www.spottergps.com\/fr\/faq\/frais-et-recharge\/combien-coute-un-spotter\/#breadcrumb\"},\"inLanguage\":\"fr-FR\",\"potentialAction\":[{\"@type\":\"ReadAction\",\"target\":[\"https:\/\/www.spottergps.com\/fr\/faq\/frais-et-recharge\/combien-coute-un-spotter\/\"]}]},{\"@type\":\"BreadcrumbList\",\"@id\":\"https:\/\/www.spottergps.com\/fr\/faq\/frais-et-recharge\/combien-coute-un-spotter\/#breadcrumb\",\"itemListElement\":[{\"@type\":\"ListItem\",\"position\":1,\"name\":\"Home\",\"item\":\"https:\/\/www.spottergps.com\/fr\/\"},{\"@type\":\"ListItem\",\"position\":2,\"name\":\"Comment pouvons-nous vous aider?\",\"item\":\"https:\/\/www.spottergps.com\/fr\/faq\/\"},{\"@type\":\"ListItem\",\"position\":3,\"name\":\"Frais et recharge\",\"item\":\"https:\/\/www.spottergps.com\/fr\/faq\/frais-et-recharge\/\"},{\"@type\":\"ListItem\",\"position\":4,\"name\":\"Combien co\u00fbte un Spotter ?\"}]},{\"@type\":\"WebSite\",\"@id\":\"https:\/\/www.spottergps.com\/fr\/#website\",\"url\":\"https:\/\/www.spottergps.com\/fr\/\",\"name\":\"Spotter France\",\"description\":\"Een andere Spotter websites site\",\"potentialAction\":[{\"@type\":\"SearchAction\",\"target\":{\"@type\":\"EntryPoint\",\"urlTemplate\":\"https:\/\/www.spottergps.com\/fr\/?s={search_term_string}\"},\"query-input\":{\"@type\":\"PropertyValueSpecification\",\"valueRequired\":true,\"valueName\":\"search_term_string\"}}],\"inLanguage\":\"fr-FR\"}]}<\/script>\n<!-- \/ Yoast SEO plugin. -->","yoast_head_json":{"title":"Combien co\u00fbte un Spotter ? - Spotter France","robots":{"index":"index","follow":"follow","max-snippet":"max-snippet:-1","max-image-preview":"max-image-preview:large","max-video-preview":"max-video-preview:-1"},"canonical":"https:\/\/www.spottergps.com\/fr\/faq\/frais-et-recharge\/combien-coute-un-spotter\/","og_locale":"fr_FR","og_type":"article","og_title":"Combien co\u00fbte un Spotter ? - Spotter France","og_description":"Tous nos produits sont tr\u00e8s abordables, tant \u00e0 l&rsquo;achat qu&rsquo;\u00e0 l&rsquo;utilisation. De plus, vous n&rsquo;\u00eates pas li\u00e9 \u00e0 un abonnement ou \u00e0 un contrat car les produits fonctionnent avec un cr\u00e9dit pr\u00e9pay\u00e9. Vous rechargez le cr\u00e9dit pr\u00e9pay\u00e9 lorsque vous commencez \u00e0 l&rsquo;utiliser. Vous pouvez choisir entre 3, 6 ou 12 mois de cr\u00e9dit pr\u00e9pay\u00e9. Pendant [&hellip;]","og_url":"https:\/\/www.spottergps.com\/fr\/faq\/frais-et-recharge\/combien-coute-un-spotter\/","og_site_name":"Spotter France","article_modified_time":"2025-02-10T10:34:35+00:00","twitter_card":"summary_large_image","twitter_misc":{"Dur\u00e9e de lecture estim\u00e9e":"1 minute"},"schema":{"@context":"https:\/\/schema.org","@graph":[{"@type":"WebPage","@id":"https:\/\/www.spottergps.com\/fr\/faq\/frais-et-recharge\/combien-coute-un-spotter\/","url":"https:\/\/www.spottergps.com\/fr\/faq\/frais-et-recharge\/combien-coute-un-spotter\/","name":"Combien co\u00fbte un Spotter ? - Spotter France","isPartOf":{"@id":"https:\/\/www.spottergps.com\/fr\/#website"},"datePublished":"2023-09-18T11:45:36+00:00","dateModified":"2025-02-10T10:34:35+00:00","breadcrumb":{"@id":"https:\/\/www.spottergps.com\/fr\/faq\/frais-et-recharge\/combien-coute-un-spotter\/#breadcrumb"},"inLanguage":"fr-FR","potentialAction":[{"@type":"ReadAction","target":["https:\/\/www.spottergps.com\/fr\/faq\/frais-et-recharge\/combien-coute-un-spotter\/"]}]},{"@type":"BreadcrumbList","@id":"https:\/\/www.spottergps.com\/fr\/faq\/frais-et-recharge\/combien-coute-un-spotter\/#breadcrumb","itemListElement":[{"@type":"ListItem","position":1,"name":"Home","item":"https:\/\/www.spottergps.com\/fr\/"},{"@type":"ListItem","position":2,"name":"Comment pouvons-nous vous aider?","item":"https:\/\/www.spottergps.com\/fr\/faq\/"},{"@type":"ListItem","position":3,"name":"Frais et recharge","item":"https:\/\/www.spottergps.com\/fr\/faq\/frais-et-recharge\/"},{"@type":"ListItem","position":4,"name":"Combien co\u00fbte un Spotter ?"}]},{"@type":"WebSite","@id":"https:\/\/www.spottergps.com\/fr\/#website","url":"https:\/\/www.spottergps.com\/fr\/","name":"Spotter France","description":"Een andere Spotter websites site","potentialAction":[{"@type":"SearchAction","target":{"@type":"EntryPoint","urlTemplate":"https:\/\/www.spottergps.com\/fr\/?s={search_term_string}"},"query-input":{"@type":"PropertyValueSpecification","valueRequired":true,"valueName":"search_term_string"}}],"inLanguage":"fr-FR"}]}},"_links":{"self":[{"href":"https:\/\/www.spottergps.com\/fr\/wp-json\/wp\/v2\/pages\/1423","targetHints":{"allow":["GET"]}}],"collection":[{"href":"https:\/\/www.spottergps.com\/fr\/wp-json\/wp\/v2\/pages"}],"about":[{"href":"https:\/\/www.spottergps.com\/fr\/wp-json\/wp\/v2\/types\/page"}],"author":[{"embeddable":true,"href":"https:\/\/www.spottergps.com\/fr\/wp-json\/wp\/v2\/users\/8"}],"replies":[{"embeddable":true,"href":"https:\/\/www.spottergps.com\/fr\/wp-json\/wp\/v2\/comments?post=1423"}],"version-history":[{"count":8,"href":"https:\/\/www.spottergps.com\/fr\/wp-json\/wp\/v2\/pages\/1423\/revisions"}],"predecessor-version":[{"id":2766,"href":"https:\/\/www.spottergps.com\/fr\/wp-json\/wp\/v2\/pages\/1423\/revisions\/2766"}],"up":[{"embeddable":true,"href":"https:\/\/www.spottergps.com\/fr\/wp-json\/wp\/v2\/pages\/1190"}],"wp:attachment":[{"href":"https:\/\/www.spottergps.com\/fr\/wp-json\/wp\/v2\/media?parent=1423"}],"wp:term":[{"taxonomy":"category","embeddable":true,"href":"https:\/\/www.spottergps.com\/fr\/wp-json\/wp\/v2\/categories?post=1423"},{"taxonomy":"post_tag","embeddable":true,"href":"https:\/\/www.spottergps.com\/fr\/wp-json\/wp\/v2\/tags?post=1423"}],"curies":[{"name":"wp","href":"https:\/\/api.w.org\/{rel}","templated":true}]}}