{"id":1411,"date":"2023-09-11T15:59:24","date_gmt":"2023-09-11T14:59:24","guid":{"rendered":"https:\/\/www.spottergps.com\/fr\/?page_id=1411"},"modified":"2023-11-06T15:22:28","modified_gmt":"2023-11-06T14:22:28","slug":"je-ne-peux-pas-ajouter-un-spotter-supplementaire-a-mon-compte","status":"publish","type":"page","link":"https:\/\/www.spottergps.com\/fr\/faq\/application\/je-ne-peux-pas-ajouter-un-spotter-supplementaire-a-mon-compte\/","title":{"rendered":"Je ne peux pas ajouter un Spotter suppl\u00e9mentaire \u00e0 mon compte"},"content":{"rendered":"\n<p>V\u00e9rifiez d&rsquo;abord si le code Spotter (sur la carte bleue) a \u00e9t\u00e9 saisi correctement. Cela semble \u00eatre une \u00e9tape logique, mais nous remarquons r\u00e9guli\u00e8rement que le code Spottercode est mal copi\u00e9.<\/p>\n\n\n\n<p>Avez-vous d\u00e9j\u00e0 li\u00e9 le Spotter \u00e0 un autre compte&nbsp;? Ensuite, vous devez d&rsquo;abord le supprimer de ce compte. Cela peut \u00eatre fait en se connectant via le compte auquel le Spotter est li\u00e9. Dans le cadre de la loi AVG, nous ne sommes pas autoris\u00e9s \u00e0 modifier ou supprimer des donn\u00e9es et vous devez convertir le Spotter vous-m\u00eame.<\/p>\n\n\n\n<p><strong>Vous pouvez supprimer le Spotter en suivant ces \u00e9tapes\u00a0:<\/strong><\/p>\n\n\n\n<ol class=\"wp-block-list\">\n<li>Vous vous connectez \u00e0 votre compte en ligne.<\/li>\n\n\n\n<li>Acc\u00e9dez au verre\/ic\u00f4ne de recherche en bas de la barre bleue.<\/li>\n\n\n\n<li>S\u00e9lectionnez le Spotter que vous souhaitez supprimer et allez dans \u00ab\u00a0Param\u00e8tres\u00a0\u00bb.<\/li>\n\n\n\n<li>Cliquez sur &lsquo;supprimer le syst\u00e8me&rsquo; et cliquez sur accepter pour supprimer le Spotter. (Notez que vous devrez peut-\u00eatre faire d\u00e9filer vers le bas pour voir cette barre).<\/li>\n\n\n\n<li>Le Spotter a \u00e9t\u00e9 supprim\u00e9.<\/li>\n<\/ol>\n\n\n\n<p>Vous ajoutez ensuite le Spotter au compte\u00a0:<\/p>\n\n\n\n<ul class=\"wp-block-list\">\n<li><a href=\"https:\/\/my.spottergps.com\/SpotterApp\/index.html#login\" data-type=\"URL\" data-id=\"https:\/\/my.spottergps.com\/SpotterApp\/index.html#login\">Connectez-vous<\/a> au compte<\/li>\n\n\n\n<li>Vous allez dans le menu \u00ab Ajouter spotter \u00bb.<\/li>\n\n\n\n<li>Entrez ici le code Spotter \u00e0 12 lettres sur la carte bleue.<\/li>\n\n\n\n<li>Le Spotter est maintenant li\u00e9 \u00e0 votre compte et vous pouvez commencer \u00e0 l&rsquo;utiliser.<\/li>\n<\/ul>\n\n\n\n<p>Si ces \u00e9tapes ne fonctionnent pas, veuillez contacter <a href=\"https:\/\/www.spottergps.com\/fr\/service-clients\/\" data-type=\"URL\" data-id=\"https:\/\/www.spottergps.com\/fr\/service-clients\/\">le service client.<\/a><\/p>\n","protected":false},"excerpt":{"rendered":"<p>V\u00e9rifiez d&rsquo;abord si le code Spotter (sur la carte bleue) a \u00e9t\u00e9 saisi correctement. Cela semble \u00eatre une \u00e9tape logique, mais nous remarquons r\u00e9guli\u00e8rement que le code Spottercode est mal copi\u00e9. Avez-vous d\u00e9j\u00e0 li\u00e9 le Spotter \u00e0 un autre compte&nbsp;? Ensuite, vous devez d&rsquo;abord le supprimer de ce compte. Cela peut \u00eatre fait en se [&hellip;]<\/p>\n","protected":false},"author":8,"featured_media":0,"parent":1188,"menu_order":0,"comment_status":"closed","ping_status":"closed","template":"faq-content.php","meta":{"_acf_changed":false,"footnotes":""},"categories":[],"tags":[],"class_list":["post-1411","page","type-page","status-publish","hentry"],"acf":[],"yoast_head":"<!-- This site is optimized with the Yoast SEO plugin v25.9 - https:\/\/yoast.com\/wordpress\/plugins\/seo\/ -->\n<title>Je ne peux pas ajouter un Spotter suppl\u00e9mentaire \u00e0 mon compte - Spotter France<\/title>\n<meta name=\"robots\" content=\"index, follow, max-snippet:-1, max-image-preview:large, max-video-preview:-1\" \/>\n<link rel=\"canonical\" href=\"https:\/\/www.spottergps.com\/fr\/faq\/application\/je-ne-peux-pas-ajouter-un-spotter-supplementaire-a-mon-compte\/\" \/>\n<meta property=\"og:locale\" content=\"fr_FR\" \/>\n<meta property=\"og:type\" content=\"article\" \/>\n<meta property=\"og:title\" content=\"Je ne peux pas ajouter un Spotter suppl\u00e9mentaire \u00e0 mon compte - Spotter France\" \/>\n<meta property=\"og:description\" content=\"V\u00e9rifiez d&rsquo;abord si le code Spotter (sur la carte bleue) a \u00e9t\u00e9 saisi correctement. Cela semble \u00eatre une \u00e9tape logique, mais nous remarquons r\u00e9guli\u00e8rement que le code Spottercode est mal copi\u00e9. Avez-vous d\u00e9j\u00e0 li\u00e9 le Spotter \u00e0 un autre compte&nbsp;? Ensuite, vous devez d&rsquo;abord le supprimer de ce compte. Cela peut \u00eatre fait en se [&hellip;]\" \/>\n<meta property=\"og:url\" content=\"https:\/\/www.spottergps.com\/fr\/faq\/application\/je-ne-peux-pas-ajouter-un-spotter-supplementaire-a-mon-compte\/\" \/>\n<meta property=\"og:site_name\" content=\"Spotter France\" \/>\n<meta property=\"article:modified_time\" content=\"2023-11-06T14:22:28+00:00\" \/>\n<meta name=\"twitter:card\" content=\"summary_large_image\" \/>\n<meta name=\"twitter:label1\" content=\"Dur\u00e9e de lecture estim\u00e9e\" \/>\n\t<meta name=\"twitter:data1\" content=\"1 minute\" \/>\n<script type=\"application\/ld+json\" class=\"yoast-schema-graph\">{\"@context\":\"https:\/\/schema.org\",\"@graph\":[{\"@type\":\"WebPage\",\"@id\":\"https:\/\/www.spottergps.com\/fr\/faq\/application\/je-ne-peux-pas-ajouter-un-spotter-supplementaire-a-mon-compte\/\",\"url\":\"https:\/\/www.spottergps.com\/fr\/faq\/application\/je-ne-peux-pas-ajouter-un-spotter-supplementaire-a-mon-compte\/\",\"name\":\"Je ne peux pas ajouter un Spotter suppl\u00e9mentaire \u00e0 mon compte - Spotter France\",\"isPartOf\":{\"@id\":\"https:\/\/www.spottergps.com\/fr\/#website\"},\"datePublished\":\"2023-09-11T14:59:24+00:00\",\"dateModified\":\"2023-11-06T14:22:28+00:00\",\"breadcrumb\":{\"@id\":\"https:\/\/www.spottergps.com\/fr\/faq\/application\/je-ne-peux-pas-ajouter-un-spotter-supplementaire-a-mon-compte\/#breadcrumb\"},\"inLanguage\":\"fr-FR\",\"potentialAction\":[{\"@type\":\"ReadAction\",\"target\":[\"https:\/\/www.spottergps.com\/fr\/faq\/application\/je-ne-peux-pas-ajouter-un-spotter-supplementaire-a-mon-compte\/\"]}]},{\"@type\":\"BreadcrumbList\",\"@id\":\"https:\/\/www.spottergps.com\/fr\/faq\/application\/je-ne-peux-pas-ajouter-un-spotter-supplementaire-a-mon-compte\/#breadcrumb\",\"itemListElement\":[{\"@type\":\"ListItem\",\"position\":1,\"name\":\"Home\",\"item\":\"https:\/\/www.spottergps.com\/fr\/\"},{\"@type\":\"ListItem\",\"position\":2,\"name\":\"Comment pouvons-nous vous aider?\",\"item\":\"https:\/\/www.spottergps.com\/fr\/faq\/\"},{\"@type\":\"ListItem\",\"position\":3,\"name\":\"Application\",\"item\":\"https:\/\/www.spottergps.com\/fr\/faq\/application\/\"},{\"@type\":\"ListItem\",\"position\":4,\"name\":\"Je ne peux pas ajouter un Spotter suppl\u00e9mentaire \u00e0 mon compte\"}]},{\"@type\":\"WebSite\",\"@id\":\"https:\/\/www.spottergps.com\/fr\/#website\",\"url\":\"https:\/\/www.spottergps.com\/fr\/\",\"name\":\"Spotter France\",\"description\":\"Een andere Spotter websites site\",\"potentialAction\":[{\"@type\":\"SearchAction\",\"target\":{\"@type\":\"EntryPoint\",\"urlTemplate\":\"https:\/\/www.spottergps.com\/fr\/?s={search_term_string}\"},\"query-input\":{\"@type\":\"PropertyValueSpecification\",\"valueRequired\":true,\"valueName\":\"search_term_string\"}}],\"inLanguage\":\"fr-FR\"}]}<\/script>\n<!-- \/ Yoast SEO plugin. -->","yoast_head_json":{"title":"Je ne peux pas ajouter un Spotter suppl\u00e9mentaire \u00e0 mon compte - Spotter France","robots":{"index":"index","follow":"follow","max-snippet":"max-snippet:-1","max-image-preview":"max-image-preview:large","max-video-preview":"max-video-preview:-1"},"canonical":"https:\/\/www.spottergps.com\/fr\/faq\/application\/je-ne-peux-pas-ajouter-un-spotter-supplementaire-a-mon-compte\/","og_locale":"fr_FR","og_type":"article","og_title":"Je ne peux pas ajouter un Spotter suppl\u00e9mentaire \u00e0 mon compte - Spotter France","og_description":"V\u00e9rifiez d&rsquo;abord si le code Spotter (sur la carte bleue) a \u00e9t\u00e9 saisi correctement. Cela semble \u00eatre une \u00e9tape logique, mais nous remarquons r\u00e9guli\u00e8rement que le code Spottercode est mal copi\u00e9. Avez-vous d\u00e9j\u00e0 li\u00e9 le Spotter \u00e0 un autre compte&nbsp;? Ensuite, vous devez d&rsquo;abord le supprimer de ce compte. Cela peut \u00eatre fait en se [&hellip;]","og_url":"https:\/\/www.spottergps.com\/fr\/faq\/application\/je-ne-peux-pas-ajouter-un-spotter-supplementaire-a-mon-compte\/","og_site_name":"Spotter France","article_modified_time":"2023-11-06T14:22:28+00:00","twitter_card":"summary_large_image","twitter_misc":{"Dur\u00e9e de lecture estim\u00e9e":"1 minute"},"schema":{"@context":"https:\/\/schema.org","@graph":[{"@type":"WebPage","@id":"https:\/\/www.spottergps.com\/fr\/faq\/application\/je-ne-peux-pas-ajouter-un-spotter-supplementaire-a-mon-compte\/","url":"https:\/\/www.spottergps.com\/fr\/faq\/application\/je-ne-peux-pas-ajouter-un-spotter-supplementaire-a-mon-compte\/","name":"Je ne peux pas ajouter un Spotter suppl\u00e9mentaire \u00e0 mon compte - Spotter France","isPartOf":{"@id":"https:\/\/www.spottergps.com\/fr\/#website"},"datePublished":"2023-09-11T14:59:24+00:00","dateModified":"2023-11-06T14:22:28+00:00","breadcrumb":{"@id":"https:\/\/www.spottergps.com\/fr\/faq\/application\/je-ne-peux-pas-ajouter-un-spotter-supplementaire-a-mon-compte\/#breadcrumb"},"inLanguage":"fr-FR","potentialAction":[{"@type":"ReadAction","target":["https:\/\/www.spottergps.com\/fr\/faq\/application\/je-ne-peux-pas-ajouter-un-spotter-supplementaire-a-mon-compte\/"]}]},{"@type":"BreadcrumbList","@id":"https:\/\/www.spottergps.com\/fr\/faq\/application\/je-ne-peux-pas-ajouter-un-spotter-supplementaire-a-mon-compte\/#breadcrumb","itemListElement":[{"@type":"ListItem","position":1,"name":"Home","item":"https:\/\/www.spottergps.com\/fr\/"},{"@type":"ListItem","position":2,"name":"Comment pouvons-nous vous aider?","item":"https:\/\/www.spottergps.com\/fr\/faq\/"},{"@type":"ListItem","position":3,"name":"Application","item":"https:\/\/www.spottergps.com\/fr\/faq\/application\/"},{"@type":"ListItem","position":4,"name":"Je ne peux pas ajouter un Spotter suppl\u00e9mentaire \u00e0 mon compte"}]},{"@type":"WebSite","@id":"https:\/\/www.spottergps.com\/fr\/#website","url":"https:\/\/www.spottergps.com\/fr\/","name":"Spotter France","description":"Een andere Spotter websites site","potentialAction":[{"@type":"SearchAction","target":{"@type":"EntryPoint","urlTemplate":"https:\/\/www.spottergps.com\/fr\/?s={search_term_string}"},"query-input":{"@type":"PropertyValueSpecification","valueRequired":true,"valueName":"search_term_string"}}],"inLanguage":"fr-FR"}]}},"_links":{"self":[{"href":"https:\/\/www.spottergps.com\/fr\/wp-json\/wp\/v2\/pages\/1411","targetHints":{"allow":["GET"]}}],"collection":[{"href":"https:\/\/www.spottergps.com\/fr\/wp-json\/wp\/v2\/pages"}],"about":[{"href":"https:\/\/www.spottergps.com\/fr\/wp-json\/wp\/v2\/types\/page"}],"author":[{"embeddable":true,"href":"https:\/\/www.spottergps.com\/fr\/wp-json\/wp\/v2\/users\/8"}],"replies":[{"embeddable":true,"href":"https:\/\/www.spottergps.com\/fr\/wp-json\/wp\/v2\/comments?post=1411"}],"version-history":[{"count":4,"href":"https:\/\/www.spottergps.com\/fr\/wp-json\/wp\/v2\/pages\/1411\/revisions"}],"predecessor-version":[{"id":1755,"href":"https:\/\/www.spottergps.com\/fr\/wp-json\/wp\/v2\/pages\/1411\/revisions\/1755"}],"up":[{"embeddable":true,"href":"https:\/\/www.spottergps.com\/fr\/wp-json\/wp\/v2\/pages\/1188"}],"wp:attachment":[{"href":"https:\/\/www.spottergps.com\/fr\/wp-json\/wp\/v2\/media?parent=1411"}],"wp:term":[{"taxonomy":"category","embeddable":true,"href":"https:\/\/www.spottergps.com\/fr\/wp-json\/wp\/v2\/categories?post=1411"},{"taxonomy":"post_tag","embeddable":true,"href":"https:\/\/www.spottergps.com\/fr\/wp-json\/wp\/v2\/tags?post=1411"}],"curies":[{"name":"wp","href":"https:\/\/api.w.org\/{rel}","templated":true}]}}