{"id":1407,"date":"2023-09-11T15:55:07","date_gmt":"2023-09-11T14:55:07","guid":{"rendered":"https:\/\/www.spottergps.com\/fr\/?page_id=1407"},"modified":"2023-11-06T15:21:02","modified_gmt":"2023-11-06T14:21:02","slug":"je-ne-peux-pas-ajouter-mon-spotter","status":"publish","type":"page","link":"https:\/\/www.spottergps.com\/fr\/faq\/application\/je-ne-peux-pas-ajouter-mon-spotter\/","title":{"rendered":"Je ne peux pas ajouter mon Spotter"},"content":{"rendered":"\n<p>Parfois, cela peut arriver \u00e0 cause d&rsquo;une faute de frappe. Le code Spotter de 12 lettres est long et donc une erreur de copie est facile \u00e0 faire. R\u00e9essayez et si cela ne fonctionne pas, ce qui suit peut s&rsquo;appliquer&nbsp;:<\/p>\n\n\n\n<p><strong>Le Spotter a d\u00e9j\u00e0 \u00e9t\u00e9 ajout\u00e9 \u00e0 un autre compte<\/strong><br>Si vous ne pouvez pas ajouter votre Spotter \u00e0 un compte, le Spotter peut toujours \u00eatre li\u00e9 \u00e0 un autre compte. Par exemple, votre ancienne adresse e-mail. Le Spotter peut \u00eatre li\u00e9 \u00e0 une adresse e-mail. Pour r\u00e9soudre ceci :<\/p>\n\n\n\n<ol class=\"wp-block-list\">\n<li>Connectez-vous \u00e0 votre <a href=\"https:\/\/my.spottergps.com\/SpotterApp\/index.html#login\">compte en ligne<\/a>.<\/li>\n\n\n\n<li>Allez \u00e0 \u00ab\u00a0Accueil\u00a0\u00bb dans le menu.<\/li>\n\n\n\n<li>S\u00e9lectionnez le Spotter sur la carte.<\/li>\n\n\n\n<li>Cliquez sur le Spotter et allez dans \u00ab\u00a0Param\u00e8tres\u00a0\u00bb.<\/li>\n\n\n\n<li>Cliquez sur \u00ab\u00a0supprimer le syst\u00e8me du compte\u00a0\u00bb.<\/li>\n\n\n\n<li>Cliquez ensuite \u00e0 nouveau sur \u00ab\u00a0supprimer\u00a0\u00bb si vous \u00eates s\u00fbr.<\/li>\n\n\n\n<li>Le Spotter a maintenant \u00e9t\u00e9 supprim\u00e9 du compte.<\/li>\n<\/ol>\n\n\n\n<p>Vous pouvez maintenant rajouter le Spotter au nouveau compte en utilisant le code Spotter.<\/p>\n\n\n\n<p>Pour des raisons de confidentialit\u00e9 (GDPR), nous ne pouvons pas supprimer le Spotter de votre compte pour vous.<\/p>\n\n\n\n<p>Vous n&rsquo;avez pas encore ajout\u00e9&nbsp;? Veuillez alors contacter notre <a href=\"https:\/\/www.spottergps.com\/fr\/service-clients\/\" data-type=\"URL\" data-id=\"https:\/\/www.spottergps.com\/fr\/service-clients\/\">service client.<\/a><\/p>\n","protected":false},"excerpt":{"rendered":"<p>Parfois, cela peut arriver \u00e0 cause d&rsquo;une faute de frappe. Le code Spotter de 12 lettres est long et donc une erreur de copie est facile \u00e0 faire. R\u00e9essayez et si cela ne fonctionne pas, ce qui suit peut s&rsquo;appliquer&nbsp;: Le Spotter a d\u00e9j\u00e0 \u00e9t\u00e9 ajout\u00e9 \u00e0 un autre compteSi vous ne pouvez pas ajouter [&hellip;]<\/p>\n","protected":false},"author":8,"featured_media":0,"parent":1188,"menu_order":0,"comment_status":"closed","ping_status":"closed","template":"faq-content.php","meta":{"_acf_changed":false,"footnotes":""},"categories":[],"tags":[],"class_list":["post-1407","page","type-page","status-publish","hentry"],"acf":[],"yoast_head":"<!-- This site is optimized with the Yoast SEO plugin v25.9 - https:\/\/yoast.com\/wordpress\/plugins\/seo\/ -->\n<title>Je ne peux pas ajouter mon Spotter - Spotter France<\/title>\n<meta name=\"robots\" content=\"index, follow, max-snippet:-1, max-image-preview:large, max-video-preview:-1\" \/>\n<link rel=\"canonical\" href=\"https:\/\/www.spottergps.com\/fr\/faq\/application\/je-ne-peux-pas-ajouter-mon-spotter\/\" \/>\n<meta property=\"og:locale\" content=\"fr_FR\" \/>\n<meta property=\"og:type\" content=\"article\" \/>\n<meta property=\"og:title\" content=\"Je ne peux pas ajouter mon Spotter - Spotter France\" \/>\n<meta property=\"og:description\" content=\"Parfois, cela peut arriver \u00e0 cause d&rsquo;une faute de frappe. Le code Spotter de 12 lettres est long et donc une erreur de copie est facile \u00e0 faire. R\u00e9essayez et si cela ne fonctionne pas, ce qui suit peut s&rsquo;appliquer&nbsp;: Le Spotter a d\u00e9j\u00e0 \u00e9t\u00e9 ajout\u00e9 \u00e0 un autre compteSi vous ne pouvez pas ajouter [&hellip;]\" \/>\n<meta property=\"og:url\" content=\"https:\/\/www.spottergps.com\/fr\/faq\/application\/je-ne-peux-pas-ajouter-mon-spotter\/\" \/>\n<meta property=\"og:site_name\" content=\"Spotter France\" \/>\n<meta property=\"article:modified_time\" content=\"2023-11-06T14:21:02+00:00\" \/>\n<meta name=\"twitter:card\" content=\"summary_large_image\" \/>\n<meta name=\"twitter:label1\" content=\"Dur\u00e9e de lecture estim\u00e9e\" \/>\n\t<meta name=\"twitter:data1\" content=\"1 minute\" \/>\n<script type=\"application\/ld+json\" class=\"yoast-schema-graph\">{\"@context\":\"https:\/\/schema.org\",\"@graph\":[{\"@type\":\"WebPage\",\"@id\":\"https:\/\/www.spottergps.com\/fr\/faq\/application\/je-ne-peux-pas-ajouter-mon-spotter\/\",\"url\":\"https:\/\/www.spottergps.com\/fr\/faq\/application\/je-ne-peux-pas-ajouter-mon-spotter\/\",\"name\":\"Je ne peux pas ajouter mon Spotter - Spotter France\",\"isPartOf\":{\"@id\":\"https:\/\/www.spottergps.com\/fr\/#website\"},\"datePublished\":\"2023-09-11T14:55:07+00:00\",\"dateModified\":\"2023-11-06T14:21:02+00:00\",\"breadcrumb\":{\"@id\":\"https:\/\/www.spottergps.com\/fr\/faq\/application\/je-ne-peux-pas-ajouter-mon-spotter\/#breadcrumb\"},\"inLanguage\":\"fr-FR\",\"potentialAction\":[{\"@type\":\"ReadAction\",\"target\":[\"https:\/\/www.spottergps.com\/fr\/faq\/application\/je-ne-peux-pas-ajouter-mon-spotter\/\"]}]},{\"@type\":\"BreadcrumbList\",\"@id\":\"https:\/\/www.spottergps.com\/fr\/faq\/application\/je-ne-peux-pas-ajouter-mon-spotter\/#breadcrumb\",\"itemListElement\":[{\"@type\":\"ListItem\",\"position\":1,\"name\":\"Home\",\"item\":\"https:\/\/www.spottergps.com\/fr\/\"},{\"@type\":\"ListItem\",\"position\":2,\"name\":\"Comment pouvons-nous vous aider?\",\"item\":\"https:\/\/www.spottergps.com\/fr\/faq\/\"},{\"@type\":\"ListItem\",\"position\":3,\"name\":\"Application\",\"item\":\"https:\/\/www.spottergps.com\/fr\/faq\/application\/\"},{\"@type\":\"ListItem\",\"position\":4,\"name\":\"Je ne peux pas ajouter mon Spotter\"}]},{\"@type\":\"WebSite\",\"@id\":\"https:\/\/www.spottergps.com\/fr\/#website\",\"url\":\"https:\/\/www.spottergps.com\/fr\/\",\"name\":\"Spotter France\",\"description\":\"Een andere Spotter websites site\",\"potentialAction\":[{\"@type\":\"SearchAction\",\"target\":{\"@type\":\"EntryPoint\",\"urlTemplate\":\"https:\/\/www.spottergps.com\/fr\/?s={search_term_string}\"},\"query-input\":{\"@type\":\"PropertyValueSpecification\",\"valueRequired\":true,\"valueName\":\"search_term_string\"}}],\"inLanguage\":\"fr-FR\"}]}<\/script>\n<!-- \/ Yoast SEO plugin. -->","yoast_head_json":{"title":"Je ne peux pas ajouter mon Spotter - Spotter France","robots":{"index":"index","follow":"follow","max-snippet":"max-snippet:-1","max-image-preview":"max-image-preview:large","max-video-preview":"max-video-preview:-1"},"canonical":"https:\/\/www.spottergps.com\/fr\/faq\/application\/je-ne-peux-pas-ajouter-mon-spotter\/","og_locale":"fr_FR","og_type":"article","og_title":"Je ne peux pas ajouter mon Spotter - Spotter France","og_description":"Parfois, cela peut arriver \u00e0 cause d&rsquo;une faute de frappe. Le code Spotter de 12 lettres est long et donc une erreur de copie est facile \u00e0 faire. R\u00e9essayez et si cela ne fonctionne pas, ce qui suit peut s&rsquo;appliquer&nbsp;: Le Spotter a d\u00e9j\u00e0 \u00e9t\u00e9 ajout\u00e9 \u00e0 un autre compteSi vous ne pouvez pas ajouter [&hellip;]","og_url":"https:\/\/www.spottergps.com\/fr\/faq\/application\/je-ne-peux-pas-ajouter-mon-spotter\/","og_site_name":"Spotter France","article_modified_time":"2023-11-06T14:21:02+00:00","twitter_card":"summary_large_image","twitter_misc":{"Dur\u00e9e de lecture estim\u00e9e":"1 minute"},"schema":{"@context":"https:\/\/schema.org","@graph":[{"@type":"WebPage","@id":"https:\/\/www.spottergps.com\/fr\/faq\/application\/je-ne-peux-pas-ajouter-mon-spotter\/","url":"https:\/\/www.spottergps.com\/fr\/faq\/application\/je-ne-peux-pas-ajouter-mon-spotter\/","name":"Je ne peux pas ajouter mon Spotter - Spotter France","isPartOf":{"@id":"https:\/\/www.spottergps.com\/fr\/#website"},"datePublished":"2023-09-11T14:55:07+00:00","dateModified":"2023-11-06T14:21:02+00:00","breadcrumb":{"@id":"https:\/\/www.spottergps.com\/fr\/faq\/application\/je-ne-peux-pas-ajouter-mon-spotter\/#breadcrumb"},"inLanguage":"fr-FR","potentialAction":[{"@type":"ReadAction","target":["https:\/\/www.spottergps.com\/fr\/faq\/application\/je-ne-peux-pas-ajouter-mon-spotter\/"]}]},{"@type":"BreadcrumbList","@id":"https:\/\/www.spottergps.com\/fr\/faq\/application\/je-ne-peux-pas-ajouter-mon-spotter\/#breadcrumb","itemListElement":[{"@type":"ListItem","position":1,"name":"Home","item":"https:\/\/www.spottergps.com\/fr\/"},{"@type":"ListItem","position":2,"name":"Comment pouvons-nous vous aider?","item":"https:\/\/www.spottergps.com\/fr\/faq\/"},{"@type":"ListItem","position":3,"name":"Application","item":"https:\/\/www.spottergps.com\/fr\/faq\/application\/"},{"@type":"ListItem","position":4,"name":"Je ne peux pas ajouter mon Spotter"}]},{"@type":"WebSite","@id":"https:\/\/www.spottergps.com\/fr\/#website","url":"https:\/\/www.spottergps.com\/fr\/","name":"Spotter France","description":"Een andere Spotter websites site","potentialAction":[{"@type":"SearchAction","target":{"@type":"EntryPoint","urlTemplate":"https:\/\/www.spottergps.com\/fr\/?s={search_term_string}"},"query-input":{"@type":"PropertyValueSpecification","valueRequired":true,"valueName":"search_term_string"}}],"inLanguage":"fr-FR"}]}},"_links":{"self":[{"href":"https:\/\/www.spottergps.com\/fr\/wp-json\/wp\/v2\/pages\/1407","targetHints":{"allow":["GET"]}}],"collection":[{"href":"https:\/\/www.spottergps.com\/fr\/wp-json\/wp\/v2\/pages"}],"about":[{"href":"https:\/\/www.spottergps.com\/fr\/wp-json\/wp\/v2\/types\/page"}],"author":[{"embeddable":true,"href":"https:\/\/www.spottergps.com\/fr\/wp-json\/wp\/v2\/users\/8"}],"replies":[{"embeddable":true,"href":"https:\/\/www.spottergps.com\/fr\/wp-json\/wp\/v2\/comments?post=1407"}],"version-history":[{"count":4,"href":"https:\/\/www.spottergps.com\/fr\/wp-json\/wp\/v2\/pages\/1407\/revisions"}],"predecessor-version":[{"id":1754,"href":"https:\/\/www.spottergps.com\/fr\/wp-json\/wp\/v2\/pages\/1407\/revisions\/1754"}],"up":[{"embeddable":true,"href":"https:\/\/www.spottergps.com\/fr\/wp-json\/wp\/v2\/pages\/1188"}],"wp:attachment":[{"href":"https:\/\/www.spottergps.com\/fr\/wp-json\/wp\/v2\/media?parent=1407"}],"wp:term":[{"taxonomy":"category","embeddable":true,"href":"https:\/\/www.spottergps.com\/fr\/wp-json\/wp\/v2\/categories?post=1407"},{"taxonomy":"post_tag","embeddable":true,"href":"https:\/\/www.spottergps.com\/fr\/wp-json\/wp\/v2\/tags?post=1407"}],"curies":[{"name":"wp","href":"https:\/\/api.w.org\/{rel}","templated":true}]}}