{"id":1405,"date":"2023-09-11T15:52:37","date_gmt":"2023-09-11T14:52:37","guid":{"rendered":"https:\/\/www.spottergps.com\/fr\/?page_id=1405"},"modified":"2023-11-06T15:19:24","modified_gmt":"2023-11-06T14:19:24","slug":"je-ne-recois-aucune-notification-sur-lapplication-spotter","status":"publish","type":"page","link":"https:\/\/www.spottergps.com\/fr\/faq\/application\/je-ne-recois-aucune-notification-sur-lapplication-spotter\/","title":{"rendered":"Je ne re\u00e7ois aucune notification sur l&rsquo;application Spotter"},"content":{"rendered":"\n<p><span style=\"font-family: 'Aller',serif;color: #222222\">Lorsque vous \u00eates connect\u00e9 via l&rsquo;application Spotter, vous recevez des notifications push. Ceux-ci apparaissent imm\u00e9diatement \u00e0 l&rsquo;\u00e9cran d\u00e8s que la notification est \u00e9mise. Si vous ne recevez aucune notification, vous n&rsquo;avez probablement pas (encore) donn\u00e9 l&rsquo;autorisation pour cela. Vous pouvez facilement r\u00e9gler cela dans les param\u00e8tres de votre smartphone. Donc pas via l&rsquo;application Spotter.<\/span><\/p>\n\n\n\n<h2 class=\"wp-block-heading\"><strong><span style=\"font-family: 'Aller',serif;color: #222222\">&nbsp;<\/span><span style=\"font-family: 'Aller',serif;color: #222222\">Sur les appareils Android<\/span><\/strong><\/h2>\n\n\n\n<p><span style=\"font-family: 'Aller',serif;color: #222222\">1. Allez dans \u00ab\u00a0Param\u00e8tres\u00a0\u00bb<\/span><br><span style=\"font-family: 'Aller',serif;color: #222222\">2. Puis dans &lsquo;Notifications&rsquo;<\/span><br><span style=\"font-family: 'Aller',serif;color: #222222\">3. Acc\u00e9dez \u00e0 l&rsquo;application Spotter<\/span><br><span style=\"font-family: 'Aller',serif;color: #222222\">4. Activez les notifications ici&nbsp;<\/span><\/p>\n\n\n\n<h2 class=\"wp-block-heading\"><strong><span style=\"font-family: 'Aller',serif;color: #222222\">Sur les appareils Apple<\/span><\/strong><\/h2>\n\n\n\n<p><span style=\"font-family: 'Aller',serif;color: #222222\">1. Allez dans \u00ab\u00a0Param\u00e8tres\u00a0\u00bb<\/span><br><span style=\"font-family: 'Aller',serif;color: #222222\">2. Puis \u00e0 l&rsquo;application Spotter<\/span><br><span style=\"font-family: 'Aller',serif;color: #222222\">3. Ensuite, \u00ab\u00a0signaler\u00a0\u00bb<\/span><br><span style=\"font-family: 'Aller',serif;color: #222222\">4. Activez les \u00ab\u00a0notifications\u00a0\u00bb.<\/span><br><\/p>\n","protected":false},"excerpt":{"rendered":"<p>Lorsque vous \u00eates connect\u00e9 via l&rsquo;application Spotter, vous recevez des notifications push. Ceux-ci apparaissent imm\u00e9diatement \u00e0 l&rsquo;\u00e9cran d\u00e8s que la notification est \u00e9mise. Si vous ne recevez aucune notification, vous n&rsquo;avez probablement pas (encore) donn\u00e9 l&rsquo;autorisation pour cela. Vous pouvez facilement r\u00e9gler cela dans les param\u00e8tres de votre smartphone. Donc pas via l&rsquo;application Spotter. &nbsp;Sur [&hellip;]<\/p>\n","protected":false},"author":8,"featured_media":0,"parent":1188,"menu_order":0,"comment_status":"closed","ping_status":"closed","template":"faq-content.php","meta":{"_acf_changed":false,"footnotes":""},"categories":[],"tags":[],"class_list":["post-1405","page","type-page","status-publish","hentry"],"acf":[],"yoast_head":"<!-- This site is optimized with the Yoast SEO plugin v25.9 - https:\/\/yoast.com\/wordpress\/plugins\/seo\/ -->\n<title>Je ne re\u00e7ois aucune notification sur l&#039;application Spotter - Spotter France<\/title>\n<meta name=\"robots\" content=\"index, follow, max-snippet:-1, max-image-preview:large, max-video-preview:-1\" \/>\n<link rel=\"canonical\" href=\"https:\/\/www.spottergps.com\/fr\/faq\/application\/je-ne-recois-aucune-notification-sur-lapplication-spotter\/\" \/>\n<meta property=\"og:locale\" content=\"fr_FR\" \/>\n<meta property=\"og:type\" content=\"article\" \/>\n<meta property=\"og:title\" content=\"Je ne re\u00e7ois aucune notification sur l&#039;application Spotter - Spotter France\" \/>\n<meta property=\"og:description\" content=\"Lorsque vous \u00eates connect\u00e9 via l&rsquo;application Spotter, vous recevez des notifications push. Ceux-ci apparaissent imm\u00e9diatement \u00e0 l&rsquo;\u00e9cran d\u00e8s que la notification est \u00e9mise. Si vous ne recevez aucune notification, vous n&rsquo;avez probablement pas (encore) donn\u00e9 l&rsquo;autorisation pour cela. Vous pouvez facilement r\u00e9gler cela dans les param\u00e8tres de votre smartphone. Donc pas via l&rsquo;application Spotter. &nbsp;Sur [&hellip;]\" \/>\n<meta property=\"og:url\" content=\"https:\/\/www.spottergps.com\/fr\/faq\/application\/je-ne-recois-aucune-notification-sur-lapplication-spotter\/\" \/>\n<meta property=\"og:site_name\" content=\"Spotter France\" \/>\n<meta property=\"article:modified_time\" content=\"2023-11-06T14:19:24+00:00\" \/>\n<meta name=\"twitter:card\" content=\"summary_large_image\" \/>\n<script type=\"application\/ld+json\" class=\"yoast-schema-graph\">{\"@context\":\"https:\/\/schema.org\",\"@graph\":[{\"@type\":\"WebPage\",\"@id\":\"https:\/\/www.spottergps.com\/fr\/faq\/application\/je-ne-recois-aucune-notification-sur-lapplication-spotter\/\",\"url\":\"https:\/\/www.spottergps.com\/fr\/faq\/application\/je-ne-recois-aucune-notification-sur-lapplication-spotter\/\",\"name\":\"Je ne re\u00e7ois aucune notification sur l'application Spotter - Spotter France\",\"isPartOf\":{\"@id\":\"https:\/\/www.spottergps.com\/fr\/#website\"},\"datePublished\":\"2023-09-11T14:52:37+00:00\",\"dateModified\":\"2023-11-06T14:19:24+00:00\",\"breadcrumb\":{\"@id\":\"https:\/\/www.spottergps.com\/fr\/faq\/application\/je-ne-recois-aucune-notification-sur-lapplication-spotter\/#breadcrumb\"},\"inLanguage\":\"fr-FR\",\"potentialAction\":[{\"@type\":\"ReadAction\",\"target\":[\"https:\/\/www.spottergps.com\/fr\/faq\/application\/je-ne-recois-aucune-notification-sur-lapplication-spotter\/\"]}]},{\"@type\":\"BreadcrumbList\",\"@id\":\"https:\/\/www.spottergps.com\/fr\/faq\/application\/je-ne-recois-aucune-notification-sur-lapplication-spotter\/#breadcrumb\",\"itemListElement\":[{\"@type\":\"ListItem\",\"position\":1,\"name\":\"Home\",\"item\":\"https:\/\/www.spottergps.com\/fr\/\"},{\"@type\":\"ListItem\",\"position\":2,\"name\":\"Comment pouvons-nous vous aider?\",\"item\":\"https:\/\/www.spottergps.com\/fr\/faq\/\"},{\"@type\":\"ListItem\",\"position\":3,\"name\":\"Application\",\"item\":\"https:\/\/www.spottergps.com\/fr\/faq\/application\/\"},{\"@type\":\"ListItem\",\"position\":4,\"name\":\"Je ne re\u00e7ois aucune notification sur l&rsquo;application Spotter\"}]},{\"@type\":\"WebSite\",\"@id\":\"https:\/\/www.spottergps.com\/fr\/#website\",\"url\":\"https:\/\/www.spottergps.com\/fr\/\",\"name\":\"Spotter France\",\"description\":\"Een andere Spotter websites site\",\"potentialAction\":[{\"@type\":\"SearchAction\",\"target\":{\"@type\":\"EntryPoint\",\"urlTemplate\":\"https:\/\/www.spottergps.com\/fr\/?s={search_term_string}\"},\"query-input\":{\"@type\":\"PropertyValueSpecification\",\"valueRequired\":true,\"valueName\":\"search_term_string\"}}],\"inLanguage\":\"fr-FR\"}]}<\/script>\n<!-- \/ Yoast SEO plugin. -->","yoast_head_json":{"title":"Je ne re\u00e7ois aucune notification sur l'application Spotter - Spotter France","robots":{"index":"index","follow":"follow","max-snippet":"max-snippet:-1","max-image-preview":"max-image-preview:large","max-video-preview":"max-video-preview:-1"},"canonical":"https:\/\/www.spottergps.com\/fr\/faq\/application\/je-ne-recois-aucune-notification-sur-lapplication-spotter\/","og_locale":"fr_FR","og_type":"article","og_title":"Je ne re\u00e7ois aucune notification sur l'application Spotter - Spotter France","og_description":"Lorsque vous \u00eates connect\u00e9 via l&rsquo;application Spotter, vous recevez des notifications push. Ceux-ci apparaissent imm\u00e9diatement \u00e0 l&rsquo;\u00e9cran d\u00e8s que la notification est \u00e9mise. Si vous ne recevez aucune notification, vous n&rsquo;avez probablement pas (encore) donn\u00e9 l&rsquo;autorisation pour cela. Vous pouvez facilement r\u00e9gler cela dans les param\u00e8tres de votre smartphone. Donc pas via l&rsquo;application Spotter. &nbsp;Sur [&hellip;]","og_url":"https:\/\/www.spottergps.com\/fr\/faq\/application\/je-ne-recois-aucune-notification-sur-lapplication-spotter\/","og_site_name":"Spotter France","article_modified_time":"2023-11-06T14:19:24+00:00","twitter_card":"summary_large_image","schema":{"@context":"https:\/\/schema.org","@graph":[{"@type":"WebPage","@id":"https:\/\/www.spottergps.com\/fr\/faq\/application\/je-ne-recois-aucune-notification-sur-lapplication-spotter\/","url":"https:\/\/www.spottergps.com\/fr\/faq\/application\/je-ne-recois-aucune-notification-sur-lapplication-spotter\/","name":"Je ne re\u00e7ois aucune notification sur l'application Spotter - Spotter France","isPartOf":{"@id":"https:\/\/www.spottergps.com\/fr\/#website"},"datePublished":"2023-09-11T14:52:37+00:00","dateModified":"2023-11-06T14:19:24+00:00","breadcrumb":{"@id":"https:\/\/www.spottergps.com\/fr\/faq\/application\/je-ne-recois-aucune-notification-sur-lapplication-spotter\/#breadcrumb"},"inLanguage":"fr-FR","potentialAction":[{"@type":"ReadAction","target":["https:\/\/www.spottergps.com\/fr\/faq\/application\/je-ne-recois-aucune-notification-sur-lapplication-spotter\/"]}]},{"@type":"BreadcrumbList","@id":"https:\/\/www.spottergps.com\/fr\/faq\/application\/je-ne-recois-aucune-notification-sur-lapplication-spotter\/#breadcrumb","itemListElement":[{"@type":"ListItem","position":1,"name":"Home","item":"https:\/\/www.spottergps.com\/fr\/"},{"@type":"ListItem","position":2,"name":"Comment pouvons-nous vous aider?","item":"https:\/\/www.spottergps.com\/fr\/faq\/"},{"@type":"ListItem","position":3,"name":"Application","item":"https:\/\/www.spottergps.com\/fr\/faq\/application\/"},{"@type":"ListItem","position":4,"name":"Je ne re\u00e7ois aucune notification sur l&rsquo;application Spotter"}]},{"@type":"WebSite","@id":"https:\/\/www.spottergps.com\/fr\/#website","url":"https:\/\/www.spottergps.com\/fr\/","name":"Spotter France","description":"Een andere Spotter websites site","potentialAction":[{"@type":"SearchAction","target":{"@type":"EntryPoint","urlTemplate":"https:\/\/www.spottergps.com\/fr\/?s={search_term_string}"},"query-input":{"@type":"PropertyValueSpecification","valueRequired":true,"valueName":"search_term_string"}}],"inLanguage":"fr-FR"}]}},"_links":{"self":[{"href":"https:\/\/www.spottergps.com\/fr\/wp-json\/wp\/v2\/pages\/1405","targetHints":{"allow":["GET"]}}],"collection":[{"href":"https:\/\/www.spottergps.com\/fr\/wp-json\/wp\/v2\/pages"}],"about":[{"href":"https:\/\/www.spottergps.com\/fr\/wp-json\/wp\/v2\/types\/page"}],"author":[{"embeddable":true,"href":"https:\/\/www.spottergps.com\/fr\/wp-json\/wp\/v2\/users\/8"}],"replies":[{"embeddable":true,"href":"https:\/\/www.spottergps.com\/fr\/wp-json\/wp\/v2\/comments?post=1405"}],"version-history":[{"count":4,"href":"https:\/\/www.spottergps.com\/fr\/wp-json\/wp\/v2\/pages\/1405\/revisions"}],"predecessor-version":[{"id":1753,"href":"https:\/\/www.spottergps.com\/fr\/wp-json\/wp\/v2\/pages\/1405\/revisions\/1753"}],"up":[{"embeddable":true,"href":"https:\/\/www.spottergps.com\/fr\/wp-json\/wp\/v2\/pages\/1188"}],"wp:attachment":[{"href":"https:\/\/www.spottergps.com\/fr\/wp-json\/wp\/v2\/media?parent=1405"}],"wp:term":[{"taxonomy":"category","embeddable":true,"href":"https:\/\/www.spottergps.com\/fr\/wp-json\/wp\/v2\/categories?post=1405"},{"taxonomy":"post_tag","embeddable":true,"href":"https:\/\/www.spottergps.com\/fr\/wp-json\/wp\/v2\/tags?post=1405"}],"curies":[{"name":"wp","href":"https:\/\/api.w.org\/{rel}","templated":true}]}}