{"id":1397,"date":"2023-09-11T15:44:21","date_gmt":"2023-09-11T14:44:21","guid":{"rendered":"https:\/\/www.spottergps.com\/fr\/?page_id=1397"},"modified":"2023-09-27T12:47:23","modified_gmt":"2023-09-27T11:47:23","slug":"lapplication-spotter-ne-fonctionne-pas","status":"publish","type":"page","link":"https:\/\/www.spottergps.com\/fr\/faq\/application\/lapplication-spotter-ne-fonctionne-pas\/","title":{"rendered":"L&rsquo;application Spotter ne fonctionne pas"},"content":{"rendered":"\n<p>Si l&rsquo;application Spotter a fonctionn\u00e9 correctement, mais apr\u00e8s cela, elle ne fonctionne plus, suivez les \u00e9tapes ci-dessous&nbsp;:<\/p>\n\n\n\n<ul class=\"wp-block-list\">\n<li>Supprimer l&rsquo;application de l&rsquo;appareil<\/li>\n\n\n\n<li>T\u00e9l\u00e9chargez \u00e0 nouveau l&rsquo;application<\/li>\n\n\n\n<li>Reconnectez-vous avec vos coordonn\u00e9es<\/li>\n\n\n\n<li>L&rsquo;application Spotter fonctionne \u00e0 nouveau correctement<\/li>\n<\/ul>\n\n\n\n<p>Si vous rencontrez toujours des probl\u00e8mes apr\u00e8s cela, vous pouvez contacter notre service client via<a href=\"https:\/\/www.spottergps.com\/fr\/service-clients\/\" data-type=\"URL\" data-id=\"https:\/\/www.spottergps.com\/fr\/service-clients\/\"> le formulaire de contact<\/a>.<\/p>\n","protected":false},"excerpt":{"rendered":"<p>Si l&rsquo;application Spotter a fonctionn\u00e9 correctement, mais apr\u00e8s cela, elle ne fonctionne plus, suivez les \u00e9tapes ci-dessous&nbsp;: Si vous rencontrez toujours des probl\u00e8mes apr\u00e8s cela, vous pouvez contacter notre service client via le formulaire de contact.<\/p>\n","protected":false},"author":8,"featured_media":0,"parent":1188,"menu_order":0,"comment_status":"closed","ping_status":"closed","template":"faq-content.php","meta":{"_acf_changed":false,"footnotes":""},"categories":[],"tags":[],"class_list":["post-1397","page","type-page","status-publish","hentry"],"acf":[],"yoast_head":"<!-- This site is optimized with the Yoast SEO plugin v25.9 - https:\/\/yoast.com\/wordpress\/plugins\/seo\/ -->\n<title>L&#039;application Spotter ne fonctionne pas - Spotter France<\/title>\n<meta name=\"robots\" content=\"index, follow, max-snippet:-1, max-image-preview:large, max-video-preview:-1\" \/>\n<link rel=\"canonical\" href=\"https:\/\/www.spottergps.com\/fr\/faq\/application\/lapplication-spotter-ne-fonctionne-pas\/\" \/>\n<meta property=\"og:locale\" content=\"fr_FR\" \/>\n<meta property=\"og:type\" content=\"article\" \/>\n<meta property=\"og:title\" content=\"L&#039;application Spotter ne fonctionne pas - Spotter France\" \/>\n<meta property=\"og:description\" content=\"Si l&rsquo;application Spotter a fonctionn\u00e9 correctement, mais apr\u00e8s cela, elle ne fonctionne plus, suivez les \u00e9tapes ci-dessous&nbsp;: Si vous rencontrez toujours des probl\u00e8mes apr\u00e8s cela, vous pouvez contacter notre service client via le formulaire de contact.\" \/>\n<meta property=\"og:url\" content=\"https:\/\/www.spottergps.com\/fr\/faq\/application\/lapplication-spotter-ne-fonctionne-pas\/\" \/>\n<meta property=\"og:site_name\" content=\"Spotter France\" \/>\n<meta property=\"article:modified_time\" content=\"2023-09-27T11:47:23+00:00\" \/>\n<meta name=\"twitter:card\" content=\"summary_large_image\" \/>\n<script type=\"application\/ld+json\" class=\"yoast-schema-graph\">{\"@context\":\"https:\/\/schema.org\",\"@graph\":[{\"@type\":\"WebPage\",\"@id\":\"https:\/\/www.spottergps.com\/fr\/faq\/application\/lapplication-spotter-ne-fonctionne-pas\/\",\"url\":\"https:\/\/www.spottergps.com\/fr\/faq\/application\/lapplication-spotter-ne-fonctionne-pas\/\",\"name\":\"L'application Spotter ne fonctionne pas - Spotter France\",\"isPartOf\":{\"@id\":\"https:\/\/www.spottergps.com\/fr\/#website\"},\"datePublished\":\"2023-09-11T14:44:21+00:00\",\"dateModified\":\"2023-09-27T11:47:23+00:00\",\"breadcrumb\":{\"@id\":\"https:\/\/www.spottergps.com\/fr\/faq\/application\/lapplication-spotter-ne-fonctionne-pas\/#breadcrumb\"},\"inLanguage\":\"fr-FR\",\"potentialAction\":[{\"@type\":\"ReadAction\",\"target\":[\"https:\/\/www.spottergps.com\/fr\/faq\/application\/lapplication-spotter-ne-fonctionne-pas\/\"]}]},{\"@type\":\"BreadcrumbList\",\"@id\":\"https:\/\/www.spottergps.com\/fr\/faq\/application\/lapplication-spotter-ne-fonctionne-pas\/#breadcrumb\",\"itemListElement\":[{\"@type\":\"ListItem\",\"position\":1,\"name\":\"Home\",\"item\":\"https:\/\/www.spottergps.com\/fr\/\"},{\"@type\":\"ListItem\",\"position\":2,\"name\":\"Comment pouvons-nous vous aider?\",\"item\":\"https:\/\/www.spottergps.com\/fr\/faq\/\"},{\"@type\":\"ListItem\",\"position\":3,\"name\":\"Application\",\"item\":\"https:\/\/www.spottergps.com\/fr\/faq\/application\/\"},{\"@type\":\"ListItem\",\"position\":4,\"name\":\"L&rsquo;application Spotter ne fonctionne pas\"}]},{\"@type\":\"WebSite\",\"@id\":\"https:\/\/www.spottergps.com\/fr\/#website\",\"url\":\"https:\/\/www.spottergps.com\/fr\/\",\"name\":\"Spotter France\",\"description\":\"Een andere Spotter websites site\",\"potentialAction\":[{\"@type\":\"SearchAction\",\"target\":{\"@type\":\"EntryPoint\",\"urlTemplate\":\"https:\/\/www.spottergps.com\/fr\/?s={search_term_string}\"},\"query-input\":{\"@type\":\"PropertyValueSpecification\",\"valueRequired\":true,\"valueName\":\"search_term_string\"}}],\"inLanguage\":\"fr-FR\"}]}<\/script>\n<!-- \/ Yoast SEO plugin. -->","yoast_head_json":{"title":"L'application Spotter ne fonctionne pas - Spotter France","robots":{"index":"index","follow":"follow","max-snippet":"max-snippet:-1","max-image-preview":"max-image-preview:large","max-video-preview":"max-video-preview:-1"},"canonical":"https:\/\/www.spottergps.com\/fr\/faq\/application\/lapplication-spotter-ne-fonctionne-pas\/","og_locale":"fr_FR","og_type":"article","og_title":"L'application Spotter ne fonctionne pas - Spotter France","og_description":"Si l&rsquo;application Spotter a fonctionn\u00e9 correctement, mais apr\u00e8s cela, elle ne fonctionne plus, suivez les \u00e9tapes ci-dessous&nbsp;: Si vous rencontrez toujours des probl\u00e8mes apr\u00e8s cela, vous pouvez contacter notre service client via le formulaire de contact.","og_url":"https:\/\/www.spottergps.com\/fr\/faq\/application\/lapplication-spotter-ne-fonctionne-pas\/","og_site_name":"Spotter France","article_modified_time":"2023-09-27T11:47:23+00:00","twitter_card":"summary_large_image","schema":{"@context":"https:\/\/schema.org","@graph":[{"@type":"WebPage","@id":"https:\/\/www.spottergps.com\/fr\/faq\/application\/lapplication-spotter-ne-fonctionne-pas\/","url":"https:\/\/www.spottergps.com\/fr\/faq\/application\/lapplication-spotter-ne-fonctionne-pas\/","name":"L'application Spotter ne fonctionne pas - Spotter France","isPartOf":{"@id":"https:\/\/www.spottergps.com\/fr\/#website"},"datePublished":"2023-09-11T14:44:21+00:00","dateModified":"2023-09-27T11:47:23+00:00","breadcrumb":{"@id":"https:\/\/www.spottergps.com\/fr\/faq\/application\/lapplication-spotter-ne-fonctionne-pas\/#breadcrumb"},"inLanguage":"fr-FR","potentialAction":[{"@type":"ReadAction","target":["https:\/\/www.spottergps.com\/fr\/faq\/application\/lapplication-spotter-ne-fonctionne-pas\/"]}]},{"@type":"BreadcrumbList","@id":"https:\/\/www.spottergps.com\/fr\/faq\/application\/lapplication-spotter-ne-fonctionne-pas\/#breadcrumb","itemListElement":[{"@type":"ListItem","position":1,"name":"Home","item":"https:\/\/www.spottergps.com\/fr\/"},{"@type":"ListItem","position":2,"name":"Comment pouvons-nous vous aider?","item":"https:\/\/www.spottergps.com\/fr\/faq\/"},{"@type":"ListItem","position":3,"name":"Application","item":"https:\/\/www.spottergps.com\/fr\/faq\/application\/"},{"@type":"ListItem","position":4,"name":"L&rsquo;application Spotter ne fonctionne pas"}]},{"@type":"WebSite","@id":"https:\/\/www.spottergps.com\/fr\/#website","url":"https:\/\/www.spottergps.com\/fr\/","name":"Spotter France","description":"Een andere Spotter websites site","potentialAction":[{"@type":"SearchAction","target":{"@type":"EntryPoint","urlTemplate":"https:\/\/www.spottergps.com\/fr\/?s={search_term_string}"},"query-input":{"@type":"PropertyValueSpecification","valueRequired":true,"valueName":"search_term_string"}}],"inLanguage":"fr-FR"}]}},"_links":{"self":[{"href":"https:\/\/www.spottergps.com\/fr\/wp-json\/wp\/v2\/pages\/1397","targetHints":{"allow":["GET"]}}],"collection":[{"href":"https:\/\/www.spottergps.com\/fr\/wp-json\/wp\/v2\/pages"}],"about":[{"href":"https:\/\/www.spottergps.com\/fr\/wp-json\/wp\/v2\/types\/page"}],"author":[{"embeddable":true,"href":"https:\/\/www.spottergps.com\/fr\/wp-json\/wp\/v2\/users\/8"}],"replies":[{"embeddable":true,"href":"https:\/\/www.spottergps.com\/fr\/wp-json\/wp\/v2\/comments?post=1397"}],"version-history":[{"count":4,"href":"https:\/\/www.spottergps.com\/fr\/wp-json\/wp\/v2\/pages\/1397\/revisions"}],"predecessor-version":[{"id":1677,"href":"https:\/\/www.spottergps.com\/fr\/wp-json\/wp\/v2\/pages\/1397\/revisions\/1677"}],"up":[{"embeddable":true,"href":"https:\/\/www.spottergps.com\/fr\/wp-json\/wp\/v2\/pages\/1188"}],"wp:attachment":[{"href":"https:\/\/www.spottergps.com\/fr\/wp-json\/wp\/v2\/media?parent=1397"}],"wp:term":[{"taxonomy":"category","embeddable":true,"href":"https:\/\/www.spottergps.com\/fr\/wp-json\/wp\/v2\/categories?post=1397"},{"taxonomy":"post_tag","embeddable":true,"href":"https:\/\/www.spottergps.com\/fr\/wp-json\/wp\/v2\/tags?post=1397"}],"curies":[{"name":"wp","href":"https:\/\/api.w.org\/{rel}","templated":true}]}}