{"id":1394,"date":"2023-09-11T15:32:22","date_gmt":"2023-09-11T14:32:22","guid":{"rendered":"https:\/\/www.spottergps.com\/fr\/?page_id=1394"},"modified":"2023-11-06T15:16:43","modified_gmt":"2023-11-06T14:16:43","slug":"je-ne-peux-pas-telecharger-lapplication-spotter","status":"publish","type":"page","link":"https:\/\/www.spottergps.com\/fr\/faq\/application\/je-ne-peux-pas-telecharger-lapplication-spotter\/","title":{"rendered":"Je ne peux pas t\u00e9l\u00e9charger l&rsquo;application Spotter"},"content":{"rendered":"\n<p>Nous sommes d\u00e9sol\u00e9s que vous n&rsquo;ayez pas encore pu t\u00e9l\u00e9charger l&rsquo;application Spotter. Nous vous aiderons en suivant les \u00e9tapes ci-dessous.<\/p>\n\n\n\n<h2 class=\"wp-block-heading\"><strong>\u00c9tape 1 : Connexion Internet<\/strong><\/h2>\n\n\n\n<p>Il est utile de toujours v\u00e9rifier les conditions de base en premier. V\u00e9rifiez si l&rsquo;appareil est connect\u00e9 \u00e0 Internet. Une connexion WiFi est recommand\u00e9e pour t\u00e9l\u00e9charger l&rsquo;application. Mais vous pouvez \u00e9galement utiliser les donn\u00e9es mobiles. V\u00e9rifiez si vous \u00eates connect\u00e9 \u00e0 un r\u00e9seau.<\/p>\n\n\n\n<h2 class=\"wp-block-heading\"><strong>\u00c9tape 2 : le bon magasin<\/strong><\/h2>\n\n\n\n<p>Vous \u00eates connect\u00e9 \u00e0 un r\u00e9seau. V\u00e9rifiez maintenant si l&rsquo;App Store ou Google Play Store est d\u00e9fini sur le bon pays. L&rsquo;application Spotter ne peut \u00eatre t\u00e9l\u00e9charg\u00e9e que dans les pays d&rsquo;Europe.<\/p>\n\n\n\n<h2 class=\"wp-block-heading\"><strong>\u00c9tape 3 : le bon logiciel<\/strong><\/h2>\n\n\n\n<p>V\u00e9rifiez ensuite si vous disposez de la bonne version du logiciel sur votre appareil.<br>L&rsquo;application Spotter n\u00e9cessite les versions logicielles suivantes\u00a0:<br>Andro\u00efd\u00a0:\u00a0 6.0 et versions ult\u00e9rieures<br>iOS : 12.0 ou plus r\u00e9cent<\/p>\n\n\n\n<h2 class=\"wp-block-heading\"><strong>\u00c9tape 4<\/strong><\/h2>\n\n\n\n<p>Maintenant que les bases sont bonnes, vous pouvez t\u00e9l\u00e9charger l&rsquo;application Spotter dans le Google Play Store ou l&rsquo;App Store.<\/p>\n\n\n\n<p><strong>Google playstore<\/strong><\/p>\n\n\n\n<ol class=\"wp-block-list\">\n<li>Ouvrez l&rsquo;application Google Play Store.<\/li>\n\n\n\n<li>Recherchez &lsquo;Spotter&rsquo;.<\/li>\n\n\n\n<li>S\u00e9lectionnez l&rsquo;application Spotter.<\/li>\n\n\n\n<li>Cliquez sur installer.<\/li>\n\n\n\n<li>Suivez les instructions \u00e0 l&rsquo;\u00e9cran.<\/li>\n\n\n\n<li>Une fois l&rsquo;application t\u00e9l\u00e9charg\u00e9e, cliquez sur ouvrir et connectez-vous avec vos informations.<\/li>\n<\/ol>\n\n\n\n<p>L&rsquo;application se trouve toujours sur l&rsquo;\u00e9cran d&rsquo;accueil. Vous devrez peut-\u00eatre faire d\u00e9filer jusqu&rsquo;\u00e0 la page suivante pour le trouver.<\/p>\n\n\n\n<p><strong>App store<\/strong><\/p>\n\n\n\n<ol class=\"wp-block-list\">\n<li>Acc\u00e9dez \u00e0 l&rsquo;App Store.<\/li>\n\n\n\n<li>Acc\u00e9dez \u00e0 la recherche (en bas \u00e0 droite) et appuyez sur \u00ab\u00a0Spotter\u00a0\u00bb dans la barre de recherche.<\/li>\n\n\n\n<li>Cliquez maintenant sur l&rsquo;application Spotter.<\/li>\n\n\n\n<li>Cliquez sur l&rsquo;installation<\/li>\n\n\n\n<li>L&rsquo;application sera t\u00e9l\u00e9charg\u00e9e et install\u00e9e.<\/li>\n\n\n\n<li>Ouvrez l&rsquo;application et connectez-vous maintenant avec vos coordonn\u00e9es.<\/li>\n<\/ol>\n\n\n\n<p>L&rsquo;application se trouve toujours sur l&rsquo;\u00e9cran d&rsquo;accueil. Vous devrez peut-\u00eatre faire d\u00e9filer jusqu&rsquo;\u00e0 la page suivante pour le trouver. Si ces \u00e9tapes ne fonctionnent pas, veuillez contacter <a href=\"https:\/\/www.spottergps.com\/fr\/service-clients\/\" data-type=\"URL\" data-id=\"https:\/\/www.spottergps.com\/fr\/service-clients\/\">le service client.<\/a><\/p>\n","protected":false},"excerpt":{"rendered":"<p>Nous sommes d\u00e9sol\u00e9s que vous n&rsquo;ayez pas encore pu t\u00e9l\u00e9charger l&rsquo;application Spotter. Nous vous aiderons en suivant les \u00e9tapes ci-dessous. \u00c9tape 1 : Connexion Internet Il est utile de toujours v\u00e9rifier les conditions de base en premier. V\u00e9rifiez si l&rsquo;appareil est connect\u00e9 \u00e0 Internet. Une connexion WiFi est recommand\u00e9e pour t\u00e9l\u00e9charger l&rsquo;application. Mais vous pouvez [&hellip;]<\/p>\n","protected":false},"author":8,"featured_media":0,"parent":1188,"menu_order":0,"comment_status":"closed","ping_status":"closed","template":"faq-content.php","meta":{"_acf_changed":false,"footnotes":""},"categories":[],"tags":[],"class_list":["post-1394","page","type-page","status-publish","hentry"],"acf":[],"yoast_head":"<!-- This site is optimized with the Yoast SEO plugin v25.9 - https:\/\/yoast.com\/wordpress\/plugins\/seo\/ -->\n<title>Je ne peux pas t\u00e9l\u00e9charger l&#039;application Spotter - Spotter France<\/title>\n<meta name=\"robots\" content=\"index, follow, max-snippet:-1, max-image-preview:large, max-video-preview:-1\" \/>\n<link rel=\"canonical\" href=\"https:\/\/www.spottergps.com\/fr\/faq\/application\/je-ne-peux-pas-telecharger-lapplication-spotter\/\" \/>\n<meta property=\"og:locale\" content=\"fr_FR\" \/>\n<meta property=\"og:type\" content=\"article\" \/>\n<meta property=\"og:title\" content=\"Je ne peux pas t\u00e9l\u00e9charger l&#039;application Spotter - Spotter France\" \/>\n<meta property=\"og:description\" content=\"Nous sommes d\u00e9sol\u00e9s que vous n&rsquo;ayez pas encore pu t\u00e9l\u00e9charger l&rsquo;application Spotter. Nous vous aiderons en suivant les \u00e9tapes ci-dessous. \u00c9tape 1 : Connexion Internet Il est utile de toujours v\u00e9rifier les conditions de base en premier. V\u00e9rifiez si l&rsquo;appareil est connect\u00e9 \u00e0 Internet. Une connexion WiFi est recommand\u00e9e pour t\u00e9l\u00e9charger l&rsquo;application. Mais vous pouvez [&hellip;]\" \/>\n<meta property=\"og:url\" content=\"https:\/\/www.spottergps.com\/fr\/faq\/application\/je-ne-peux-pas-telecharger-lapplication-spotter\/\" \/>\n<meta property=\"og:site_name\" content=\"Spotter France\" \/>\n<meta property=\"article:modified_time\" content=\"2023-11-06T14:16:43+00:00\" \/>\n<meta name=\"twitter:card\" content=\"summary_large_image\" \/>\n<meta name=\"twitter:label1\" content=\"Dur\u00e9e de lecture estim\u00e9e\" \/>\n\t<meta name=\"twitter:data1\" content=\"2 minutes\" \/>\n<script type=\"application\/ld+json\" class=\"yoast-schema-graph\">{\"@context\":\"https:\/\/schema.org\",\"@graph\":[{\"@type\":\"WebPage\",\"@id\":\"https:\/\/www.spottergps.com\/fr\/faq\/application\/je-ne-peux-pas-telecharger-lapplication-spotter\/\",\"url\":\"https:\/\/www.spottergps.com\/fr\/faq\/application\/je-ne-peux-pas-telecharger-lapplication-spotter\/\",\"name\":\"Je ne peux pas t\u00e9l\u00e9charger l'application Spotter - Spotter France\",\"isPartOf\":{\"@id\":\"https:\/\/www.spottergps.com\/fr\/#website\"},\"datePublished\":\"2023-09-11T14:32:22+00:00\",\"dateModified\":\"2023-11-06T14:16:43+00:00\",\"breadcrumb\":{\"@id\":\"https:\/\/www.spottergps.com\/fr\/faq\/application\/je-ne-peux-pas-telecharger-lapplication-spotter\/#breadcrumb\"},\"inLanguage\":\"fr-FR\",\"potentialAction\":[{\"@type\":\"ReadAction\",\"target\":[\"https:\/\/www.spottergps.com\/fr\/faq\/application\/je-ne-peux-pas-telecharger-lapplication-spotter\/\"]}]},{\"@type\":\"BreadcrumbList\",\"@id\":\"https:\/\/www.spottergps.com\/fr\/faq\/application\/je-ne-peux-pas-telecharger-lapplication-spotter\/#breadcrumb\",\"itemListElement\":[{\"@type\":\"ListItem\",\"position\":1,\"name\":\"Home\",\"item\":\"https:\/\/www.spottergps.com\/fr\/\"},{\"@type\":\"ListItem\",\"position\":2,\"name\":\"Comment pouvons-nous vous aider?\",\"item\":\"https:\/\/www.spottergps.com\/fr\/faq\/\"},{\"@type\":\"ListItem\",\"position\":3,\"name\":\"Application\",\"item\":\"https:\/\/www.spottergps.com\/fr\/faq\/application\/\"},{\"@type\":\"ListItem\",\"position\":4,\"name\":\"Je ne peux pas t\u00e9l\u00e9charger l&rsquo;application Spotter\"}]},{\"@type\":\"WebSite\",\"@id\":\"https:\/\/www.spottergps.com\/fr\/#website\",\"url\":\"https:\/\/www.spottergps.com\/fr\/\",\"name\":\"Spotter France\",\"description\":\"Een andere Spotter websites site\",\"potentialAction\":[{\"@type\":\"SearchAction\",\"target\":{\"@type\":\"EntryPoint\",\"urlTemplate\":\"https:\/\/www.spottergps.com\/fr\/?s={search_term_string}\"},\"query-input\":{\"@type\":\"PropertyValueSpecification\",\"valueRequired\":true,\"valueName\":\"search_term_string\"}}],\"inLanguage\":\"fr-FR\"}]}<\/script>\n<!-- \/ Yoast SEO plugin. -->","yoast_head_json":{"title":"Je ne peux pas t\u00e9l\u00e9charger l'application Spotter - Spotter France","robots":{"index":"index","follow":"follow","max-snippet":"max-snippet:-1","max-image-preview":"max-image-preview:large","max-video-preview":"max-video-preview:-1"},"canonical":"https:\/\/www.spottergps.com\/fr\/faq\/application\/je-ne-peux-pas-telecharger-lapplication-spotter\/","og_locale":"fr_FR","og_type":"article","og_title":"Je ne peux pas t\u00e9l\u00e9charger l'application Spotter - Spotter France","og_description":"Nous sommes d\u00e9sol\u00e9s que vous n&rsquo;ayez pas encore pu t\u00e9l\u00e9charger l&rsquo;application Spotter. Nous vous aiderons en suivant les \u00e9tapes ci-dessous. \u00c9tape 1 : Connexion Internet Il est utile de toujours v\u00e9rifier les conditions de base en premier. V\u00e9rifiez si l&rsquo;appareil est connect\u00e9 \u00e0 Internet. Une connexion WiFi est recommand\u00e9e pour t\u00e9l\u00e9charger l&rsquo;application. Mais vous pouvez [&hellip;]","og_url":"https:\/\/www.spottergps.com\/fr\/faq\/application\/je-ne-peux-pas-telecharger-lapplication-spotter\/","og_site_name":"Spotter France","article_modified_time":"2023-11-06T14:16:43+00:00","twitter_card":"summary_large_image","twitter_misc":{"Dur\u00e9e de lecture estim\u00e9e":"2 minutes"},"schema":{"@context":"https:\/\/schema.org","@graph":[{"@type":"WebPage","@id":"https:\/\/www.spottergps.com\/fr\/faq\/application\/je-ne-peux-pas-telecharger-lapplication-spotter\/","url":"https:\/\/www.spottergps.com\/fr\/faq\/application\/je-ne-peux-pas-telecharger-lapplication-spotter\/","name":"Je ne peux pas t\u00e9l\u00e9charger l'application Spotter - Spotter France","isPartOf":{"@id":"https:\/\/www.spottergps.com\/fr\/#website"},"datePublished":"2023-09-11T14:32:22+00:00","dateModified":"2023-11-06T14:16:43+00:00","breadcrumb":{"@id":"https:\/\/www.spottergps.com\/fr\/faq\/application\/je-ne-peux-pas-telecharger-lapplication-spotter\/#breadcrumb"},"inLanguage":"fr-FR","potentialAction":[{"@type":"ReadAction","target":["https:\/\/www.spottergps.com\/fr\/faq\/application\/je-ne-peux-pas-telecharger-lapplication-spotter\/"]}]},{"@type":"BreadcrumbList","@id":"https:\/\/www.spottergps.com\/fr\/faq\/application\/je-ne-peux-pas-telecharger-lapplication-spotter\/#breadcrumb","itemListElement":[{"@type":"ListItem","position":1,"name":"Home","item":"https:\/\/www.spottergps.com\/fr\/"},{"@type":"ListItem","position":2,"name":"Comment pouvons-nous vous aider?","item":"https:\/\/www.spottergps.com\/fr\/faq\/"},{"@type":"ListItem","position":3,"name":"Application","item":"https:\/\/www.spottergps.com\/fr\/faq\/application\/"},{"@type":"ListItem","position":4,"name":"Je ne peux pas t\u00e9l\u00e9charger l&rsquo;application Spotter"}]},{"@type":"WebSite","@id":"https:\/\/www.spottergps.com\/fr\/#website","url":"https:\/\/www.spottergps.com\/fr\/","name":"Spotter France","description":"Een andere Spotter websites site","potentialAction":[{"@type":"SearchAction","target":{"@type":"EntryPoint","urlTemplate":"https:\/\/www.spottergps.com\/fr\/?s={search_term_string}"},"query-input":{"@type":"PropertyValueSpecification","valueRequired":true,"valueName":"search_term_string"}}],"inLanguage":"fr-FR"}]}},"_links":{"self":[{"href":"https:\/\/www.spottergps.com\/fr\/wp-json\/wp\/v2\/pages\/1394","targetHints":{"allow":["GET"]}}],"collection":[{"href":"https:\/\/www.spottergps.com\/fr\/wp-json\/wp\/v2\/pages"}],"about":[{"href":"https:\/\/www.spottergps.com\/fr\/wp-json\/wp\/v2\/types\/page"}],"author":[{"embeddable":true,"href":"https:\/\/www.spottergps.com\/fr\/wp-json\/wp\/v2\/users\/8"}],"replies":[{"embeddable":true,"href":"https:\/\/www.spottergps.com\/fr\/wp-json\/wp\/v2\/comments?post=1394"}],"version-history":[{"count":4,"href":"https:\/\/www.spottergps.com\/fr\/wp-json\/wp\/v2\/pages\/1394\/revisions"}],"predecessor-version":[{"id":1751,"href":"https:\/\/www.spottergps.com\/fr\/wp-json\/wp\/v2\/pages\/1394\/revisions\/1751"}],"up":[{"embeddable":true,"href":"https:\/\/www.spottergps.com\/fr\/wp-json\/wp\/v2\/pages\/1188"}],"wp:attachment":[{"href":"https:\/\/www.spottergps.com\/fr\/wp-json\/wp\/v2\/media?parent=1394"}],"wp:term":[{"taxonomy":"category","embeddable":true,"href":"https:\/\/www.spottergps.com\/fr\/wp-json\/wp\/v2\/categories?post=1394"},{"taxonomy":"post_tag","embeddable":true,"href":"https:\/\/www.spottergps.com\/fr\/wp-json\/wp\/v2\/tags?post=1394"}],"curies":[{"name":"wp","href":"https:\/\/api.w.org\/{rel}","templated":true}]}}