{"id":1391,"date":"2023-09-11T15:27:31","date_gmt":"2023-09-11T14:27:31","guid":{"rendered":"https:\/\/www.spottergps.com\/fr\/?page_id=1391"},"modified":"2023-11-06T15:13:59","modified_gmt":"2023-11-06T14:13:59","slug":"comment-mettre-a-jour-lapplication-spotter","status":"publish","type":"page","link":"https:\/\/www.spottergps.com\/fr\/faq\/application\/comment-mettre-a-jour-lapplication-spotter\/","title":{"rendered":"Comment mettre \u00e0 jour l&rsquo;application Spotter\u00a0?"},"content":{"rendered":"\n<p>L&rsquo;application Spotter est r\u00e9guli\u00e8rement mise \u00e0 jour avec de nouvelles fonctionnalit\u00e9s ou des bugs corrig\u00e9s. Il est donc important de garder un \u0153il sur ces mises \u00e0 jour. Souvent, ces mises \u00e0 jour sont automatiquement mises \u00e0 jour sur les appareils et vous n&rsquo;avez rien \u00e0 faire. Si vous ne l&rsquo;avez pas configur\u00e9, nous vous recommandons de garder un \u0153il sur ces mises \u00e0 jour et de les mettre \u00e0 jour r\u00e9guli\u00e8rement. De cette fa\u00e7on, vous garantissez une exp\u00e9rience utilisateur optimale et vous utilisez toujours les derni\u00e8res fonctions.<\/p>\n\n\n\n<p><strong>Apple<\/strong><\/p>\n\n\n\n<p>Si vous ouvrez l&rsquo;Apple Store, vous verrez une fonction de recherche en bas \u00e0 droite. L\u00e0, vous recherchez \u00ab\u00a0spotter gps\u00a0\u00bb. L&rsquo;application Spotter appara\u00eetra maintenant. Cliquez sur l&rsquo;ic\u00f4ne de l&rsquo;application et vous trouverez des informations sur l&rsquo;\u00e9tat actuel de l&rsquo;application et si elle doit \u00eatre mise \u00e0 jour avec une version plus r\u00e9cente.<\/p>\n\n\n\n<p><strong>&nbsp;&nbsp;&nbsp;&nbsp;&nbsp;Android<\/strong><\/p>\n\n\n\n<p>Lorsque vous ouvrez le Play Store, cliquez sur le bouton de menu (cercle) en haut \u00e0 droite ou utilisez l&rsquo;\u00e9cran de recherche et entrez \u00ab\u00a0spotter gps\u00a0\u00bb. Cliquez ensuite sur \u00ab\u00a0g\u00e9rer les applications et l&rsquo;appareil\u00a0\u00bb. Ensuite, vous arriverez sur la page de mise \u00e0 jour. Ensuite, recherchez sur cette page \u00ab\u00a0Spotter GPS\u00a0\u00bb. Lorsque vous avez trouv\u00e9 l&rsquo;application, cliquez sur \u00ab\u00a0mettre \u00e0 jour\u00a0\u00bb. L&rsquo;application est en cours de mise \u00e0 jour.<\/p>\n\n\n\n<p><strong>Application Web<\/strong><\/p>\n\n\n\n<p>Si vous utilisez <a href=\"https:\/\/www.spottergps.com\/pwa\/index.html#login\">l&rsquo;application Web<\/a>, elle est automatiquement mise \u00e0 jour avec les mises \u00e0 jour. Vous n&rsquo;avez rien \u00e0 faire pour cela.<\/p>\n\n\n\n<p><\/p>\n","protected":false},"excerpt":{"rendered":"<p>L&rsquo;application Spotter est r\u00e9guli\u00e8rement mise \u00e0 jour avec de nouvelles fonctionnalit\u00e9s ou des bugs corrig\u00e9s. Il est donc important de garder un \u0153il sur ces mises \u00e0 jour. Souvent, ces mises \u00e0 jour sont automatiquement mises \u00e0 jour sur les appareils et vous n&rsquo;avez rien \u00e0 faire. Si vous ne l&rsquo;avez pas configur\u00e9, nous vous [&hellip;]<\/p>\n","protected":false},"author":8,"featured_media":0,"parent":1188,"menu_order":0,"comment_status":"closed","ping_status":"closed","template":"faq-content.php","meta":{"_acf_changed":false,"footnotes":""},"categories":[],"tags":[],"class_list":["post-1391","page","type-page","status-publish","hentry"],"acf":[],"yoast_head":"<!-- This site is optimized with the Yoast SEO plugin v25.9 - https:\/\/yoast.com\/wordpress\/plugins\/seo\/ -->\n<title>Comment mettre \u00e0 jour l&#039;application Spotter\u00a0? - Spotter France<\/title>\n<meta name=\"robots\" content=\"index, follow, max-snippet:-1, max-image-preview:large, max-video-preview:-1\" \/>\n<link rel=\"canonical\" href=\"https:\/\/www.spottergps.com\/fr\/faq\/application\/comment-mettre-a-jour-lapplication-spotter\/\" \/>\n<meta property=\"og:locale\" content=\"fr_FR\" \/>\n<meta property=\"og:type\" content=\"article\" \/>\n<meta property=\"og:title\" content=\"Comment mettre \u00e0 jour l&#039;application Spotter\u00a0? - Spotter France\" \/>\n<meta property=\"og:description\" content=\"L&rsquo;application Spotter est r\u00e9guli\u00e8rement mise \u00e0 jour avec de nouvelles fonctionnalit\u00e9s ou des bugs corrig\u00e9s. Il est donc important de garder un \u0153il sur ces mises \u00e0 jour. Souvent, ces mises \u00e0 jour sont automatiquement mises \u00e0 jour sur les appareils et vous n&rsquo;avez rien \u00e0 faire. Si vous ne l&rsquo;avez pas configur\u00e9, nous vous [&hellip;]\" \/>\n<meta property=\"og:url\" content=\"https:\/\/www.spottergps.com\/fr\/faq\/application\/comment-mettre-a-jour-lapplication-spotter\/\" \/>\n<meta property=\"og:site_name\" content=\"Spotter France\" \/>\n<meta property=\"article:modified_time\" content=\"2023-11-06T14:13:59+00:00\" \/>\n<meta name=\"twitter:card\" content=\"summary_large_image\" \/>\n<meta name=\"twitter:label1\" content=\"Dur\u00e9e de lecture estim\u00e9e\" \/>\n\t<meta name=\"twitter:data1\" content=\"1 minute\" \/>\n<script type=\"application\/ld+json\" class=\"yoast-schema-graph\">{\"@context\":\"https:\/\/schema.org\",\"@graph\":[{\"@type\":\"WebPage\",\"@id\":\"https:\/\/www.spottergps.com\/fr\/faq\/application\/comment-mettre-a-jour-lapplication-spotter\/\",\"url\":\"https:\/\/www.spottergps.com\/fr\/faq\/application\/comment-mettre-a-jour-lapplication-spotter\/\",\"name\":\"Comment mettre \u00e0 jour l'application Spotter\u00a0? - Spotter France\",\"isPartOf\":{\"@id\":\"https:\/\/www.spottergps.com\/fr\/#website\"},\"datePublished\":\"2023-09-11T14:27:31+00:00\",\"dateModified\":\"2023-11-06T14:13:59+00:00\",\"breadcrumb\":{\"@id\":\"https:\/\/www.spottergps.com\/fr\/faq\/application\/comment-mettre-a-jour-lapplication-spotter\/#breadcrumb\"},\"inLanguage\":\"fr-FR\",\"potentialAction\":[{\"@type\":\"ReadAction\",\"target\":[\"https:\/\/www.spottergps.com\/fr\/faq\/application\/comment-mettre-a-jour-lapplication-spotter\/\"]}]},{\"@type\":\"BreadcrumbList\",\"@id\":\"https:\/\/www.spottergps.com\/fr\/faq\/application\/comment-mettre-a-jour-lapplication-spotter\/#breadcrumb\",\"itemListElement\":[{\"@type\":\"ListItem\",\"position\":1,\"name\":\"Home\",\"item\":\"https:\/\/www.spottergps.com\/fr\/\"},{\"@type\":\"ListItem\",\"position\":2,\"name\":\"Comment pouvons-nous vous aider?\",\"item\":\"https:\/\/www.spottergps.com\/fr\/faq\/\"},{\"@type\":\"ListItem\",\"position\":3,\"name\":\"Application\",\"item\":\"https:\/\/www.spottergps.com\/fr\/faq\/application\/\"},{\"@type\":\"ListItem\",\"position\":4,\"name\":\"Comment mettre \u00e0 jour l&rsquo;application Spotter\u00a0?\"}]},{\"@type\":\"WebSite\",\"@id\":\"https:\/\/www.spottergps.com\/fr\/#website\",\"url\":\"https:\/\/www.spottergps.com\/fr\/\",\"name\":\"Spotter France\",\"description\":\"Een andere Spotter websites site\",\"potentialAction\":[{\"@type\":\"SearchAction\",\"target\":{\"@type\":\"EntryPoint\",\"urlTemplate\":\"https:\/\/www.spottergps.com\/fr\/?s={search_term_string}\"},\"query-input\":{\"@type\":\"PropertyValueSpecification\",\"valueRequired\":true,\"valueName\":\"search_term_string\"}}],\"inLanguage\":\"fr-FR\"}]}<\/script>\n<!-- \/ Yoast SEO plugin. -->","yoast_head_json":{"title":"Comment mettre \u00e0 jour l'application Spotter\u00a0? - Spotter France","robots":{"index":"index","follow":"follow","max-snippet":"max-snippet:-1","max-image-preview":"max-image-preview:large","max-video-preview":"max-video-preview:-1"},"canonical":"https:\/\/www.spottergps.com\/fr\/faq\/application\/comment-mettre-a-jour-lapplication-spotter\/","og_locale":"fr_FR","og_type":"article","og_title":"Comment mettre \u00e0 jour l'application Spotter\u00a0? - Spotter France","og_description":"L&rsquo;application Spotter est r\u00e9guli\u00e8rement mise \u00e0 jour avec de nouvelles fonctionnalit\u00e9s ou des bugs corrig\u00e9s. Il est donc important de garder un \u0153il sur ces mises \u00e0 jour. Souvent, ces mises \u00e0 jour sont automatiquement mises \u00e0 jour sur les appareils et vous n&rsquo;avez rien \u00e0 faire. Si vous ne l&rsquo;avez pas configur\u00e9, nous vous [&hellip;]","og_url":"https:\/\/www.spottergps.com\/fr\/faq\/application\/comment-mettre-a-jour-lapplication-spotter\/","og_site_name":"Spotter France","article_modified_time":"2023-11-06T14:13:59+00:00","twitter_card":"summary_large_image","twitter_misc":{"Dur\u00e9e de lecture estim\u00e9e":"1 minute"},"schema":{"@context":"https:\/\/schema.org","@graph":[{"@type":"WebPage","@id":"https:\/\/www.spottergps.com\/fr\/faq\/application\/comment-mettre-a-jour-lapplication-spotter\/","url":"https:\/\/www.spottergps.com\/fr\/faq\/application\/comment-mettre-a-jour-lapplication-spotter\/","name":"Comment mettre \u00e0 jour l'application Spotter\u00a0? - Spotter France","isPartOf":{"@id":"https:\/\/www.spottergps.com\/fr\/#website"},"datePublished":"2023-09-11T14:27:31+00:00","dateModified":"2023-11-06T14:13:59+00:00","breadcrumb":{"@id":"https:\/\/www.spottergps.com\/fr\/faq\/application\/comment-mettre-a-jour-lapplication-spotter\/#breadcrumb"},"inLanguage":"fr-FR","potentialAction":[{"@type":"ReadAction","target":["https:\/\/www.spottergps.com\/fr\/faq\/application\/comment-mettre-a-jour-lapplication-spotter\/"]}]},{"@type":"BreadcrumbList","@id":"https:\/\/www.spottergps.com\/fr\/faq\/application\/comment-mettre-a-jour-lapplication-spotter\/#breadcrumb","itemListElement":[{"@type":"ListItem","position":1,"name":"Home","item":"https:\/\/www.spottergps.com\/fr\/"},{"@type":"ListItem","position":2,"name":"Comment pouvons-nous vous aider?","item":"https:\/\/www.spottergps.com\/fr\/faq\/"},{"@type":"ListItem","position":3,"name":"Application","item":"https:\/\/www.spottergps.com\/fr\/faq\/application\/"},{"@type":"ListItem","position":4,"name":"Comment mettre \u00e0 jour l&rsquo;application Spotter\u00a0?"}]},{"@type":"WebSite","@id":"https:\/\/www.spottergps.com\/fr\/#website","url":"https:\/\/www.spottergps.com\/fr\/","name":"Spotter France","description":"Een andere Spotter websites site","potentialAction":[{"@type":"SearchAction","target":{"@type":"EntryPoint","urlTemplate":"https:\/\/www.spottergps.com\/fr\/?s={search_term_string}"},"query-input":{"@type":"PropertyValueSpecification","valueRequired":true,"valueName":"search_term_string"}}],"inLanguage":"fr-FR"}]}},"_links":{"self":[{"href":"https:\/\/www.spottergps.com\/fr\/wp-json\/wp\/v2\/pages\/1391","targetHints":{"allow":["GET"]}}],"collection":[{"href":"https:\/\/www.spottergps.com\/fr\/wp-json\/wp\/v2\/pages"}],"about":[{"href":"https:\/\/www.spottergps.com\/fr\/wp-json\/wp\/v2\/types\/page"}],"author":[{"embeddable":true,"href":"https:\/\/www.spottergps.com\/fr\/wp-json\/wp\/v2\/users\/8"}],"replies":[{"embeddable":true,"href":"https:\/\/www.spottergps.com\/fr\/wp-json\/wp\/v2\/comments?post=1391"}],"version-history":[{"count":4,"href":"https:\/\/www.spottergps.com\/fr\/wp-json\/wp\/v2\/pages\/1391\/revisions"}],"predecessor-version":[{"id":1749,"href":"https:\/\/www.spottergps.com\/fr\/wp-json\/wp\/v2\/pages\/1391\/revisions\/1749"}],"up":[{"embeddable":true,"href":"https:\/\/www.spottergps.com\/fr\/wp-json\/wp\/v2\/pages\/1188"}],"wp:attachment":[{"href":"https:\/\/www.spottergps.com\/fr\/wp-json\/wp\/v2\/media?parent=1391"}],"wp:term":[{"taxonomy":"category","embeddable":true,"href":"https:\/\/www.spottergps.com\/fr\/wp-json\/wp\/v2\/categories?post=1391"},{"taxonomy":"post_tag","embeddable":true,"href":"https:\/\/www.spottergps.com\/fr\/wp-json\/wp\/v2\/tags?post=1391"}],"curies":[{"name":"wp","href":"https:\/\/api.w.org\/{rel}","templated":true}]}}