{"id":1382,"date":"2023-09-11T15:17:36","date_gmt":"2023-09-11T14:17:36","guid":{"rendered":"https:\/\/www.spottergps.com\/fr\/?page_id=1382"},"modified":"2023-11-06T15:09:07","modified_gmt":"2023-11-06T14:09:07","slug":"mon-spotter-ne-charge-pas","status":"publish","type":"page","link":"https:\/\/www.spottergps.com\/fr\/faq\/batterie-et-chargement\/mon-spotter-ne-charge-pas\/","title":{"rendered":"Mon Spotter ne charge pas"},"content":{"rendered":"\n<p>Voyez quel produit vous avez et comment charger au mieux le Spotter.<\/p>\n\n\n\n<h2 class=\"wp-block-heading\"><strong>Montre GPS Spotter<\/strong><\/h2>\n\n\n\n<p>Utilisez le c\u00e2ble USB fourni pour le chargement. Vous placez les deux points du chargeur sur les connecteurs \u00e0 l&rsquo;arri\u00e8re de la Spotter GPS Watch. Placez ensuite l&rsquo;extr\u00e9mit\u00e9 du c\u00e2ble dans un port USB ou un chargeur USB, apr\u00e8s quoi la Spotter GPS Watch commence \u00e0 se charger. Une batterie en cours de chargement appara\u00eet sur l&rsquo;\u00e9cran de la montre GPS Spotter. D\u00e8s qu&rsquo;elle est pleine (la montre est compl\u00e8tement charg\u00e9e au bout de 4 heures), vous pouvez d\u00e9brancher la montre GPS Spotter de l&rsquo;alimentation et la rallumer.<\/p>\n\n\n\n<p>Assurez-vous que les broches du chargeur sont correctement install\u00e9es sur la montre GPS Spotter. Si les broches ne sont pas ins\u00e9r\u00e9es correctement, le Spotter ne se chargera pas. Si vous posez le Spotter sur le chargeur alors qu&rsquo;il est compl\u00e8tement vide, il faudra attendre 5 \u00e0 10 minutes avant de pouvoir allumer le Spotter.<\/p>\n\n\n\n<h2 class=\"wp-block-heading\"><strong>Traqueur GPS Spotter<\/strong><\/h2>\n\n\n\n<p>Vous connectez le c\u00e2ble USB au chargeur USB et le branchez dans la prise. Ins\u00e9rez l&rsquo;extr\u00e9mit\u00e9 du c\u00e2ble USB dans le port situ\u00e9 sur le c\u00f4t\u00e9 du Spotter GPS Tracker ou placez le Spotter dans <a href=\"https:\/\/shop.spottergps.com\/fr\/spotter-dock.html\">la station de chargement.<\/a> Le Spotter GPS Tracker est compl\u00e8tement charg\u00e9 en 2 \u00e0 3 heures. Assurez-vous que l&rsquo;extr\u00e9mit\u00e9 du c\u00e2ble USB est correctement branch\u00e9e au Spotter GPS Tracker, sinon le Spotter ne se chargera pas.<\/p>\n\n\n\n<h2 class=\"wp-block-heading\"><strong>Observateur d&rsquo;animaux<\/strong><\/h2>\n\n\n\n<p>Utilisez le c\u00e2ble USB fourni pour le chargement. Le Pet Spotter a un chargeur magn\u00e9tique qui se fixe au Pet Spotter. Lorsque le chargeur est correctement connect\u00e9, l&rsquo;anneau LED s&rsquo;allume et clignote. D\u00e8s que le Pet Spotter est charg\u00e9 \u00e0 5%, il s&rsquo;allume automatiquement et un son retentit.<\/p>\n\n\n\n<h2 class=\"wp-block-heading\"><strong>Montre GPS Spotter \u2013 Air<\/strong><\/h2>\n\n\n\n<p>Utilisez le c\u00e2ble USB fourni pour le chargement. La Spotter GPS Watch &#8211; Air poss\u00e8de un chargeur magn\u00e9tique qui se fixe sur la Spotter GPS Watch. Vous placez ensuite l&rsquo;extr\u00e9mit\u00e9 du c\u00e2ble dans un port USB apr\u00e8s quoi la Spotter Watch &#8211; Air commence \u00e0 se charger. Une batterie en cours de chargement appara\u00eet sur l&rsquo;\u00e9cran de la Spotter GPS Watch Air. D\u00e8s qu&rsquo;elle est pleine (apr\u00e8s 2-3 heures, la montre est compl\u00e8tement charg\u00e9e), vous pouvez d\u00e9brancher la Spotter GPS Watch \u2013 Air de l&rsquo;alimentation et l&rsquo;allumer.<\/p>\n","protected":false},"excerpt":{"rendered":"<p>Voyez quel produit vous avez et comment charger au mieux le Spotter. Montre GPS Spotter Utilisez le c\u00e2ble USB fourni pour le chargement. Vous placez les deux points du chargeur sur les connecteurs \u00e0 l&rsquo;arri\u00e8re de la Spotter GPS Watch. Placez ensuite l&rsquo;extr\u00e9mit\u00e9 du c\u00e2ble dans un port USB ou un chargeur USB, apr\u00e8s quoi [&hellip;]<\/p>\n","protected":false},"author":8,"featured_media":0,"parent":1186,"menu_order":0,"comment_status":"closed","ping_status":"closed","template":"faq-content.php","meta":{"_acf_changed":false,"footnotes":""},"categories":[],"tags":[],"class_list":["post-1382","page","type-page","status-publish","hentry"],"acf":[],"yoast_head":"<!-- This site is optimized with the Yoast SEO plugin v25.9 - https:\/\/yoast.com\/wordpress\/plugins\/seo\/ -->\n<title>Mon Spotter ne charge pas - Spotter France<\/title>\n<meta name=\"robots\" content=\"index, follow, max-snippet:-1, max-image-preview:large, max-video-preview:-1\" \/>\n<link rel=\"canonical\" href=\"https:\/\/www.spottergps.com\/fr\/faq\/batterie-et-chargement\/mon-spotter-ne-charge-pas\/\" \/>\n<meta property=\"og:locale\" content=\"fr_FR\" \/>\n<meta property=\"og:type\" content=\"article\" \/>\n<meta property=\"og:title\" content=\"Mon Spotter ne charge pas - Spotter France\" \/>\n<meta property=\"og:description\" content=\"Voyez quel produit vous avez et comment charger au mieux le Spotter. Montre GPS Spotter Utilisez le c\u00e2ble USB fourni pour le chargement. Vous placez les deux points du chargeur sur les connecteurs \u00e0 l&rsquo;arri\u00e8re de la Spotter GPS Watch. Placez ensuite l&rsquo;extr\u00e9mit\u00e9 du c\u00e2ble dans un port USB ou un chargeur USB, apr\u00e8s quoi [&hellip;]\" \/>\n<meta property=\"og:url\" content=\"https:\/\/www.spottergps.com\/fr\/faq\/batterie-et-chargement\/mon-spotter-ne-charge-pas\/\" \/>\n<meta property=\"og:site_name\" content=\"Spotter France\" \/>\n<meta property=\"article:modified_time\" content=\"2023-11-06T14:09:07+00:00\" \/>\n<meta name=\"twitter:card\" content=\"summary_large_image\" \/>\n<meta name=\"twitter:label1\" content=\"Dur\u00e9e de lecture estim\u00e9e\" \/>\n\t<meta name=\"twitter:data1\" content=\"2 minutes\" \/>\n<script type=\"application\/ld+json\" class=\"yoast-schema-graph\">{\"@context\":\"https:\/\/schema.org\",\"@graph\":[{\"@type\":\"WebPage\",\"@id\":\"https:\/\/www.spottergps.com\/fr\/faq\/batterie-et-chargement\/mon-spotter-ne-charge-pas\/\",\"url\":\"https:\/\/www.spottergps.com\/fr\/faq\/batterie-et-chargement\/mon-spotter-ne-charge-pas\/\",\"name\":\"Mon Spotter ne charge pas - Spotter France\",\"isPartOf\":{\"@id\":\"https:\/\/www.spottergps.com\/fr\/#website\"},\"datePublished\":\"2023-09-11T14:17:36+00:00\",\"dateModified\":\"2023-11-06T14:09:07+00:00\",\"breadcrumb\":{\"@id\":\"https:\/\/www.spottergps.com\/fr\/faq\/batterie-et-chargement\/mon-spotter-ne-charge-pas\/#breadcrumb\"},\"inLanguage\":\"fr-FR\",\"potentialAction\":[{\"@type\":\"ReadAction\",\"target\":[\"https:\/\/www.spottergps.com\/fr\/faq\/batterie-et-chargement\/mon-spotter-ne-charge-pas\/\"]}]},{\"@type\":\"BreadcrumbList\",\"@id\":\"https:\/\/www.spottergps.com\/fr\/faq\/batterie-et-chargement\/mon-spotter-ne-charge-pas\/#breadcrumb\",\"itemListElement\":[{\"@type\":\"ListItem\",\"position\":1,\"name\":\"Home\",\"item\":\"https:\/\/www.spottergps.com\/fr\/\"},{\"@type\":\"ListItem\",\"position\":2,\"name\":\"Comment pouvons-nous vous aider?\",\"item\":\"https:\/\/www.spottergps.com\/fr\/faq\/\"},{\"@type\":\"ListItem\",\"position\":3,\"name\":\"Batterie et chargement\",\"item\":\"https:\/\/www.spottergps.com\/fr\/faq\/batterie-et-chargement\/\"},{\"@type\":\"ListItem\",\"position\":4,\"name\":\"Mon Spotter ne charge pas\"}]},{\"@type\":\"WebSite\",\"@id\":\"https:\/\/www.spottergps.com\/fr\/#website\",\"url\":\"https:\/\/www.spottergps.com\/fr\/\",\"name\":\"Spotter France\",\"description\":\"Een andere Spotter websites site\",\"potentialAction\":[{\"@type\":\"SearchAction\",\"target\":{\"@type\":\"EntryPoint\",\"urlTemplate\":\"https:\/\/www.spottergps.com\/fr\/?s={search_term_string}\"},\"query-input\":{\"@type\":\"PropertyValueSpecification\",\"valueRequired\":true,\"valueName\":\"search_term_string\"}}],\"inLanguage\":\"fr-FR\"}]}<\/script>\n<!-- \/ Yoast SEO plugin. -->","yoast_head_json":{"title":"Mon Spotter ne charge pas - Spotter France","robots":{"index":"index","follow":"follow","max-snippet":"max-snippet:-1","max-image-preview":"max-image-preview:large","max-video-preview":"max-video-preview:-1"},"canonical":"https:\/\/www.spottergps.com\/fr\/faq\/batterie-et-chargement\/mon-spotter-ne-charge-pas\/","og_locale":"fr_FR","og_type":"article","og_title":"Mon Spotter ne charge pas - Spotter France","og_description":"Voyez quel produit vous avez et comment charger au mieux le Spotter. Montre GPS Spotter Utilisez le c\u00e2ble USB fourni pour le chargement. Vous placez les deux points du chargeur sur les connecteurs \u00e0 l&rsquo;arri\u00e8re de la Spotter GPS Watch. Placez ensuite l&rsquo;extr\u00e9mit\u00e9 du c\u00e2ble dans un port USB ou un chargeur USB, apr\u00e8s quoi [&hellip;]","og_url":"https:\/\/www.spottergps.com\/fr\/faq\/batterie-et-chargement\/mon-spotter-ne-charge-pas\/","og_site_name":"Spotter France","article_modified_time":"2023-11-06T14:09:07+00:00","twitter_card":"summary_large_image","twitter_misc":{"Dur\u00e9e de lecture estim\u00e9e":"2 minutes"},"schema":{"@context":"https:\/\/schema.org","@graph":[{"@type":"WebPage","@id":"https:\/\/www.spottergps.com\/fr\/faq\/batterie-et-chargement\/mon-spotter-ne-charge-pas\/","url":"https:\/\/www.spottergps.com\/fr\/faq\/batterie-et-chargement\/mon-spotter-ne-charge-pas\/","name":"Mon Spotter ne charge pas - Spotter France","isPartOf":{"@id":"https:\/\/www.spottergps.com\/fr\/#website"},"datePublished":"2023-09-11T14:17:36+00:00","dateModified":"2023-11-06T14:09:07+00:00","breadcrumb":{"@id":"https:\/\/www.spottergps.com\/fr\/faq\/batterie-et-chargement\/mon-spotter-ne-charge-pas\/#breadcrumb"},"inLanguage":"fr-FR","potentialAction":[{"@type":"ReadAction","target":["https:\/\/www.spottergps.com\/fr\/faq\/batterie-et-chargement\/mon-spotter-ne-charge-pas\/"]}]},{"@type":"BreadcrumbList","@id":"https:\/\/www.spottergps.com\/fr\/faq\/batterie-et-chargement\/mon-spotter-ne-charge-pas\/#breadcrumb","itemListElement":[{"@type":"ListItem","position":1,"name":"Home","item":"https:\/\/www.spottergps.com\/fr\/"},{"@type":"ListItem","position":2,"name":"Comment pouvons-nous vous aider?","item":"https:\/\/www.spottergps.com\/fr\/faq\/"},{"@type":"ListItem","position":3,"name":"Batterie et chargement","item":"https:\/\/www.spottergps.com\/fr\/faq\/batterie-et-chargement\/"},{"@type":"ListItem","position":4,"name":"Mon Spotter ne charge pas"}]},{"@type":"WebSite","@id":"https:\/\/www.spottergps.com\/fr\/#website","url":"https:\/\/www.spottergps.com\/fr\/","name":"Spotter France","description":"Een andere Spotter websites site","potentialAction":[{"@type":"SearchAction","target":{"@type":"EntryPoint","urlTemplate":"https:\/\/www.spottergps.com\/fr\/?s={search_term_string}"},"query-input":{"@type":"PropertyValueSpecification","valueRequired":true,"valueName":"search_term_string"}}],"inLanguage":"fr-FR"}]}},"_links":{"self":[{"href":"https:\/\/www.spottergps.com\/fr\/wp-json\/wp\/v2\/pages\/1382","targetHints":{"allow":["GET"]}}],"collection":[{"href":"https:\/\/www.spottergps.com\/fr\/wp-json\/wp\/v2\/pages"}],"about":[{"href":"https:\/\/www.spottergps.com\/fr\/wp-json\/wp\/v2\/types\/page"}],"author":[{"embeddable":true,"href":"https:\/\/www.spottergps.com\/fr\/wp-json\/wp\/v2\/users\/8"}],"replies":[{"embeddable":true,"href":"https:\/\/www.spottergps.com\/fr\/wp-json\/wp\/v2\/comments?post=1382"}],"version-history":[{"count":3,"href":"https:\/\/www.spottergps.com\/fr\/wp-json\/wp\/v2\/pages\/1382\/revisions"}],"predecessor-version":[{"id":1746,"href":"https:\/\/www.spottergps.com\/fr\/wp-json\/wp\/v2\/pages\/1382\/revisions\/1746"}],"up":[{"embeddable":true,"href":"https:\/\/www.spottergps.com\/fr\/wp-json\/wp\/v2\/pages\/1186"}],"wp:attachment":[{"href":"https:\/\/www.spottergps.com\/fr\/wp-json\/wp\/v2\/media?parent=1382"}],"wp:term":[{"taxonomy":"category","embeddable":true,"href":"https:\/\/www.spottergps.com\/fr\/wp-json\/wp\/v2\/categories?post=1382"},{"taxonomy":"post_tag","embeddable":true,"href":"https:\/\/www.spottergps.com\/fr\/wp-json\/wp\/v2\/tags?post=1382"}],"curies":[{"name":"wp","href":"https:\/\/api.w.org\/{rel}","templated":true}]}}