{"id":1378,"date":"2023-09-11T15:10:57","date_gmt":"2023-09-11T14:10:57","guid":{"rendered":"https:\/\/www.spottergps.com\/fr\/?page_id=1378"},"modified":"2023-11-06T15:08:06","modified_gmt":"2023-11-06T14:08:06","slug":"comment-puis-je-savoir-que-la-batterie-est-faible","status":"publish","type":"page","link":"https:\/\/www.spottergps.com\/fr\/faq\/batterie-et-chargement\/comment-puis-je-savoir-que-la-batterie-est-faible\/","title":{"rendered":"Comment puis-je savoir que la batterie est faible\u00a0?"},"content":{"rendered":"\n<p>Ceci est affich\u00e9 de mani\u00e8re diff\u00e9rente pour chaque produit, ce que nous expliquons par produit ci-dessous.<\/p>\n\n\n\n<p><strong>Traceur GPS Spotter<\/strong><br>Si le voyant LED bleu du Spotter GPS Tracker s&rsquo;allume rapidement, cela signifie que la batterie est \u00e0 moins de 15 %. Vous pouvez \u00e9galement voir l&rsquo;\u00e9tat de la batterie dans le compte Spotter. Si vous vous connectez au compte, allez sur la carte et cliquez ici sur le Spotter, un \u00e9cran appara\u00eetra. Cet \u00e9cran affiche l&rsquo;\u00e9tat de la batterie.<\/p>\n\n\n\n<p>Vous recevrez \u00e9galement un message push via l&rsquo;application Spotter et un e-mail \u00e0 l&rsquo;adresse e-mail li\u00e9e lorsque la batterie est presque vide.<\/p>\n\n\n\n<p><strong>Montre GPS Spotter<\/strong><br>Pour la Spotter GPS Watch, une pile est indiqu\u00e9e en haut \u00e0 droite de l&rsquo;\u00e9cran de la montre. Ici, vous pouvez voir \u00e0 quel point la batterie est pleine. Vous pouvez \u00e9galement voir l&rsquo;\u00e9tat de la batterie dans le compte Spotter. Si vous vous connectez au compte, allez sur la carte et cliquez ici sur le Spotter, un \u00e9cran appara\u00eetra. Cet \u00e9cran affiche l&rsquo;\u00e9tat de la batterie.<\/p>\n\n\n\n<p>De plus, si le pourcentage de batterie est inf\u00e9rieur \u00e0 15 %, vous recevrez un message push via l&rsquo;application Spotter et un e-mail \u00e0 l&rsquo;adresse e-mail li\u00e9e.<\/p>\n\n\n\n<p><strong>Observateur d&rsquo;animaux<\/strong><br>Vous pouvez voir l&rsquo;\u00e9tat de la batterie dans le compte Spotter. Si vous vous connectez au compte, allez sur la carte et cliquez ici sur le Spotter, un \u00e9cran appara\u00eetra. Cet \u00e9cran affiche l&rsquo;\u00e9tat de la batterie. Lorsque le Pet Spotter est vide, vous entendrez un son et le Pet Spotter s&rsquo;\u00e9teindra.<\/p>\n\n\n\n<p>De plus, si le pourcentage de batterie est inf\u00e9rieur \u00e0 15 %, vous recevrez un message push via l&rsquo;application Spotter et un e-mail \u00e0 l&rsquo;adresse e-mail li\u00e9e.<\/p>\n\n\n\n<p><strong>Montre GPS Spotter \u2013 Air<\/strong><br>Pour la Spotter GPS Watch Air, une batterie est affich\u00e9e en haut \u00e0 droite de l&rsquo;\u00e9cran de la montre. Ici, vous pouvez voir \u00e0 quel point la batterie est pleine. Vous pouvez \u00e9galement voir l&rsquo;\u00e9tat de la batterie dans le compte Spotter. Si vous vous connectez au compte, allez sur la carte et cliquez ici sur le Spotter, un \u00e9cran appara\u00eetra. Cet \u00e9cran affiche l&rsquo;\u00e9tat de la batterie.<\/p>\n\n\n\n<p>De plus, si le pourcentage de batterie est inf\u00e9rieur \u00e0 15 %, vous recevrez un message push via l&rsquo;application Spotter et un e-mail \u00e0 l&rsquo;adresse e-mail li\u00e9e.<\/p>\n","protected":false},"excerpt":{"rendered":"<p>Ceci est affich\u00e9 de mani\u00e8re diff\u00e9rente pour chaque produit, ce que nous expliquons par produit ci-dessous. Traceur GPS SpotterSi le voyant LED bleu du Spotter GPS Tracker s&rsquo;allume rapidement, cela signifie que la batterie est \u00e0 moins de 15 %. Vous pouvez \u00e9galement voir l&rsquo;\u00e9tat de la batterie dans le compte Spotter. Si vous vous [&hellip;]<\/p>\n","protected":false},"author":8,"featured_media":0,"parent":1186,"menu_order":0,"comment_status":"closed","ping_status":"closed","template":"faq-content.php","meta":{"_acf_changed":false,"footnotes":""},"categories":[],"tags":[],"class_list":["post-1378","page","type-page","status-publish","hentry"],"acf":[],"yoast_head":"<!-- This site is optimized with the Yoast SEO plugin v25.9 - https:\/\/yoast.com\/wordpress\/plugins\/seo\/ -->\n<title>Comment puis-je savoir que la batterie est faible\u00a0? - Spotter France<\/title>\n<meta name=\"robots\" content=\"index, follow, max-snippet:-1, max-image-preview:large, max-video-preview:-1\" \/>\n<link rel=\"canonical\" href=\"https:\/\/www.spottergps.com\/fr\/faq\/batterie-et-chargement\/comment-puis-je-savoir-que-la-batterie-est-faible\/\" \/>\n<meta property=\"og:locale\" content=\"fr_FR\" \/>\n<meta property=\"og:type\" content=\"article\" \/>\n<meta property=\"og:title\" content=\"Comment puis-je savoir que la batterie est faible\u00a0? - Spotter France\" \/>\n<meta property=\"og:description\" content=\"Ceci est affich\u00e9 de mani\u00e8re diff\u00e9rente pour chaque produit, ce que nous expliquons par produit ci-dessous. Traceur GPS SpotterSi le voyant LED bleu du Spotter GPS Tracker s&rsquo;allume rapidement, cela signifie que la batterie est \u00e0 moins de 15 %. Vous pouvez \u00e9galement voir l&rsquo;\u00e9tat de la batterie dans le compte Spotter. Si vous vous [&hellip;]\" \/>\n<meta property=\"og:url\" content=\"https:\/\/www.spottergps.com\/fr\/faq\/batterie-et-chargement\/comment-puis-je-savoir-que-la-batterie-est-faible\/\" \/>\n<meta property=\"og:site_name\" content=\"Spotter France\" \/>\n<meta property=\"article:modified_time\" content=\"2023-11-06T14:08:06+00:00\" \/>\n<meta name=\"twitter:card\" content=\"summary_large_image\" \/>\n<meta name=\"twitter:label1\" content=\"Dur\u00e9e de lecture estim\u00e9e\" \/>\n\t<meta name=\"twitter:data1\" content=\"2 minutes\" \/>\n<script type=\"application\/ld+json\" class=\"yoast-schema-graph\">{\"@context\":\"https:\/\/schema.org\",\"@graph\":[{\"@type\":\"WebPage\",\"@id\":\"https:\/\/www.spottergps.com\/fr\/faq\/batterie-et-chargement\/comment-puis-je-savoir-que-la-batterie-est-faible\/\",\"url\":\"https:\/\/www.spottergps.com\/fr\/faq\/batterie-et-chargement\/comment-puis-je-savoir-que-la-batterie-est-faible\/\",\"name\":\"Comment puis-je savoir que la batterie est faible\u00a0? - Spotter France\",\"isPartOf\":{\"@id\":\"https:\/\/www.spottergps.com\/fr\/#website\"},\"datePublished\":\"2023-09-11T14:10:57+00:00\",\"dateModified\":\"2023-11-06T14:08:06+00:00\",\"breadcrumb\":{\"@id\":\"https:\/\/www.spottergps.com\/fr\/faq\/batterie-et-chargement\/comment-puis-je-savoir-que-la-batterie-est-faible\/#breadcrumb\"},\"inLanguage\":\"fr-FR\",\"potentialAction\":[{\"@type\":\"ReadAction\",\"target\":[\"https:\/\/www.spottergps.com\/fr\/faq\/batterie-et-chargement\/comment-puis-je-savoir-que-la-batterie-est-faible\/\"]}]},{\"@type\":\"BreadcrumbList\",\"@id\":\"https:\/\/www.spottergps.com\/fr\/faq\/batterie-et-chargement\/comment-puis-je-savoir-que-la-batterie-est-faible\/#breadcrumb\",\"itemListElement\":[{\"@type\":\"ListItem\",\"position\":1,\"name\":\"Home\",\"item\":\"https:\/\/www.spottergps.com\/fr\/\"},{\"@type\":\"ListItem\",\"position\":2,\"name\":\"Comment pouvons-nous vous aider?\",\"item\":\"https:\/\/www.spottergps.com\/fr\/faq\/\"},{\"@type\":\"ListItem\",\"position\":3,\"name\":\"Batterie et chargement\",\"item\":\"https:\/\/www.spottergps.com\/fr\/faq\/batterie-et-chargement\/\"},{\"@type\":\"ListItem\",\"position\":4,\"name\":\"Comment puis-je savoir que la batterie est faible\u00a0?\"}]},{\"@type\":\"WebSite\",\"@id\":\"https:\/\/www.spottergps.com\/fr\/#website\",\"url\":\"https:\/\/www.spottergps.com\/fr\/\",\"name\":\"Spotter France\",\"description\":\"Een andere Spotter websites site\",\"potentialAction\":[{\"@type\":\"SearchAction\",\"target\":{\"@type\":\"EntryPoint\",\"urlTemplate\":\"https:\/\/www.spottergps.com\/fr\/?s={search_term_string}\"},\"query-input\":{\"@type\":\"PropertyValueSpecification\",\"valueRequired\":true,\"valueName\":\"search_term_string\"}}],\"inLanguage\":\"fr-FR\"}]}<\/script>\n<!-- \/ Yoast SEO plugin. -->","yoast_head_json":{"title":"Comment puis-je savoir que la batterie est faible\u00a0? - Spotter France","robots":{"index":"index","follow":"follow","max-snippet":"max-snippet:-1","max-image-preview":"max-image-preview:large","max-video-preview":"max-video-preview:-1"},"canonical":"https:\/\/www.spottergps.com\/fr\/faq\/batterie-et-chargement\/comment-puis-je-savoir-que-la-batterie-est-faible\/","og_locale":"fr_FR","og_type":"article","og_title":"Comment puis-je savoir que la batterie est faible\u00a0? - Spotter France","og_description":"Ceci est affich\u00e9 de mani\u00e8re diff\u00e9rente pour chaque produit, ce que nous expliquons par produit ci-dessous. Traceur GPS SpotterSi le voyant LED bleu du Spotter GPS Tracker s&rsquo;allume rapidement, cela signifie que la batterie est \u00e0 moins de 15 %. Vous pouvez \u00e9galement voir l&rsquo;\u00e9tat de la batterie dans le compte Spotter. Si vous vous [&hellip;]","og_url":"https:\/\/www.spottergps.com\/fr\/faq\/batterie-et-chargement\/comment-puis-je-savoir-que-la-batterie-est-faible\/","og_site_name":"Spotter France","article_modified_time":"2023-11-06T14:08:06+00:00","twitter_card":"summary_large_image","twitter_misc":{"Dur\u00e9e de lecture estim\u00e9e":"2 minutes"},"schema":{"@context":"https:\/\/schema.org","@graph":[{"@type":"WebPage","@id":"https:\/\/www.spottergps.com\/fr\/faq\/batterie-et-chargement\/comment-puis-je-savoir-que-la-batterie-est-faible\/","url":"https:\/\/www.spottergps.com\/fr\/faq\/batterie-et-chargement\/comment-puis-je-savoir-que-la-batterie-est-faible\/","name":"Comment puis-je savoir que la batterie est faible\u00a0? - Spotter France","isPartOf":{"@id":"https:\/\/www.spottergps.com\/fr\/#website"},"datePublished":"2023-09-11T14:10:57+00:00","dateModified":"2023-11-06T14:08:06+00:00","breadcrumb":{"@id":"https:\/\/www.spottergps.com\/fr\/faq\/batterie-et-chargement\/comment-puis-je-savoir-que-la-batterie-est-faible\/#breadcrumb"},"inLanguage":"fr-FR","potentialAction":[{"@type":"ReadAction","target":["https:\/\/www.spottergps.com\/fr\/faq\/batterie-et-chargement\/comment-puis-je-savoir-que-la-batterie-est-faible\/"]}]},{"@type":"BreadcrumbList","@id":"https:\/\/www.spottergps.com\/fr\/faq\/batterie-et-chargement\/comment-puis-je-savoir-que-la-batterie-est-faible\/#breadcrumb","itemListElement":[{"@type":"ListItem","position":1,"name":"Home","item":"https:\/\/www.spottergps.com\/fr\/"},{"@type":"ListItem","position":2,"name":"Comment pouvons-nous vous aider?","item":"https:\/\/www.spottergps.com\/fr\/faq\/"},{"@type":"ListItem","position":3,"name":"Batterie et chargement","item":"https:\/\/www.spottergps.com\/fr\/faq\/batterie-et-chargement\/"},{"@type":"ListItem","position":4,"name":"Comment puis-je savoir que la batterie est faible\u00a0?"}]},{"@type":"WebSite","@id":"https:\/\/www.spottergps.com\/fr\/#website","url":"https:\/\/www.spottergps.com\/fr\/","name":"Spotter France","description":"Een andere Spotter websites site","potentialAction":[{"@type":"SearchAction","target":{"@type":"EntryPoint","urlTemplate":"https:\/\/www.spottergps.com\/fr\/?s={search_term_string}"},"query-input":{"@type":"PropertyValueSpecification","valueRequired":true,"valueName":"search_term_string"}}],"inLanguage":"fr-FR"}]}},"_links":{"self":[{"href":"https:\/\/www.spottergps.com\/fr\/wp-json\/wp\/v2\/pages\/1378","targetHints":{"allow":["GET"]}}],"collection":[{"href":"https:\/\/www.spottergps.com\/fr\/wp-json\/wp\/v2\/pages"}],"about":[{"href":"https:\/\/www.spottergps.com\/fr\/wp-json\/wp\/v2\/types\/page"}],"author":[{"embeddable":true,"href":"https:\/\/www.spottergps.com\/fr\/wp-json\/wp\/v2\/users\/8"}],"replies":[{"embeddable":true,"href":"https:\/\/www.spottergps.com\/fr\/wp-json\/wp\/v2\/comments?post=1378"}],"version-history":[{"count":4,"href":"https:\/\/www.spottergps.com\/fr\/wp-json\/wp\/v2\/pages\/1378\/revisions"}],"predecessor-version":[{"id":1745,"href":"https:\/\/www.spottergps.com\/fr\/wp-json\/wp\/v2\/pages\/1378\/revisions\/1745"}],"up":[{"embeddable":true,"href":"https:\/\/www.spottergps.com\/fr\/wp-json\/wp\/v2\/pages\/1186"}],"wp:attachment":[{"href":"https:\/\/www.spottergps.com\/fr\/wp-json\/wp\/v2\/media?parent=1378"}],"wp:term":[{"taxonomy":"category","embeddable":true,"href":"https:\/\/www.spottergps.com\/fr\/wp-json\/wp\/v2\/categories?post=1378"},{"taxonomy":"post_tag","embeddable":true,"href":"https:\/\/www.spottergps.com\/fr\/wp-json\/wp\/v2\/tags?post=1378"}],"curies":[{"name":"wp","href":"https:\/\/api.w.org\/{rel}","templated":true}]}}