{"id":1373,"date":"2023-09-11T15:03:23","date_gmt":"2023-09-11T14:03:23","guid":{"rendered":"https:\/\/www.spottergps.com\/fr\/?page_id=1373"},"modified":"2023-11-06T15:05:45","modified_gmt":"2023-11-06T14:05:45","slug":"quelle-est-la-duree-de-vie-de-la-batterie","status":"publish","type":"page","link":"https:\/\/www.spottergps.com\/fr\/faq\/batterie-et-chargement\/quelle-est-la-duree-de-vie-de-la-batterie\/","title":{"rendered":"Quelle est la dur\u00e9e de vie de la batterie\u00a0?"},"content":{"rendered":"\n<h2 class=\"wp-block-heading\"><\/h2>\n\n\n\n<h2 class=\"wp-block-heading\"><\/h2>\n\n\n\n<p><strong>Traqueur GPS Spotter<\/strong><br>La batterie <a href=\"https:\/\/shop.spottergps.com\/fr\/spotter%20gps%20tracker.html\" data-type=\"URL\" data-id=\"https:\/\/shop.spottergps.com\/fr\/spotter%20gps%20tracker.html\">du Spotter GPS Tracker<\/a> peut durer jusqu&rsquo;\u00e0 <strong>7 jours<\/strong>, selon l&rsquo;utilisation. En utilisation intensive, le Spotter durera entre 2 et 4 jours en moyenne. Le traceur GPS Spotter fournit une localisation toutes les 60 secondes en mouvement et toutes les 30 minutes \u00e0 l&rsquo;arr\u00eat.<\/p>\n\n\n\n<p><strong>Montre GPS Spotter<\/strong><br>La batterie <a href=\"https:\/\/shop.spottergps.com\/fr\/spotter-gps-watch-black2.html\" data-type=\"URL\" data-id=\"https:\/\/shop.spottergps.com\/fr\/spotter-gps-watch-black2.html\">de la Spotter GPS Watch<\/a> a une autonomie maximale de <strong>7 jours<\/strong> en veille. L\u00e0 aussi, l&rsquo;autonomie de la batterie est en moyenne comprise entre 2 et 4 jours. Selon l&rsquo;utilisation. La montre GPS Spotter fournit une localisation toutes les 2 minutes en mouvement et toutes les 5 heures \u00e0 l&rsquo;arr\u00eat. Vous pouvez \u00e9galement demander l&#8217;emplacement manuellement, apr\u00e8s quoi vous verrez un emplacement toutes les 20 secondes pendant 3 minutes.<\/p>\n\n\n\n<p><strong>Montre GPS Spotter \u2013 Air<\/strong><br>La batterie<a href=\"https:\/\/shop.spottergps.com\/fr\/spotter-gps-watch-air-black.html\" data-type=\"URL\" data-id=\"https:\/\/shop.spottergps.com\/fr\/spotter-gps-watch-air-black.html\"> de la Spotter GPS Watch &#8211; Air<\/a> a une autonomie maximale de <strong>5 jours<\/strong> en veille. Ici aussi, l&rsquo;autonomie de la batterie est en moyenne de 3 jours. Selon l&rsquo;utilisation. La montre GPS Spotter &#8211; Air fournit une localisation toutes les 2 minutes en mouvement et toutes les heures \u00e0 l&rsquo;arr\u00eat. Vous pouvez \u00e9galement demander l&#8217;emplacement manuellement, apr\u00e8s quoi vous verrez un emplacement toutes les 20 secondes pendant 3 minutes.<\/p>\n\n\n\n<p><strong>Observateur d&rsquo;animaux<\/strong><br>La batterie <a href=\"https:\/\/shop.spottergps.com\/fr\/pet-spotter-cat-tracker.html\" data-type=\"URL\" data-id=\"https:\/\/shop.spottergps.com\/fr\/pet-spotter-cat-tracker.html\">du Pet Spotter<\/a> peut durer jusqu&rsquo;\u00e0 <strong>3 jours<\/strong>, selon l&rsquo;utilisation. En utilisation intensive, le Spotter durera entre 1 et 2 jours en moyenne. Le Pet Spotter fournit une localisation toutes les 5 minutes en mouvement et toutes les 30 minutes \u00e0 l&rsquo;arr\u00eat. Vous pouvez \u00e9galement demander l&#8217;emplacement manuellement, apr\u00e8s quoi vous verrez un emplacement toutes les 20 secondes pendant 3 minutes.<\/p>\n","protected":false},"excerpt":{"rendered":"<p>Traqueur GPS SpotterLa batterie du Spotter GPS Tracker peut durer jusqu&rsquo;\u00e0 7 jours, selon l&rsquo;utilisation. En utilisation intensive, le Spotter durera entre 2 et 4 jours en moyenne. Le traceur GPS Spotter fournit une localisation toutes les 60 secondes en mouvement et toutes les 30 minutes \u00e0 l&rsquo;arr\u00eat. Montre GPS SpotterLa batterie de la Spotter [&hellip;]<\/p>\n","protected":false},"author":8,"featured_media":0,"parent":1186,"menu_order":0,"comment_status":"closed","ping_status":"closed","template":"faq-content.php","meta":{"_acf_changed":false,"footnotes":""},"categories":[],"tags":[],"class_list":["post-1373","page","type-page","status-publish","hentry"],"acf":[],"yoast_head":"<!-- This site is optimized with the Yoast SEO plugin v25.9 - https:\/\/yoast.com\/wordpress\/plugins\/seo\/ -->\n<title>Quelle est la dur\u00e9e de vie de la batterie\u00a0? - Spotter France<\/title>\n<meta name=\"robots\" content=\"index, follow, max-snippet:-1, max-image-preview:large, max-video-preview:-1\" \/>\n<link rel=\"canonical\" href=\"https:\/\/www.spottergps.com\/fr\/faq\/batterie-et-chargement\/quelle-est-la-duree-de-vie-de-la-batterie\/\" \/>\n<meta property=\"og:locale\" content=\"fr_FR\" \/>\n<meta property=\"og:type\" content=\"article\" \/>\n<meta property=\"og:title\" content=\"Quelle est la dur\u00e9e de vie de la batterie\u00a0? - Spotter France\" \/>\n<meta property=\"og:description\" content=\"Traqueur GPS SpotterLa batterie du Spotter GPS Tracker peut durer jusqu&rsquo;\u00e0 7 jours, selon l&rsquo;utilisation. En utilisation intensive, le Spotter durera entre 2 et 4 jours en moyenne. Le traceur GPS Spotter fournit une localisation toutes les 60 secondes en mouvement et toutes les 30 minutes \u00e0 l&rsquo;arr\u00eat. Montre GPS SpotterLa batterie de la Spotter [&hellip;]\" \/>\n<meta property=\"og:url\" content=\"https:\/\/www.spottergps.com\/fr\/faq\/batterie-et-chargement\/quelle-est-la-duree-de-vie-de-la-batterie\/\" \/>\n<meta property=\"og:site_name\" content=\"Spotter France\" \/>\n<meta property=\"article:modified_time\" content=\"2023-11-06T14:05:45+00:00\" \/>\n<meta name=\"twitter:card\" content=\"summary_large_image\" \/>\n<meta name=\"twitter:label1\" content=\"Dur\u00e9e de lecture estim\u00e9e\" \/>\n\t<meta name=\"twitter:data1\" content=\"1 minute\" \/>\n<script type=\"application\/ld+json\" class=\"yoast-schema-graph\">{\"@context\":\"https:\/\/schema.org\",\"@graph\":[{\"@type\":\"WebPage\",\"@id\":\"https:\/\/www.spottergps.com\/fr\/faq\/batterie-et-chargement\/quelle-est-la-duree-de-vie-de-la-batterie\/\",\"url\":\"https:\/\/www.spottergps.com\/fr\/faq\/batterie-et-chargement\/quelle-est-la-duree-de-vie-de-la-batterie\/\",\"name\":\"Quelle est la dur\u00e9e de vie de la batterie\u00a0? - Spotter France\",\"isPartOf\":{\"@id\":\"https:\/\/www.spottergps.com\/fr\/#website\"},\"datePublished\":\"2023-09-11T14:03:23+00:00\",\"dateModified\":\"2023-11-06T14:05:45+00:00\",\"breadcrumb\":{\"@id\":\"https:\/\/www.spottergps.com\/fr\/faq\/batterie-et-chargement\/quelle-est-la-duree-de-vie-de-la-batterie\/#breadcrumb\"},\"inLanguage\":\"fr-FR\",\"potentialAction\":[{\"@type\":\"ReadAction\",\"target\":[\"https:\/\/www.spottergps.com\/fr\/faq\/batterie-et-chargement\/quelle-est-la-duree-de-vie-de-la-batterie\/\"]}]},{\"@type\":\"BreadcrumbList\",\"@id\":\"https:\/\/www.spottergps.com\/fr\/faq\/batterie-et-chargement\/quelle-est-la-duree-de-vie-de-la-batterie\/#breadcrumb\",\"itemListElement\":[{\"@type\":\"ListItem\",\"position\":1,\"name\":\"Home\",\"item\":\"https:\/\/www.spottergps.com\/fr\/\"},{\"@type\":\"ListItem\",\"position\":2,\"name\":\"Comment pouvons-nous vous aider?\",\"item\":\"https:\/\/www.spottergps.com\/fr\/faq\/\"},{\"@type\":\"ListItem\",\"position\":3,\"name\":\"Batterie et chargement\",\"item\":\"https:\/\/www.spottergps.com\/fr\/faq\/batterie-et-chargement\/\"},{\"@type\":\"ListItem\",\"position\":4,\"name\":\"Quelle est la dur\u00e9e de vie de la batterie\u00a0?\"}]},{\"@type\":\"WebSite\",\"@id\":\"https:\/\/www.spottergps.com\/fr\/#website\",\"url\":\"https:\/\/www.spottergps.com\/fr\/\",\"name\":\"Spotter France\",\"description\":\"Een andere Spotter websites site\",\"potentialAction\":[{\"@type\":\"SearchAction\",\"target\":{\"@type\":\"EntryPoint\",\"urlTemplate\":\"https:\/\/www.spottergps.com\/fr\/?s={search_term_string}\"},\"query-input\":{\"@type\":\"PropertyValueSpecification\",\"valueRequired\":true,\"valueName\":\"search_term_string\"}}],\"inLanguage\":\"fr-FR\"}]}<\/script>\n<!-- \/ Yoast SEO plugin. -->","yoast_head_json":{"title":"Quelle est la dur\u00e9e de vie de la batterie\u00a0? - Spotter France","robots":{"index":"index","follow":"follow","max-snippet":"max-snippet:-1","max-image-preview":"max-image-preview:large","max-video-preview":"max-video-preview:-1"},"canonical":"https:\/\/www.spottergps.com\/fr\/faq\/batterie-et-chargement\/quelle-est-la-duree-de-vie-de-la-batterie\/","og_locale":"fr_FR","og_type":"article","og_title":"Quelle est la dur\u00e9e de vie de la batterie\u00a0? - Spotter France","og_description":"Traqueur GPS SpotterLa batterie du Spotter GPS Tracker peut durer jusqu&rsquo;\u00e0 7 jours, selon l&rsquo;utilisation. En utilisation intensive, le Spotter durera entre 2 et 4 jours en moyenne. Le traceur GPS Spotter fournit une localisation toutes les 60 secondes en mouvement et toutes les 30 minutes \u00e0 l&rsquo;arr\u00eat. Montre GPS SpotterLa batterie de la Spotter [&hellip;]","og_url":"https:\/\/www.spottergps.com\/fr\/faq\/batterie-et-chargement\/quelle-est-la-duree-de-vie-de-la-batterie\/","og_site_name":"Spotter France","article_modified_time":"2023-11-06T14:05:45+00:00","twitter_card":"summary_large_image","twitter_misc":{"Dur\u00e9e de lecture estim\u00e9e":"1 minute"},"schema":{"@context":"https:\/\/schema.org","@graph":[{"@type":"WebPage","@id":"https:\/\/www.spottergps.com\/fr\/faq\/batterie-et-chargement\/quelle-est-la-duree-de-vie-de-la-batterie\/","url":"https:\/\/www.spottergps.com\/fr\/faq\/batterie-et-chargement\/quelle-est-la-duree-de-vie-de-la-batterie\/","name":"Quelle est la dur\u00e9e de vie de la batterie\u00a0? - Spotter France","isPartOf":{"@id":"https:\/\/www.spottergps.com\/fr\/#website"},"datePublished":"2023-09-11T14:03:23+00:00","dateModified":"2023-11-06T14:05:45+00:00","breadcrumb":{"@id":"https:\/\/www.spottergps.com\/fr\/faq\/batterie-et-chargement\/quelle-est-la-duree-de-vie-de-la-batterie\/#breadcrumb"},"inLanguage":"fr-FR","potentialAction":[{"@type":"ReadAction","target":["https:\/\/www.spottergps.com\/fr\/faq\/batterie-et-chargement\/quelle-est-la-duree-de-vie-de-la-batterie\/"]}]},{"@type":"BreadcrumbList","@id":"https:\/\/www.spottergps.com\/fr\/faq\/batterie-et-chargement\/quelle-est-la-duree-de-vie-de-la-batterie\/#breadcrumb","itemListElement":[{"@type":"ListItem","position":1,"name":"Home","item":"https:\/\/www.spottergps.com\/fr\/"},{"@type":"ListItem","position":2,"name":"Comment pouvons-nous vous aider?","item":"https:\/\/www.spottergps.com\/fr\/faq\/"},{"@type":"ListItem","position":3,"name":"Batterie et chargement","item":"https:\/\/www.spottergps.com\/fr\/faq\/batterie-et-chargement\/"},{"@type":"ListItem","position":4,"name":"Quelle est la dur\u00e9e de vie de la batterie\u00a0?"}]},{"@type":"WebSite","@id":"https:\/\/www.spottergps.com\/fr\/#website","url":"https:\/\/www.spottergps.com\/fr\/","name":"Spotter France","description":"Een andere Spotter websites site","potentialAction":[{"@type":"SearchAction","target":{"@type":"EntryPoint","urlTemplate":"https:\/\/www.spottergps.com\/fr\/?s={search_term_string}"},"query-input":{"@type":"PropertyValueSpecification","valueRequired":true,"valueName":"search_term_string"}}],"inLanguage":"fr-FR"}]}},"_links":{"self":[{"href":"https:\/\/www.spottergps.com\/fr\/wp-json\/wp\/v2\/pages\/1373","targetHints":{"allow":["GET"]}}],"collection":[{"href":"https:\/\/www.spottergps.com\/fr\/wp-json\/wp\/v2\/pages"}],"about":[{"href":"https:\/\/www.spottergps.com\/fr\/wp-json\/wp\/v2\/types\/page"}],"author":[{"embeddable":true,"href":"https:\/\/www.spottergps.com\/fr\/wp-json\/wp\/v2\/users\/8"}],"replies":[{"embeddable":true,"href":"https:\/\/www.spottergps.com\/fr\/wp-json\/wp\/v2\/comments?post=1373"}],"version-history":[{"count":6,"href":"https:\/\/www.spottergps.com\/fr\/wp-json\/wp\/v2\/pages\/1373\/revisions"}],"predecessor-version":[{"id":1744,"href":"https:\/\/www.spottergps.com\/fr\/wp-json\/wp\/v2\/pages\/1373\/revisions\/1744"}],"up":[{"embeddable":true,"href":"https:\/\/www.spottergps.com\/fr\/wp-json\/wp\/v2\/pages\/1186"}],"wp:attachment":[{"href":"https:\/\/www.spottergps.com\/fr\/wp-json\/wp\/v2\/media?parent=1373"}],"wp:term":[{"taxonomy":"category","embeddable":true,"href":"https:\/\/www.spottergps.com\/fr\/wp-json\/wp\/v2\/categories?post=1373"},{"taxonomy":"post_tag","embeddable":true,"href":"https:\/\/www.spottergps.com\/fr\/wp-json\/wp\/v2\/tags?post=1373"}],"curies":[{"name":"wp","href":"https:\/\/api.w.org\/{rel}","templated":true}]}}