{"id":1371,"date":"2023-09-11T14:57:32","date_gmt":"2023-09-11T13:57:32","guid":{"rendered":"https:\/\/www.spottergps.com\/fr\/?page_id=1371"},"modified":"2023-09-11T15:21:13","modified_gmt":"2023-09-11T14:21:13","slug":"recharge-pet-spotter","status":"publish","type":"page","link":"https:\/\/www.spottergps.com\/fr\/faq\/batterie-et-chargement\/recharge-pet-spotter\/","title":{"rendered":"Recharge Pet Spotter"},"content":{"rendered":"\n<p>Avant d&rsquo;utiliser le Pet Spotter, chargez compl\u00e8tement la batterie en 2 \u00e0 3 heures. Pour ce faire, utilisez le c\u00e2ble USB fourni avec lequel vous pouvez charger magn\u00e9tiquement. Vous placez les deux embouts du chargeur sur les connecteurs \u00e0 l&rsquo;arri\u00e8re du Pet Spotter. Branchez ensuite l&rsquo;extr\u00e9mit\u00e9 du c\u00e2ble dans un port USB ou un chargeur USB et le Pet Spotter commencera \u00e0 se charger. Pendant la charge, le voyant LED bleu clignote et reste allum\u00e9 jusqu&rsquo;\u00e0 ce que le Pet Spotter soit compl\u00e8tement charg\u00e9.<\/p>\n<p>Pour plus d&rsquo;informations et des images \u00e0 l&rsquo;appui, veuillez consulter <a href=\"https:\/\/www.spottergps.com\/fr\/mode-demploi\/\">notre manuel en ligne.<\/a><\/p>\n","protected":false},"excerpt":{"rendered":"<p>Avant d&rsquo;utiliser le Pet Spotter, chargez compl\u00e8tement la batterie en 2 \u00e0 3 heures. Pour ce faire, utilisez le c\u00e2ble USB fourni avec lequel vous pouvez charger magn\u00e9tiquement. Vous placez les deux embouts du chargeur sur les connecteurs \u00e0 l&rsquo;arri\u00e8re du Pet Spotter. Branchez ensuite l&rsquo;extr\u00e9mit\u00e9 du c\u00e2ble dans un port USB ou un chargeur [&hellip;]<\/p>\n","protected":false},"author":8,"featured_media":0,"parent":1186,"menu_order":0,"comment_status":"closed","ping_status":"closed","template":"faq-content.php","meta":{"_acf_changed":false,"footnotes":""},"categories":[],"tags":[],"class_list":["post-1371","page","type-page","status-publish","hentry"],"acf":[],"yoast_head":"<!-- This site is optimized with the Yoast SEO plugin v25.9 - https:\/\/yoast.com\/wordpress\/plugins\/seo\/ -->\n<title>Recharge Pet Spotter - Spotter France<\/title>\n<meta name=\"robots\" content=\"index, follow, max-snippet:-1, max-image-preview:large, max-video-preview:-1\" \/>\n<link rel=\"canonical\" href=\"https:\/\/www.spottergps.com\/fr\/faq\/batterie-et-chargement\/recharge-pet-spotter\/\" \/>\n<meta property=\"og:locale\" content=\"fr_FR\" \/>\n<meta property=\"og:type\" content=\"article\" \/>\n<meta property=\"og:title\" content=\"Recharge Pet Spotter - Spotter France\" \/>\n<meta property=\"og:description\" content=\"Avant d&rsquo;utiliser le Pet Spotter, chargez compl\u00e8tement la batterie en 2 \u00e0 3 heures. Pour ce faire, utilisez le c\u00e2ble USB fourni avec lequel vous pouvez charger magn\u00e9tiquement. Vous placez les deux embouts du chargeur sur les connecteurs \u00e0 l&rsquo;arri\u00e8re du Pet Spotter. Branchez ensuite l&rsquo;extr\u00e9mit\u00e9 du c\u00e2ble dans un port USB ou un chargeur [&hellip;]\" \/>\n<meta property=\"og:url\" content=\"https:\/\/www.spottergps.com\/fr\/faq\/batterie-et-chargement\/recharge-pet-spotter\/\" \/>\n<meta property=\"og:site_name\" content=\"Spotter France\" \/>\n<meta property=\"article:modified_time\" content=\"2023-09-11T14:21:13+00:00\" \/>\n<meta name=\"twitter:card\" content=\"summary_large_image\" \/>\n<script type=\"application\/ld+json\" class=\"yoast-schema-graph\">{\"@context\":\"https:\/\/schema.org\",\"@graph\":[{\"@type\":\"WebPage\",\"@id\":\"https:\/\/www.spottergps.com\/fr\/faq\/batterie-et-chargement\/recharge-pet-spotter\/\",\"url\":\"https:\/\/www.spottergps.com\/fr\/faq\/batterie-et-chargement\/recharge-pet-spotter\/\",\"name\":\"Recharge Pet Spotter - Spotter France\",\"isPartOf\":{\"@id\":\"https:\/\/www.spottergps.com\/fr\/#website\"},\"datePublished\":\"2023-09-11T13:57:32+00:00\",\"dateModified\":\"2023-09-11T14:21:13+00:00\",\"breadcrumb\":{\"@id\":\"https:\/\/www.spottergps.com\/fr\/faq\/batterie-et-chargement\/recharge-pet-spotter\/#breadcrumb\"},\"inLanguage\":\"fr-FR\",\"potentialAction\":[{\"@type\":\"ReadAction\",\"target\":[\"https:\/\/www.spottergps.com\/fr\/faq\/batterie-et-chargement\/recharge-pet-spotter\/\"]}]},{\"@type\":\"BreadcrumbList\",\"@id\":\"https:\/\/www.spottergps.com\/fr\/faq\/batterie-et-chargement\/recharge-pet-spotter\/#breadcrumb\",\"itemListElement\":[{\"@type\":\"ListItem\",\"position\":1,\"name\":\"Home\",\"item\":\"https:\/\/www.spottergps.com\/fr\/\"},{\"@type\":\"ListItem\",\"position\":2,\"name\":\"Comment pouvons-nous vous aider?\",\"item\":\"https:\/\/www.spottergps.com\/fr\/faq\/\"},{\"@type\":\"ListItem\",\"position\":3,\"name\":\"Batterie et chargement\",\"item\":\"https:\/\/www.spottergps.com\/fr\/faq\/batterie-et-chargement\/\"},{\"@type\":\"ListItem\",\"position\":4,\"name\":\"Recharge Pet Spotter\"}]},{\"@type\":\"WebSite\",\"@id\":\"https:\/\/www.spottergps.com\/fr\/#website\",\"url\":\"https:\/\/www.spottergps.com\/fr\/\",\"name\":\"Spotter France\",\"description\":\"Een andere Spotter websites site\",\"potentialAction\":[{\"@type\":\"SearchAction\",\"target\":{\"@type\":\"EntryPoint\",\"urlTemplate\":\"https:\/\/www.spottergps.com\/fr\/?s={search_term_string}\"},\"query-input\":{\"@type\":\"PropertyValueSpecification\",\"valueRequired\":true,\"valueName\":\"search_term_string\"}}],\"inLanguage\":\"fr-FR\"}]}<\/script>\n<!-- \/ Yoast SEO plugin. -->","yoast_head_json":{"title":"Recharge Pet Spotter - Spotter France","robots":{"index":"index","follow":"follow","max-snippet":"max-snippet:-1","max-image-preview":"max-image-preview:large","max-video-preview":"max-video-preview:-1"},"canonical":"https:\/\/www.spottergps.com\/fr\/faq\/batterie-et-chargement\/recharge-pet-spotter\/","og_locale":"fr_FR","og_type":"article","og_title":"Recharge Pet Spotter - Spotter France","og_description":"Avant d&rsquo;utiliser le Pet Spotter, chargez compl\u00e8tement la batterie en 2 \u00e0 3 heures. Pour ce faire, utilisez le c\u00e2ble USB fourni avec lequel vous pouvez charger magn\u00e9tiquement. Vous placez les deux embouts du chargeur sur les connecteurs \u00e0 l&rsquo;arri\u00e8re du Pet Spotter. Branchez ensuite l&rsquo;extr\u00e9mit\u00e9 du c\u00e2ble dans un port USB ou un chargeur [&hellip;]","og_url":"https:\/\/www.spottergps.com\/fr\/faq\/batterie-et-chargement\/recharge-pet-spotter\/","og_site_name":"Spotter France","article_modified_time":"2023-09-11T14:21:13+00:00","twitter_card":"summary_large_image","schema":{"@context":"https:\/\/schema.org","@graph":[{"@type":"WebPage","@id":"https:\/\/www.spottergps.com\/fr\/faq\/batterie-et-chargement\/recharge-pet-spotter\/","url":"https:\/\/www.spottergps.com\/fr\/faq\/batterie-et-chargement\/recharge-pet-spotter\/","name":"Recharge Pet Spotter - Spotter France","isPartOf":{"@id":"https:\/\/www.spottergps.com\/fr\/#website"},"datePublished":"2023-09-11T13:57:32+00:00","dateModified":"2023-09-11T14:21:13+00:00","breadcrumb":{"@id":"https:\/\/www.spottergps.com\/fr\/faq\/batterie-et-chargement\/recharge-pet-spotter\/#breadcrumb"},"inLanguage":"fr-FR","potentialAction":[{"@type":"ReadAction","target":["https:\/\/www.spottergps.com\/fr\/faq\/batterie-et-chargement\/recharge-pet-spotter\/"]}]},{"@type":"BreadcrumbList","@id":"https:\/\/www.spottergps.com\/fr\/faq\/batterie-et-chargement\/recharge-pet-spotter\/#breadcrumb","itemListElement":[{"@type":"ListItem","position":1,"name":"Home","item":"https:\/\/www.spottergps.com\/fr\/"},{"@type":"ListItem","position":2,"name":"Comment pouvons-nous vous aider?","item":"https:\/\/www.spottergps.com\/fr\/faq\/"},{"@type":"ListItem","position":3,"name":"Batterie et chargement","item":"https:\/\/www.spottergps.com\/fr\/faq\/batterie-et-chargement\/"},{"@type":"ListItem","position":4,"name":"Recharge Pet Spotter"}]},{"@type":"WebSite","@id":"https:\/\/www.spottergps.com\/fr\/#website","url":"https:\/\/www.spottergps.com\/fr\/","name":"Spotter France","description":"Een andere Spotter websites site","potentialAction":[{"@type":"SearchAction","target":{"@type":"EntryPoint","urlTemplate":"https:\/\/www.spottergps.com\/fr\/?s={search_term_string}"},"query-input":{"@type":"PropertyValueSpecification","valueRequired":true,"valueName":"search_term_string"}}],"inLanguage":"fr-FR"}]}},"_links":{"self":[{"href":"https:\/\/www.spottergps.com\/fr\/wp-json\/wp\/v2\/pages\/1371","targetHints":{"allow":["GET"]}}],"collection":[{"href":"https:\/\/www.spottergps.com\/fr\/wp-json\/wp\/v2\/pages"}],"about":[{"href":"https:\/\/www.spottergps.com\/fr\/wp-json\/wp\/v2\/types\/page"}],"author":[{"embeddable":true,"href":"https:\/\/www.spottergps.com\/fr\/wp-json\/wp\/v2\/users\/8"}],"replies":[{"embeddable":true,"href":"https:\/\/www.spottergps.com\/fr\/wp-json\/wp\/v2\/comments?post=1371"}],"version-history":[{"count":2,"href":"https:\/\/www.spottergps.com\/fr\/wp-json\/wp\/v2\/pages\/1371\/revisions"}],"predecessor-version":[{"id":1387,"href":"https:\/\/www.spottergps.com\/fr\/wp-json\/wp\/v2\/pages\/1371\/revisions\/1387"}],"up":[{"embeddable":true,"href":"https:\/\/www.spottergps.com\/fr\/wp-json\/wp\/v2\/pages\/1186"}],"wp:attachment":[{"href":"https:\/\/www.spottergps.com\/fr\/wp-json\/wp\/v2\/media?parent=1371"}],"wp:term":[{"taxonomy":"category","embeddable":true,"href":"https:\/\/www.spottergps.com\/fr\/wp-json\/wp\/v2\/categories?post=1371"},{"taxonomy":"post_tag","embeddable":true,"href":"https:\/\/www.spottergps.com\/fr\/wp-json\/wp\/v2\/tags?post=1371"}],"curies":[{"name":"wp","href":"https:\/\/api.w.org\/{rel}","templated":true}]}}