{"id":1369,"date":"2023-09-11T14:53:24","date_gmt":"2023-09-11T13:53:24","guid":{"rendered":"https:\/\/www.spottergps.com\/fr\/?page_id=1369"},"modified":"2023-11-06T15:04:37","modified_gmt":"2023-11-06T14:04:37","slug":"montre-gps-spotter-charge-dair","status":"publish","type":"page","link":"https:\/\/www.spottergps.com\/fr\/faq\/batterie-et-chargement\/montre-gps-spotter-charge-dair\/","title":{"rendered":"Montre GPS Spotter &#8211; Charge d&rsquo;air"},"content":{"rendered":"\n<p>Avant d&rsquo;utiliser la Spotter GPS Watch \u2013 Air, chargez compl\u00e8tement la batterie en 2 \u00e0 3 heures. Pour ce faire, utilisez le c\u00e2ble USB fourni avec lequel vous pouvez charger magn\u00e9tiquement. Vous placez les deux points du chargeur sur les connecteurs au dos de la Spotter GPS Watch \u2013 Air. Placez ensuite l&rsquo;extr\u00e9mit\u00e9 du c\u00e2ble dans un port USB ou un chargeur USB, apr\u00e8s quoi la Spotter Watch \u2013 Air commencera \u00e0 se charger. Une batterie appara\u00eet sur l&rsquo;\u00e9cran de la Spotter GPS Watch \u2013 Air et elle est en cours de chargement. Une fois qu&rsquo;elle est pleine, vous pouvez d\u00e9brancher la Spotter GPS Watch \u2013 Air de l&rsquo;alimentation et la rallumer.<\/p>\n\n\n\n<p>Pour plus d&rsquo;informations et des images \u00e0 l&rsquo;appui, veuillez consulter notre <a href=\"https:\/\/www.spottergps.com\/fr\/mode-demploi\/\" data-type=\"URL\" data-id=\"https:\/\/www.spottergps.com\/fr\/mode-demploi\/\">manuel en ligne<\/a>.<\/p>\n","protected":false},"excerpt":{"rendered":"<p>Avant d&rsquo;utiliser la Spotter GPS Watch \u2013 Air, chargez compl\u00e8tement la batterie en 2 \u00e0 3 heures. Pour ce faire, utilisez le c\u00e2ble USB fourni avec lequel vous pouvez charger magn\u00e9tiquement. Vous placez les deux points du chargeur sur les connecteurs au dos de la Spotter GPS Watch \u2013 Air. Placez ensuite l&rsquo;extr\u00e9mit\u00e9 du c\u00e2ble [&hellip;]<\/p>\n","protected":false},"author":8,"featured_media":0,"parent":1186,"menu_order":0,"comment_status":"closed","ping_status":"closed","template":"faq-content.php","meta":{"_acf_changed":false,"footnotes":""},"categories":[],"tags":[],"class_list":["post-1369","page","type-page","status-publish","hentry"],"acf":[],"yoast_head":"<!-- This site is optimized with the Yoast SEO plugin v25.9 - https:\/\/yoast.com\/wordpress\/plugins\/seo\/ -->\n<title>Montre GPS Spotter - Charge d&#039;air - Spotter France<\/title>\n<meta name=\"robots\" content=\"index, follow, max-snippet:-1, max-image-preview:large, max-video-preview:-1\" \/>\n<link rel=\"canonical\" href=\"https:\/\/www.spottergps.com\/fr\/faq\/batterie-et-chargement\/montre-gps-spotter-charge-dair\/\" \/>\n<meta property=\"og:locale\" content=\"fr_FR\" \/>\n<meta property=\"og:type\" content=\"article\" \/>\n<meta property=\"og:title\" content=\"Montre GPS Spotter - Charge d&#039;air - Spotter France\" \/>\n<meta property=\"og:description\" content=\"Avant d&rsquo;utiliser la Spotter GPS Watch \u2013 Air, chargez compl\u00e8tement la batterie en 2 \u00e0 3 heures. Pour ce faire, utilisez le c\u00e2ble USB fourni avec lequel vous pouvez charger magn\u00e9tiquement. Vous placez les deux points du chargeur sur les connecteurs au dos de la Spotter GPS Watch \u2013 Air. Placez ensuite l&rsquo;extr\u00e9mit\u00e9 du c\u00e2ble [&hellip;]\" \/>\n<meta property=\"og:url\" content=\"https:\/\/www.spottergps.com\/fr\/faq\/batterie-et-chargement\/montre-gps-spotter-charge-dair\/\" \/>\n<meta property=\"og:site_name\" content=\"Spotter France\" \/>\n<meta property=\"article:modified_time\" content=\"2023-11-06T14:04:37+00:00\" \/>\n<meta name=\"twitter:card\" content=\"summary_large_image\" \/>\n<meta name=\"twitter:label1\" content=\"Dur\u00e9e de lecture estim\u00e9e\" \/>\n\t<meta name=\"twitter:data1\" content=\"1 minute\" \/>\n<script type=\"application\/ld+json\" class=\"yoast-schema-graph\">{\"@context\":\"https:\/\/schema.org\",\"@graph\":[{\"@type\":\"WebPage\",\"@id\":\"https:\/\/www.spottergps.com\/fr\/faq\/batterie-et-chargement\/montre-gps-spotter-charge-dair\/\",\"url\":\"https:\/\/www.spottergps.com\/fr\/faq\/batterie-et-chargement\/montre-gps-spotter-charge-dair\/\",\"name\":\"Montre GPS Spotter - Charge d'air - Spotter France\",\"isPartOf\":{\"@id\":\"https:\/\/www.spottergps.com\/fr\/#website\"},\"datePublished\":\"2023-09-11T13:53:24+00:00\",\"dateModified\":\"2023-11-06T14:04:37+00:00\",\"breadcrumb\":{\"@id\":\"https:\/\/www.spottergps.com\/fr\/faq\/batterie-et-chargement\/montre-gps-spotter-charge-dair\/#breadcrumb\"},\"inLanguage\":\"fr-FR\",\"potentialAction\":[{\"@type\":\"ReadAction\",\"target\":[\"https:\/\/www.spottergps.com\/fr\/faq\/batterie-et-chargement\/montre-gps-spotter-charge-dair\/\"]}]},{\"@type\":\"BreadcrumbList\",\"@id\":\"https:\/\/www.spottergps.com\/fr\/faq\/batterie-et-chargement\/montre-gps-spotter-charge-dair\/#breadcrumb\",\"itemListElement\":[{\"@type\":\"ListItem\",\"position\":1,\"name\":\"Home\",\"item\":\"https:\/\/www.spottergps.com\/fr\/\"},{\"@type\":\"ListItem\",\"position\":2,\"name\":\"Comment pouvons-nous vous aider?\",\"item\":\"https:\/\/www.spottergps.com\/fr\/faq\/\"},{\"@type\":\"ListItem\",\"position\":3,\"name\":\"Batterie et chargement\",\"item\":\"https:\/\/www.spottergps.com\/fr\/faq\/batterie-et-chargement\/\"},{\"@type\":\"ListItem\",\"position\":4,\"name\":\"Montre GPS Spotter &#8211; Charge d&rsquo;air\"}]},{\"@type\":\"WebSite\",\"@id\":\"https:\/\/www.spottergps.com\/fr\/#website\",\"url\":\"https:\/\/www.spottergps.com\/fr\/\",\"name\":\"Spotter France\",\"description\":\"Een andere Spotter websites site\",\"potentialAction\":[{\"@type\":\"SearchAction\",\"target\":{\"@type\":\"EntryPoint\",\"urlTemplate\":\"https:\/\/www.spottergps.com\/fr\/?s={search_term_string}\"},\"query-input\":{\"@type\":\"PropertyValueSpecification\",\"valueRequired\":true,\"valueName\":\"search_term_string\"}}],\"inLanguage\":\"fr-FR\"}]}<\/script>\n<!-- \/ Yoast SEO plugin. -->","yoast_head_json":{"title":"Montre GPS Spotter - Charge d'air - Spotter France","robots":{"index":"index","follow":"follow","max-snippet":"max-snippet:-1","max-image-preview":"max-image-preview:large","max-video-preview":"max-video-preview:-1"},"canonical":"https:\/\/www.spottergps.com\/fr\/faq\/batterie-et-chargement\/montre-gps-spotter-charge-dair\/","og_locale":"fr_FR","og_type":"article","og_title":"Montre GPS Spotter - Charge d'air - Spotter France","og_description":"Avant d&rsquo;utiliser la Spotter GPS Watch \u2013 Air, chargez compl\u00e8tement la batterie en 2 \u00e0 3 heures. Pour ce faire, utilisez le c\u00e2ble USB fourni avec lequel vous pouvez charger magn\u00e9tiquement. Vous placez les deux points du chargeur sur les connecteurs au dos de la Spotter GPS Watch \u2013 Air. Placez ensuite l&rsquo;extr\u00e9mit\u00e9 du c\u00e2ble [&hellip;]","og_url":"https:\/\/www.spottergps.com\/fr\/faq\/batterie-et-chargement\/montre-gps-spotter-charge-dair\/","og_site_name":"Spotter France","article_modified_time":"2023-11-06T14:04:37+00:00","twitter_card":"summary_large_image","twitter_misc":{"Dur\u00e9e de lecture estim\u00e9e":"1 minute"},"schema":{"@context":"https:\/\/schema.org","@graph":[{"@type":"WebPage","@id":"https:\/\/www.spottergps.com\/fr\/faq\/batterie-et-chargement\/montre-gps-spotter-charge-dair\/","url":"https:\/\/www.spottergps.com\/fr\/faq\/batterie-et-chargement\/montre-gps-spotter-charge-dair\/","name":"Montre GPS Spotter - Charge d'air - Spotter France","isPartOf":{"@id":"https:\/\/www.spottergps.com\/fr\/#website"},"datePublished":"2023-09-11T13:53:24+00:00","dateModified":"2023-11-06T14:04:37+00:00","breadcrumb":{"@id":"https:\/\/www.spottergps.com\/fr\/faq\/batterie-et-chargement\/montre-gps-spotter-charge-dair\/#breadcrumb"},"inLanguage":"fr-FR","potentialAction":[{"@type":"ReadAction","target":["https:\/\/www.spottergps.com\/fr\/faq\/batterie-et-chargement\/montre-gps-spotter-charge-dair\/"]}]},{"@type":"BreadcrumbList","@id":"https:\/\/www.spottergps.com\/fr\/faq\/batterie-et-chargement\/montre-gps-spotter-charge-dair\/#breadcrumb","itemListElement":[{"@type":"ListItem","position":1,"name":"Home","item":"https:\/\/www.spottergps.com\/fr\/"},{"@type":"ListItem","position":2,"name":"Comment pouvons-nous vous aider?","item":"https:\/\/www.spottergps.com\/fr\/faq\/"},{"@type":"ListItem","position":3,"name":"Batterie et chargement","item":"https:\/\/www.spottergps.com\/fr\/faq\/batterie-et-chargement\/"},{"@type":"ListItem","position":4,"name":"Montre GPS Spotter &#8211; Charge d&rsquo;air"}]},{"@type":"WebSite","@id":"https:\/\/www.spottergps.com\/fr\/#website","url":"https:\/\/www.spottergps.com\/fr\/","name":"Spotter France","description":"Een andere Spotter websites site","potentialAction":[{"@type":"SearchAction","target":{"@type":"EntryPoint","urlTemplate":"https:\/\/www.spottergps.com\/fr\/?s={search_term_string}"},"query-input":{"@type":"PropertyValueSpecification","valueRequired":true,"valueName":"search_term_string"}}],"inLanguage":"fr-FR"}]}},"_links":{"self":[{"href":"https:\/\/www.spottergps.com\/fr\/wp-json\/wp\/v2\/pages\/1369","targetHints":{"allow":["GET"]}}],"collection":[{"href":"https:\/\/www.spottergps.com\/fr\/wp-json\/wp\/v2\/pages"}],"about":[{"href":"https:\/\/www.spottergps.com\/fr\/wp-json\/wp\/v2\/types\/page"}],"author":[{"embeddable":true,"href":"https:\/\/www.spottergps.com\/fr\/wp-json\/wp\/v2\/users\/8"}],"replies":[{"embeddable":true,"href":"https:\/\/www.spottergps.com\/fr\/wp-json\/wp\/v2\/comments?post=1369"}],"version-history":[{"count":3,"href":"https:\/\/www.spottergps.com\/fr\/wp-json\/wp\/v2\/pages\/1369\/revisions"}],"predecessor-version":[{"id":1743,"href":"https:\/\/www.spottergps.com\/fr\/wp-json\/wp\/v2\/pages\/1369\/revisions\/1743"}],"up":[{"embeddable":true,"href":"https:\/\/www.spottergps.com\/fr\/wp-json\/wp\/v2\/pages\/1186"}],"wp:attachment":[{"href":"https:\/\/www.spottergps.com\/fr\/wp-json\/wp\/v2\/media?parent=1369"}],"wp:term":[{"taxonomy":"category","embeddable":true,"href":"https:\/\/www.spottergps.com\/fr\/wp-json\/wp\/v2\/categories?post=1369"},{"taxonomy":"post_tag","embeddable":true,"href":"https:\/\/www.spottergps.com\/fr\/wp-json\/wp\/v2\/tags?post=1369"}],"curies":[{"name":"wp","href":"https:\/\/api.w.org\/{rel}","templated":true}]}}