{"id":1353,"date":"2023-09-11T14:38:59","date_gmt":"2023-09-11T13:38:59","guid":{"rendered":"https:\/\/www.spottergps.com\/fr\/?page_id=1353"},"modified":"2023-11-06T15:01:46","modified_gmt":"2023-11-06T14:01:46","slug":"traqueur-gps-spotter-de-charge","status":"publish","type":"page","link":"https:\/\/www.spottergps.com\/fr\/faq\/batterie-et-chargement\/traqueur-gps-spotter-de-charge\/","title":{"rendered":"Traqueur GPS Spotter de charge"},"content":{"rendered":"\n<p><strong>Traceur GPS Spotter (2G)<\/strong><br>Dans l&#8217;emballage, vous trouverez un c\u00e2ble USB et un chargeur USB. Vous l&rsquo;utilisez pour charger <a href=\"https:\/\/shop.spottergps.com\/fr\/spotter%20gps%20tracker.html\" data-type=\"URL\" data-id=\"https:\/\/shop.spottergps.com\/fr\/spotter%20gps%20tracker.html\">le Spotter GPS Tracker<\/a>. Vous connectez le c\u00e2ble USB au chargeur USB et le branchez dans la prise. Ins\u00e9rez l&rsquo;extr\u00e9mit\u00e9 du c\u00e2ble USB dans le port situ\u00e9 sur le c\u00f4t\u00e9 du Spotter GPS Tracker. Le Spotter GPS Tracker est compl\u00e8tement charg\u00e9 en 2 \u00e0 3 heures.<\/p>\n\n\n\n<p><strong>Traceur GPS Spotter X10 (4G)\u00a0\u00a0\u00a0\u00a0\u00a0\u00a0\u00a0\u00a0\u00a0\u00a0\u00a0\u00a0\u00a0\u00a0\u00a0\u00a0\u00a0\u00a0\u00a0\u00a0\u00a0\u00a0\u00a0\u00a0\u00a0\u00a0\u00a0\u00a0\u00a0\u00a0\u00a0\u00a0\u00a0\u00a0\u00a0\u00a0\u00a0\u00a0\u00a0\u00a0\u00a0\u00a0\u00a0\u00a0\u00a0\u00a0\u00a0\u00a0\u00a0\u00a0\u00a0\u00a0\u00a0\u00a0\u00a0\u00a0\u00a0\u00a0\u00a0\u00a0\u00a0\u00a0\u00a0\u00a0\u00a0\u00a0\u00a0\u00a0\u00a0\u00a0\u00a0\u00a0\u00a0\u00a0\u00a0\u00a0\u00a0\u00a0\u00a0\u00a0\u00a0\u00a0\u00a0\u00a0\u00a0\u00a0<\/strong><br>Dans l&#8217;emballage, vous trouverez un c\u00e2ble USB avec une conception de chargement magn\u00e9tique qui rend le chargement tr\u00e8s facile. Vous connectez l&rsquo;aimant aux points de charge \u00e0 l&rsquo;arri\u00e8re du traceur GPS et la sortie USB \u00e0 un chargeur USB. La charge d\u00e9marre imm\u00e9diatement. Apr\u00e8s la connexion, une courte vibration s&rsquo;ensuit. De cette fa\u00e7on, vous savez que le c\u00e2ble est correctement connect\u00e9.<\/p>\n\n\n\n<p><strong>Conseil<\/strong> : vous pouvez \u00e9galement charger le Spotter GPS Tracker \u00e0 l&rsquo;aide du Spotter Dock. Une station de charge pratique o\u00f9 vous pouvez facilement placer le Spotter pour le charger. Vous pouvez le commander dans notre <a href=\"https:\/\/shop.spottergps.com\/fr\/spotter-dock.html\" data-type=\"URL\" data-id=\"https:\/\/shop.spottergps.com\/fr\/spotter-dock.html\">boutique en ligne<\/a>.<\/p>\n","protected":false},"excerpt":{"rendered":"<p>Traceur GPS Spotter (2G)Dans l&#8217;emballage, vous trouverez un c\u00e2ble USB et un chargeur USB. Vous l&rsquo;utilisez pour charger le Spotter GPS Tracker. Vous connectez le c\u00e2ble USB au chargeur USB et le branchez dans la prise. Ins\u00e9rez l&rsquo;extr\u00e9mit\u00e9 du c\u00e2ble USB dans le port situ\u00e9 sur le c\u00f4t\u00e9 du Spotter GPS Tracker. Le Spotter GPS [&hellip;]<\/p>\n","protected":false},"author":8,"featured_media":0,"parent":1186,"menu_order":0,"comment_status":"closed","ping_status":"closed","template":"faq-content.php","meta":{"_acf_changed":false,"footnotes":""},"categories":[],"tags":[],"class_list":["post-1353","page","type-page","status-publish","hentry"],"acf":[],"yoast_head":"<!-- This site is optimized with the Yoast SEO plugin v25.9 - https:\/\/yoast.com\/wordpress\/plugins\/seo\/ -->\n<title>Traqueur GPS Spotter de charge - Spotter France<\/title>\n<meta name=\"robots\" content=\"index, follow, max-snippet:-1, max-image-preview:large, max-video-preview:-1\" \/>\n<link rel=\"canonical\" href=\"https:\/\/www.spottergps.com\/fr\/faq\/batterie-et-chargement\/traqueur-gps-spotter-de-charge\/\" \/>\n<meta property=\"og:locale\" content=\"fr_FR\" \/>\n<meta property=\"og:type\" content=\"article\" \/>\n<meta property=\"og:title\" content=\"Traqueur GPS Spotter de charge - Spotter France\" \/>\n<meta property=\"og:description\" content=\"Traceur GPS Spotter (2G)Dans l&#8217;emballage, vous trouverez un c\u00e2ble USB et un chargeur USB. Vous l&rsquo;utilisez pour charger le Spotter GPS Tracker. Vous connectez le c\u00e2ble USB au chargeur USB et le branchez dans la prise. Ins\u00e9rez l&rsquo;extr\u00e9mit\u00e9 du c\u00e2ble USB dans le port situ\u00e9 sur le c\u00f4t\u00e9 du Spotter GPS Tracker. Le Spotter GPS [&hellip;]\" \/>\n<meta property=\"og:url\" content=\"https:\/\/www.spottergps.com\/fr\/faq\/batterie-et-chargement\/traqueur-gps-spotter-de-charge\/\" \/>\n<meta property=\"og:site_name\" content=\"Spotter France\" \/>\n<meta property=\"article:modified_time\" content=\"2023-11-06T14:01:46+00:00\" \/>\n<meta name=\"twitter:card\" content=\"summary_large_image\" \/>\n<meta name=\"twitter:label1\" content=\"Dur\u00e9e de lecture estim\u00e9e\" \/>\n\t<meta name=\"twitter:data1\" content=\"1 minute\" \/>\n<script type=\"application\/ld+json\" class=\"yoast-schema-graph\">{\"@context\":\"https:\/\/schema.org\",\"@graph\":[{\"@type\":\"WebPage\",\"@id\":\"https:\/\/www.spottergps.com\/fr\/faq\/batterie-et-chargement\/traqueur-gps-spotter-de-charge\/\",\"url\":\"https:\/\/www.spottergps.com\/fr\/faq\/batterie-et-chargement\/traqueur-gps-spotter-de-charge\/\",\"name\":\"Traqueur GPS Spotter de charge - Spotter France\",\"isPartOf\":{\"@id\":\"https:\/\/www.spottergps.com\/fr\/#website\"},\"datePublished\":\"2023-09-11T13:38:59+00:00\",\"dateModified\":\"2023-11-06T14:01:46+00:00\",\"breadcrumb\":{\"@id\":\"https:\/\/www.spottergps.com\/fr\/faq\/batterie-et-chargement\/traqueur-gps-spotter-de-charge\/#breadcrumb\"},\"inLanguage\":\"fr-FR\",\"potentialAction\":[{\"@type\":\"ReadAction\",\"target\":[\"https:\/\/www.spottergps.com\/fr\/faq\/batterie-et-chargement\/traqueur-gps-spotter-de-charge\/\"]}]},{\"@type\":\"BreadcrumbList\",\"@id\":\"https:\/\/www.spottergps.com\/fr\/faq\/batterie-et-chargement\/traqueur-gps-spotter-de-charge\/#breadcrumb\",\"itemListElement\":[{\"@type\":\"ListItem\",\"position\":1,\"name\":\"Home\",\"item\":\"https:\/\/www.spottergps.com\/fr\/\"},{\"@type\":\"ListItem\",\"position\":2,\"name\":\"Comment pouvons-nous vous aider?\",\"item\":\"https:\/\/www.spottergps.com\/fr\/faq\/\"},{\"@type\":\"ListItem\",\"position\":3,\"name\":\"Batterie et chargement\",\"item\":\"https:\/\/www.spottergps.com\/fr\/faq\/batterie-et-chargement\/\"},{\"@type\":\"ListItem\",\"position\":4,\"name\":\"Traqueur GPS Spotter de charge\"}]},{\"@type\":\"WebSite\",\"@id\":\"https:\/\/www.spottergps.com\/fr\/#website\",\"url\":\"https:\/\/www.spottergps.com\/fr\/\",\"name\":\"Spotter France\",\"description\":\"Een andere Spotter websites site\",\"potentialAction\":[{\"@type\":\"SearchAction\",\"target\":{\"@type\":\"EntryPoint\",\"urlTemplate\":\"https:\/\/www.spottergps.com\/fr\/?s={search_term_string}\"},\"query-input\":{\"@type\":\"PropertyValueSpecification\",\"valueRequired\":true,\"valueName\":\"search_term_string\"}}],\"inLanguage\":\"fr-FR\"}]}<\/script>\n<!-- \/ Yoast SEO plugin. -->","yoast_head_json":{"title":"Traqueur GPS Spotter de charge - Spotter France","robots":{"index":"index","follow":"follow","max-snippet":"max-snippet:-1","max-image-preview":"max-image-preview:large","max-video-preview":"max-video-preview:-1"},"canonical":"https:\/\/www.spottergps.com\/fr\/faq\/batterie-et-chargement\/traqueur-gps-spotter-de-charge\/","og_locale":"fr_FR","og_type":"article","og_title":"Traqueur GPS Spotter de charge - Spotter France","og_description":"Traceur GPS Spotter (2G)Dans l&#8217;emballage, vous trouverez un c\u00e2ble USB et un chargeur USB. Vous l&rsquo;utilisez pour charger le Spotter GPS Tracker. Vous connectez le c\u00e2ble USB au chargeur USB et le branchez dans la prise. Ins\u00e9rez l&rsquo;extr\u00e9mit\u00e9 du c\u00e2ble USB dans le port situ\u00e9 sur le c\u00f4t\u00e9 du Spotter GPS Tracker. Le Spotter GPS [&hellip;]","og_url":"https:\/\/www.spottergps.com\/fr\/faq\/batterie-et-chargement\/traqueur-gps-spotter-de-charge\/","og_site_name":"Spotter France","article_modified_time":"2023-11-06T14:01:46+00:00","twitter_card":"summary_large_image","twitter_misc":{"Dur\u00e9e de lecture estim\u00e9e":"1 minute"},"schema":{"@context":"https:\/\/schema.org","@graph":[{"@type":"WebPage","@id":"https:\/\/www.spottergps.com\/fr\/faq\/batterie-et-chargement\/traqueur-gps-spotter-de-charge\/","url":"https:\/\/www.spottergps.com\/fr\/faq\/batterie-et-chargement\/traqueur-gps-spotter-de-charge\/","name":"Traqueur GPS Spotter de charge - Spotter France","isPartOf":{"@id":"https:\/\/www.spottergps.com\/fr\/#website"},"datePublished":"2023-09-11T13:38:59+00:00","dateModified":"2023-11-06T14:01:46+00:00","breadcrumb":{"@id":"https:\/\/www.spottergps.com\/fr\/faq\/batterie-et-chargement\/traqueur-gps-spotter-de-charge\/#breadcrumb"},"inLanguage":"fr-FR","potentialAction":[{"@type":"ReadAction","target":["https:\/\/www.spottergps.com\/fr\/faq\/batterie-et-chargement\/traqueur-gps-spotter-de-charge\/"]}]},{"@type":"BreadcrumbList","@id":"https:\/\/www.spottergps.com\/fr\/faq\/batterie-et-chargement\/traqueur-gps-spotter-de-charge\/#breadcrumb","itemListElement":[{"@type":"ListItem","position":1,"name":"Home","item":"https:\/\/www.spottergps.com\/fr\/"},{"@type":"ListItem","position":2,"name":"Comment pouvons-nous vous aider?","item":"https:\/\/www.spottergps.com\/fr\/faq\/"},{"@type":"ListItem","position":3,"name":"Batterie et chargement","item":"https:\/\/www.spottergps.com\/fr\/faq\/batterie-et-chargement\/"},{"@type":"ListItem","position":4,"name":"Traqueur GPS Spotter de charge"}]},{"@type":"WebSite","@id":"https:\/\/www.spottergps.com\/fr\/#website","url":"https:\/\/www.spottergps.com\/fr\/","name":"Spotter France","description":"Een andere Spotter websites site","potentialAction":[{"@type":"SearchAction","target":{"@type":"EntryPoint","urlTemplate":"https:\/\/www.spottergps.com\/fr\/?s={search_term_string}"},"query-input":{"@type":"PropertyValueSpecification","valueRequired":true,"valueName":"search_term_string"}}],"inLanguage":"fr-FR"}]}},"_links":{"self":[{"href":"https:\/\/www.spottergps.com\/fr\/wp-json\/wp\/v2\/pages\/1353","targetHints":{"allow":["GET"]}}],"collection":[{"href":"https:\/\/www.spottergps.com\/fr\/wp-json\/wp\/v2\/pages"}],"about":[{"href":"https:\/\/www.spottergps.com\/fr\/wp-json\/wp\/v2\/types\/page"}],"author":[{"embeddable":true,"href":"https:\/\/www.spottergps.com\/fr\/wp-json\/wp\/v2\/users\/8"}],"replies":[{"embeddable":true,"href":"https:\/\/www.spottergps.com\/fr\/wp-json\/wp\/v2\/comments?post=1353"}],"version-history":[{"count":8,"href":"https:\/\/www.spottergps.com\/fr\/wp-json\/wp\/v2\/pages\/1353\/revisions"}],"predecessor-version":[{"id":1741,"href":"https:\/\/www.spottergps.com\/fr\/wp-json\/wp\/v2\/pages\/1353\/revisions\/1741"}],"up":[{"embeddable":true,"href":"https:\/\/www.spottergps.com\/fr\/wp-json\/wp\/v2\/pages\/1186"}],"wp:attachment":[{"href":"https:\/\/www.spottergps.com\/fr\/wp-json\/wp\/v2\/media?parent=1353"}],"wp:term":[{"taxonomy":"category","embeddable":true,"href":"https:\/\/www.spottergps.com\/fr\/wp-json\/wp\/v2\/categories?post=1353"},{"taxonomy":"post_tag","embeddable":true,"href":"https:\/\/www.spottergps.com\/fr\/wp-json\/wp\/v2\/tags?post=1353"}],"curies":[{"name":"wp","href":"https:\/\/api.w.org\/{rel}","templated":true}]}}