{"id":1350,"date":"2023-09-11T14:32:42","date_gmt":"2023-09-11T13:32:42","guid":{"rendered":"https:\/\/www.spottergps.com\/fr\/?page_id=1350"},"modified":"2023-10-30T16:18:33","modified_gmt":"2023-10-30T15:18:33","slug":"mon-spotter-ne-travaille-pas-a-letranger","status":"publish","type":"page","link":"https:\/\/www.spottergps.com\/fr\/faq\/atteindre\/mon-spotter-ne-travaille-pas-a-letranger\/","title":{"rendered":"Mon Spotter ne travaille pas \u00e0 l&rsquo;\u00e9tranger"},"content":{"rendered":"\n<p>Tous nos produits fonctionnent dans toute l&rsquo;Europe. Vous pouvez voir quels pays rel\u00e8vent de cela <a href=\"https:\/\/www.spottergps.com\/fr\/faq\/atteindre\/dans-quels-pays-fonctionne-le-spotter\/\" data-type=\"URL\" data-id=\"https:\/\/www.spottergps.com\/fr\/faq\/atteindre\/dans-quels-pays-fonctionne-le-spotter\/\">ici<\/a>. En dehors de l&rsquo;Europe, le Spotter n&rsquo;a pas de couverture r\u00e9seau et n&rsquo;est donc pas en mesure d&rsquo;envoyer des emplacements.<\/p>\n\n\n\n<p>Si le Spotter a \u00e9t\u00e9 en dehors de l&rsquo;Europe, puis \u00e0 nouveau en Europe, le r\u00e9seau le plus appropri\u00e9 sera imm\u00e9diatement s\u00e9lectionn\u00e9. Si votre Spotter ne fonctionne pas, nous vous conseillons de suivre <a href=\"https:\/\/www.spottergps.com\/fr\/faq\/atteindre\/pas-de-localisation-ou-pas-de-spotter-actif\/\" data-type=\"URL\" data-id=\"https:\/\/www.spottergps.com\/fr\/faq\/atteindre\/pas-de-localisation-ou-pas-de-spotter-actif\/\">ces \u00e9tapes<\/a>.<\/p>\n","protected":false},"excerpt":{"rendered":"<p>Tous nos produits fonctionnent dans toute l&rsquo;Europe. Vous pouvez voir quels pays rel\u00e8vent de cela ici. En dehors de l&rsquo;Europe, le Spotter n&rsquo;a pas de couverture r\u00e9seau et n&rsquo;est donc pas en mesure d&rsquo;envoyer des emplacements. Si le Spotter a \u00e9t\u00e9 en dehors de l&rsquo;Europe, puis \u00e0 nouveau en Europe, le r\u00e9seau le plus appropri\u00e9 [&hellip;]<\/p>\n","protected":false},"author":8,"featured_media":0,"parent":1184,"menu_order":0,"comment_status":"closed","ping_status":"closed","template":"faq-content.php","meta":{"_acf_changed":false,"footnotes":""},"categories":[],"tags":[],"class_list":["post-1350","page","type-page","status-publish","hentry"],"acf":[],"yoast_head":"<!-- This site is optimized with the Yoast SEO plugin v25.9 - https:\/\/yoast.com\/wordpress\/plugins\/seo\/ -->\n<title>Mon Spotter ne travaille pas \u00e0 l&#039;\u00e9tranger - Spotter France<\/title>\n<meta name=\"robots\" content=\"index, follow, max-snippet:-1, max-image-preview:large, max-video-preview:-1\" \/>\n<link rel=\"canonical\" href=\"https:\/\/www.spottergps.com\/fr\/faq\/atteindre\/mon-spotter-ne-travaille-pas-a-letranger\/\" \/>\n<meta property=\"og:locale\" content=\"fr_FR\" \/>\n<meta property=\"og:type\" content=\"article\" \/>\n<meta property=\"og:title\" content=\"Mon Spotter ne travaille pas \u00e0 l&#039;\u00e9tranger - Spotter France\" \/>\n<meta property=\"og:description\" content=\"Tous nos produits fonctionnent dans toute l&rsquo;Europe. Vous pouvez voir quels pays rel\u00e8vent de cela ici. En dehors de l&rsquo;Europe, le Spotter n&rsquo;a pas de couverture r\u00e9seau et n&rsquo;est donc pas en mesure d&rsquo;envoyer des emplacements. Si le Spotter a \u00e9t\u00e9 en dehors de l&rsquo;Europe, puis \u00e0 nouveau en Europe, le r\u00e9seau le plus appropri\u00e9 [&hellip;]\" \/>\n<meta property=\"og:url\" content=\"https:\/\/www.spottergps.com\/fr\/faq\/atteindre\/mon-spotter-ne-travaille-pas-a-letranger\/\" \/>\n<meta property=\"og:site_name\" content=\"Spotter France\" \/>\n<meta property=\"article:modified_time\" content=\"2023-10-30T15:18:33+00:00\" \/>\n<meta name=\"twitter:card\" content=\"summary_large_image\" \/>\n<script type=\"application\/ld+json\" class=\"yoast-schema-graph\">{\"@context\":\"https:\/\/schema.org\",\"@graph\":[{\"@type\":\"WebPage\",\"@id\":\"https:\/\/www.spottergps.com\/fr\/faq\/atteindre\/mon-spotter-ne-travaille-pas-a-letranger\/\",\"url\":\"https:\/\/www.spottergps.com\/fr\/faq\/atteindre\/mon-spotter-ne-travaille-pas-a-letranger\/\",\"name\":\"Mon Spotter ne travaille pas \u00e0 l'\u00e9tranger - Spotter France\",\"isPartOf\":{\"@id\":\"https:\/\/www.spottergps.com\/fr\/#website\"},\"datePublished\":\"2023-09-11T13:32:42+00:00\",\"dateModified\":\"2023-10-30T15:18:33+00:00\",\"breadcrumb\":{\"@id\":\"https:\/\/www.spottergps.com\/fr\/faq\/atteindre\/mon-spotter-ne-travaille-pas-a-letranger\/#breadcrumb\"},\"inLanguage\":\"fr-FR\",\"potentialAction\":[{\"@type\":\"ReadAction\",\"target\":[\"https:\/\/www.spottergps.com\/fr\/faq\/atteindre\/mon-spotter-ne-travaille-pas-a-letranger\/\"]}]},{\"@type\":\"BreadcrumbList\",\"@id\":\"https:\/\/www.spottergps.com\/fr\/faq\/atteindre\/mon-spotter-ne-travaille-pas-a-letranger\/#breadcrumb\",\"itemListElement\":[{\"@type\":\"ListItem\",\"position\":1,\"name\":\"Home\",\"item\":\"https:\/\/www.spottergps.com\/fr\/\"},{\"@type\":\"ListItem\",\"position\":2,\"name\":\"Comment pouvons-nous vous aider?\",\"item\":\"https:\/\/www.spottergps.com\/fr\/faq\/\"},{\"@type\":\"ListItem\",\"position\":3,\"name\":\"Atteindre\",\"item\":\"https:\/\/www.spottergps.com\/fr\/faq\/atteindre\/\"},{\"@type\":\"ListItem\",\"position\":4,\"name\":\"Mon Spotter ne travaille pas \u00e0 l&rsquo;\u00e9tranger\"}]},{\"@type\":\"WebSite\",\"@id\":\"https:\/\/www.spottergps.com\/fr\/#website\",\"url\":\"https:\/\/www.spottergps.com\/fr\/\",\"name\":\"Spotter France\",\"description\":\"Een andere Spotter websites site\",\"potentialAction\":[{\"@type\":\"SearchAction\",\"target\":{\"@type\":\"EntryPoint\",\"urlTemplate\":\"https:\/\/www.spottergps.com\/fr\/?s={search_term_string}\"},\"query-input\":{\"@type\":\"PropertyValueSpecification\",\"valueRequired\":true,\"valueName\":\"search_term_string\"}}],\"inLanguage\":\"fr-FR\"}]}<\/script>\n<!-- \/ Yoast SEO plugin. -->","yoast_head_json":{"title":"Mon Spotter ne travaille pas \u00e0 l'\u00e9tranger - Spotter France","robots":{"index":"index","follow":"follow","max-snippet":"max-snippet:-1","max-image-preview":"max-image-preview:large","max-video-preview":"max-video-preview:-1"},"canonical":"https:\/\/www.spottergps.com\/fr\/faq\/atteindre\/mon-spotter-ne-travaille-pas-a-letranger\/","og_locale":"fr_FR","og_type":"article","og_title":"Mon Spotter ne travaille pas \u00e0 l'\u00e9tranger - Spotter France","og_description":"Tous nos produits fonctionnent dans toute l&rsquo;Europe. Vous pouvez voir quels pays rel\u00e8vent de cela ici. En dehors de l&rsquo;Europe, le Spotter n&rsquo;a pas de couverture r\u00e9seau et n&rsquo;est donc pas en mesure d&rsquo;envoyer des emplacements. Si le Spotter a \u00e9t\u00e9 en dehors de l&rsquo;Europe, puis \u00e0 nouveau en Europe, le r\u00e9seau le plus appropri\u00e9 [&hellip;]","og_url":"https:\/\/www.spottergps.com\/fr\/faq\/atteindre\/mon-spotter-ne-travaille-pas-a-letranger\/","og_site_name":"Spotter France","article_modified_time":"2023-10-30T15:18:33+00:00","twitter_card":"summary_large_image","schema":{"@context":"https:\/\/schema.org","@graph":[{"@type":"WebPage","@id":"https:\/\/www.spottergps.com\/fr\/faq\/atteindre\/mon-spotter-ne-travaille-pas-a-letranger\/","url":"https:\/\/www.spottergps.com\/fr\/faq\/atteindre\/mon-spotter-ne-travaille-pas-a-letranger\/","name":"Mon Spotter ne travaille pas \u00e0 l'\u00e9tranger - Spotter France","isPartOf":{"@id":"https:\/\/www.spottergps.com\/fr\/#website"},"datePublished":"2023-09-11T13:32:42+00:00","dateModified":"2023-10-30T15:18:33+00:00","breadcrumb":{"@id":"https:\/\/www.spottergps.com\/fr\/faq\/atteindre\/mon-spotter-ne-travaille-pas-a-letranger\/#breadcrumb"},"inLanguage":"fr-FR","potentialAction":[{"@type":"ReadAction","target":["https:\/\/www.spottergps.com\/fr\/faq\/atteindre\/mon-spotter-ne-travaille-pas-a-letranger\/"]}]},{"@type":"BreadcrumbList","@id":"https:\/\/www.spottergps.com\/fr\/faq\/atteindre\/mon-spotter-ne-travaille-pas-a-letranger\/#breadcrumb","itemListElement":[{"@type":"ListItem","position":1,"name":"Home","item":"https:\/\/www.spottergps.com\/fr\/"},{"@type":"ListItem","position":2,"name":"Comment pouvons-nous vous aider?","item":"https:\/\/www.spottergps.com\/fr\/faq\/"},{"@type":"ListItem","position":3,"name":"Atteindre","item":"https:\/\/www.spottergps.com\/fr\/faq\/atteindre\/"},{"@type":"ListItem","position":4,"name":"Mon Spotter ne travaille pas \u00e0 l&rsquo;\u00e9tranger"}]},{"@type":"WebSite","@id":"https:\/\/www.spottergps.com\/fr\/#website","url":"https:\/\/www.spottergps.com\/fr\/","name":"Spotter France","description":"Een andere Spotter websites site","potentialAction":[{"@type":"SearchAction","target":{"@type":"EntryPoint","urlTemplate":"https:\/\/www.spottergps.com\/fr\/?s={search_term_string}"},"query-input":{"@type":"PropertyValueSpecification","valueRequired":true,"valueName":"search_term_string"}}],"inLanguage":"fr-FR"}]}},"_links":{"self":[{"href":"https:\/\/www.spottergps.com\/fr\/wp-json\/wp\/v2\/pages\/1350","targetHints":{"allow":["GET"]}}],"collection":[{"href":"https:\/\/www.spottergps.com\/fr\/wp-json\/wp\/v2\/pages"}],"about":[{"href":"https:\/\/www.spottergps.com\/fr\/wp-json\/wp\/v2\/types\/page"}],"author":[{"embeddable":true,"href":"https:\/\/www.spottergps.com\/fr\/wp-json\/wp\/v2\/users\/8"}],"replies":[{"embeddable":true,"href":"https:\/\/www.spottergps.com\/fr\/wp-json\/wp\/v2\/comments?post=1350"}],"version-history":[{"count":5,"href":"https:\/\/www.spottergps.com\/fr\/wp-json\/wp\/v2\/pages\/1350\/revisions"}],"predecessor-version":[{"id":1717,"href":"https:\/\/www.spottergps.com\/fr\/wp-json\/wp\/v2\/pages\/1350\/revisions\/1717"}],"up":[{"embeddable":true,"href":"https:\/\/www.spottergps.com\/fr\/wp-json\/wp\/v2\/pages\/1184"}],"wp:attachment":[{"href":"https:\/\/www.spottergps.com\/fr\/wp-json\/wp\/v2\/media?parent=1350"}],"wp:term":[{"taxonomy":"category","embeddable":true,"href":"https:\/\/www.spottergps.com\/fr\/wp-json\/wp\/v2\/categories?post=1350"},{"taxonomy":"post_tag","embeddable":true,"href":"https:\/\/www.spottergps.com\/fr\/wp-json\/wp\/v2\/tags?post=1350"}],"curies":[{"name":"wp","href":"https:\/\/api.w.org\/{rel}","templated":true}]}}