{"id":1348,"date":"2023-09-11T14:31:24","date_gmt":"2023-09-11T13:31:24","guid":{"rendered":"https:\/\/www.spottergps.com\/fr\/?page_id=1348"},"modified":"2023-10-30T16:17:25","modified_gmt":"2023-10-30T15:17:25","slug":"ai-je-besoin-dune-carte-sim","status":"publish","type":"page","link":"https:\/\/www.spottergps.com\/fr\/faq\/atteindre\/ai-je-besoin-dune-carte-sim\/","title":{"rendered":"Ai-je besoin d&rsquo;une carte SIM ?"},"content":{"rendered":"\n<p><span style=\"font-family: 'Aller',serif;color: #222222\">Tous les produits Spotter sont \u00e9quip\u00e9s d&rsquo;une carte SIM s\u00e9curis\u00e9e int\u00e9gr\u00e9e. Vous n&rsquo;avez donc pas besoin d&rsquo;acheter vous-m\u00eame une carte SIM pour utiliser le produit. Le gros avantage est que cela rend les produits plus s\u00fbrs et que vous pouvez commencer \u00e0 utiliser le Spotter imm\u00e9diatement apr\u00e8s r\u00e9ception.\u00a0<\/span><\/p>\n\n\n\n<h2 class=\"wp-block-heading\"><span style=\"font-family: 'Aller',serif;color: #222222\">S\u00e9curit\u00e9 suppl\u00e9mentaire<\/span><\/h2>\n\n\n\n<p><span style=\"font-family: 'Aller',serif;color: #222222\">Cette carte SIM s\u00e9curis\u00e9e communique uniquement avec notre logiciel et via une connexion s\u00e9curis\u00e9e (VPN). Cela rend les produits tr\u00e8s s\u00fbrs et inaccessibles aux tiers. <a href=\"https:\/\/www.spottergps.com\/fr\/securite-privee\/\" data-type=\"page\" data-id=\"449\">Lisez ici<\/a> comment nous g\u00e9rons la s\u00e9curit\u00e9 et la confidentialit\u00e9 de nos produits et services.\u00a0<\/span><\/p>\n\n\n\n<h2 class=\"wp-block-heading\"><span style=\"font-family: 'Aller',serif;color: #222222\">Couverture optimale en Europe<\/span><\/h2>\n\n\n\n<p><span style=\"font-family: 'Aller',serif;color: #222222\">Et parce que cette carte SIM est une carte SIM itin\u00e9rante, elle fonctionne dans toute l&rsquo;Europe et utilise toujours le meilleur fournisseur\/r\u00e9seau disponible. Cela garantit une port\u00e9e optimale, m\u00eame en cas de dysfonctionnement chez un fournisseur. Cette carte SIM bascule alors imm\u00e9diatement sur un autre r\u00e9seau.<\/span><\/p>\n","protected":false},"excerpt":{"rendered":"<p>Tous les produits Spotter sont \u00e9quip\u00e9s d&rsquo;une carte SIM s\u00e9curis\u00e9e int\u00e9gr\u00e9e. Vous n&rsquo;avez donc pas besoin d&rsquo;acheter vous-m\u00eame une carte SIM pour utiliser le produit. Le gros avantage est que cela rend les produits plus s\u00fbrs et que vous pouvez commencer \u00e0 utiliser le Spotter imm\u00e9diatement apr\u00e8s r\u00e9ception.\u00a0 S\u00e9curit\u00e9 suppl\u00e9mentaire Cette carte SIM s\u00e9curis\u00e9e communique [&hellip;]<\/p>\n","protected":false},"author":8,"featured_media":0,"parent":1184,"menu_order":0,"comment_status":"closed","ping_status":"closed","template":"faq-content.php","meta":{"_acf_changed":false,"footnotes":""},"categories":[],"tags":[],"class_list":["post-1348","page","type-page","status-publish","hentry"],"acf":[],"yoast_head":"<!-- This site is optimized with the Yoast SEO plugin v25.9 - https:\/\/yoast.com\/wordpress\/plugins\/seo\/ -->\n<title>Ai-je besoin d&#039;une carte SIM ? - Spotter France<\/title>\n<meta name=\"robots\" content=\"index, follow, max-snippet:-1, max-image-preview:large, max-video-preview:-1\" \/>\n<link rel=\"canonical\" href=\"https:\/\/www.spottergps.com\/fr\/faq\/atteindre\/ai-je-besoin-dune-carte-sim\/\" \/>\n<meta property=\"og:locale\" content=\"fr_FR\" \/>\n<meta property=\"og:type\" content=\"article\" \/>\n<meta property=\"og:title\" content=\"Ai-je besoin d&#039;une carte SIM ? - Spotter France\" \/>\n<meta property=\"og:description\" content=\"Tous les produits Spotter sont \u00e9quip\u00e9s d&rsquo;une carte SIM s\u00e9curis\u00e9e int\u00e9gr\u00e9e. Vous n&rsquo;avez donc pas besoin d&rsquo;acheter vous-m\u00eame une carte SIM pour utiliser le produit. Le gros avantage est que cela rend les produits plus s\u00fbrs et que vous pouvez commencer \u00e0 utiliser le Spotter imm\u00e9diatement apr\u00e8s r\u00e9ception.\u00a0 S\u00e9curit\u00e9 suppl\u00e9mentaire Cette carte SIM s\u00e9curis\u00e9e communique [&hellip;]\" \/>\n<meta property=\"og:url\" content=\"https:\/\/www.spottergps.com\/fr\/faq\/atteindre\/ai-je-besoin-dune-carte-sim\/\" \/>\n<meta property=\"og:site_name\" content=\"Spotter France\" \/>\n<meta property=\"article:modified_time\" content=\"2023-10-30T15:17:25+00:00\" \/>\n<meta name=\"twitter:card\" content=\"summary_large_image\" \/>\n<meta name=\"twitter:label1\" content=\"Dur\u00e9e de lecture estim\u00e9e\" \/>\n\t<meta name=\"twitter:data1\" content=\"1 minute\" \/>\n<script type=\"application\/ld+json\" class=\"yoast-schema-graph\">{\"@context\":\"https:\/\/schema.org\",\"@graph\":[{\"@type\":\"WebPage\",\"@id\":\"https:\/\/www.spottergps.com\/fr\/faq\/atteindre\/ai-je-besoin-dune-carte-sim\/\",\"url\":\"https:\/\/www.spottergps.com\/fr\/faq\/atteindre\/ai-je-besoin-dune-carte-sim\/\",\"name\":\"Ai-je besoin d'une carte SIM ? - Spotter France\",\"isPartOf\":{\"@id\":\"https:\/\/www.spottergps.com\/fr\/#website\"},\"datePublished\":\"2023-09-11T13:31:24+00:00\",\"dateModified\":\"2023-10-30T15:17:25+00:00\",\"breadcrumb\":{\"@id\":\"https:\/\/www.spottergps.com\/fr\/faq\/atteindre\/ai-je-besoin-dune-carte-sim\/#breadcrumb\"},\"inLanguage\":\"fr-FR\",\"potentialAction\":[{\"@type\":\"ReadAction\",\"target\":[\"https:\/\/www.spottergps.com\/fr\/faq\/atteindre\/ai-je-besoin-dune-carte-sim\/\"]}]},{\"@type\":\"BreadcrumbList\",\"@id\":\"https:\/\/www.spottergps.com\/fr\/faq\/atteindre\/ai-je-besoin-dune-carte-sim\/#breadcrumb\",\"itemListElement\":[{\"@type\":\"ListItem\",\"position\":1,\"name\":\"Home\",\"item\":\"https:\/\/www.spottergps.com\/fr\/\"},{\"@type\":\"ListItem\",\"position\":2,\"name\":\"Comment pouvons-nous vous aider?\",\"item\":\"https:\/\/www.spottergps.com\/fr\/faq\/\"},{\"@type\":\"ListItem\",\"position\":3,\"name\":\"Atteindre\",\"item\":\"https:\/\/www.spottergps.com\/fr\/faq\/atteindre\/\"},{\"@type\":\"ListItem\",\"position\":4,\"name\":\"Ai-je besoin d&rsquo;une carte SIM ?\"}]},{\"@type\":\"WebSite\",\"@id\":\"https:\/\/www.spottergps.com\/fr\/#website\",\"url\":\"https:\/\/www.spottergps.com\/fr\/\",\"name\":\"Spotter France\",\"description\":\"Een andere Spotter websites site\",\"potentialAction\":[{\"@type\":\"SearchAction\",\"target\":{\"@type\":\"EntryPoint\",\"urlTemplate\":\"https:\/\/www.spottergps.com\/fr\/?s={search_term_string}\"},\"query-input\":{\"@type\":\"PropertyValueSpecification\",\"valueRequired\":true,\"valueName\":\"search_term_string\"}}],\"inLanguage\":\"fr-FR\"}]}<\/script>\n<!-- \/ Yoast SEO plugin. -->","yoast_head_json":{"title":"Ai-je besoin d'une carte SIM ? - Spotter France","robots":{"index":"index","follow":"follow","max-snippet":"max-snippet:-1","max-image-preview":"max-image-preview:large","max-video-preview":"max-video-preview:-1"},"canonical":"https:\/\/www.spottergps.com\/fr\/faq\/atteindre\/ai-je-besoin-dune-carte-sim\/","og_locale":"fr_FR","og_type":"article","og_title":"Ai-je besoin d'une carte SIM ? - Spotter France","og_description":"Tous les produits Spotter sont \u00e9quip\u00e9s d&rsquo;une carte SIM s\u00e9curis\u00e9e int\u00e9gr\u00e9e. Vous n&rsquo;avez donc pas besoin d&rsquo;acheter vous-m\u00eame une carte SIM pour utiliser le produit. Le gros avantage est que cela rend les produits plus s\u00fbrs et que vous pouvez commencer \u00e0 utiliser le Spotter imm\u00e9diatement apr\u00e8s r\u00e9ception.\u00a0 S\u00e9curit\u00e9 suppl\u00e9mentaire Cette carte SIM s\u00e9curis\u00e9e communique [&hellip;]","og_url":"https:\/\/www.spottergps.com\/fr\/faq\/atteindre\/ai-je-besoin-dune-carte-sim\/","og_site_name":"Spotter France","article_modified_time":"2023-10-30T15:17:25+00:00","twitter_card":"summary_large_image","twitter_misc":{"Dur\u00e9e de lecture estim\u00e9e":"1 minute"},"schema":{"@context":"https:\/\/schema.org","@graph":[{"@type":"WebPage","@id":"https:\/\/www.spottergps.com\/fr\/faq\/atteindre\/ai-je-besoin-dune-carte-sim\/","url":"https:\/\/www.spottergps.com\/fr\/faq\/atteindre\/ai-je-besoin-dune-carte-sim\/","name":"Ai-je besoin d'une carte SIM ? - Spotter France","isPartOf":{"@id":"https:\/\/www.spottergps.com\/fr\/#website"},"datePublished":"2023-09-11T13:31:24+00:00","dateModified":"2023-10-30T15:17:25+00:00","breadcrumb":{"@id":"https:\/\/www.spottergps.com\/fr\/faq\/atteindre\/ai-je-besoin-dune-carte-sim\/#breadcrumb"},"inLanguage":"fr-FR","potentialAction":[{"@type":"ReadAction","target":["https:\/\/www.spottergps.com\/fr\/faq\/atteindre\/ai-je-besoin-dune-carte-sim\/"]}]},{"@type":"BreadcrumbList","@id":"https:\/\/www.spottergps.com\/fr\/faq\/atteindre\/ai-je-besoin-dune-carte-sim\/#breadcrumb","itemListElement":[{"@type":"ListItem","position":1,"name":"Home","item":"https:\/\/www.spottergps.com\/fr\/"},{"@type":"ListItem","position":2,"name":"Comment pouvons-nous vous aider?","item":"https:\/\/www.spottergps.com\/fr\/faq\/"},{"@type":"ListItem","position":3,"name":"Atteindre","item":"https:\/\/www.spottergps.com\/fr\/faq\/atteindre\/"},{"@type":"ListItem","position":4,"name":"Ai-je besoin d&rsquo;une carte SIM ?"}]},{"@type":"WebSite","@id":"https:\/\/www.spottergps.com\/fr\/#website","url":"https:\/\/www.spottergps.com\/fr\/","name":"Spotter France","description":"Een andere Spotter websites site","potentialAction":[{"@type":"SearchAction","target":{"@type":"EntryPoint","urlTemplate":"https:\/\/www.spottergps.com\/fr\/?s={search_term_string}"},"query-input":{"@type":"PropertyValueSpecification","valueRequired":true,"valueName":"search_term_string"}}],"inLanguage":"fr-FR"}]}},"_links":{"self":[{"href":"https:\/\/www.spottergps.com\/fr\/wp-json\/wp\/v2\/pages\/1348","targetHints":{"allow":["GET"]}}],"collection":[{"href":"https:\/\/www.spottergps.com\/fr\/wp-json\/wp\/v2\/pages"}],"about":[{"href":"https:\/\/www.spottergps.com\/fr\/wp-json\/wp\/v2\/types\/page"}],"author":[{"embeddable":true,"href":"https:\/\/www.spottergps.com\/fr\/wp-json\/wp\/v2\/users\/8"}],"replies":[{"embeddable":true,"href":"https:\/\/www.spottergps.com\/fr\/wp-json\/wp\/v2\/comments?post=1348"}],"version-history":[{"count":3,"href":"https:\/\/www.spottergps.com\/fr\/wp-json\/wp\/v2\/pages\/1348\/revisions"}],"predecessor-version":[{"id":1716,"href":"https:\/\/www.spottergps.com\/fr\/wp-json\/wp\/v2\/pages\/1348\/revisions\/1716"}],"up":[{"embeddable":true,"href":"https:\/\/www.spottergps.com\/fr\/wp-json\/wp\/v2\/pages\/1184"}],"wp:attachment":[{"href":"https:\/\/www.spottergps.com\/fr\/wp-json\/wp\/v2\/media?parent=1348"}],"wp:term":[{"taxonomy":"category","embeddable":true,"href":"https:\/\/www.spottergps.com\/fr\/wp-json\/wp\/v2\/categories?post=1348"},{"taxonomy":"post_tag","embeddable":true,"href":"https:\/\/www.spottergps.com\/fr\/wp-json\/wp\/v2\/tags?post=1348"}],"curies":[{"name":"wp","href":"https:\/\/api.w.org\/{rel}","templated":true}]}}