{"id":1346,"date":"2023-09-11T14:29:44","date_gmt":"2023-09-11T13:29:44","guid":{"rendered":"https:\/\/www.spottergps.com\/fr\/?page_id=1346"},"modified":"2023-09-11T14:50:25","modified_gmt":"2023-09-11T13:50:25","slug":"suis-je-toujours-couvert","status":"publish","type":"page","link":"https:\/\/www.spottergps.com\/fr\/faq\/atteindre\/suis-je-toujours-couvert\/","title":{"rendered":"Suis-je toujours couvert ?"},"content":{"rendered":"\n<p>Tous les produits Spotter utilisent la classe GPS la plus \u00e9lev\u00e9e pour une localisation optimale. Bien que les satellites GPS soient tr\u00e8s pr\u00e9cis, ils ont aussi leurs anomalies qui peuvent entra\u00eener une erreur dans la d\u00e9termination de l&#8217;emplacement de Spotter. Si le GPRS (r\u00e9seau) est l\u00e9g\u00e8rement moins bon \u00e0 un certain endroit, cela peut \u00e9galement affecter l&rsquo;accessibilit\u00e9 de Spotter.<\/p>\n","protected":false},"excerpt":{"rendered":"<p>Tous les produits Spotter utilisent la classe GPS la plus \u00e9lev\u00e9e pour une localisation optimale. Bien que les satellites GPS soient tr\u00e8s pr\u00e9cis, ils ont aussi leurs anomalies qui peuvent entra\u00eener une erreur dans la d\u00e9termination de l&#8217;emplacement de Spotter. Si le GPRS (r\u00e9seau) est l\u00e9g\u00e8rement moins bon \u00e0 un certain endroit, cela peut \u00e9galement [&hellip;]<\/p>\n","protected":false},"author":8,"featured_media":0,"parent":1184,"menu_order":0,"comment_status":"closed","ping_status":"closed","template":"faq-content.php","meta":{"_acf_changed":false,"footnotes":""},"categories":[],"tags":[],"class_list":["post-1346","page","type-page","status-publish","hentry"],"acf":[],"yoast_head":"<!-- This site is optimized with the Yoast SEO plugin v25.9 - https:\/\/yoast.com\/wordpress\/plugins\/seo\/ -->\n<title>Suis-je toujours couvert ? - Spotter France<\/title>\n<meta name=\"robots\" content=\"index, follow, max-snippet:-1, max-image-preview:large, max-video-preview:-1\" \/>\n<link rel=\"canonical\" href=\"https:\/\/www.spottergps.com\/fr\/faq\/atteindre\/suis-je-toujours-couvert\/\" \/>\n<meta property=\"og:locale\" content=\"fr_FR\" \/>\n<meta property=\"og:type\" content=\"article\" \/>\n<meta property=\"og:title\" content=\"Suis-je toujours couvert ? - Spotter France\" \/>\n<meta property=\"og:description\" content=\"Tous les produits Spotter utilisent la classe GPS la plus \u00e9lev\u00e9e pour une localisation optimale. Bien que les satellites GPS soient tr\u00e8s pr\u00e9cis, ils ont aussi leurs anomalies qui peuvent entra\u00eener une erreur dans la d\u00e9termination de l&#8217;emplacement de Spotter. Si le GPRS (r\u00e9seau) est l\u00e9g\u00e8rement moins bon \u00e0 un certain endroit, cela peut \u00e9galement [&hellip;]\" \/>\n<meta property=\"og:url\" content=\"https:\/\/www.spottergps.com\/fr\/faq\/atteindre\/suis-je-toujours-couvert\/\" \/>\n<meta property=\"og:site_name\" content=\"Spotter France\" \/>\n<meta property=\"article:modified_time\" content=\"2023-09-11T13:50:25+00:00\" \/>\n<meta name=\"twitter:card\" content=\"summary_large_image\" \/>\n<script type=\"application\/ld+json\" class=\"yoast-schema-graph\">{\"@context\":\"https:\/\/schema.org\",\"@graph\":[{\"@type\":\"WebPage\",\"@id\":\"https:\/\/www.spottergps.com\/fr\/faq\/atteindre\/suis-je-toujours-couvert\/\",\"url\":\"https:\/\/www.spottergps.com\/fr\/faq\/atteindre\/suis-je-toujours-couvert\/\",\"name\":\"Suis-je toujours couvert ? - Spotter France\",\"isPartOf\":{\"@id\":\"https:\/\/www.spottergps.com\/fr\/#website\"},\"datePublished\":\"2023-09-11T13:29:44+00:00\",\"dateModified\":\"2023-09-11T13:50:25+00:00\",\"breadcrumb\":{\"@id\":\"https:\/\/www.spottergps.com\/fr\/faq\/atteindre\/suis-je-toujours-couvert\/#breadcrumb\"},\"inLanguage\":\"fr-FR\",\"potentialAction\":[{\"@type\":\"ReadAction\",\"target\":[\"https:\/\/www.spottergps.com\/fr\/faq\/atteindre\/suis-je-toujours-couvert\/\"]}]},{\"@type\":\"BreadcrumbList\",\"@id\":\"https:\/\/www.spottergps.com\/fr\/faq\/atteindre\/suis-je-toujours-couvert\/#breadcrumb\",\"itemListElement\":[{\"@type\":\"ListItem\",\"position\":1,\"name\":\"Home\",\"item\":\"https:\/\/www.spottergps.com\/fr\/\"},{\"@type\":\"ListItem\",\"position\":2,\"name\":\"Comment pouvons-nous vous aider?\",\"item\":\"https:\/\/www.spottergps.com\/fr\/faq\/\"},{\"@type\":\"ListItem\",\"position\":3,\"name\":\"Atteindre\",\"item\":\"https:\/\/www.spottergps.com\/fr\/faq\/atteindre\/\"},{\"@type\":\"ListItem\",\"position\":4,\"name\":\"Suis-je toujours couvert ?\"}]},{\"@type\":\"WebSite\",\"@id\":\"https:\/\/www.spottergps.com\/fr\/#website\",\"url\":\"https:\/\/www.spottergps.com\/fr\/\",\"name\":\"Spotter France\",\"description\":\"Een andere Spotter websites site\",\"potentialAction\":[{\"@type\":\"SearchAction\",\"target\":{\"@type\":\"EntryPoint\",\"urlTemplate\":\"https:\/\/www.spottergps.com\/fr\/?s={search_term_string}\"},\"query-input\":{\"@type\":\"PropertyValueSpecification\",\"valueRequired\":true,\"valueName\":\"search_term_string\"}}],\"inLanguage\":\"fr-FR\"}]}<\/script>\n<!-- \/ Yoast SEO plugin. -->","yoast_head_json":{"title":"Suis-je toujours couvert ? - Spotter France","robots":{"index":"index","follow":"follow","max-snippet":"max-snippet:-1","max-image-preview":"max-image-preview:large","max-video-preview":"max-video-preview:-1"},"canonical":"https:\/\/www.spottergps.com\/fr\/faq\/atteindre\/suis-je-toujours-couvert\/","og_locale":"fr_FR","og_type":"article","og_title":"Suis-je toujours couvert ? - Spotter France","og_description":"Tous les produits Spotter utilisent la classe GPS la plus \u00e9lev\u00e9e pour une localisation optimale. Bien que les satellites GPS soient tr\u00e8s pr\u00e9cis, ils ont aussi leurs anomalies qui peuvent entra\u00eener une erreur dans la d\u00e9termination de l&#8217;emplacement de Spotter. Si le GPRS (r\u00e9seau) est l\u00e9g\u00e8rement moins bon \u00e0 un certain endroit, cela peut \u00e9galement [&hellip;]","og_url":"https:\/\/www.spottergps.com\/fr\/faq\/atteindre\/suis-je-toujours-couvert\/","og_site_name":"Spotter France","article_modified_time":"2023-09-11T13:50:25+00:00","twitter_card":"summary_large_image","schema":{"@context":"https:\/\/schema.org","@graph":[{"@type":"WebPage","@id":"https:\/\/www.spottergps.com\/fr\/faq\/atteindre\/suis-je-toujours-couvert\/","url":"https:\/\/www.spottergps.com\/fr\/faq\/atteindre\/suis-je-toujours-couvert\/","name":"Suis-je toujours couvert ? - Spotter France","isPartOf":{"@id":"https:\/\/www.spottergps.com\/fr\/#website"},"datePublished":"2023-09-11T13:29:44+00:00","dateModified":"2023-09-11T13:50:25+00:00","breadcrumb":{"@id":"https:\/\/www.spottergps.com\/fr\/faq\/atteindre\/suis-je-toujours-couvert\/#breadcrumb"},"inLanguage":"fr-FR","potentialAction":[{"@type":"ReadAction","target":["https:\/\/www.spottergps.com\/fr\/faq\/atteindre\/suis-je-toujours-couvert\/"]}]},{"@type":"BreadcrumbList","@id":"https:\/\/www.spottergps.com\/fr\/faq\/atteindre\/suis-je-toujours-couvert\/#breadcrumb","itemListElement":[{"@type":"ListItem","position":1,"name":"Home","item":"https:\/\/www.spottergps.com\/fr\/"},{"@type":"ListItem","position":2,"name":"Comment pouvons-nous vous aider?","item":"https:\/\/www.spottergps.com\/fr\/faq\/"},{"@type":"ListItem","position":3,"name":"Atteindre","item":"https:\/\/www.spottergps.com\/fr\/faq\/atteindre\/"},{"@type":"ListItem","position":4,"name":"Suis-je toujours couvert ?"}]},{"@type":"WebSite","@id":"https:\/\/www.spottergps.com\/fr\/#website","url":"https:\/\/www.spottergps.com\/fr\/","name":"Spotter France","description":"Een andere Spotter websites site","potentialAction":[{"@type":"SearchAction","target":{"@type":"EntryPoint","urlTemplate":"https:\/\/www.spottergps.com\/fr\/?s={search_term_string}"},"query-input":{"@type":"PropertyValueSpecification","valueRequired":true,"valueName":"search_term_string"}}],"inLanguage":"fr-FR"}]}},"_links":{"self":[{"href":"https:\/\/www.spottergps.com\/fr\/wp-json\/wp\/v2\/pages\/1346","targetHints":{"allow":["GET"]}}],"collection":[{"href":"https:\/\/www.spottergps.com\/fr\/wp-json\/wp\/v2\/pages"}],"about":[{"href":"https:\/\/www.spottergps.com\/fr\/wp-json\/wp\/v2\/types\/page"}],"author":[{"embeddable":true,"href":"https:\/\/www.spottergps.com\/fr\/wp-json\/wp\/v2\/users\/8"}],"replies":[{"embeddable":true,"href":"https:\/\/www.spottergps.com\/fr\/wp-json\/wp\/v2\/comments?post=1346"}],"version-history":[{"count":2,"href":"https:\/\/www.spottergps.com\/fr\/wp-json\/wp\/v2\/pages\/1346\/revisions"}],"predecessor-version":[{"id":1363,"href":"https:\/\/www.spottergps.com\/fr\/wp-json\/wp\/v2\/pages\/1346\/revisions\/1363"}],"up":[{"embeddable":true,"href":"https:\/\/www.spottergps.com\/fr\/wp-json\/wp\/v2\/pages\/1184"}],"wp:attachment":[{"href":"https:\/\/www.spottergps.com\/fr\/wp-json\/wp\/v2\/media?parent=1346"}],"wp:term":[{"taxonomy":"category","embeddable":true,"href":"https:\/\/www.spottergps.com\/fr\/wp-json\/wp\/v2\/categories?post=1346"},{"taxonomy":"post_tag","embeddable":true,"href":"https:\/\/www.spottergps.com\/fr\/wp-json\/wp\/v2\/tags?post=1346"}],"curies":[{"name":"wp","href":"https:\/\/api.w.org\/{rel}","templated":true}]}}