{"id":1344,"date":"2023-09-11T14:27:27","date_gmt":"2023-09-11T13:27:27","guid":{"rendered":"https:\/\/www.spottergps.com\/fr\/?page_id=1344"},"modified":"2024-10-14T10:22:13","modified_gmt":"2024-10-14T09:22:13","slug":"dans-quels-pays-fonctionne-le-spotter","status":"publish","type":"page","link":"https:\/\/www.spottergps.com\/fr\/faq\/atteindre\/dans-quels-pays-fonctionne-le-spotter\/","title":{"rendered":"Dans quels pays fonctionne le Spotter\u00a0?"},"content":{"rendered":"<div class=\"wp-block-image\">\n<figure class=\"alignright size-full is-resized\"><a href=\"https:\/\/www.spottergps.com\/fr\/wp-content\/uploads\/sites\/2\/2024\/06\/spotter_-_worldwide_coverage_site_480.jpg\"><img loading=\"lazy\" decoding=\"async\" width=\"480\" height=\"248\" src=\"https:\/\/www.spottergps.com\/fr\/wp-content\/uploads\/sites\/2\/2024\/06\/spotter_-_worldwide_coverage_site_480.jpg\" alt=\"\" class=\"wp-image-1974\" style=\"width:544px;height:auto\" srcset=\"https:\/\/www.spottergps.com\/fr\/wp-content\/uploads\/sites\/2\/2024\/06\/spotter_-_worldwide_coverage_site_480.jpg 480w, https:\/\/www.spottergps.com\/fr\/wp-content\/uploads\/sites\/2\/2024\/06\/spotter_-_worldwide_coverage_site_480-300x155.jpg 300w\" sizes=\"auto, (max-width: 480px) 100vw, 480px\" \/><\/a><\/figure><\/div>\n\n<p style=\"text-align: left\">Tous nos produits fonctionnent par d\u00e9faut dans toute l&rsquo;Europe, vous permettant ainsi d&rsquo;utiliser nos trackers GPS pendant vos vacances sans frais suppl\u00e9mentaires. Pas d&rsquo;inqui\u00e9tude pour les co\u00fbts de donn\u00e9es \u00e9lev\u00e9s.<\/p>\n\n\n<p class=\"has-text-align-left\"><strong>Cet \u00e9t\u00e9, nous offrons \u00e9galement la possibilit\u00e9 d&rsquo;utiliser nos produits&nbsp; en dehors de l&rsquo;Europe. D&rsquo;Aruba \u00e0 la Malaisie, avec Spotter, vous voyagez dans le monde entier !<\/strong> Vous trouverez ci-dessous un aper\u00e7u des pays disponibles et de la couverture correspondante.<\/p>\n\n\n\n<p class=\"has-text-align-left\"><span style=\"color: #000000\">Bon \u00e0 savoir :<\/span> le fonctionnement de nos produits d\u00e9pend toujours de la disponibilit\u00e9 des r\u00e9seaux dans le pays concern\u00e9.<\/p>\n\n\n\n<h2>\u00a0<\/h2>\n<h2>Couverture europ\u00e9enne et mondiale, que choisissez-vous ?<\/h2>\n<p>Tous nos produits sont utilisables par d\u00e9faut dans toute l&rsquo;Europe sans frais suppl\u00e9mentaires. De plus, dans l&rsquo;application Spotter, vous pouvez opter pour une couverture mondiale. Ce service mondial est disponible moyennant un suppl\u00e9ment de 9,95 \u20ac TTC pour un mois. \u00a0Consultez ci-dessous les pays couverts par la couverture europ\u00e9enne et mondiale.<\/p>\n\n\n\n<h4>Standard : Couverture europ\u00e9enne<\/h4>\n<ul>\n<li>Allemagne<\/li>\n<li>Autriche<\/li>\n<li>Belgique<\/li>\n<li>Bulgarie<\/li>\n<li>Chypre<\/li>\n<li>Croatie<\/li>\n<li>Danemark<\/li>\n<li>Espagne<\/li>\n<li>Estonie<\/li>\n<li>Finlande<\/li>\n<li>France<\/li>\n<li>Gr\u00e8ce<\/li>\n<li>Hongrie<\/li>\n<li>Irlande<\/li>\n<li>Islande<\/li>\n<li>Italie<\/li>\n<li>Lettonie<\/li>\n<li>Liechtenstein<\/li>\n<li>Lituanie<\/li>\n<li>Luxembourg<\/li>\n<li>Malte<\/li>\n<li>Norv\u00e8ge<\/li>\n<li>Pays-Bas<\/li>\n<li>Pologne<\/li>\n<li>Portugal<\/li>\n<li>Roumanie<\/li>\n<li>Royaume-Uni<\/li>\n<li>R\u00e9publique tch\u00e8que<\/li>\n<li>Slovaquie<\/li>\n<li>Slov\u00e9nie<\/li>\n<li>Su\u00e8de<\/li>\n<li>Suisse*<\/li>\n<\/ul>\n\n\n\n<div class=\"flex flex-grow flex-col max-w-full\">\n<div class=\"min-h-[20px] text-message flex flex-col items-start whitespace-pre-wrap break-words [.text-message+&amp;]:mt-5 juice:w-full juice:items-end overflow-x-auto gap-2\" dir=\"auto\" data-message-author-role=\"assistant\" data-message-id=\"aa1b0781-a115-4bcf-b911-40db08b660c0\">\n<div class=\"flex w-full flex-col gap-1 juice:empty:hidden juice:first:pt-[3px]\">\n<div class=\"markdown prose w-full break-words dark:prose-invert light\">\n<h4>Optionnel : Couverture mondiale<\/h4>\n<\/div>\n<\/div>\n<\/div>\n<\/div>\n<div class=\"mt-1 flex gap-3 empty:hidden juice:-ml-3\">\n<div class=\"items-center justify-start rounded-xl p-1 z-10 -mt-1 bg-token-main-surface-primary md:absolute md:border md:border-token-border-light flex\">\n<div class=\"flex items-center\">\n<div class=\"flex\">\n<ul>\n<li>Afghanistan<\/li>\n<li>Afrique du Sud<\/li>\n<li>Albanie<\/li>\n<li>Allemagne<\/li>\n<li>Andorre<\/li>\n<li>Angola<\/li>\n<li>Antigua-et-Barbuda<\/li>\n<li>Arabie saoudite<\/li>\n<li>Argentine<\/li>\n<li>Arm\u00e9nie<\/li>\n<li>Aruba<\/li>\n<li>Australie*<\/li>\n<li>Autriche<\/li>\n<li>Azerba\u00efdjan, R\u00e9publique<\/li>\n<li>Bahamas<\/li>\n<li>Bahre\u00efn<\/li>\n<li>Bangladesh<\/li>\n<li>Barbade<\/li>\n<li>Belgique<\/li>\n<li>Belize<\/li>\n<li>B\u00e9nin<\/li>\n<li>Bermudes<\/li>\n<li>Bhoutan<\/li>\n<li>Bi\u00e9lorussie, R\u00e9publique<\/li>\n<li>Bolivie<\/li>\n<li>Bonaire<\/li>\n<li>Bosnie-Herz\u00e9govine<\/li>\n<li>Botswana<\/li>\n<li>Br\u00e9sil<\/li>\n<li>Brunei<\/li>\n<li>Bulgarie<\/li>\n<li>Burkina Faso<\/li>\n<li>Burundi<\/li>\n<li>Cambodge<\/li>\n<li>Cameroun<\/li>\n<li>Canada*<\/li>\n<li>Cap-Vert<\/li>\n<li>Chili<\/li>\n<li>Chine<\/li>\n<li>Chypre<\/li>\n<li>Colombie<\/li>\n<li>Comores<\/li>\n<li>Congo, R\u00e9publique<\/li>\n<li>Cor\u00e9e du Nord<\/li>\n<li>Cor\u00e9e du Sud<\/li>\n<li>Costa Rica<\/li>\n<li>C\u00f4te d&rsquo;Ivoire<\/li>\n<li>Croatie<\/li>\n<li>Cuba<\/li>\n<li>Cura\u00e7ao<\/li>\n<li>Danemark<\/li>\n<li>Djibouti<\/li>\n<li>Dominique<\/li>\n<li>\u00c9gypte<\/li>\n<li>El Salvador<\/li>\n<li>\u00c9mirats arabes unis*<\/li>\n<li>\u00c9quateur<\/li>\n<li>\u00c9rythr\u00e9e<\/li>\n<li>Espagne<\/li>\n<li>Estonie<\/li>\n<li>\u00c9tats-Unis*<\/li>\n<li>\u00c9thiopie<\/li>\n<li>Fidji<\/li>\n<li>Finlande<\/li>\n<li>France<\/li>\n<li>Gabon<\/li>\n<li>Gambie<\/li>\n<li>G\u00e9orgie<\/li>\n<li>Ghana<\/li>\n<li>Gibraltar<\/li>\n<li>Gr\u00e8ce<\/li>\n<li>Grenade<\/li>\n<li>Groenland<\/li>\n<li>Guatemala<\/li>\n<li>Guin\u00e9e<\/li>\n<li>Guin\u00e9e-Bissau<\/li>\n<li>Guin\u00e9e \u00e9quatoriale<\/li>\n<li>Guyana<\/li>\n<li>Guyane fran\u00e7aise<\/li>\n<li>Ha\u00efti<\/li>\n<li>Honduras<\/li>\n<li>Hong Kong<\/li>\n<li>Hongrie<\/li>\n<li>\u00cele de Man<\/li>\n<li>\u00celes F\u00e9ro\u00e9<\/li>\n<li>\u00celes Vierges britanniques<\/li>\n<li>Inde<\/li>\n<li>Indon\u00e9sie<\/li>\n<li>Iran<\/li>\n<li>Irak<\/li>\n<li>Irlande<\/li>\n<li>Islande<\/li>\n<li>Isra\u00ebl<\/li>\n<li>Italie<\/li>\n<li>Jama\u00efque<\/li>\n<li>Japon*<\/li>\n<li>Jersey<\/li>\n<li>Jordanie<\/li>\n<li>Kazakhstan<\/li>\n<li>Kenya<\/li>\n<li>Kirghizistan<\/li>\n<li>Kosovo<\/li>\n<li>Kowe\u00eft<\/li>\n<li>Laos<\/li>\n<li>Lesotho<\/li>\n<li>Lettonie<\/li>\n<li>Liban<\/li>\n<li>Lib\u00e9ria<\/li>\n<li>Libye<\/li>\n<li>Liechtenstein<\/li>\n<li>Lituanie<\/li>\n<li>Luxembourg<\/li>\n<li>Macao*<\/li>\n<li>Mac\u00e9doine, R\u00e9publique<\/li>\n<li>Madagascar<\/li>\n<li>Malaisie<\/li>\n<li>Malawi<\/li>\n<li>Maldives<\/li>\n<li>Malte<\/li>\n<li>Maroc<\/li>\n<li>Marshall<\/li>\n<li>Martinique<\/li>\n<li>Maurice<\/li>\n<li>Mauritanie<\/li>\n<li>Mexique<\/li>\n<li>Micron\u00e9sie<\/li>\n<li>Moldavie, R\u00e9publique<\/li>\n<li>Monaco*<\/li>\n<li>Mongolie<\/li>\n<li>Mont\u00e9n\u00e9gro<\/li>\n<li>Mozambique<\/li>\n<li>Myanmar<\/li>\n<li>Namibie<\/li>\n<li>Nauru<\/li>\n<li>N\u00e9pal<\/li>\n<li>Nicaragua<\/li>\n<li>Niger<\/li>\n<li>Nig\u00e9ria<\/li>\n<li>Norv\u00e8ge<\/li>\n<li>Nouvelle-Z\u00e9lande<\/li>\n<li>Oman<\/li>\n<li>Ouganda<\/li>\n<li>Ouzb\u00e9kistan<\/li>\n<li>Pakistan<\/li>\n<li>Palaos<\/li>\n<li>Palestine<\/li>\n<li>Panama<\/li>\n<li>Papouasie-Nouvelle-Guin\u00e9e<\/li>\n<li>Paraguay<\/li>\n<li>Pays-Bas<\/li>\n<li>P\u00e9rou<\/li>\n<li>Philippines<\/li>\n<li>Pologne<\/li>\n<li>Portugal<\/li>\n<li>Porto Rico*<\/li>\n<li>Qatar<\/li>\n<li>R\u00e9publique centrafricaine<\/li>\n<li>R\u00e9publique d\u00e9mocratique du Congo<\/li>\n<li>R\u00e9publique tch\u00e8que<\/li>\n<li>R\u00e9union<\/li>\n<li>Roumanie<\/li>\n<li>Royaume-Uni<\/li>\n<li>Russie<\/li>\n<li>Rwanda<\/li>\n<li>Saint-Kitts-et-Nevis<\/li>\n<li>Saint-Marin<\/li>\n<li>Saint-Vincent-et-les Grenadines<\/li>\n<li>Sainte-Lucie<\/li>\n<li>Salomon<\/li>\n<li>Salvador<\/li>\n<li>Samoa<\/li>\n<li>Sao Tom\u00e9-et-Principe<\/li>\n<li>S\u00e9n\u00e9gal<\/li>\n<li>Serbie<\/li>\n<li>Seychelles<\/li>\n<li>Sierra Leone<\/li>\n<li>Singapour*<\/li>\n<li>Slovaquie<\/li>\n<li>Slov\u00e9nie<\/li>\n<li>Somalie<\/li>\n<li>Soudan*<\/li>\n<li>Soudan du Sud<\/li>\n<li>Sri Lanka<\/li>\n<li>Su\u00e8de<\/li>\n<li>Suisse<\/li>\n<li>Suriname<\/li>\n<li>Syrie<\/li>\n<li>Tadjikistan<\/li>\n<li>Ta\u00efwan*<\/li>\n<li>Tanzanie<\/li>\n<li>Tchad<\/li>\n<li>Tha\u00eflande<\/li>\n<li>Timor-Leste<\/li>\n<li>Togo<\/li>\n<li>Tonga<\/li>\n<li>Trinit\u00e9-et-Tobago*<\/li>\n<li>Tunisie<\/li>\n<li>Turkm\u00e9nistan<\/li>\n<li>Turquie<\/li>\n<li>Tuvalu<\/li>\n<li>Ukraine<\/li>\n<li>Uruguay<\/li>\n<li>Vanuatu<\/li>\n<li>Vatican<\/li>\n<li>Venezuela<\/li>\n<li>Vietnam<\/li>\n<li>Y\u00e9men<\/li>\n<li>Zambie<\/li>\n<li>Zimbabwe<\/li>\n<li>Suisse*<\/li>\n<\/ul>\n<\/div>\n<div class=\"flex items-center pb-0.5 juice:pb-0\">\n<div class=\"[&amp;_svg]:h-full [&amp;_svg]:w-full icon-md h-4 w-4\">\u00a0<\/div>\n<\/div>\n<\/div>\n<\/div>\n<\/div>\n\n\n\n<p><\/p>\n\n\n\n<p>* Disponible uniquement avec les traceurs GPS 4G<\/p>\n\n\n\n<p>Tags : Europe, \u00e9tranger, monde, vacances, couverture, port\u00e9e.<\/p>\n","protected":false},"excerpt":{"rendered":"<p>Tous nos produits fonctionnent par d\u00e9faut dans toute l&rsquo;Europe, vous permettant ainsi d&rsquo;utiliser nos trackers GPS pendant vos vacances sans frais suppl\u00e9mentaires. Pas d&rsquo;inqui\u00e9tude pour les co\u00fbts de donn\u00e9es \u00e9lev\u00e9s. Cet \u00e9t\u00e9, nous offrons \u00e9galement la possibilit\u00e9 d&rsquo;utiliser nos produits&nbsp; en dehors de l&rsquo;Europe. D&rsquo;Aruba \u00e0 la Malaisie, avec Spotter, vous voyagez dans le monde [&hellip;]<\/p>\n","protected":false},"author":8,"featured_media":0,"parent":1184,"menu_order":0,"comment_status":"closed","ping_status":"closed","template":"faq-content.php","meta":{"_acf_changed":false,"footnotes":""},"categories":[],"tags":[],"class_list":["post-1344","page","type-page","status-publish","hentry"],"acf":[],"yoast_head":"<!-- This site is optimized with the Yoast SEO plugin v25.9 - https:\/\/yoast.com\/wordpress\/plugins\/seo\/ -->\n<title>Dans quels pays fonctionne le Spotter\u00a0? - Spotter France<\/title>\n<meta name=\"description\" content=\"D\u00e9couvrez dans quels pays vous pouvez utiliser Spotter. Nous avons maintenant aussi une couverture mondiale !\" \/>\n<meta name=\"robots\" content=\"index, follow, max-snippet:-1, max-image-preview:large, max-video-preview:-1\" \/>\n<link rel=\"canonical\" href=\"https:\/\/www.spottergps.com\/fr\/faq\/atteindre\/dans-quels-pays-fonctionne-le-spotter\/\" \/>\n<meta property=\"og:locale\" content=\"fr_FR\" \/>\n<meta property=\"og:type\" content=\"article\" \/>\n<meta property=\"og:title\" content=\"Dans quels pays fonctionne le Spotter\u00a0? - Spotter France\" \/>\n<meta property=\"og:description\" content=\"D\u00e9couvrez dans quels pays vous pouvez utiliser Spotter. Nous avons maintenant aussi une couverture mondiale !\" \/>\n<meta property=\"og:url\" content=\"https:\/\/www.spottergps.com\/fr\/faq\/atteindre\/dans-quels-pays-fonctionne-le-spotter\/\" \/>\n<meta property=\"og:site_name\" content=\"Spotter France\" \/>\n<meta property=\"article:modified_time\" content=\"2024-10-14T09:22:13+00:00\" \/>\n<meta property=\"og:image\" content=\"https:\/\/www.spottergps.com\/fr\/wp-content\/uploads\/sites\/2\/2024\/06\/spotter_-_worldwide_coverage_site_480.jpg\" \/>\n<meta name=\"twitter:card\" content=\"summary_large_image\" \/>\n<meta name=\"twitter:label1\" content=\"Dur\u00e9e de lecture estim\u00e9e\" \/>\n\t<meta name=\"twitter:data1\" content=\"3 minutes\" \/>\n<script type=\"application\/ld+json\" class=\"yoast-schema-graph\">{\"@context\":\"https:\/\/schema.org\",\"@graph\":[{\"@type\":\"WebPage\",\"@id\":\"https:\/\/www.spottergps.com\/fr\/faq\/atteindre\/dans-quels-pays-fonctionne-le-spotter\/\",\"url\":\"https:\/\/www.spottergps.com\/fr\/faq\/atteindre\/dans-quels-pays-fonctionne-le-spotter\/\",\"name\":\"Dans quels pays fonctionne le Spotter\u00a0? - Spotter France\",\"isPartOf\":{\"@id\":\"https:\/\/www.spottergps.com\/fr\/#website\"},\"primaryImageOfPage\":{\"@id\":\"https:\/\/www.spottergps.com\/fr\/faq\/atteindre\/dans-quels-pays-fonctionne-le-spotter\/#primaryimage\"},\"image\":{\"@id\":\"https:\/\/www.spottergps.com\/fr\/faq\/atteindre\/dans-quels-pays-fonctionne-le-spotter\/#primaryimage\"},\"thumbnailUrl\":\"https:\/\/www.spottergps.com\/fr\/wp-content\/uploads\/sites\/2\/2024\/06\/spotter_-_worldwide_coverage_site_480.jpg\",\"datePublished\":\"2023-09-11T13:27:27+00:00\",\"dateModified\":\"2024-10-14T09:22:13+00:00\",\"description\":\"D\u00e9couvrez dans quels pays vous pouvez utiliser Spotter. Nous avons maintenant aussi une couverture mondiale !\",\"breadcrumb\":{\"@id\":\"https:\/\/www.spottergps.com\/fr\/faq\/atteindre\/dans-quels-pays-fonctionne-le-spotter\/#breadcrumb\"},\"inLanguage\":\"fr-FR\",\"potentialAction\":[{\"@type\":\"ReadAction\",\"target\":[\"https:\/\/www.spottergps.com\/fr\/faq\/atteindre\/dans-quels-pays-fonctionne-le-spotter\/\"]}]},{\"@type\":\"ImageObject\",\"inLanguage\":\"fr-FR\",\"@id\":\"https:\/\/www.spottergps.com\/fr\/faq\/atteindre\/dans-quels-pays-fonctionne-le-spotter\/#primaryimage\",\"url\":\"https:\/\/www.spottergps.com\/fr\/wp-content\/uploads\/sites\/2\/2024\/06\/spotter_-_worldwide_coverage_site_480.jpg\",\"contentUrl\":\"https:\/\/www.spottergps.com\/fr\/wp-content\/uploads\/sites\/2\/2024\/06\/spotter_-_worldwide_coverage_site_480.jpg\",\"width\":480,\"height\":248},{\"@type\":\"BreadcrumbList\",\"@id\":\"https:\/\/www.spottergps.com\/fr\/faq\/atteindre\/dans-quels-pays-fonctionne-le-spotter\/#breadcrumb\",\"itemListElement\":[{\"@type\":\"ListItem\",\"position\":1,\"name\":\"Home\",\"item\":\"https:\/\/www.spottergps.com\/fr\/\"},{\"@type\":\"ListItem\",\"position\":2,\"name\":\"Comment pouvons-nous vous aider?\",\"item\":\"https:\/\/www.spottergps.com\/fr\/faq\/\"},{\"@type\":\"ListItem\",\"position\":3,\"name\":\"Atteindre\",\"item\":\"https:\/\/www.spottergps.com\/fr\/faq\/atteindre\/\"},{\"@type\":\"ListItem\",\"position\":4,\"name\":\"Dans quels pays fonctionne le Spotter\u00a0?\"}]},{\"@type\":\"WebSite\",\"@id\":\"https:\/\/www.spottergps.com\/fr\/#website\",\"url\":\"https:\/\/www.spottergps.com\/fr\/\",\"name\":\"Spotter France\",\"description\":\"Een andere Spotter websites site\",\"potentialAction\":[{\"@type\":\"SearchAction\",\"target\":{\"@type\":\"EntryPoint\",\"urlTemplate\":\"https:\/\/www.spottergps.com\/fr\/?s={search_term_string}\"},\"query-input\":{\"@type\":\"PropertyValueSpecification\",\"valueRequired\":true,\"valueName\":\"search_term_string\"}}],\"inLanguage\":\"fr-FR\"}]}<\/script>\n<!-- \/ Yoast SEO plugin. -->","yoast_head_json":{"title":"Dans quels pays fonctionne le Spotter\u00a0? - Spotter France","description":"D\u00e9couvrez dans quels pays vous pouvez utiliser Spotter. Nous avons maintenant aussi une couverture mondiale !","robots":{"index":"index","follow":"follow","max-snippet":"max-snippet:-1","max-image-preview":"max-image-preview:large","max-video-preview":"max-video-preview:-1"},"canonical":"https:\/\/www.spottergps.com\/fr\/faq\/atteindre\/dans-quels-pays-fonctionne-le-spotter\/","og_locale":"fr_FR","og_type":"article","og_title":"Dans quels pays fonctionne le Spotter\u00a0? - Spotter France","og_description":"D\u00e9couvrez dans quels pays vous pouvez utiliser Spotter. Nous avons maintenant aussi une couverture mondiale !","og_url":"https:\/\/www.spottergps.com\/fr\/faq\/atteindre\/dans-quels-pays-fonctionne-le-spotter\/","og_site_name":"Spotter France","article_modified_time":"2024-10-14T09:22:13+00:00","og_image":[{"url":"https:\/\/www.spottergps.com\/fr\/wp-content\/uploads\/sites\/2\/2024\/06\/spotter_-_worldwide_coverage_site_480.jpg","type":"","width":"","height":""}],"twitter_card":"summary_large_image","twitter_misc":{"Dur\u00e9e de lecture estim\u00e9e":"3 minutes"},"schema":{"@context":"https:\/\/schema.org","@graph":[{"@type":"WebPage","@id":"https:\/\/www.spottergps.com\/fr\/faq\/atteindre\/dans-quels-pays-fonctionne-le-spotter\/","url":"https:\/\/www.spottergps.com\/fr\/faq\/atteindre\/dans-quels-pays-fonctionne-le-spotter\/","name":"Dans quels pays fonctionne le Spotter\u00a0? - Spotter France","isPartOf":{"@id":"https:\/\/www.spottergps.com\/fr\/#website"},"primaryImageOfPage":{"@id":"https:\/\/www.spottergps.com\/fr\/faq\/atteindre\/dans-quels-pays-fonctionne-le-spotter\/#primaryimage"},"image":{"@id":"https:\/\/www.spottergps.com\/fr\/faq\/atteindre\/dans-quels-pays-fonctionne-le-spotter\/#primaryimage"},"thumbnailUrl":"https:\/\/www.spottergps.com\/fr\/wp-content\/uploads\/sites\/2\/2024\/06\/spotter_-_worldwide_coverage_site_480.jpg","datePublished":"2023-09-11T13:27:27+00:00","dateModified":"2024-10-14T09:22:13+00:00","description":"D\u00e9couvrez dans quels pays vous pouvez utiliser Spotter. Nous avons maintenant aussi une couverture mondiale !","breadcrumb":{"@id":"https:\/\/www.spottergps.com\/fr\/faq\/atteindre\/dans-quels-pays-fonctionne-le-spotter\/#breadcrumb"},"inLanguage":"fr-FR","potentialAction":[{"@type":"ReadAction","target":["https:\/\/www.spottergps.com\/fr\/faq\/atteindre\/dans-quels-pays-fonctionne-le-spotter\/"]}]},{"@type":"ImageObject","inLanguage":"fr-FR","@id":"https:\/\/www.spottergps.com\/fr\/faq\/atteindre\/dans-quels-pays-fonctionne-le-spotter\/#primaryimage","url":"https:\/\/www.spottergps.com\/fr\/wp-content\/uploads\/sites\/2\/2024\/06\/spotter_-_worldwide_coverage_site_480.jpg","contentUrl":"https:\/\/www.spottergps.com\/fr\/wp-content\/uploads\/sites\/2\/2024\/06\/spotter_-_worldwide_coverage_site_480.jpg","width":480,"height":248},{"@type":"BreadcrumbList","@id":"https:\/\/www.spottergps.com\/fr\/faq\/atteindre\/dans-quels-pays-fonctionne-le-spotter\/#breadcrumb","itemListElement":[{"@type":"ListItem","position":1,"name":"Home","item":"https:\/\/www.spottergps.com\/fr\/"},{"@type":"ListItem","position":2,"name":"Comment pouvons-nous vous aider?","item":"https:\/\/www.spottergps.com\/fr\/faq\/"},{"@type":"ListItem","position":3,"name":"Atteindre","item":"https:\/\/www.spottergps.com\/fr\/faq\/atteindre\/"},{"@type":"ListItem","position":4,"name":"Dans quels pays fonctionne le Spotter\u00a0?"}]},{"@type":"WebSite","@id":"https:\/\/www.spottergps.com\/fr\/#website","url":"https:\/\/www.spottergps.com\/fr\/","name":"Spotter France","description":"Een andere Spotter websites site","potentialAction":[{"@type":"SearchAction","target":{"@type":"EntryPoint","urlTemplate":"https:\/\/www.spottergps.com\/fr\/?s={search_term_string}"},"query-input":{"@type":"PropertyValueSpecification","valueRequired":true,"valueName":"search_term_string"}}],"inLanguage":"fr-FR"}]}},"_links":{"self":[{"href":"https:\/\/www.spottergps.com\/fr\/wp-json\/wp\/v2\/pages\/1344","targetHints":{"allow":["GET"]}}],"collection":[{"href":"https:\/\/www.spottergps.com\/fr\/wp-json\/wp\/v2\/pages"}],"about":[{"href":"https:\/\/www.spottergps.com\/fr\/wp-json\/wp\/v2\/types\/page"}],"author":[{"embeddable":true,"href":"https:\/\/www.spottergps.com\/fr\/wp-json\/wp\/v2\/users\/8"}],"replies":[{"embeddable":true,"href":"https:\/\/www.spottergps.com\/fr\/wp-json\/wp\/v2\/comments?post=1344"}],"version-history":[{"count":24,"href":"https:\/\/www.spottergps.com\/fr\/wp-json\/wp\/v2\/pages\/1344\/revisions"}],"predecessor-version":[{"id":2105,"href":"https:\/\/www.spottergps.com\/fr\/wp-json\/wp\/v2\/pages\/1344\/revisions\/2105"}],"up":[{"embeddable":true,"href":"https:\/\/www.spottergps.com\/fr\/wp-json\/wp\/v2\/pages\/1184"}],"wp:attachment":[{"href":"https:\/\/www.spottergps.com\/fr\/wp-json\/wp\/v2\/media?parent=1344"}],"wp:term":[{"taxonomy":"category","embeddable":true,"href":"https:\/\/www.spottergps.com\/fr\/wp-json\/wp\/v2\/categories?post=1344"},{"taxonomy":"post_tag","embeddable":true,"href":"https:\/\/www.spottergps.com\/fr\/wp-json\/wp\/v2\/tags?post=1344"}],"curies":[{"name":"wp","href":"https:\/\/api.w.org\/{rel}","templated":true}]}}