{"id":1338,"date":"2023-09-11T14:10:35","date_gmt":"2023-09-11T13:10:35","guid":{"rendered":"https:\/\/www.spottergps.com\/fr\/?page_id=1338"},"modified":"2023-10-26T10:34:49","modified_gmt":"2023-10-26T09:34:49","slug":"regler-lheure-dete-et-lheure-dhiver","status":"publish","type":"page","link":"https:\/\/www.spottergps.com\/fr\/faq\/produits-et-functionnalites\/regler-lheure-dete-et-lheure-dhiver\/","title":{"rendered":"R\u00e9gler l&rsquo;heure d&rsquo;\u00e9t\u00e9 et l&rsquo;heure d&rsquo;hiver"},"content":{"rendered":"\n<p>L&rsquo;heure de la montre GPS Spotter est g\u00e9n\u00e9ralement ajust\u00e9e automatiquement, sauf pendant la transition entre l&rsquo;heure d&rsquo;\u00e9t\u00e9 et l&rsquo;heure d&rsquo;hiver. Pour r\u00e9gler l&rsquo;heure, proc\u00e9dez comme suit&nbsp;:<\/p>\n\n\n\n<ol class=\"wp-block-list\">\n<li>Connectez-vous via l&rsquo;application Spotter ou via <a href=\"https:\/\/my.spottergps.com\/SpotterApp\/index.html#login\">my.spottergps.com.<\/a><\/li>\n\n\n\n<li>S\u00e9lectionnez le Spotter sur la carte dont vous souhaitez r\u00e9gler l&rsquo;heure. Si le Spotter n&rsquo;est pas allum\u00e9, vous le trouverez dans la barre bleue en bas pr\u00e8s de l&rsquo;ic\u00f4ne du verre de recherche.<\/li>\n\n\n\n<li>Un menu appara\u00eet maintenant, cliquez sur &lsquo;Param\u00e8tres&rsquo;.<\/li>\n\n\n\n<li>Ici, vous pouvez r\u00e9gler l&rsquo;heure de la montre GPS Spotter.<\/li>\n\n\n\n<li>Cliquez ensuite sur &lsquo;enregistrer\/coche verte&rsquo; et l&rsquo;heure a \u00e9t\u00e9 ajust\u00e9e.<\/li>\n\n\n\n<li>D\u00e8s que la Spotter GPS Watch mesure un lieu suivant, l&rsquo;heure est ajust\u00e9e sur la montre.<\/li>\n<\/ol>\n\n\n\n<p><strong>Ajustement de l&rsquo;heure en dehors de l&rsquo;heure d&rsquo;\u00e9t\u00e9 et d&rsquo;hiver <br><\/strong>L&rsquo;heure de la montre GPS Spotter est automatiquement ajust\u00e9e lorsque le Spotter est allum\u00e9 et dispose d&rsquo;un cr\u00e9dit pr\u00e9pay\u00e9. L&rsquo;heure de la montre n&rsquo;est pas correctement r\u00e9gl\u00e9e ? Il est alors possible que le Spotter n&rsquo;ait pas de port\u00e9e GPS. Ensuite, emmenez-le \u00e0 l&rsquo;ext\u00e9rieur pour la meilleure port\u00e9e. D\u00e8s que le Spotter transmet \u00e0 nouveau une mesure de localisation, l&rsquo;heure de la montre est \u00e9galement automatiquement ajust\u00e9e. Le Spotter n&rsquo;a-t-il toujours pas signal\u00e9 de position apr\u00e8s environ une heure\u00a0? Ensuite, vous pouvez r\u00e9initialiser le Spotter via <a href=\"https:\/\/www.spottergps.com\/fr\/faq\/atteindre\/pas-de-localisation-ou-pas-de-spotter-actif\/\" data-type=\"URL\" data-id=\"https:\/\/www.spottergps.com\/fr\/faq\/atteindre\/pas-de-localisation-ou-pas-de-spotter-actif\/\">ce lien<\/a>.<\/p>\n","protected":false},"excerpt":{"rendered":"<p>L&rsquo;heure de la montre GPS Spotter est g\u00e9n\u00e9ralement ajust\u00e9e automatiquement, sauf pendant la transition entre l&rsquo;heure d&rsquo;\u00e9t\u00e9 et l&rsquo;heure d&rsquo;hiver. Pour r\u00e9gler l&rsquo;heure, proc\u00e9dez comme suit&nbsp;: Ajustement de l&rsquo;heure en dehors de l&rsquo;heure d&rsquo;\u00e9t\u00e9 et d&rsquo;hiver L&rsquo;heure de la montre GPS Spotter est automatiquement ajust\u00e9e lorsque le Spotter est allum\u00e9 et dispose d&rsquo;un cr\u00e9dit pr\u00e9pay\u00e9. [&hellip;]<\/p>\n","protected":false},"author":8,"featured_media":0,"parent":1182,"menu_order":0,"comment_status":"closed","ping_status":"closed","template":"faq-content.php","meta":{"_acf_changed":false,"footnotes":""},"categories":[],"tags":[],"class_list":["post-1338","page","type-page","status-publish","hentry"],"acf":[],"yoast_head":"<!-- This site is optimized with the Yoast SEO plugin v25.9 - https:\/\/yoast.com\/wordpress\/plugins\/seo\/ -->\n<title>R\u00e9gler l&#039;heure d&#039;\u00e9t\u00e9 et l&#039;heure d&#039;hiver - Spotter France<\/title>\n<meta name=\"robots\" content=\"index, follow, max-snippet:-1, max-image-preview:large, max-video-preview:-1\" \/>\n<link rel=\"canonical\" href=\"https:\/\/www.spottergps.com\/fr\/faq\/produits-et-functionnalites\/regler-lheure-dete-et-lheure-dhiver\/\" \/>\n<meta property=\"og:locale\" content=\"fr_FR\" \/>\n<meta property=\"og:type\" content=\"article\" \/>\n<meta property=\"og:title\" content=\"R\u00e9gler l&#039;heure d&#039;\u00e9t\u00e9 et l&#039;heure d&#039;hiver - Spotter France\" \/>\n<meta property=\"og:description\" content=\"L&rsquo;heure de la montre GPS Spotter est g\u00e9n\u00e9ralement ajust\u00e9e automatiquement, sauf pendant la transition entre l&rsquo;heure d&rsquo;\u00e9t\u00e9 et l&rsquo;heure d&rsquo;hiver. Pour r\u00e9gler l&rsquo;heure, proc\u00e9dez comme suit&nbsp;: Ajustement de l&rsquo;heure en dehors de l&rsquo;heure d&rsquo;\u00e9t\u00e9 et d&rsquo;hiver L&rsquo;heure de la montre GPS Spotter est automatiquement ajust\u00e9e lorsque le Spotter est allum\u00e9 et dispose d&rsquo;un cr\u00e9dit pr\u00e9pay\u00e9. [&hellip;]\" \/>\n<meta property=\"og:url\" content=\"https:\/\/www.spottergps.com\/fr\/faq\/produits-et-functionnalites\/regler-lheure-dete-et-lheure-dhiver\/\" \/>\n<meta property=\"og:site_name\" content=\"Spotter France\" \/>\n<meta property=\"article:modified_time\" content=\"2023-10-26T09:34:49+00:00\" \/>\n<meta name=\"twitter:card\" content=\"summary_large_image\" \/>\n<meta name=\"twitter:label1\" content=\"Dur\u00e9e de lecture estim\u00e9e\" \/>\n\t<meta name=\"twitter:data1\" content=\"1 minute\" \/>\n<script type=\"application\/ld+json\" class=\"yoast-schema-graph\">{\"@context\":\"https:\/\/schema.org\",\"@graph\":[{\"@type\":\"WebPage\",\"@id\":\"https:\/\/www.spottergps.com\/fr\/faq\/produits-et-functionnalites\/regler-lheure-dete-et-lheure-dhiver\/\",\"url\":\"https:\/\/www.spottergps.com\/fr\/faq\/produits-et-functionnalites\/regler-lheure-dete-et-lheure-dhiver\/\",\"name\":\"R\u00e9gler l'heure d'\u00e9t\u00e9 et l'heure d'hiver - Spotter France\",\"isPartOf\":{\"@id\":\"https:\/\/www.spottergps.com\/fr\/#website\"},\"datePublished\":\"2023-09-11T13:10:35+00:00\",\"dateModified\":\"2023-10-26T09:34:49+00:00\",\"breadcrumb\":{\"@id\":\"https:\/\/www.spottergps.com\/fr\/faq\/produits-et-functionnalites\/regler-lheure-dete-et-lheure-dhiver\/#breadcrumb\"},\"inLanguage\":\"fr-FR\",\"potentialAction\":[{\"@type\":\"ReadAction\",\"target\":[\"https:\/\/www.spottergps.com\/fr\/faq\/produits-et-functionnalites\/regler-lheure-dete-et-lheure-dhiver\/\"]}]},{\"@type\":\"BreadcrumbList\",\"@id\":\"https:\/\/www.spottergps.com\/fr\/faq\/produits-et-functionnalites\/regler-lheure-dete-et-lheure-dhiver\/#breadcrumb\",\"itemListElement\":[{\"@type\":\"ListItem\",\"position\":1,\"name\":\"Home\",\"item\":\"https:\/\/www.spottergps.com\/fr\/\"},{\"@type\":\"ListItem\",\"position\":2,\"name\":\"Comment pouvons-nous vous aider?\",\"item\":\"https:\/\/www.spottergps.com\/fr\/faq\/\"},{\"@type\":\"ListItem\",\"position\":3,\"name\":\"Produits et functionnalit\u00e9s\",\"item\":\"https:\/\/www.spottergps.com\/fr\/faq\/produits-et-functionnalites\/\"},{\"@type\":\"ListItem\",\"position\":4,\"name\":\"R\u00e9gler l&rsquo;heure d&rsquo;\u00e9t\u00e9 et l&rsquo;heure d&rsquo;hiver\"}]},{\"@type\":\"WebSite\",\"@id\":\"https:\/\/www.spottergps.com\/fr\/#website\",\"url\":\"https:\/\/www.spottergps.com\/fr\/\",\"name\":\"Spotter France\",\"description\":\"Een andere Spotter websites site\",\"potentialAction\":[{\"@type\":\"SearchAction\",\"target\":{\"@type\":\"EntryPoint\",\"urlTemplate\":\"https:\/\/www.spottergps.com\/fr\/?s={search_term_string}\"},\"query-input\":{\"@type\":\"PropertyValueSpecification\",\"valueRequired\":true,\"valueName\":\"search_term_string\"}}],\"inLanguage\":\"fr-FR\"}]}<\/script>\n<!-- \/ Yoast SEO plugin. -->","yoast_head_json":{"title":"R\u00e9gler l'heure d'\u00e9t\u00e9 et l'heure d'hiver - Spotter France","robots":{"index":"index","follow":"follow","max-snippet":"max-snippet:-1","max-image-preview":"max-image-preview:large","max-video-preview":"max-video-preview:-1"},"canonical":"https:\/\/www.spottergps.com\/fr\/faq\/produits-et-functionnalites\/regler-lheure-dete-et-lheure-dhiver\/","og_locale":"fr_FR","og_type":"article","og_title":"R\u00e9gler l'heure d'\u00e9t\u00e9 et l'heure d'hiver - Spotter France","og_description":"L&rsquo;heure de la montre GPS Spotter est g\u00e9n\u00e9ralement ajust\u00e9e automatiquement, sauf pendant la transition entre l&rsquo;heure d&rsquo;\u00e9t\u00e9 et l&rsquo;heure d&rsquo;hiver. Pour r\u00e9gler l&rsquo;heure, proc\u00e9dez comme suit&nbsp;: Ajustement de l&rsquo;heure en dehors de l&rsquo;heure d&rsquo;\u00e9t\u00e9 et d&rsquo;hiver L&rsquo;heure de la montre GPS Spotter est automatiquement ajust\u00e9e lorsque le Spotter est allum\u00e9 et dispose d&rsquo;un cr\u00e9dit pr\u00e9pay\u00e9. [&hellip;]","og_url":"https:\/\/www.spottergps.com\/fr\/faq\/produits-et-functionnalites\/regler-lheure-dete-et-lheure-dhiver\/","og_site_name":"Spotter France","article_modified_time":"2023-10-26T09:34:49+00:00","twitter_card":"summary_large_image","twitter_misc":{"Dur\u00e9e de lecture estim\u00e9e":"1 minute"},"schema":{"@context":"https:\/\/schema.org","@graph":[{"@type":"WebPage","@id":"https:\/\/www.spottergps.com\/fr\/faq\/produits-et-functionnalites\/regler-lheure-dete-et-lheure-dhiver\/","url":"https:\/\/www.spottergps.com\/fr\/faq\/produits-et-functionnalites\/regler-lheure-dete-et-lheure-dhiver\/","name":"R\u00e9gler l'heure d'\u00e9t\u00e9 et l'heure d'hiver - Spotter France","isPartOf":{"@id":"https:\/\/www.spottergps.com\/fr\/#website"},"datePublished":"2023-09-11T13:10:35+00:00","dateModified":"2023-10-26T09:34:49+00:00","breadcrumb":{"@id":"https:\/\/www.spottergps.com\/fr\/faq\/produits-et-functionnalites\/regler-lheure-dete-et-lheure-dhiver\/#breadcrumb"},"inLanguage":"fr-FR","potentialAction":[{"@type":"ReadAction","target":["https:\/\/www.spottergps.com\/fr\/faq\/produits-et-functionnalites\/regler-lheure-dete-et-lheure-dhiver\/"]}]},{"@type":"BreadcrumbList","@id":"https:\/\/www.spottergps.com\/fr\/faq\/produits-et-functionnalites\/regler-lheure-dete-et-lheure-dhiver\/#breadcrumb","itemListElement":[{"@type":"ListItem","position":1,"name":"Home","item":"https:\/\/www.spottergps.com\/fr\/"},{"@type":"ListItem","position":2,"name":"Comment pouvons-nous vous aider?","item":"https:\/\/www.spottergps.com\/fr\/faq\/"},{"@type":"ListItem","position":3,"name":"Produits et functionnalit\u00e9s","item":"https:\/\/www.spottergps.com\/fr\/faq\/produits-et-functionnalites\/"},{"@type":"ListItem","position":4,"name":"R\u00e9gler l&rsquo;heure d&rsquo;\u00e9t\u00e9 et l&rsquo;heure d&rsquo;hiver"}]},{"@type":"WebSite","@id":"https:\/\/www.spottergps.com\/fr\/#website","url":"https:\/\/www.spottergps.com\/fr\/","name":"Spotter France","description":"Een andere Spotter websites site","potentialAction":[{"@type":"SearchAction","target":{"@type":"EntryPoint","urlTemplate":"https:\/\/www.spottergps.com\/fr\/?s={search_term_string}"},"query-input":{"@type":"PropertyValueSpecification","valueRequired":true,"valueName":"search_term_string"}}],"inLanguage":"fr-FR"}]}},"_links":{"self":[{"href":"https:\/\/www.spottergps.com\/fr\/wp-json\/wp\/v2\/pages\/1338","targetHints":{"allow":["GET"]}}],"collection":[{"href":"https:\/\/www.spottergps.com\/fr\/wp-json\/wp\/v2\/pages"}],"about":[{"href":"https:\/\/www.spottergps.com\/fr\/wp-json\/wp\/v2\/types\/page"}],"author":[{"embeddable":true,"href":"https:\/\/www.spottergps.com\/fr\/wp-json\/wp\/v2\/users\/8"}],"replies":[{"embeddable":true,"href":"https:\/\/www.spottergps.com\/fr\/wp-json\/wp\/v2\/comments?post=1338"}],"version-history":[{"count":3,"href":"https:\/\/www.spottergps.com\/fr\/wp-json\/wp\/v2\/pages\/1338\/revisions"}],"predecessor-version":[{"id":1687,"href":"https:\/\/www.spottergps.com\/fr\/wp-json\/wp\/v2\/pages\/1338\/revisions\/1687"}],"up":[{"embeddable":true,"href":"https:\/\/www.spottergps.com\/fr\/wp-json\/wp\/v2\/pages\/1182"}],"wp:attachment":[{"href":"https:\/\/www.spottergps.com\/fr\/wp-json\/wp\/v2\/media?parent=1338"}],"wp:term":[{"taxonomy":"category","embeddable":true,"href":"https:\/\/www.spottergps.com\/fr\/wp-json\/wp\/v2\/categories?post=1338"},{"taxonomy":"post_tag","embeddable":true,"href":"https:\/\/www.spottergps.com\/fr\/wp-json\/wp\/v2\/tags?post=1338"}],"curies":[{"name":"wp","href":"https:\/\/api.w.org\/{rel}","templated":true}]}}